{"id":22557,"date":"2025-04-08T08:14:16","date_gmt":"2025-04-08T08:14:16","guid":{"rendered":"https:\/\/zoosalis.lv\/?post_type=product&#038;p=22557"},"modified":"2025-04-08T08:14:32","modified_gmt":"2025-04-08T08:14:32","slug":"eukanuba-adult-medium-breed-maintenance-visavertis-pasaras-su-vistiena-15kg","status":"publish","type":"product","link":"https:\/\/zoosalis.lv\/lv\/eukanuba-adult-medium-breed-maintenance-visavertis-pasaras-su-vistiena-15kg\/","title":{"rendered":"Eukanuba pilnv\u0113rt\u012bga bar\u012bba pieaugu\u0161ajiem ar vid\u0113ji \u0161\u0137ir\u0146u su\u0146iem ar vistu, 15 kg"},"content":{"rendered":"<p>GALVEN\u0100S PRIEK\u0160ROC\u012aBAS<\/p>\n<p>L-karnit\u012bns pal\u012bdz kontrol\u0113t svaru<\/p>\n<p>Juka pal\u012bdz mazin\u0101t fek\u0101liju smaku<\/p>\n<p>Probiotikas FOS un bie\u0161u m\u012bkstums pal\u012bdz uztur\u0113t vesel\u012bgu gremo\u0161anu<\/p>\n<p>Dabiski Omega-6 un Omega-3 avoti vesel\u012bgai \u0101dai un apmatojumam<\/p>\n<p>Antioksidantu vitam\u012bni E un C pal\u012bdz stiprin\u0101t imunit\u0101ti<\/p>\n<p style=\"margin: 0px 0px 25px; font-size: 16px; line-height: 1.4; font-family: 'Helvetica Neue', Helvetica, Arial, sans-serif; color: #384047; border: none;\">&nbsp;<\/p>\n<p>\u012apa\u0161\u0101 granulu forma un unik\u0101l\u0101 DentaDefence zobu aizsardz\u012bbas tehnolo\u0123ija pal\u012bdz uztur\u0113t zobus t\u012brus un vesel\u012bgus.<\/p>\n<p style=\"margin: 0px 0px 25px; font-size: 16px; line-height: 1.4; font-family: 'Helvetica Neue', Helvetica, Arial, sans-serif; color: #384047; border: none;\">M\u016bsu ekskluz\u012bv\u0101 pieaugu\u0161o su\u0146u bar\u012bbas formula ir \u012bpa\u0161i izstr\u0101d\u0101ta, lai atbalst\u012btu optim\u0101lu fizisko st\u0101vokli, saglab\u0101tu lieso musku\u013cu masu un ener\u0123ijas l\u012bdzsvaru. Piem\u0113rota vid\u0113ja lieluma \u0161\u0137ir\u0146u su\u0146iem no 1 l\u012bdz 7 gadu vecumam.<\/p>\n<p style=\"margin: 0px 0px 25px; font-size: 16px; line-height: 1.4; font-family: 'Helvetica Neue', Helvetica, Arial, sans-serif; color: #384047; border: none;\">M\u016bsu gard\u0101 bar\u012bba ir pild\u012bta ar svaigu vistu un ir \u012bpa\u0161i izstr\u0101d\u0101ta vid\u0113ja lieluma su\u0146u vajadz\u012bb\u0101m. Turkl\u0101t unik\u0101l\u0101 se\u0161st\u016bra forma pal\u012bdz r\u016bp\u0113ties par j\u016bsu su\u0146a zobiem.<\/p>\n<p style=\"margin: 0px 0px 25px; font-size: 16px; line-height: 1.4; font-family: 'Helvetica Neue', Helvetica, Arial, sans-serif; color: #384047; border: none;\">EUKANUBA, ko izstr\u0101d\u0101ju\u0161i uztura speci\u0101listi, apstiprin\u0101ju\u0161i veterin\u0101r\u0101rsti un ieteiku\u0161i lab\u0101kie su\u0146u audz\u0113t\u0101ji, nodro\u0161ina visu uzturu, kas j\u016bsu sunim nepiecie\u0161ams ilgam un vesel\u012bgam m\u016b\u017eam.<\/p>\n<p style=\"margin: 0px; font-size: 16px; line-height: 1.4; font-family: 'Helvetica Neue', Helvetica, Arial, sans-serif; color: #384047; border: none;\">Kad pien\u0101ks laiks j\u016bsu sunim doties t\u0101l\u0101k, m\u016bsu eksperti iesaka turpin\u0101t atbalst\u012bt savu suni ar m\u016bsu nobriedu\u0161u vid\u0113ja lieluma \u0161\u0137ir\u0146u su\u0146u bar\u012bbu.<\/p>\n<p style=\"margin: 0px; font-size: 16px; line-height: 1.4; font-family: 'Helvetica Neue', Helvetica, Arial, sans-serif; color: #384047; border: none;\">\u017d\u0101v\u0113ta vistas un t\u012btara ga\u013ca 24% (ieskaitot 14% vistu), svaiga vistas ga\u013ca (16%), kukur\u016bza, kvie\u0161i, m\u0101jputnu tauki, auzas, mie\u017ei, sorgo, \u017e\u0101v\u0113ta cukurbie\u0161u m\u012bkstums (3,0%), vistas m\u0113rce, zivju milti, miner\u0101lvielas (ieskaitot 0,35% n\u0101trija heksametafosf\u0101tu), \u017e\u0101v\u0113ta vesela ola, fruktooligosahar\u012bdi (0,25%).<\/p>\n<table style=\"width: 1140px; border-collapse: collapse; table-layout: fixed; color: #4b4f54; margin-top: 20px; font-family: 'Helvetica Neue', Helvetica, Arial, sans-serif;\">\n<tbody>\n<tr style=\"background-color: #f8fafb;\">\n<td style=\"padding: 16px 20px; line-height: 1.3; letter-spacing: 0px; font-weight: bold; vertical-align: top; text-transform: uppercase; color: #0c2340; background-color: #e9ebee;\">SAST\u0100VDA\u013bA&nbsp;<\/td>\n<td style=\"padding: 16px 20px; line-height: 1.3; letter-spacing: 0px; font-weight: bold; vertical-align: top; text-transform: uppercase; color: #0c2340; background-color: #e9ebee;\">PROCENTI<\/td>\n<\/tr>\n<tr>\n<td style=\"padding: 15px 20px; line-height: 1.3; letter-spacing: 0px;\">Olbaltumvielas<\/td>\n<td style=\"padding: 15px 20px; line-height: 1.3; letter-spacing: 0px;\">27%<\/td>\n<\/tr>\n<tr style=\"background-color: #f8fafb;\">\n<td style=\"padding: 15px 20px; line-height: 1.3; letter-spacing: 0px;\">Tauku saturs<\/td>\n<td style=\"padding: 15px 20px; line-height: 1.3; letter-spacing: 0px;\">15%<\/td>\n<\/tr>\n<tr>\n<td style=\"padding: 15px 20px; line-height: 1.3; letter-spacing: 0px;\">Omega-6 tauksk\u0101bes<\/td>\n<td style=\"padding: 15px 20px; line-height: 1.3; letter-spacing: 0px;\">3,2%<\/td>\n<\/tr>\n<tr style=\"background-color: #f8fafb;\">\n<td style=\"padding: 15px 20px; line-height: 1.3; letter-spacing: 0px;\">Omega-3 tauksk\u0101bes<\/td>\n<td style=\"padding: 15px 20px; line-height: 1.3; letter-spacing: 0px;\">0,39%<\/td>\n<\/tr>\n<tr>\n<td style=\"padding: 15px 20px; line-height: 1.3; letter-spacing: 0px;\">Za\u013cie pelni<\/td>\n<td style=\"padding: 15px 20px; line-height: 1.3; letter-spacing: 0px;\">6,2%<\/td>\n<\/tr>\n<tr style=\"background-color: #f8fafb;\">\n<td style=\"padding: 15px 20px; line-height: 1.3; letter-spacing: 0px;\">Neapstr\u0101d\u0101tas \u0161\u0137iedras<\/td>\n<td style=\"padding: 15px 20px; line-height: 1.3; letter-spacing: 0px;\">2,8%<\/td>\n<\/tr>\n<tr>\n<td style=\"padding: 15px 20px; line-height: 1.3; letter-spacing: 0px;\">Kalcijs<\/td>\n<td style=\"padding: 15px 20px; line-height: 1.3; letter-spacing: 0px;\">1,4%<\/td>\n<\/tr>\n<tr style=\"background-color: #f8fafb;\">\n<td style=\"padding: 15px 20px; line-height: 1.3; letter-spacing: 0px;\">Fosfors<\/td>\n<td style=\"padding: 15px 20px; line-height: 1.3; letter-spacing: 0px;\">1,2%<\/td>\n<\/tr>\n<\/tbody>\n<\/table>\n<p style=\"margin: 35px 0px 0px; font-size: 16px; line-height: 1.4; color: #4b4f54; font-family: 'Helvetica Neue', Helvetica, Arial, sans-serif;\"><span style=\"font-weight: bold;\">Piedevas: *(\/kg)<\/span><\/p>\n<p style=\"margin: 35px 0px 0px; font-size: 16px; line-height: 1.4; color: #4b4f54; font-family: 'Helvetica Neue', Helvetica, Arial, sans-serif;\"><span style=\"font-weight: bold;\">Vitam\u012bni:<\/span>&nbsp;A vitam\u012bns 47831IU, C vitam\u012bns 60mg, D\u2083 vitam\u012bns 1587IU, E vitam\u012bns 266mg, \u03b2-karot\u012bns 5,2mg, L-karnit\u012bns 50mg.<\/p>\n<p style=\"margin: 35px 0px 0px; font-size: 16px; line-height: 1.4; color: #4b4f54; font-family: 'Helvetica Neue', Helvetica, Arial, sans-serif;\"><span style=\"font-weight: bold;\">Mikroelementi:<\/span>&nbsp;vara sulf\u0101ta pentahidr\u0101ts (var\u0161) 13 mg, k\u0101lija jod\u012bds (jods) 2,5 mg, dzelzs sulf\u0101ta monohidr\u0101ts (dzelzs) 67 mg, mang\u0101na sulf\u0101ta monohidr\u0101ts (mang\u0101ns) 39 mg, cinka oks\u012bds (cinks) 112 mg.<\/p>\n<p style=\"margin: 35px 0px 0px; font-size: 16px; line-height: 1.4; color: #4b4f54; font-family: 'Helvetica Neue', Helvetica, Arial, sans-serif;\"><span style=\"font-weight: bold;\">Antioksidanti:<\/span>&nbsp;(dab\u012bgi) tokoferola ekstrakti no augu e\u013c\u013cas 101 mg.<\/p>\n<p style=\"margin: 35px 0px 0px; font-size: 16px; line-height: 1.4; color: #4b4f54; font-family: 'Helvetica Neue', Helvetica, Arial, sans-serif;\"><span style=\"font-weight: bold;\">Arom\u0101tiskie savienojumi:<\/span>&nbsp;Organiskais rozmar\u012bna ekstrakts 50 mg, t\u0113jas ekstrakts 25 mg, jukas ekstrakts 250 mg.<\/p>\n<p style=\"margin: 35px 0px 0px; font-size: 16px; line-height: 1.4; color: #4b4f54; font-family: 'Helvetica Neue', Helvetica, Arial, sans-serif;\">*Ra\u017eo\u0161anas laik\u0101 tiek pievienotas papildu bar\u012bbas vielas.<\/p>\n<table style=\"width: 1140px; border-collapse: collapse; table-layout: fixed; color: #4b4f54; margin-top: 0px; font-family: 'Helvetica Neue', Helvetica, Arial, sans-serif;\">\n<tbody>\n<tr style=\"background-color: #f8fafb;\">\n<td style=\"padding: 16px 20px; line-height: 1.3; letter-spacing: 0px; font-weight: bold; vertical-align: top; text-transform: uppercase; color: #0c2340; background-color: #e9ebee;\">SU\u0145A SVARS<\/td>\n<td style=\"padding: 16px 20px; line-height: 1.3; letter-spacing: 0px; font-weight: bold; vertical-align: top; text-transform: uppercase; color: #0c2340; background-color: #e9ebee;\">Baro\u0161anas \u0101trums (grami dien\u0101)<\/td>\n<\/tr>\n<tr>\n<td style=\"padding: 15px 20px; line-height: 1.3; letter-spacing: 0px;\">8 kg<\/td>\n<td style=\"padding: 15px 20px; line-height: 1.3; letter-spacing: 0px;\">110\u2013120 g<\/td>\n<\/tr>\n<tr style=\"background-color: #f8fafb;\">\n<td style=\"padding: 15px 20px; line-height: 1.3; letter-spacing: 0px;\">10 kg<\/td>\n<td style=\"padding: 15px 20px; line-height: 1.3; letter-spacing: 0px;\">130\u2013140 g<\/td>\n<\/tr>\n<tr>\n<td style=\"padding: 15px 20px; line-height: 1.3; letter-spacing: 0px;\">15 kg<\/td>\n<td style=\"padding: 15px 20px; line-height: 1.3; letter-spacing: 0px;\">170\u2013185 g<\/td>\n<\/tr>\n<tr style=\"background-color: #f8fafb;\">\n<td style=\"padding: 15px 20px; line-height: 1.3; letter-spacing: 0px;\">20 kg<\/td>\n<td style=\"padding: 15px 20px; line-height: 1.3; letter-spacing: 0px;\">205\u2013225 g<\/td>\n<\/tr>\n<tr>\n<td style=\"padding: 15px 20px; line-height: 1.3; letter-spacing: 0px;\">25 kg<\/td>\n<td style=\"padding: 15px 20px; line-height: 1.3; letter-spacing: 0px;\">235\u2013265 g<\/td>\n<\/tr>\n<tr style=\"background-color: #f8fafb;\">\n<td style=\"padding: 15px 20px; line-height: 1.3; letter-spacing: 0px;\">30 kg<\/td>\n<td style=\"padding: 15px 20px; line-height: 1.3; letter-spacing: 0px;\">265\u2013295 g<\/td>\n<\/tr>\n<\/tbody>\n<\/table>\n<p style=\"margin: 35px 0px 0px; font-size: 16px; line-height: 1.4; color: #4b4f54; font-family: 'Helvetica Neue', Helvetica, Arial, sans-serif;\"><span style=\"color: #384047;\">Vienm\u0113r nodro\u0161iniet savam sunim daudz svaiga dzeram\u0101 \u016bdens. Kad s\u0101kat barot ar EUKANUBA, pak\u0101peniski to ieviesiet 4 dienu laik\u0101. M\u0113s iesak\u0101m barot suni divas reizes dien\u0101. Sadaliet tabul\u0101 nor\u0101d\u012bto dienas bar\u012bbas daudzumu 2 porcij\u0101s. J\u016bsu suns var \u0113st vair\u0101k vai maz\u0101k atkar\u012bb\u0101 no vi\u0146a vecuma, temperamenta un aktivit\u0101tes l\u012bme\u0146a.<\/span><\/p>\n<p style=\"margin: 35px 0px 0px; font-size: 16px; line-height: 1.4; color: #4b4f54; font-family: 'Helvetica Neue', Helvetica, Arial, sans-serif;\">&nbsp;<\/p>","protected":false},"excerpt":{"rendered":"<p>Saus\u0101 bar\u012bba ar vistu vid\u0113ja lieluma pieaugu\u0161iem su\u0146iem.<\/p>","protected":false},"featured_media":20079,"comment_status":"open","ping_status":"closed","template":"","meta":{"_acf_changed":false,"_monsterinsights_skip_tracking":false,"_monsterinsights_sitenote_active":false,"_monsterinsights_sitenote_note":"","_monsterinsights_sitenote_category":0},"product_brand":[],"product_cat":[879,874],"product_tag":[],"class_list":{"0":"post-22557","1":"product","2":"type-product","3":"status-publish","4":"has-post-thumbnail","6":"product_cat-sausas-maistas-sunims","7":"product_cat-sunu-maistas","9":"first","10":"instock","11":"shipping-taxable","12":"purchasable","13":"product-type-simple"},"acf":[],"aioseo_notices":[],"yoast_head":"<!-- This site is optimized with the Yoast SEO plugin v24.8.1 - https:\/\/yoast.com\/wordpress\/plugins\/seo\/ -->\n<title>Eukanuba Adult Medium Breed Maintenance visavertis pa\u0161aras su vi\u0161tiena 15kg | Dz\u012bvnieku produkti<\/title>\n<meta name=\"robots\" content=\"index, follow, max-snippet:-1, max-image-preview:large, max-video-preview:-1\" \/>\n<link rel=\"canonical\" href=\"https:\/\/zoosalis.lv\/lv\/eukanuba-adult-medium-breed-maintenance-visavertis-pasaras-su-vistiena-15kg\/\" \/>\n<meta property=\"og:locale\" content=\"lv_LV\" \/>\n<meta property=\"og:type\" content=\"article\" \/>\n<meta property=\"og:title\" content=\"Eukanuba Adult Medium Breed Maintenance visavertis pa\u0161aras su vi\u0161tiena 15kg | Dz\u012bvnieku produkti\" \/>\n<meta property=\"og:description\" content=\"Vidutini\u0173 veisli\u0173 suaugusiems \u0161unims skirtas sausas pa\u0161aras su vi\u0161tiena.\" \/>\n<meta property=\"og:url\" content=\"https:\/\/zoosalis.lv\/lv\/eukanuba-adult-medium-breed-maintenance-visavertis-pasaras-su-vistiena-15kg\/\" \/>\n<meta property=\"og:site_name\" content=\"Dz\u012bvnieku produkti\" \/>\n<meta property=\"article:publisher\" content=\"https:\/\/www.facebook.com\/zooprekesjums\/\" \/>\n<meta property=\"article:modified_time\" content=\"2025-04-08T08:14:32+00:00\" \/>\n<meta property=\"og:image\" content=\"https:\/\/zoosalis.lv\/wp-content\/uploads\/2024\/02\/Group-62.png\" \/>\n\t<meta property=\"og:image:width\" content=\"1537\" \/>\n\t<meta property=\"og:image:height\" content=\"337\" \/>\n\t<meta property=\"og:image:type\" content=\"image\/png\" \/>\n<meta name=\"twitter:card\" content=\"summary_large_image\" \/>\n<meta name=\"twitter:label1\" content=\"Est. reading time\" \/>\n\t<meta name=\"twitter:data1\" content=\"2 min\u016btes\" \/>\n<script type=\"application\/ld+json\" class=\"yoast-schema-graph\">{\"@context\":\"https:\/\/schema.org\",\"@graph\":[{\"@type\":\"WebPage\",\"@id\":\"https:\/\/zoosalis.lv\/eukanuba-adult-medium-breed-maintenance-visavertis-pasaras-su-vistiena-15kg\/\",\"url\":\"https:\/\/zoosalis.lv\/eukanuba-adult-medium-breed-maintenance-visavertis-pasaras-su-vistiena-15kg\/\",\"name\":\"Eukanuba Adult Medium Breed Maintenance visavertis pa\u0161aras su vi\u0161tiena 15kg | Dz\u012bvnieku produkti\",\"isPartOf\":{\"@id\":\"https:\/\/zoosalis.lv\/#website\"},\"primaryImageOfPage\":{\"@id\":\"https:\/\/zoosalis.lv\/eukanuba-adult-medium-breed-maintenance-visavertis-pasaras-su-vistiena-15kg\/#primaryimage\"},\"image\":{\"@id\":\"https:\/\/zoosalis.lv\/eukanuba-adult-medium-breed-maintenance-visavertis-pasaras-su-vistiena-15kg\/#primaryimage\"},\"thumbnailUrl\":\"https:\/\/zoosalis.lv\/wp-content\/uploads\/2025\/04\/0001069_eukanuba-adult-medium-breed-maintenance-visavertis-pasaras-su-vistiena-15kg.png\",\"datePublished\":\"2025-04-08T08:14:16+00:00\",\"dateModified\":\"2025-04-08T08:14:32+00:00\",\"breadcrumb\":{\"@id\":\"https:\/\/zoosalis.lv\/eukanuba-adult-medium-breed-maintenance-visavertis-pasaras-su-vistiena-15kg\/#breadcrumb\"},\"inLanguage\":\"lv-LV\",\"potentialAction\":[{\"@type\":\"ReadAction\",\"target\":[\"https:\/\/zoosalis.lv\/eukanuba-adult-medium-breed-maintenance-visavertis-pasaras-su-vistiena-15kg\/\"]}]},{\"@type\":\"ImageObject\",\"inLanguage\":\"lv-LV\",\"@id\":\"https:\/\/zoosalis.lv\/eukanuba-adult-medium-breed-maintenance-visavertis-pasaras-su-vistiena-15kg\/#primaryimage\",\"url\":\"https:\/\/zoosalis.lv\/wp-content\/uploads\/2025\/04\/0001069_eukanuba-adult-medium-breed-maintenance-visavertis-pasaras-su-vistiena-15kg.png\",\"contentUrl\":\"https:\/\/zoosalis.lv\/wp-content\/uploads\/2025\/04\/0001069_eukanuba-adult-medium-breed-maintenance-visavertis-pasaras-su-vistiena-15kg.png\",\"width\":800,\"height\":800},{\"@type\":\"BreadcrumbList\",\"@id\":\"https:\/\/zoosalis.lv\/eukanuba-adult-medium-breed-maintenance-visavertis-pasaras-su-vistiena-15kg\/#breadcrumb\",\"itemListElement\":[{\"@type\":\"ListItem\",\"position\":1,\"name\":\"Home\",\"item\":\"https:\/\/zoosalis.lv\/\"},{\"@type\":\"ListItem\",\"position\":2,\"name\":\"Parduotuv\u0117\",\"item\":\"https:\/\/zoosalis.lv\/parduotuve\/\"},{\"@type\":\"ListItem\",\"position\":3,\"name\":\"Eukanuba Adult Medium Breed Maintenance visavertis pa\u0161aras su vi\u0161tiena 15kg\"}]},{\"@type\":\"WebSite\",\"@id\":\"https:\/\/zoosalis.lv\/#website\",\"url\":\"https:\/\/zoosalis.lv\/\",\"name\":\"Dz\u012bvnieku produkti\",\"description\":\"zoo\u0161alis.lt\",\"publisher\":{\"@id\":\"https:\/\/zoosalis.lv\/#organization\"},\"potentialAction\":[{\"@type\":\"SearchAction\",\"target\":{\"@type\":\"EntryPoint\",\"urlTemplate\":\"https:\/\/zoosalis.lv\/?s={search_term_string}\"},\"query-input\":{\"@type\":\"PropertyValueSpecification\",\"valueRequired\":true,\"valueName\":\"search_term_string\"}}],\"inLanguage\":\"lv-LV\"},{\"@type\":\"Organization\",\"@id\":\"https:\/\/zoosalis.lv\/#organization\",\"name\":\"Zoo\u0161alis.lt\",\"url\":\"https:\/\/zoosalis.lv\/\",\"logo\":{\"@type\":\"ImageObject\",\"inLanguage\":\"lv-LV\",\"@id\":\"https:\/\/zoosalis.lv\/#\/schema\/logo\/image\/\",\"url\":\"https:\/\/zoosalis.lv\/wp-content\/uploads\/2024\/02\/Group-62.png\",\"contentUrl\":\"https:\/\/zoosalis.lv\/wp-content\/uploads\/2024\/02\/Group-62.png\",\"width\":1537,\"height\":337,\"caption\":\"Zoo\u0161alis.lt\"},\"image\":{\"@id\":\"https:\/\/zoosalis.lv\/#\/schema\/logo\/image\/\"},\"sameAs\":[\"https:\/\/www.facebook.com\/zooprekesjums\/\"]}]}<\/script>\n<!-- \/ Yoast SEO plugin. -->","yoast_head_json":{"title":"Eukanuba Adult Medium Breed Maintenance visavertis pa\u0161aras su vi\u0161tiena 15kg | Dz\u012bvnieku produkti","robots":{"index":"index","follow":"follow","max-snippet":"max-snippet:-1","max-image-preview":"max-image-preview:large","max-video-preview":"max-video-preview:-1"},"canonical":"https:\/\/zoosalis.lv\/lv\/eukanuba-adult-medium-breed-maintenance-visavertis-pasaras-su-vistiena-15kg\/","og_locale":"lv_LV","og_type":"article","og_title":"Eukanuba Adult Medium Breed Maintenance visavertis pa\u0161aras su vi\u0161tiena 15kg | Dz\u012bvnieku produkti","og_description":"Vidutini\u0173 veisli\u0173 suaugusiems \u0161unims skirtas sausas pa\u0161aras su vi\u0161tiena.","og_url":"https:\/\/zoosalis.lv\/lv\/eukanuba-adult-medium-breed-maintenance-visavertis-pasaras-su-vistiena-15kg\/","og_site_name":"Dz\u012bvnieku produkti","article_publisher":"https:\/\/www.facebook.com\/zooprekesjums\/","article_modified_time":"2025-04-08T08:14:32+00:00","og_image":[{"width":1537,"height":337,"url":"https:\/\/zoosalis.lv\/wp-content\/uploads\/2024\/02\/Group-62.png","type":"image\/png"}],"twitter_card":"summary_large_image","twitter_misc":{"Est. reading time":"2 min\u016btes"},"schema":{"@context":"https:\/\/schema.org","@graph":[{"@type":"WebPage","@id":"https:\/\/zoosalis.lv\/eukanuba-adult-medium-breed-maintenance-visavertis-pasaras-su-vistiena-15kg\/","url":"https:\/\/zoosalis.lv\/eukanuba-adult-medium-breed-maintenance-visavertis-pasaras-su-vistiena-15kg\/","name":"Eukanuba Adult Medium Breed Maintenance visavertis pa\u0161aras su vi\u0161tiena 15kg | Dz\u012bvnieku produkti","isPartOf":{"@id":"https:\/\/zoosalis.lv\/#website"},"primaryImageOfPage":{"@id":"https:\/\/zoosalis.lv\/eukanuba-adult-medium-breed-maintenance-visavertis-pasaras-su-vistiena-15kg\/#primaryimage"},"image":{"@id":"https:\/\/zoosalis.lv\/eukanuba-adult-medium-breed-maintenance-visavertis-pasaras-su-vistiena-15kg\/#primaryimage"},"thumbnailUrl":"https:\/\/zoosalis.lv\/wp-content\/uploads\/2025\/04\/0001069_eukanuba-adult-medium-breed-maintenance-visavertis-pasaras-su-vistiena-15kg.png","datePublished":"2025-04-08T08:14:16+00:00","dateModified":"2025-04-08T08:14:32+00:00","breadcrumb":{"@id":"https:\/\/zoosalis.lv\/eukanuba-adult-medium-breed-maintenance-visavertis-pasaras-su-vistiena-15kg\/#breadcrumb"},"inLanguage":"lv-LV","potentialAction":[{"@type":"ReadAction","target":["https:\/\/zoosalis.lv\/eukanuba-adult-medium-breed-maintenance-visavertis-pasaras-su-vistiena-15kg\/"]}]},{"@type":"ImageObject","inLanguage":"lv-LV","@id":"https:\/\/zoosalis.lv\/eukanuba-adult-medium-breed-maintenance-visavertis-pasaras-su-vistiena-15kg\/#primaryimage","url":"https:\/\/zoosalis.lv\/wp-content\/uploads\/2025\/04\/0001069_eukanuba-adult-medium-breed-maintenance-visavertis-pasaras-su-vistiena-15kg.png","contentUrl":"https:\/\/zoosalis.lv\/wp-content\/uploads\/2025\/04\/0001069_eukanuba-adult-medium-breed-maintenance-visavertis-pasaras-su-vistiena-15kg.png","width":800,"height":800},{"@type":"BreadcrumbList","@id":"https:\/\/zoosalis.lv\/eukanuba-adult-medium-breed-maintenance-visavertis-pasaras-su-vistiena-15kg\/#breadcrumb","itemListElement":[{"@type":"ListItem","position":1,"name":"Home","item":"https:\/\/zoosalis.lv\/"},{"@type":"ListItem","position":2,"name":"Parduotuv\u0117","item":"https:\/\/zoosalis.lv\/parduotuve\/"},{"@type":"ListItem","position":3,"name":"Eukanuba Adult Medium Breed Maintenance visavertis pa\u0161aras su vi\u0161tiena 15kg"}]},{"@type":"WebSite","@id":"https:\/\/zoosalis.lv\/#website","url":"https:\/\/zoosalis.lv\/","name":"Dz\u012bvnieku produkti","description":"zoo\u0161alis.lt","publisher":{"@id":"https:\/\/zoosalis.lv\/#organization"},"potentialAction":[{"@type":"SearchAction","target":{"@type":"EntryPoint","urlTemplate":"https:\/\/zoosalis.lv\/?s={search_term_string}"},"query-input":{"@type":"PropertyValueSpecification","valueRequired":true,"valueName":"search_term_string"}}],"inLanguage":"lv-LV"},{"@type":"Organization","@id":"https:\/\/zoosalis.lv\/#organization","name":"Zoo\u0161alis.lt","url":"https:\/\/zoosalis.lv\/","logo":{"@type":"ImageObject","inLanguage":"lv-LV","@id":"https:\/\/zoosalis.lv\/#\/schema\/logo\/image\/","url":"https:\/\/zoosalis.lv\/wp-content\/uploads\/2024\/02\/Group-62.png","contentUrl":"https:\/\/zoosalis.lv\/wp-content\/uploads\/2024\/02\/Group-62.png","width":1537,"height":337,"caption":"Zoo\u0161alis.lt"},"image":{"@id":"https:\/\/zoosalis.lv\/#\/schema\/logo\/image\/"},"sameAs":["https:\/\/www.facebook.com\/zooprekesjums\/"]}]}},"_links":{"self":[{"href":"https:\/\/zoosalis.lv\/lv\/wp-json\/wp\/v2\/product\/22557"}],"collection":[{"href":"https:\/\/zoosalis.lv\/lv\/wp-json\/wp\/v2\/product"}],"about":[{"href":"https:\/\/zoosalis.lv\/lv\/wp-json\/wp\/v2\/types\/product"}],"replies":[{"embeddable":true,"href":"https:\/\/zoosalis.lv\/lv\/wp-json\/wp\/v2\/comments?post=22557"}],"wp:featuredmedia":[{"embeddable":true,"href":"https:\/\/zoosalis.lv\/lv\/wp-json\/wp\/v2\/media\/20079"}],"wp:attachment":[{"href":"https:\/\/zoosalis.lv\/lv\/wp-json\/wp\/v2\/media?parent=22557"}],"wp:term":[{"taxonomy":"product_brand","embeddable":true,"href":"https:\/\/zoosalis.lv\/lv\/wp-json\/wp\/v2\/product_brand?post=22557"},{"taxonomy":"product_cat","embeddable":true,"href":"https:\/\/zoosalis.lv\/lv\/wp-json\/wp\/v2\/product_cat?post=22557"},{"taxonomy":"product_tag","embeddable":true,"href":"https:\/\/zoosalis.lv\/lv\/wp-json\/wp\/v2\/product_tag?post=22557"}],"curies":[{"name":"wp","href":"https:\/\/api.w.org\/{rel}","templated":true}]}}