{"id":22568,"date":"2025-04-08T08:14:38","date_gmt":"2025-04-08T08:14:38","guid":{"rendered":"https:\/\/zoosalis.lv\/?post_type=product&#038;p=22568"},"modified":"2025-04-08T08:14:42","modified_gmt":"2025-04-08T08:14:42","slug":"kiddog-meat-minkstos-antienos-file-500g","status":"publish","type":"product","link":"https:\/\/zoosalis.lv\/lv\/kiddog-meat-minkstos-antienos-file-500g\/","title":{"rendered":"KIDDOG ga\u013cas maig\u0101 p\u012bles fileja 500g"},"content":{"rendered":"<p><strong>KIDDOG Meat m\u012bkst\u0101 p\u012bles fileja 500g \u2014 uztura bag\u0101tin\u0101t\u0101js su\u0146iem.<\/strong><\/p><p><strong>Sast\u0101vs:<\/strong>&nbsp;p\u012ble 82%, ciete 5%, augu prote\u012bns 4%, glicer\u012bns 6%, sorb\u012bts 3%.<\/p><p><strong>Anal\u012btisk\u0101s sast\u0101vda\u013cas:&nbsp;<\/strong>Neapstr\u0101d\u0101ts prote\u012bns 50% (min), neapstr\u0101d\u0101ti tauki 3% (maks), neapstr\u0101d\u0101ti pelni 4% (maks), neapstr\u0101d\u0101ta \u0161\u0137iedra 5% (maks), mitrums 22% (maks).<\/p><p>Baro\u0161anas ieteikums: Dot m\u0101jdz\u012bvniekam k\u0101 k\u0101rumu. Dodot m\u0101jdz\u012bvniekam k\u0101rumu, vienm\u0113r pieskatiet to, kam\u0113r tas ko\u0161\u013c\u0101. Vienm\u0113r atst\u0101jiet pieejamu svaigu un t\u012bru \u016bdeni.<\/p>","protected":false},"excerpt":{"rendered":"<p>KIDDOG Meat mink\u0161tos antienos fil\u0117 500g \u2014 pa\u0161aro papildas \u0161unims. Sud\u0117tis:&nbsp;antiena 82%, krakmolas 5%, augaliniai baltymai 4%, glicerinas 6%, sorbitolis 3%. Analitin\u0117s sudedamosios dalys:&nbsp;\u017eali baltymai 50%(min), \u017eali riebalai 3%(max), \u017eali pelenai 4%(max), \u017ealia l\u0105steliena 5%(max), dr\u0117gnis 22%(max). Maitinimo rekomendacija: Duoti augintiniui kaip paskatinim\u0105. Davus augintiniui skan\u0117st\u0105 visada pri\u017ei\u016br\u0117ti kol kramto. Visada palikti \u0161vie\u017eio ir \u0161varaus [&hellip;]<\/p>","protected":false},"featured_media":20098,"comment_status":"open","ping_status":"closed","template":"","meta":{"_acf_changed":false,"_monsterinsights_skip_tracking":false,"_monsterinsights_sitenote_active":false,"_monsterinsights_sitenote_note":"","_monsterinsights_sitenote_category":0},"product_brand":[],"product_cat":[881],"product_tag":[],"class_list":{"0":"post-22568","1":"product","2":"type-product","3":"status-publish","4":"has-post-thumbnail","6":"product_cat-skanestai-sunims","8":"first","9":"instock","10":"shipping-taxable","11":"purchasable","12":"product-type-simple"},"acf":[],"aioseo_notices":[],"yoast_head":"<!-- This site is optimized with the Yoast SEO plugin v24.8.1 - https:\/\/yoast.com\/wordpress\/plugins\/seo\/ -->\n<title>KIDDOG Meat Mink\u0161tos Antienos Fil\u0117 500g | Dz\u012bvnieku produkti<\/title>\n<meta name=\"robots\" content=\"index, follow, max-snippet:-1, max-image-preview:large, max-video-preview:-1\" \/>\n<link rel=\"canonical\" href=\"https:\/\/zoosalis.lv\/lv\/kiddog-meat-minkstos-antienos-file-500g\/\" \/>\n<meta property=\"og:locale\" content=\"lv_LV\" \/>\n<meta property=\"og:type\" content=\"article\" \/>\n<meta property=\"og:title\" content=\"KIDDOG Meat Mink\u0161tos Antienos Fil\u0117 500g | Dz\u012bvnieku produkti\" \/>\n<meta property=\"og:description\" content=\"KIDDOG Meat mink\u0161tos antienos fil\u0117 500g \u2014 pa\u0161aro papildas \u0161unims. Sud\u0117tis:&nbsp;antiena 82%, krakmolas 5%, augaliniai baltymai 4%, glicerinas 6%, sorbitolis 3%. Analitin\u0117s sudedamosios dalys:&nbsp;\u017eali baltymai 50%(min), \u017eali riebalai 3%(max), \u017eali pelenai 4%(max), \u017ealia l\u0105steliena 5%(max), dr\u0117gnis 22%(max). Maitinimo rekomendacija: Duoti augintiniui kaip paskatinim\u0105. Davus augintiniui skan\u0117st\u0105 visada pri\u017ei\u016br\u0117ti kol kramto. Visada palikti \u0161vie\u017eio ir \u0161varaus [&hellip;]\" \/>\n<meta property=\"og:url\" content=\"https:\/\/zoosalis.lv\/lv\/kiddog-meat-minkstos-antienos-file-500g\/\" \/>\n<meta property=\"og:site_name\" content=\"Dz\u012bvnieku produkti\" \/>\n<meta property=\"article:publisher\" content=\"https:\/\/www.facebook.com\/zooprekesjums\/\" \/>\n<meta property=\"article:modified_time\" content=\"2025-04-08T08:14:42+00:00\" \/>\n<meta property=\"og:image\" content=\"https:\/\/zoosalis.lv\/wp-content\/uploads\/2024\/02\/Group-62.png\" \/>\n\t<meta property=\"og:image:width\" content=\"1537\" \/>\n\t<meta property=\"og:image:height\" content=\"337\" \/>\n\t<meta property=\"og:image:type\" content=\"image\/png\" \/>\n<meta name=\"twitter:card\" content=\"summary_large_image\" \/>\n<script type=\"application\/ld+json\" class=\"yoast-schema-graph\">{\"@context\":\"https:\/\/schema.org\",\"@graph\":[{\"@type\":\"WebPage\",\"@id\":\"https:\/\/zoosalis.lv\/kiddog-meat-minkstos-antienos-file-500g\/\",\"url\":\"https:\/\/zoosalis.lv\/kiddog-meat-minkstos-antienos-file-500g\/\",\"name\":\"KIDDOG Meat Mink\u0161tos Antienos Fil\u0117 500g | Dz\u012bvnieku produkti\",\"isPartOf\":{\"@id\":\"https:\/\/zoosalis.lv\/#website\"},\"primaryImageOfPage\":{\"@id\":\"https:\/\/zoosalis.lv\/kiddog-meat-minkstos-antienos-file-500g\/#primaryimage\"},\"image\":{\"@id\":\"https:\/\/zoosalis.lv\/kiddog-meat-minkstos-antienos-file-500g\/#primaryimage\"},\"thumbnailUrl\":\"https:\/\/zoosalis.lv\/wp-content\/uploads\/2025\/04\/A04603_8596410046032-800x800-1.webp\",\"datePublished\":\"2025-04-08T08:14:38+00:00\",\"dateModified\":\"2025-04-08T08:14:42+00:00\",\"breadcrumb\":{\"@id\":\"https:\/\/zoosalis.lv\/kiddog-meat-minkstos-antienos-file-500g\/#breadcrumb\"},\"inLanguage\":\"lv-LV\",\"potentialAction\":[{\"@type\":\"ReadAction\",\"target\":[\"https:\/\/zoosalis.lv\/kiddog-meat-minkstos-antienos-file-500g\/\"]}]},{\"@type\":\"ImageObject\",\"inLanguage\":\"lv-LV\",\"@id\":\"https:\/\/zoosalis.lv\/kiddog-meat-minkstos-antienos-file-500g\/#primaryimage\",\"url\":\"https:\/\/zoosalis.lv\/wp-content\/uploads\/2025\/04\/A04603_8596410046032-800x800-1.webp\",\"contentUrl\":\"https:\/\/zoosalis.lv\/wp-content\/uploads\/2025\/04\/A04603_8596410046032-800x800-1.webp\",\"width\":800,\"height\":800},{\"@type\":\"BreadcrumbList\",\"@id\":\"https:\/\/zoosalis.lv\/kiddog-meat-minkstos-antienos-file-500g\/#breadcrumb\",\"itemListElement\":[{\"@type\":\"ListItem\",\"position\":1,\"name\":\"Home\",\"item\":\"https:\/\/zoosalis.lv\/\"},{\"@type\":\"ListItem\",\"position\":2,\"name\":\"Parduotuv\u0117\",\"item\":\"https:\/\/zoosalis.lv\/parduotuve\/\"},{\"@type\":\"ListItem\",\"position\":3,\"name\":\"KIDDOG Meat Mink\u0161tos Antienos Fil\u0117 500g\"}]},{\"@type\":\"WebSite\",\"@id\":\"https:\/\/zoosalis.lv\/#website\",\"url\":\"https:\/\/zoosalis.lv\/\",\"name\":\"Dz\u012bvnieku produkti\",\"description\":\"zoo\u0161alis.lt\",\"publisher\":{\"@id\":\"https:\/\/zoosalis.lv\/#organization\"},\"potentialAction\":[{\"@type\":\"SearchAction\",\"target\":{\"@type\":\"EntryPoint\",\"urlTemplate\":\"https:\/\/zoosalis.lv\/?s={search_term_string}\"},\"query-input\":{\"@type\":\"PropertyValueSpecification\",\"valueRequired\":true,\"valueName\":\"search_term_string\"}}],\"inLanguage\":\"lv-LV\"},{\"@type\":\"Organization\",\"@id\":\"https:\/\/zoosalis.lv\/#organization\",\"name\":\"Zoo\u0161alis.lt\",\"url\":\"https:\/\/zoosalis.lv\/\",\"logo\":{\"@type\":\"ImageObject\",\"inLanguage\":\"lv-LV\",\"@id\":\"https:\/\/zoosalis.lv\/#\/schema\/logo\/image\/\",\"url\":\"https:\/\/zoosalis.lv\/wp-content\/uploads\/2024\/02\/Group-62.png\",\"contentUrl\":\"https:\/\/zoosalis.lv\/wp-content\/uploads\/2024\/02\/Group-62.png\",\"width\":1537,\"height\":337,\"caption\":\"Zoo\u0161alis.lt\"},\"image\":{\"@id\":\"https:\/\/zoosalis.lv\/#\/schema\/logo\/image\/\"},\"sameAs\":[\"https:\/\/www.facebook.com\/zooprekesjums\/\"]}]}<\/script>\n<!-- \/ Yoast SEO plugin. -->","yoast_head_json":{"title":"KIDDOG Meat Mink\u0161tos Antienos Fil\u0117 500g | Dz\u012bvnieku produkti","robots":{"index":"index","follow":"follow","max-snippet":"max-snippet:-1","max-image-preview":"max-image-preview:large","max-video-preview":"max-video-preview:-1"},"canonical":"https:\/\/zoosalis.lv\/lv\/kiddog-meat-minkstos-antienos-file-500g\/","og_locale":"lv_LV","og_type":"article","og_title":"KIDDOG Meat Mink\u0161tos Antienos Fil\u0117 500g | Dz\u012bvnieku produkti","og_description":"KIDDOG Meat mink\u0161tos antienos fil\u0117 500g \u2014 pa\u0161aro papildas \u0161unims. Sud\u0117tis:&nbsp;antiena 82%, krakmolas 5%, augaliniai baltymai 4%, glicerinas 6%, sorbitolis 3%. Analitin\u0117s sudedamosios dalys:&nbsp;\u017eali baltymai 50%(min), \u017eali riebalai 3%(max), \u017eali pelenai 4%(max), \u017ealia l\u0105steliena 5%(max), dr\u0117gnis 22%(max). Maitinimo rekomendacija: Duoti augintiniui kaip paskatinim\u0105. Davus augintiniui skan\u0117st\u0105 visada pri\u017ei\u016br\u0117ti kol kramto. Visada palikti \u0161vie\u017eio ir \u0161varaus [&hellip;]","og_url":"https:\/\/zoosalis.lv\/lv\/kiddog-meat-minkstos-antienos-file-500g\/","og_site_name":"Dz\u012bvnieku produkti","article_publisher":"https:\/\/www.facebook.com\/zooprekesjums\/","article_modified_time":"2025-04-08T08:14:42+00:00","og_image":[{"width":1537,"height":337,"url":"https:\/\/zoosalis.lv\/wp-content\/uploads\/2024\/02\/Group-62.png","type":"image\/png"}],"twitter_card":"summary_large_image","schema":{"@context":"https:\/\/schema.org","@graph":[{"@type":"WebPage","@id":"https:\/\/zoosalis.lv\/kiddog-meat-minkstos-antienos-file-500g\/","url":"https:\/\/zoosalis.lv\/kiddog-meat-minkstos-antienos-file-500g\/","name":"KIDDOG Meat Mink\u0161tos Antienos Fil\u0117 500g | Dz\u012bvnieku produkti","isPartOf":{"@id":"https:\/\/zoosalis.lv\/#website"},"primaryImageOfPage":{"@id":"https:\/\/zoosalis.lv\/kiddog-meat-minkstos-antienos-file-500g\/#primaryimage"},"image":{"@id":"https:\/\/zoosalis.lv\/kiddog-meat-minkstos-antienos-file-500g\/#primaryimage"},"thumbnailUrl":"https:\/\/zoosalis.lv\/wp-content\/uploads\/2025\/04\/A04603_8596410046032-800x800-1.webp","datePublished":"2025-04-08T08:14:38+00:00","dateModified":"2025-04-08T08:14:42+00:00","breadcrumb":{"@id":"https:\/\/zoosalis.lv\/kiddog-meat-minkstos-antienos-file-500g\/#breadcrumb"},"inLanguage":"lv-LV","potentialAction":[{"@type":"ReadAction","target":["https:\/\/zoosalis.lv\/kiddog-meat-minkstos-antienos-file-500g\/"]}]},{"@type":"ImageObject","inLanguage":"lv-LV","@id":"https:\/\/zoosalis.lv\/kiddog-meat-minkstos-antienos-file-500g\/#primaryimage","url":"https:\/\/zoosalis.lv\/wp-content\/uploads\/2025\/04\/A04603_8596410046032-800x800-1.webp","contentUrl":"https:\/\/zoosalis.lv\/wp-content\/uploads\/2025\/04\/A04603_8596410046032-800x800-1.webp","width":800,"height":800},{"@type":"BreadcrumbList","@id":"https:\/\/zoosalis.lv\/kiddog-meat-minkstos-antienos-file-500g\/#breadcrumb","itemListElement":[{"@type":"ListItem","position":1,"name":"Home","item":"https:\/\/zoosalis.lv\/"},{"@type":"ListItem","position":2,"name":"Parduotuv\u0117","item":"https:\/\/zoosalis.lv\/parduotuve\/"},{"@type":"ListItem","position":3,"name":"KIDDOG Meat Mink\u0161tos Antienos Fil\u0117 500g"}]},{"@type":"WebSite","@id":"https:\/\/zoosalis.lv\/#website","url":"https:\/\/zoosalis.lv\/","name":"Dz\u012bvnieku produkti","description":"zoo\u0161alis.lt","publisher":{"@id":"https:\/\/zoosalis.lv\/#organization"},"potentialAction":[{"@type":"SearchAction","target":{"@type":"EntryPoint","urlTemplate":"https:\/\/zoosalis.lv\/?s={search_term_string}"},"query-input":{"@type":"PropertyValueSpecification","valueRequired":true,"valueName":"search_term_string"}}],"inLanguage":"lv-LV"},{"@type":"Organization","@id":"https:\/\/zoosalis.lv\/#organization","name":"Zoo\u0161alis.lt","url":"https:\/\/zoosalis.lv\/","logo":{"@type":"ImageObject","inLanguage":"lv-LV","@id":"https:\/\/zoosalis.lv\/#\/schema\/logo\/image\/","url":"https:\/\/zoosalis.lv\/wp-content\/uploads\/2024\/02\/Group-62.png","contentUrl":"https:\/\/zoosalis.lv\/wp-content\/uploads\/2024\/02\/Group-62.png","width":1537,"height":337,"caption":"Zoo\u0161alis.lt"},"image":{"@id":"https:\/\/zoosalis.lv\/#\/schema\/logo\/image\/"},"sameAs":["https:\/\/www.facebook.com\/zooprekesjums\/"]}]}},"_links":{"self":[{"href":"https:\/\/zoosalis.lv\/lv\/wp-json\/wp\/v2\/product\/22568"}],"collection":[{"href":"https:\/\/zoosalis.lv\/lv\/wp-json\/wp\/v2\/product"}],"about":[{"href":"https:\/\/zoosalis.lv\/lv\/wp-json\/wp\/v2\/types\/product"}],"replies":[{"embeddable":true,"href":"https:\/\/zoosalis.lv\/lv\/wp-json\/wp\/v2\/comments?post=22568"}],"wp:featuredmedia":[{"embeddable":true,"href":"https:\/\/zoosalis.lv\/lv\/wp-json\/wp\/v2\/media\/20098"}],"wp:attachment":[{"href":"https:\/\/zoosalis.lv\/lv\/wp-json\/wp\/v2\/media?parent=22568"}],"wp:term":[{"taxonomy":"product_brand","embeddable":true,"href":"https:\/\/zoosalis.lv\/lv\/wp-json\/wp\/v2\/product_brand?post=22568"},{"taxonomy":"product_cat","embeddable":true,"href":"https:\/\/zoosalis.lv\/lv\/wp-json\/wp\/v2\/product_cat?post=22568"},{"taxonomy":"product_tag","embeddable":true,"href":"https:\/\/zoosalis.lv\/lv\/wp-json\/wp\/v2\/product_tag?post=22568"}],"curies":[{"name":"wp","href":"https:\/\/api.w.org\/{rel}","templated":true}]}}