{"id":22576,"date":"2025-04-08T08:14:38","date_gmt":"2025-04-08T08:14:38","guid":{"rendered":"https:\/\/zoosalis.lv\/?post_type=product&#038;p=22576"},"modified":"2025-04-08T08:14:48","modified_gmt":"2025-04-08T08:14:48","slug":"kimo-tofu-kraikas-su-levandu-ekstraktu-25kg-6lx6deze","status":"publish","type":"product","link":"https:\/\/zoosalis.lv\/lv\/kimo-tofu-kraikas-su-levandu-ekstraktu-25kg-6lx6deze\/","title":{"rendered":"Kimo tofu pakai\u0161i ar lavandas ekstraktu 2,5 kg 6lx6 (kaste)"},"content":{"rendered":"<h2 class=\"wp-block-heading\" id=\"product-content-section-0\">Apraksts<\/h2><p>Tofu ka\u0137u pakai\u0161i ir izgatavoti no 100% dab\u012bgiem augu materi\u0101liem. Tas ir izgatavots no cilv\u0113ka uztura \u0161\u0137iedrviel\u0101m un nesatur \u0137\u012bmiskas vielas. Vairs nav j\u0101uztraucas par to, ka j\u016bsu ka\u0137is nejau\u0161i ap\u0113d\u012bs tofu ka\u0137u pakai\u0161us. Tofu ka\u0137u pakai\u0161iem ir tr\u012bs reizes liel\u0101ka absorbcijas sp\u0113ja, efekt\u012bvi absorb\u0113jot ur\u012bnu, \u0161\u0137idrumus un smakas. Tofu ka\u0137u pakai\u0161i ir videi draudz\u012bgi un biolo\u0123iski no\u0101rd\u0101mi, t\u0101p\u0113c tos ir viegli utiliz\u0113t, jo tos var tie\u0161i noskalot tualetes pod\u0101.<\/p><ul class=\"wp-block-list\"><li>Dab\u012bgs un bez \u0137imik\u0101lij\u0101m.<\/li>\n\n<li>Var noskalot tualetes pod\u0101, videi draudz\u012bgs.<\/li>\n\n<li>Maz\u0101k putek\u013cu.<\/li>\n\n<li>Lieliska smakas kontrole.<\/li>\n\n<li>\u0100tri uzs\u016bc mitrumu un sal\u012bp kop\u0101.<\/li><\/ul><h2 class=\"wp-block-heading\" id=\"product-content-section-1\"><strong>Lietojums<\/strong><\/h2><p>Katru dienu:<\/p><ol class=\"wp-block-list\"><li>T\u012br\u0101 ka\u0137u pakai\u0161u kast\u0113 pievienojiet 4\u20136 cm tofu pakai\u0161u.<\/li>\n\n<li>No\u0146emiet fek\u0101lijas un va\u013c\u0113ju pakai\u0161u kunku\u013cus.<\/li>\n\n<li>Regul\u0101ri pievienojiet t\u012bru ka\u0137u pakai\u0161u.<\/li><\/ol><p>Reizi ned\u0113\u013c\u0101:<\/p><ol class=\"wp-block-list\"><li>No\u0146emiet visus neizmantotos ka\u0137u pakai\u0161u atlikumus.<\/li>\n\n<li>Reizi ned\u0113\u013c\u0101 t\u012briet ka\u0137a tualetes kasti ar maigu, bez smar\u017eas mazg\u0101\u0161anas l\u012bdzekli.<\/li>\n\n<li>Pirms t\u012bru pakai\u0161u pievieno\u0161anas p\u0101rliecinieties, vai ka\u0137u tualete ir sausa.<\/li>\n\n<li>Pievienojiet papildu pakai\u0161us, ja to nepietiek.<\/li><\/ol><p><strong>Ra\u017eot\u0101js<\/strong>Qingdao Green Pet Care, \u0136\u012bna.<\/p>","protected":false},"excerpt":{"rendered":"<p>Dab\u012bgas tofu ka\u0137u pakai\u0161i, kas savelkas cietos kunku\u013cos, ar lavandas arom\u0101tu. Piem\u0113rots skalo\u0161anai tualetes pod\u0101.<\/p>","protected":false},"featured_media":20115,"comment_status":"open","ping_status":"closed","template":"","meta":{"_acf_changed":false,"_monsterinsights_skip_tracking":false,"_monsterinsights_sitenote_active":false,"_monsterinsights_sitenote_note":"","_monsterinsights_sitenote_category":0},"product_brand":[],"product_cat":[871],"product_tag":[],"class_list":{"0":"post-22576","1":"product","2":"type-product","3":"status-publish","4":"has-post-thumbnail","6":"product_cat-kraikas-katems","8":"first","9":"instock","10":"sale","11":"shipping-taxable","12":"purchasable","13":"product-type-simple"},"acf":[],"aioseo_notices":[],"yoast_head":"<!-- This site is optimized with the Yoast SEO plugin v24.8.1 - https:\/\/yoast.com\/wordpress\/plugins\/seo\/ -->\n<title>Kimo tofu kraikas su levand\u0173 ekstraktu 2,5kg 6lx6(D\u0116\u017d\u0116) | Dz\u012bvnieku produkti<\/title>\n<meta name=\"robots\" content=\"index, follow, max-snippet:-1, max-image-preview:large, max-video-preview:-1\" \/>\n<link rel=\"canonical\" href=\"https:\/\/zoosalis.lv\/lv\/kimo-tofu-kraikas-su-levandu-ekstraktu-25kg-6lx6deze\/\" \/>\n<meta property=\"og:locale\" content=\"lv_LV\" \/>\n<meta property=\"og:type\" content=\"article\" \/>\n<meta property=\"og:title\" content=\"Kimo tofu kraikas su levand\u0173 ekstraktu 2,5kg 6lx6(D\u0116\u017d\u0116) | Dz\u012bvnieku produkti\" \/>\n<meta property=\"og:description\" content=\"Nat\u016bralus tofu kraikas kat\u0117ms su\u0161okantis \u012f kietus grumstelius, levand\u0173 aromato. Tinkamas nuleisti \u012f tualet\u0105.\" \/>\n<meta property=\"og:url\" content=\"https:\/\/zoosalis.lv\/lv\/kimo-tofu-kraikas-su-levandu-ekstraktu-25kg-6lx6deze\/\" \/>\n<meta property=\"og:site_name\" content=\"Dz\u012bvnieku produkti\" \/>\n<meta property=\"article:publisher\" content=\"https:\/\/www.facebook.com\/zooprekesjums\/\" \/>\n<meta property=\"article:modified_time\" content=\"2025-04-08T08:14:48+00:00\" \/>\n<meta property=\"og:image\" content=\"https:\/\/zoosalis.lv\/wp-content\/uploads\/2024\/02\/Group-62.png\" \/>\n\t<meta property=\"og:image:width\" content=\"1537\" \/>\n\t<meta property=\"og:image:height\" content=\"337\" \/>\n\t<meta property=\"og:image:type\" content=\"image\/png\" \/>\n<meta name=\"twitter:card\" content=\"summary_large_image\" \/>\n<meta name=\"twitter:label1\" content=\"Est. reading time\" \/>\n\t<meta name=\"twitter:data1\" content=\"1 min\u016bte\" \/>\n<script type=\"application\/ld+json\" class=\"yoast-schema-graph\">{\"@context\":\"https:\/\/schema.org\",\"@graph\":[{\"@type\":\"WebPage\",\"@id\":\"https:\/\/zoosalis.lv\/kimo-tofu-kraikas-su-levandu-ekstraktu-25kg-6lx6deze\/\",\"url\":\"https:\/\/zoosalis.lv\/kimo-tofu-kraikas-su-levandu-ekstraktu-25kg-6lx6deze\/\",\"name\":\"Kimo tofu kraikas su levand\u0173 ekstraktu 2,5kg 6lx6(D\u0116\u017d\u0116) | Dz\u012bvnieku produkti\",\"isPartOf\":{\"@id\":\"https:\/\/zoosalis.lv\/#website\"},\"primaryImageOfPage\":{\"@id\":\"https:\/\/zoosalis.lv\/kimo-tofu-kraikas-su-levandu-ekstraktu-25kg-6lx6deze\/#primaryimage\"},\"image\":{\"@id\":\"https:\/\/zoosalis.lv\/kimo-tofu-kraikas-su-levandu-ekstraktu-25kg-6lx6deze\/#primaryimage\"},\"thumbnailUrl\":\"https:\/\/zoosalis.lv\/wp-content\/uploads\/2025\/04\/Kimo_tofu_lavender.png\",\"datePublished\":\"2025-04-08T08:14:38+00:00\",\"dateModified\":\"2025-04-08T08:14:48+00:00\",\"breadcrumb\":{\"@id\":\"https:\/\/zoosalis.lv\/kimo-tofu-kraikas-su-levandu-ekstraktu-25kg-6lx6deze\/#breadcrumb\"},\"inLanguage\":\"lv-LV\",\"potentialAction\":[{\"@type\":\"ReadAction\",\"target\":[\"https:\/\/zoosalis.lv\/kimo-tofu-kraikas-su-levandu-ekstraktu-25kg-6lx6deze\/\"]}]},{\"@type\":\"ImageObject\",\"inLanguage\":\"lv-LV\",\"@id\":\"https:\/\/zoosalis.lv\/kimo-tofu-kraikas-su-levandu-ekstraktu-25kg-6lx6deze\/#primaryimage\",\"url\":\"https:\/\/zoosalis.lv\/wp-content\/uploads\/2025\/04\/Kimo_tofu_lavender.png\",\"contentUrl\":\"https:\/\/zoosalis.lv\/wp-content\/uploads\/2025\/04\/Kimo_tofu_lavender.png\",\"width\":484,\"height\":473},{\"@type\":\"BreadcrumbList\",\"@id\":\"https:\/\/zoosalis.lv\/kimo-tofu-kraikas-su-levandu-ekstraktu-25kg-6lx6deze\/#breadcrumb\",\"itemListElement\":[{\"@type\":\"ListItem\",\"position\":1,\"name\":\"Home\",\"item\":\"https:\/\/zoosalis.lv\/\"},{\"@type\":\"ListItem\",\"position\":2,\"name\":\"Parduotuv\u0117\",\"item\":\"https:\/\/zoosalis.lv\/parduotuve\/\"},{\"@type\":\"ListItem\",\"position\":3,\"name\":\"Kimo tofu kraikas su levand\u0173 ekstraktu 2,5kg 6lx6(D\u0116\u017d\u0116)\"}]},{\"@type\":\"WebSite\",\"@id\":\"https:\/\/zoosalis.lv\/#website\",\"url\":\"https:\/\/zoosalis.lv\/\",\"name\":\"Dz\u012bvnieku produkti\",\"description\":\"zoo\u0161alis.lt\",\"publisher\":{\"@id\":\"https:\/\/zoosalis.lv\/#organization\"},\"potentialAction\":[{\"@type\":\"SearchAction\",\"target\":{\"@type\":\"EntryPoint\",\"urlTemplate\":\"https:\/\/zoosalis.lv\/?s={search_term_string}\"},\"query-input\":{\"@type\":\"PropertyValueSpecification\",\"valueRequired\":true,\"valueName\":\"search_term_string\"}}],\"inLanguage\":\"lv-LV\"},{\"@type\":\"Organization\",\"@id\":\"https:\/\/zoosalis.lv\/#organization\",\"name\":\"Zoo\u0161alis.lt\",\"url\":\"https:\/\/zoosalis.lv\/\",\"logo\":{\"@type\":\"ImageObject\",\"inLanguage\":\"lv-LV\",\"@id\":\"https:\/\/zoosalis.lv\/#\/schema\/logo\/image\/\",\"url\":\"https:\/\/zoosalis.lv\/wp-content\/uploads\/2024\/02\/Group-62.png\",\"contentUrl\":\"https:\/\/zoosalis.lv\/wp-content\/uploads\/2024\/02\/Group-62.png\",\"width\":1537,\"height\":337,\"caption\":\"Zoo\u0161alis.lt\"},\"image\":{\"@id\":\"https:\/\/zoosalis.lv\/#\/schema\/logo\/image\/\"},\"sameAs\":[\"https:\/\/www.facebook.com\/zooprekesjums\/\"]}]}<\/script>\n<!-- \/ Yoast SEO plugin. -->","yoast_head_json":{"title":"Kimo tofu kraikas su levand\u0173 ekstraktu 2,5kg 6lx6(D\u0116\u017d\u0116) | Dz\u012bvnieku produkti","robots":{"index":"index","follow":"follow","max-snippet":"max-snippet:-1","max-image-preview":"max-image-preview:large","max-video-preview":"max-video-preview:-1"},"canonical":"https:\/\/zoosalis.lv\/lv\/kimo-tofu-kraikas-su-levandu-ekstraktu-25kg-6lx6deze\/","og_locale":"lv_LV","og_type":"article","og_title":"Kimo tofu kraikas su levand\u0173 ekstraktu 2,5kg 6lx6(D\u0116\u017d\u0116) | Dz\u012bvnieku produkti","og_description":"Nat\u016bralus tofu kraikas kat\u0117ms su\u0161okantis \u012f kietus grumstelius, levand\u0173 aromato. Tinkamas nuleisti \u012f tualet\u0105.","og_url":"https:\/\/zoosalis.lv\/lv\/kimo-tofu-kraikas-su-levandu-ekstraktu-25kg-6lx6deze\/","og_site_name":"Dz\u012bvnieku produkti","article_publisher":"https:\/\/www.facebook.com\/zooprekesjums\/","article_modified_time":"2025-04-08T08:14:48+00:00","og_image":[{"width":1537,"height":337,"url":"https:\/\/zoosalis.lv\/wp-content\/uploads\/2024\/02\/Group-62.png","type":"image\/png"}],"twitter_card":"summary_large_image","twitter_misc":{"Est. reading time":"1 min\u016bte"},"schema":{"@context":"https:\/\/schema.org","@graph":[{"@type":"WebPage","@id":"https:\/\/zoosalis.lv\/kimo-tofu-kraikas-su-levandu-ekstraktu-25kg-6lx6deze\/","url":"https:\/\/zoosalis.lv\/kimo-tofu-kraikas-su-levandu-ekstraktu-25kg-6lx6deze\/","name":"Kimo tofu kraikas su levand\u0173 ekstraktu 2,5kg 6lx6(D\u0116\u017d\u0116) | Dz\u012bvnieku produkti","isPartOf":{"@id":"https:\/\/zoosalis.lv\/#website"},"primaryImageOfPage":{"@id":"https:\/\/zoosalis.lv\/kimo-tofu-kraikas-su-levandu-ekstraktu-25kg-6lx6deze\/#primaryimage"},"image":{"@id":"https:\/\/zoosalis.lv\/kimo-tofu-kraikas-su-levandu-ekstraktu-25kg-6lx6deze\/#primaryimage"},"thumbnailUrl":"https:\/\/zoosalis.lv\/wp-content\/uploads\/2025\/04\/Kimo_tofu_lavender.png","datePublished":"2025-04-08T08:14:38+00:00","dateModified":"2025-04-08T08:14:48+00:00","breadcrumb":{"@id":"https:\/\/zoosalis.lv\/kimo-tofu-kraikas-su-levandu-ekstraktu-25kg-6lx6deze\/#breadcrumb"},"inLanguage":"lv-LV","potentialAction":[{"@type":"ReadAction","target":["https:\/\/zoosalis.lv\/kimo-tofu-kraikas-su-levandu-ekstraktu-25kg-6lx6deze\/"]}]},{"@type":"ImageObject","inLanguage":"lv-LV","@id":"https:\/\/zoosalis.lv\/kimo-tofu-kraikas-su-levandu-ekstraktu-25kg-6lx6deze\/#primaryimage","url":"https:\/\/zoosalis.lv\/wp-content\/uploads\/2025\/04\/Kimo_tofu_lavender.png","contentUrl":"https:\/\/zoosalis.lv\/wp-content\/uploads\/2025\/04\/Kimo_tofu_lavender.png","width":484,"height":473},{"@type":"BreadcrumbList","@id":"https:\/\/zoosalis.lv\/kimo-tofu-kraikas-su-levandu-ekstraktu-25kg-6lx6deze\/#breadcrumb","itemListElement":[{"@type":"ListItem","position":1,"name":"Home","item":"https:\/\/zoosalis.lv\/"},{"@type":"ListItem","position":2,"name":"Parduotuv\u0117","item":"https:\/\/zoosalis.lv\/parduotuve\/"},{"@type":"ListItem","position":3,"name":"Kimo tofu kraikas su levand\u0173 ekstraktu 2,5kg 6lx6(D\u0116\u017d\u0116)"}]},{"@type":"WebSite","@id":"https:\/\/zoosalis.lv\/#website","url":"https:\/\/zoosalis.lv\/","name":"Dz\u012bvnieku produkti","description":"zoo\u0161alis.lt","publisher":{"@id":"https:\/\/zoosalis.lv\/#organization"},"potentialAction":[{"@type":"SearchAction","target":{"@type":"EntryPoint","urlTemplate":"https:\/\/zoosalis.lv\/?s={search_term_string}"},"query-input":{"@type":"PropertyValueSpecification","valueRequired":true,"valueName":"search_term_string"}}],"inLanguage":"lv-LV"},{"@type":"Organization","@id":"https:\/\/zoosalis.lv\/#organization","name":"Zoo\u0161alis.lt","url":"https:\/\/zoosalis.lv\/","logo":{"@type":"ImageObject","inLanguage":"lv-LV","@id":"https:\/\/zoosalis.lv\/#\/schema\/logo\/image\/","url":"https:\/\/zoosalis.lv\/wp-content\/uploads\/2024\/02\/Group-62.png","contentUrl":"https:\/\/zoosalis.lv\/wp-content\/uploads\/2024\/02\/Group-62.png","width":1537,"height":337,"caption":"Zoo\u0161alis.lt"},"image":{"@id":"https:\/\/zoosalis.lv\/#\/schema\/logo\/image\/"},"sameAs":["https:\/\/www.facebook.com\/zooprekesjums\/"]}]}},"_links":{"self":[{"href":"https:\/\/zoosalis.lv\/lv\/wp-json\/wp\/v2\/product\/22576"}],"collection":[{"href":"https:\/\/zoosalis.lv\/lv\/wp-json\/wp\/v2\/product"}],"about":[{"href":"https:\/\/zoosalis.lv\/lv\/wp-json\/wp\/v2\/types\/product"}],"replies":[{"embeddable":true,"href":"https:\/\/zoosalis.lv\/lv\/wp-json\/wp\/v2\/comments?post=22576"}],"wp:featuredmedia":[{"embeddable":true,"href":"https:\/\/zoosalis.lv\/lv\/wp-json\/wp\/v2\/media\/20115"}],"wp:attachment":[{"href":"https:\/\/zoosalis.lv\/lv\/wp-json\/wp\/v2\/media?parent=22576"}],"wp:term":[{"taxonomy":"product_brand","embeddable":true,"href":"https:\/\/zoosalis.lv\/lv\/wp-json\/wp\/v2\/product_brand?post=22576"},{"taxonomy":"product_cat","embeddable":true,"href":"https:\/\/zoosalis.lv\/lv\/wp-json\/wp\/v2\/product_cat?post=22576"},{"taxonomy":"product_tag","embeddable":true,"href":"https:\/\/zoosalis.lv\/lv\/wp-json\/wp\/v2\/product_tag?post=22576"}],"curies":[{"name":"wp","href":"https:\/\/api.w.org\/{rel}","templated":true}]}}