{"id":22581,"date":"2025-04-08T08:14:39","date_gmt":"2025-04-08T08:14:39","guid":{"rendered":"https:\/\/zoosalis.lv\/?post_type=product&#038;p=22581"},"modified":"2025-04-08T08:14:51","modified_gmt":"2025-04-08T08:14:51","slug":"kimo-chickenduck-konservai-katems-su-vistiena-ir-antiena-70g-24vnt","status":"publish","type":"product","link":"https:\/\/zoosalis.lv\/lv\/kimo-chickenduck-konservai-katems-su-vistiena-ir-antiena-70g-24vnt\/","title":{"rendered":"Kimo Chicken&amp;Duck konservi ka\u0137iem ar vistu un p\u012bli (70g. * 24gab.)"},"content":{"rendered":"<h2 class=\"wp-block-heading\" id=\"product-content-section-0\">Apraksts<\/h2><p>Konserv\u0113ta bar\u012bba ka\u0137iem ar vistu, p\u012bli un r\u012bsiem. Bez konservantiem, kr\u0101sviel\u0101m un gar\u0161as pastiprin\u0101t\u0101jiem. Bar\u012bbas piedeva pieaugu\u0161iem ka\u0137iem.<\/p><ul class=\"wp-block-list\"><li>Izgatavots tikai no dab\u012bg\u0101m sast\u0101vda\u013c\u0101m.<\/li>\n\n<li>Pat visizv\u0113l\u012bg\u0101kajiem \u0113d\u0101jiem tas patiks.<\/li>\n\n<li>Pal\u012bdz\u0113s nodro\u0161in\u0101t ka\u0137iem nepiecie\u0161amo \u0161\u0137idrumu.<\/li>\n\n<li>Bez konservantiem.<\/li><\/ul><h2 class=\"wp-block-heading\" id=\"product-content-section-1\"><strong>Sast\u0101vs<\/strong><\/h2><p>Vistas ga\u013ca (65%), p\u012bles ga\u013ca (5%), r\u012bsi (2%), buljons.&nbsp;<\/p><h2 class=\"wp-block-heading\" id=\"product-content-section-2\"><strong>Anal\u012btisk\u0101s sast\u0101vda\u013cas<\/strong><\/h2><p>Neapstr\u0101d\u0101ts prote\u012bns 16 %, neapstr\u0101d\u0101ti pelni 1 %, neapstr\u0101d\u0101ti tauki 0,5 %, neapstr\u0101d\u0101ta \u0161\u0137iedra 0,1 %, mitrums 82 %.&nbsp;<\/p><h2 class=\"wp-block-heading\" id=\"product-content-section-3\"><strong>Metaboliz\u0113jama ener\u0123ija<\/strong><\/h2><p>620 kcal\/kg.&nbsp;<\/p><h2 class=\"wp-block-heading\" id=\"product-content-section-4\"><strong>Baro\u0161anas ieteikumi<\/strong><\/h2><p>Ieteicam\u0101 dienas deva ir nor\u0101d\u012bta tabul\u0101 uz iepakojuma. P\u0101rliecinieties, ka vienm\u0113r ir pieejams svaigs dzeramais \u016bdens. Pasniedziet uzsild\u012btu l\u012bdz istabas temperat\u016brai. Ieteicams l\u012bdz: skat\u012bt uz iepakojuma. P\u0113c atv\u0113r\u0161anas uzglab\u0101t ledusskap\u012b, izlietot 3 dienu laik\u0101. Uzglab\u0101t saus\u0101 un v\u0113s\u0101 viet\u0101, sarg\u0101t no tie\u0161iem saules stariem.<\/p><figure class=\"wp-block-table\"><table><tbody><tr><td>Ka\u0137a svars (kg) &nbsp;<\/td><td>Dienas deva (g\/dien\u0101)&nbsp;<\/td><\/tr><tr><td>0.5-1.0&nbsp;<\/td><td>10.0-20.0&nbsp;<\/td><\/tr><tr><td>1.0-3.0&nbsp;<\/td><td>20.0-50.0&nbsp;<\/td><\/tr><tr><td>3.0-4.0&nbsp;<\/td><td>50.0-70.0&nbsp;<\/td><\/tr><tr><td>&gt;4,0&nbsp;<\/td><td>&gt;70,0<\/td><\/tr><\/tbody><\/table><\/figure><p><strong>Ra\u017eot\u0101js<\/strong>Tropical Canning (Thailand) Public Company Limited, Taizeme.<\/p>","protected":false},"excerpt":{"rendered":"<p>Konserv\u0113ta bar\u012bba ka\u0137iem ar vistu, p\u012bli un r\u012bsiem. Bar\u012bbas piedeva pieaugu\u0161iem ka\u0137iem. Kast\u012bte satur: 24 bund\u017eas pa 70 g katra.<\/p>","protected":false},"featured_media":20129,"comment_status":"open","ping_status":"closed","template":"","meta":{"_acf_changed":false,"_monsterinsights_skip_tracking":false,"_monsterinsights_sitenote_active":false,"_monsterinsights_sitenote_note":"","_monsterinsights_sitenote_category":0},"product_brand":[],"product_cat":[886],"product_tag":[],"class_list":{"0":"post-22581","1":"product","2":"type-product","3":"status-publish","4":"has-post-thumbnail","6":"product_cat-konservai-katems","8":"first","9":"instock","10":"shipping-taxable","11":"purchasable","12":"product-type-simple"},"acf":[],"aioseo_notices":[],"yoast_head":"<!-- This site is optimized with the Yoast SEO plugin v24.8.1 - https:\/\/yoast.com\/wordpress\/plugins\/seo\/ -->\n<title>Kimo Chicken&amp;Duck konservai kat\u0117ms su vi\u0161tiena ir antiena (70g. * 24vnt.) | Dz\u012bvnieku produkti<\/title>\n<meta name=\"robots\" content=\"index, follow, max-snippet:-1, max-image-preview:large, max-video-preview:-1\" \/>\n<link rel=\"canonical\" href=\"https:\/\/zoosalis.lv\/lv\/kimo-chickenduck-konservai-katems-su-vistiena-ir-antiena-70g-24vnt\/\" \/>\n<meta property=\"og:locale\" content=\"lv_LV\" \/>\n<meta property=\"og:type\" content=\"article\" \/>\n<meta property=\"og:title\" content=\"Kimo Chicken&amp;Duck konservai kat\u0117ms su vi\u0161tiena ir antiena (70g. * 24vnt.) | Dz\u012bvnieku produkti\" \/>\n<meta property=\"og:description\" content=\"Konservai kat\u0117ms su vi\u0161tiena, antiena ir ry\u017eiais. Pa\u0161aro papildas suaugusioms kat\u0117ms. D\u0117\u017eut\u0117je: 24 skardin\u0117s po 70g.\" \/>\n<meta property=\"og:url\" content=\"https:\/\/zoosalis.lv\/lv\/kimo-chickenduck-konservai-katems-su-vistiena-ir-antiena-70g-24vnt\/\" \/>\n<meta property=\"og:site_name\" content=\"Dz\u012bvnieku produkti\" \/>\n<meta property=\"article:publisher\" content=\"https:\/\/www.facebook.com\/zooprekesjums\/\" \/>\n<meta property=\"article:modified_time\" content=\"2025-04-08T08:14:51+00:00\" \/>\n<meta property=\"og:image\" content=\"https:\/\/zoosalis.lv\/wp-content\/uploads\/2024\/02\/Group-62.png\" \/>\n\t<meta property=\"og:image:width\" content=\"1537\" \/>\n\t<meta property=\"og:image:height\" content=\"337\" \/>\n\t<meta property=\"og:image:type\" content=\"image\/png\" \/>\n<meta name=\"twitter:card\" content=\"summary_large_image\" \/>\n<meta name=\"twitter:label1\" content=\"Est. reading time\" \/>\n\t<meta name=\"twitter:data1\" content=\"1 min\u016bte\" \/>\n<script type=\"application\/ld+json\" class=\"yoast-schema-graph\">{\"@context\":\"https:\/\/schema.org\",\"@graph\":[{\"@type\":\"WebPage\",\"@id\":\"https:\/\/zoosalis.lv\/kimo-chickenduck-konservai-katems-su-vistiena-ir-antiena-70g-24vnt\/\",\"url\":\"https:\/\/zoosalis.lv\/kimo-chickenduck-konservai-katems-su-vistiena-ir-antiena-70g-24vnt\/\",\"name\":\"Kimo Chicken&amp;Duck konservai kat\u0117ms su vi\u0161tiena ir antiena (70g. * 24vnt.) | Dz\u012bvnieku produkti\",\"isPartOf\":{\"@id\":\"https:\/\/zoosalis.lv\/#website\"},\"primaryImageOfPage\":{\"@id\":\"https:\/\/zoosalis.lv\/kimo-chickenduck-konservai-katems-su-vistiena-ir-antiena-70g-24vnt\/#primaryimage\"},\"image\":{\"@id\":\"https:\/\/zoosalis.lv\/kimo-chickenduck-konservai-katems-su-vistiena-ir-antiena-70g-24vnt\/#primaryimage\"},\"thumbnailUrl\":\"https:\/\/zoosalis.lv\/wp-content\/uploads\/2025\/04\/kimo-chicken-duck-1.png\",\"datePublished\":\"2025-04-08T08:14:39+00:00\",\"dateModified\":\"2025-04-08T08:14:51+00:00\",\"breadcrumb\":{\"@id\":\"https:\/\/zoosalis.lv\/kimo-chickenduck-konservai-katems-su-vistiena-ir-antiena-70g-24vnt\/#breadcrumb\"},\"inLanguage\":\"lv-LV\",\"potentialAction\":[{\"@type\":\"ReadAction\",\"target\":[\"https:\/\/zoosalis.lv\/kimo-chickenduck-konservai-katems-su-vistiena-ir-antiena-70g-24vnt\/\"]}]},{\"@type\":\"ImageObject\",\"inLanguage\":\"lv-LV\",\"@id\":\"https:\/\/zoosalis.lv\/kimo-chickenduck-konservai-katems-su-vistiena-ir-antiena-70g-24vnt\/#primaryimage\",\"url\":\"https:\/\/zoosalis.lv\/wp-content\/uploads\/2025\/04\/kimo-chicken-duck-1.png\",\"contentUrl\":\"https:\/\/zoosalis.lv\/wp-content\/uploads\/2025\/04\/kimo-chicken-duck-1.png\",\"width\":1600,\"height\":1066},{\"@type\":\"BreadcrumbList\",\"@id\":\"https:\/\/zoosalis.lv\/kimo-chickenduck-konservai-katems-su-vistiena-ir-antiena-70g-24vnt\/#breadcrumb\",\"itemListElement\":[{\"@type\":\"ListItem\",\"position\":1,\"name\":\"Home\",\"item\":\"https:\/\/zoosalis.lv\/\"},{\"@type\":\"ListItem\",\"position\":2,\"name\":\"Parduotuv\u0117\",\"item\":\"https:\/\/zoosalis.lv\/parduotuve\/\"},{\"@type\":\"ListItem\",\"position\":3,\"name\":\"Kimo Chicken&amp;Duck konservai kat\u0117ms su vi\u0161tiena ir antiena (70g. * 24vnt.)\"}]},{\"@type\":\"WebSite\",\"@id\":\"https:\/\/zoosalis.lv\/#website\",\"url\":\"https:\/\/zoosalis.lv\/\",\"name\":\"Dz\u012bvnieku produkti\",\"description\":\"zoo\u0161alis.lt\",\"publisher\":{\"@id\":\"https:\/\/zoosalis.lv\/#organization\"},\"potentialAction\":[{\"@type\":\"SearchAction\",\"target\":{\"@type\":\"EntryPoint\",\"urlTemplate\":\"https:\/\/zoosalis.lv\/?s={search_term_string}\"},\"query-input\":{\"@type\":\"PropertyValueSpecification\",\"valueRequired\":true,\"valueName\":\"search_term_string\"}}],\"inLanguage\":\"lv-LV\"},{\"@type\":\"Organization\",\"@id\":\"https:\/\/zoosalis.lv\/#organization\",\"name\":\"Zoo\u0161alis.lt\",\"url\":\"https:\/\/zoosalis.lv\/\",\"logo\":{\"@type\":\"ImageObject\",\"inLanguage\":\"lv-LV\",\"@id\":\"https:\/\/zoosalis.lv\/#\/schema\/logo\/image\/\",\"url\":\"https:\/\/zoosalis.lv\/wp-content\/uploads\/2024\/02\/Group-62.png\",\"contentUrl\":\"https:\/\/zoosalis.lv\/wp-content\/uploads\/2024\/02\/Group-62.png\",\"width\":1537,\"height\":337,\"caption\":\"Zoo\u0161alis.lt\"},\"image\":{\"@id\":\"https:\/\/zoosalis.lv\/#\/schema\/logo\/image\/\"},\"sameAs\":[\"https:\/\/www.facebook.com\/zooprekesjums\/\"]}]}<\/script>\n<!-- \/ Yoast SEO plugin. -->","yoast_head_json":{"title":"Kimo Chicken&amp;Duck konservai kat\u0117ms su vi\u0161tiena ir antiena (70g. * 24vnt.) | Dz\u012bvnieku produkti","robots":{"index":"index","follow":"follow","max-snippet":"max-snippet:-1","max-image-preview":"max-image-preview:large","max-video-preview":"max-video-preview:-1"},"canonical":"https:\/\/zoosalis.lv\/lv\/kimo-chickenduck-konservai-katems-su-vistiena-ir-antiena-70g-24vnt\/","og_locale":"lv_LV","og_type":"article","og_title":"Kimo Chicken&amp;Duck konservai kat\u0117ms su vi\u0161tiena ir antiena (70g. * 24vnt.) | Dz\u012bvnieku produkti","og_description":"Konservai kat\u0117ms su vi\u0161tiena, antiena ir ry\u017eiais. Pa\u0161aro papildas suaugusioms kat\u0117ms. D\u0117\u017eut\u0117je: 24 skardin\u0117s po 70g.","og_url":"https:\/\/zoosalis.lv\/lv\/kimo-chickenduck-konservai-katems-su-vistiena-ir-antiena-70g-24vnt\/","og_site_name":"Dz\u012bvnieku produkti","article_publisher":"https:\/\/www.facebook.com\/zooprekesjums\/","article_modified_time":"2025-04-08T08:14:51+00:00","og_image":[{"width":1537,"height":337,"url":"https:\/\/zoosalis.lv\/wp-content\/uploads\/2024\/02\/Group-62.png","type":"image\/png"}],"twitter_card":"summary_large_image","twitter_misc":{"Est. reading time":"1 min\u016bte"},"schema":{"@context":"https:\/\/schema.org","@graph":[{"@type":"WebPage","@id":"https:\/\/zoosalis.lv\/kimo-chickenduck-konservai-katems-su-vistiena-ir-antiena-70g-24vnt\/","url":"https:\/\/zoosalis.lv\/kimo-chickenduck-konservai-katems-su-vistiena-ir-antiena-70g-24vnt\/","name":"Kimo Chicken&amp;Duck konservai kat\u0117ms su vi\u0161tiena ir antiena (70g. * 24vnt.) | Dz\u012bvnieku produkti","isPartOf":{"@id":"https:\/\/zoosalis.lv\/#website"},"primaryImageOfPage":{"@id":"https:\/\/zoosalis.lv\/kimo-chickenduck-konservai-katems-su-vistiena-ir-antiena-70g-24vnt\/#primaryimage"},"image":{"@id":"https:\/\/zoosalis.lv\/kimo-chickenduck-konservai-katems-su-vistiena-ir-antiena-70g-24vnt\/#primaryimage"},"thumbnailUrl":"https:\/\/zoosalis.lv\/wp-content\/uploads\/2025\/04\/kimo-chicken-duck-1.png","datePublished":"2025-04-08T08:14:39+00:00","dateModified":"2025-04-08T08:14:51+00:00","breadcrumb":{"@id":"https:\/\/zoosalis.lv\/kimo-chickenduck-konservai-katems-su-vistiena-ir-antiena-70g-24vnt\/#breadcrumb"},"inLanguage":"lv-LV","potentialAction":[{"@type":"ReadAction","target":["https:\/\/zoosalis.lv\/kimo-chickenduck-konservai-katems-su-vistiena-ir-antiena-70g-24vnt\/"]}]},{"@type":"ImageObject","inLanguage":"lv-LV","@id":"https:\/\/zoosalis.lv\/kimo-chickenduck-konservai-katems-su-vistiena-ir-antiena-70g-24vnt\/#primaryimage","url":"https:\/\/zoosalis.lv\/wp-content\/uploads\/2025\/04\/kimo-chicken-duck-1.png","contentUrl":"https:\/\/zoosalis.lv\/wp-content\/uploads\/2025\/04\/kimo-chicken-duck-1.png","width":1600,"height":1066},{"@type":"BreadcrumbList","@id":"https:\/\/zoosalis.lv\/kimo-chickenduck-konservai-katems-su-vistiena-ir-antiena-70g-24vnt\/#breadcrumb","itemListElement":[{"@type":"ListItem","position":1,"name":"Home","item":"https:\/\/zoosalis.lv\/"},{"@type":"ListItem","position":2,"name":"Parduotuv\u0117","item":"https:\/\/zoosalis.lv\/parduotuve\/"},{"@type":"ListItem","position":3,"name":"Kimo Chicken&amp;Duck konservai kat\u0117ms su vi\u0161tiena ir antiena (70g. * 24vnt.)"}]},{"@type":"WebSite","@id":"https:\/\/zoosalis.lv\/#website","url":"https:\/\/zoosalis.lv\/","name":"Dz\u012bvnieku produkti","description":"zoo\u0161alis.lt","publisher":{"@id":"https:\/\/zoosalis.lv\/#organization"},"potentialAction":[{"@type":"SearchAction","target":{"@type":"EntryPoint","urlTemplate":"https:\/\/zoosalis.lv\/?s={search_term_string}"},"query-input":{"@type":"PropertyValueSpecification","valueRequired":true,"valueName":"search_term_string"}}],"inLanguage":"lv-LV"},{"@type":"Organization","@id":"https:\/\/zoosalis.lv\/#organization","name":"Zoo\u0161alis.lt","url":"https:\/\/zoosalis.lv\/","logo":{"@type":"ImageObject","inLanguage":"lv-LV","@id":"https:\/\/zoosalis.lv\/#\/schema\/logo\/image\/","url":"https:\/\/zoosalis.lv\/wp-content\/uploads\/2024\/02\/Group-62.png","contentUrl":"https:\/\/zoosalis.lv\/wp-content\/uploads\/2024\/02\/Group-62.png","width":1537,"height":337,"caption":"Zoo\u0161alis.lt"},"image":{"@id":"https:\/\/zoosalis.lv\/#\/schema\/logo\/image\/"},"sameAs":["https:\/\/www.facebook.com\/zooprekesjums\/"]}]}},"_links":{"self":[{"href":"https:\/\/zoosalis.lv\/lv\/wp-json\/wp\/v2\/product\/22581"}],"collection":[{"href":"https:\/\/zoosalis.lv\/lv\/wp-json\/wp\/v2\/product"}],"about":[{"href":"https:\/\/zoosalis.lv\/lv\/wp-json\/wp\/v2\/types\/product"}],"replies":[{"embeddable":true,"href":"https:\/\/zoosalis.lv\/lv\/wp-json\/wp\/v2\/comments?post=22581"}],"wp:featuredmedia":[{"embeddable":true,"href":"https:\/\/zoosalis.lv\/lv\/wp-json\/wp\/v2\/media\/20129"}],"wp:attachment":[{"href":"https:\/\/zoosalis.lv\/lv\/wp-json\/wp\/v2\/media?parent=22581"}],"wp:term":[{"taxonomy":"product_brand","embeddable":true,"href":"https:\/\/zoosalis.lv\/lv\/wp-json\/wp\/v2\/product_brand?post=22581"},{"taxonomy":"product_cat","embeddable":true,"href":"https:\/\/zoosalis.lv\/lv\/wp-json\/wp\/v2\/product_cat?post=22581"},{"taxonomy":"product_tag","embeddable":true,"href":"https:\/\/zoosalis.lv\/lv\/wp-json\/wp\/v2\/product_tag?post=22581"}],"curies":[{"name":"wp","href":"https:\/\/api.w.org\/{rel}","templated":true}]}}