{"id":22604,"date":"2025-04-08T08:15:03","date_gmt":"2025-04-08T08:15:03","guid":{"rendered":"https:\/\/zoosalis.lv\/?post_type=product&#038;p=22604"},"modified":"2025-04-08T08:15:13","modified_gmt":"2025-04-08T08:15:13","slug":"brit-gf-veterinary-diets-kons-katems-mais-urinary-and-stress-relief-85g","status":"publish","type":"product","link":"https:\/\/zoosalis.lv\/lv\/brit-gf-veterinary-diets-kons-katems-mais-urinary-and-stress-relief-85g\/","title":{"rendered":"Brit GF Veterinary Diets koncentr\u0101ta paci\u0146a ka\u0137iem ur\u012bnce\u013cu un stresa mazin\u0101\u0161anai 85g"},"content":{"rendered":"<h2 class=\"wp-block-heading\" id=\"product-content-section-0\">Indik\u0101cijas<\/h2><ul class=\"wp-block-list\"><li>Uztura atbalsts stresa izrais\u012btu slim\u012bbu gad\u012bjum\u0101.<\/li>\n\n<li>Struv\u012btu un oksal\u0101tu akme\u0146u veido\u0161an\u0101s nov\u0113r\u0161ana.<\/li>\n\n<li>Nomierina stresa situ\u0101cij\u0101s.<\/li>\n\n<li>Bez \u0122MO \/ Bez sojas \/ Bez cukura.<\/li>\n\n<li>Organiskie mikroelementi.<\/li>\n\n<li>Triptof\u0101ns \u2013 veicina relaks\u0101ciju un pal\u012bdz mazin\u0101t stresu.<\/li><\/ul><h2 class=\"wp-block-heading\" id=\"product-content-section-1\">Sast\u0101vs<\/h2><p>80 % filejas ga\u013ca (60 % vistas ga\u013ca, 15 % aknas, 5 % t\u012btara ga\u013ca), hidroliz\u0113tas vistas aknas 6 %, s\u016bkalas 5 %*, lignoceluloze 1,5 %, zir\u0146u milti, kalcija sulf\u0101ts 0,3 % (ur\u012bna sk\u0101bin\u0101t\u0101js), kalcija karbon\u0101ts 0,3 %, n\u0101trija hlor\u012bds 0,3 %, \u017e\u0101v\u0113tas dz\u0113rvenes 0,1 %, man\u0101noligosahar\u012bdi 0,003 %, fruktooligosahar\u012bdi 0,0022 %, jukas \u0161idigera 0,0022 %, inaktiv\u0113tas bakt\u0113rijas un to da\u013cas (Lactobacillus helveticus HA \u2013 122, 1,5\u00d7104 \u0161\u016bnas\/kg).<\/p><h2 class=\"wp-block-heading\" id=\"product-content-section-2\">Metaboliz\u0113jama ener\u0123ija<\/h2><p>780 kcal\/kg.<\/p><h2 class=\"wp-block-heading\" id=\"product-content-section-3\">Anal\u012btisk\u0101s sast\u0101vda\u013cas<\/h2><p>Neapstr\u0101d\u0101ts prote\u012bns 6,0 %, neapstr\u0101d\u0101ti tauki 4,0 %, neapstr\u0101d\u0101ta \u0161\u0137iedra 0,5 %, neapstr\u0101d\u0101ti pelni 2,5 %, mitrums 82,0 %, kalcijs 0,2 %, fosfors 0,2 %, n\u0101trijs 0,2 %, magnijs 0,1 %, k\u0101lijs 0,1 %, hlor\u012bdi 0,15 %, s\u0113rs 0,1 %, omega-3 tauksk\u0101bes 0,1 %, omega-6 tauksk\u0101bes 0,2 %, hidroksiprol\u012bns 0,1 %, D vitam\u012bns 70 SV\/kg metion\u012bns 0,15 %.<\/p><h2 class=\"wp-block-heading\" id=\"product-content-section-4\">Piedevas \/ 1 kg:<\/h2><p>Uzturv\u0113rt\u012bbas piedevas: A vitam\u012bns (3a672a) 3000 SV, D3 vitam\u012bns (3a671) 70 SV, E vitam\u012bns (3a700) 80 mg, L-karnit\u012bns (3a310) 25 mg, hol\u012bna hlor\u012bds (3a890) 1300 mg, biot\u012bns (3a880) 0,18 mg, B1 vitam\u012bns (3a821) 0,8 mg, cinks (3b612) 10 mg, mang\u0101ns (3b505) 5,5 mg, dzelzs (3b107) 4,8 mg, jods (3b201) 0,3 mg, var\u0161 (3b407) 0,4 mg, sel\u0113ns (3b810) 0,01 mg, taur\u012bns (3a370) 820 mg, L-metion\u012bns (3c305) 1750 mg, L-triptof\u0101ns (3c440) 1300 mg.<\/p><h2 class=\"wp-block-heading\" id=\"product-content-section-5\">Uztura normas<\/h2><p>Konsult\u0113jieties ar savu veterin\u0101r\u0101rstu par Brit VD di\u0113tas bar\u012bbas lieto\u0161anu. Bar\u012bba var pal\u012bdz\u0113t nov\u0113rst struv\u012bta krist\u0101lu veido\u0161anos ur\u012bn\u0101, k\u0101 ar\u012b pal\u012bdz palielin\u0101t ur\u012bna sk\u0101bumu. Lietojiet bar\u012bbu 5\u201312 ned\u0113\u013cas, lai s\u0101kotn\u0113ji iz\u0161\u0137\u012bdin\u0101tu struv\u012btu, un l\u012bdz 6 m\u0113ne\u0161iem, lai nov\u0113rstu struv\u012bta akme\u0146u atk\u0101rtotu veido\u0161anos. Pirms lieto\u0161anas vai lieto\u0161anas perioda pagarin\u0101\u0161anas ieteicams konsult\u0113ties ar veterin\u0101r\u0101rstu. P\u0101rliecinieties, ka j\u016bsu ka\u0137im vienm\u0113r ir pieejams svaigs dzeramais \u016bdens.<\/p><p><strong>Baro\u0161anas galds<\/strong><\/p><figure class=\"wp-block-table\"><table><tbody><tr><td>Ka\u0137a svars (kg)<\/td><td>2<\/td><td>4<\/td><td>6<\/td><td>10<\/td><\/tr><tr><td>Daudzums dien\u0101 (gab.)<\/td><td>2-3<\/td><td>3-4<\/td><td>&nbsp;4-5<\/td><td>5-6<\/td><\/tr><\/tbody><\/table><\/figure>","protected":false},"excerpt":{"rendered":"<p>Pilnv\u0113rt\u012bga di\u0113tiska bar\u012bba ka\u0137iem \u2013 \u0161\u0137\u012bdina struv\u012bta akme\u0146us, nov\u0113r\u0161 to atk\u0101rtotu veido\u0161anos un nomierina stresa situ\u0101cij\u0101s.<\/p>","protected":false},"featured_media":20156,"comment_status":"open","ping_status":"closed","template":"","meta":{"_acf_changed":false,"_monsterinsights_skip_tracking":false,"_monsterinsights_sitenote_active":false,"_monsterinsights_sitenote_note":"","_monsterinsights_sitenote_category":0},"product_brand":[],"product_cat":[886],"product_tag":[],"class_list":{"0":"post-22604","1":"product","2":"type-product","3":"status-publish","4":"has-post-thumbnail","6":"product_cat-konservai-katems","8":"first","9":"instock","10":"shipping-taxable","11":"purchasable","12":"product-type-simple"},"acf":[],"aioseo_notices":[],"yoast_head":"<!-- This site is optimized with the Yoast SEO plugin v24.8.1 - https:\/\/yoast.com\/wordpress\/plugins\/seo\/ -->\n<title>Brit GF Veterinary Diets kons. kat\u0117ms mai\u0161. Urinary and Stress Relief 85g | Dz\u012bvnieku produkti<\/title>\n<meta name=\"robots\" content=\"index, follow, max-snippet:-1, max-image-preview:large, max-video-preview:-1\" \/>\n<link rel=\"canonical\" href=\"https:\/\/zoosalis.lv\/lv\/brit-gf-veterinary-diets-kons-katems-mais-urinary-and-stress-relief-85g\/\" \/>\n<meta property=\"og:locale\" content=\"lv_LV\" \/>\n<meta property=\"og:type\" content=\"article\" \/>\n<meta property=\"og:title\" content=\"Brit GF Veterinary Diets kons. kat\u0117ms mai\u0161. Urinary and Stress Relief 85g | Dz\u012bvnieku produkti\" \/>\n<meta property=\"og:description\" content=\"Visavertis dietinis pa\u0161aras kat\u0117ms \u2013 tirpina struvito akmenis, saugo nuo pakartotino struvito akmen\u0173 susidarymo, ramina stresin\u0117se situacijose.\" \/>\n<meta property=\"og:url\" content=\"https:\/\/zoosalis.lv\/lv\/brit-gf-veterinary-diets-kons-katems-mais-urinary-and-stress-relief-85g\/\" \/>\n<meta property=\"og:site_name\" content=\"Dz\u012bvnieku produkti\" \/>\n<meta property=\"article:publisher\" content=\"https:\/\/www.facebook.com\/zooprekesjums\/\" \/>\n<meta property=\"article:modified_time\" content=\"2025-04-08T08:15:13+00:00\" \/>\n<meta property=\"og:image\" content=\"https:\/\/zoosalis.lv\/wp-content\/uploads\/2024\/02\/Group-62.png\" \/>\n\t<meta property=\"og:image:width\" content=\"1537\" \/>\n\t<meta property=\"og:image:height\" content=\"337\" \/>\n\t<meta property=\"og:image:type\" content=\"image\/png\" \/>\n<meta name=\"twitter:card\" content=\"summary_large_image\" \/>\n<meta name=\"twitter:label1\" content=\"Est. reading time\" \/>\n\t<meta name=\"twitter:data1\" content=\"1 min\u016bte\" \/>\n<script type=\"application\/ld+json\" class=\"yoast-schema-graph\">{\"@context\":\"https:\/\/schema.org\",\"@graph\":[{\"@type\":\"WebPage\",\"@id\":\"https:\/\/zoosalis.lv\/brit-gf-veterinary-diets-kons-katems-mais-urinary-and-stress-relief-85g\/\",\"url\":\"https:\/\/zoosalis.lv\/brit-gf-veterinary-diets-kons-katems-mais-urinary-and-stress-relief-85g\/\",\"name\":\"Brit GF Veterinary Diets kons. kat\u0117ms mai\u0161. Urinary and Stress Relief 85g | Dz\u012bvnieku produkti\",\"isPartOf\":{\"@id\":\"https:\/\/zoosalis.lv\/#website\"},\"primaryImageOfPage\":{\"@id\":\"https:\/\/zoosalis.lv\/brit-gf-veterinary-diets-kons-katems-mais-urinary-and-stress-relief-85g\/#primaryimage\"},\"image\":{\"@id\":\"https:\/\/zoosalis.lv\/brit-gf-veterinary-diets-kons-katems-mais-urinary-and-stress-relief-85g\/#primaryimage\"},\"thumbnailUrl\":\"https:\/\/zoosalis.lv\/wp-content\/uploads\/2025\/04\/Brit-Veterinary-Diet-Cat-Urinary-maiselis.png\",\"datePublished\":\"2025-04-08T08:15:03+00:00\",\"dateModified\":\"2025-04-08T08:15:13+00:00\",\"breadcrumb\":{\"@id\":\"https:\/\/zoosalis.lv\/brit-gf-veterinary-diets-kons-katems-mais-urinary-and-stress-relief-85g\/#breadcrumb\"},\"inLanguage\":\"lv-LV\",\"potentialAction\":[{\"@type\":\"ReadAction\",\"target\":[\"https:\/\/zoosalis.lv\/brit-gf-veterinary-diets-kons-katems-mais-urinary-and-stress-relief-85g\/\"]}]},{\"@type\":\"ImageObject\",\"inLanguage\":\"lv-LV\",\"@id\":\"https:\/\/zoosalis.lv\/brit-gf-veterinary-diets-kons-katems-mais-urinary-and-stress-relief-85g\/#primaryimage\",\"url\":\"https:\/\/zoosalis.lv\/wp-content\/uploads\/2025\/04\/Brit-Veterinary-Diet-Cat-Urinary-maiselis.png\",\"contentUrl\":\"https:\/\/zoosalis.lv\/wp-content\/uploads\/2025\/04\/Brit-Veterinary-Diet-Cat-Urinary-maiselis.png\",\"width\":484,\"height\":473},{\"@type\":\"BreadcrumbList\",\"@id\":\"https:\/\/zoosalis.lv\/brit-gf-veterinary-diets-kons-katems-mais-urinary-and-stress-relief-85g\/#breadcrumb\",\"itemListElement\":[{\"@type\":\"ListItem\",\"position\":1,\"name\":\"Home\",\"item\":\"https:\/\/zoosalis.lv\/\"},{\"@type\":\"ListItem\",\"position\":2,\"name\":\"Parduotuv\u0117\",\"item\":\"https:\/\/zoosalis.lv\/parduotuve\/\"},{\"@type\":\"ListItem\",\"position\":3,\"name\":\"Brit GF Veterinary Diets kons. kat\u0117ms mai\u0161. Urinary and Stress Relief 85g\"}]},{\"@type\":\"WebSite\",\"@id\":\"https:\/\/zoosalis.lv\/#website\",\"url\":\"https:\/\/zoosalis.lv\/\",\"name\":\"Dz\u012bvnieku produkti\",\"description\":\"zoo\u0161alis.lt\",\"publisher\":{\"@id\":\"https:\/\/zoosalis.lv\/#organization\"},\"potentialAction\":[{\"@type\":\"SearchAction\",\"target\":{\"@type\":\"EntryPoint\",\"urlTemplate\":\"https:\/\/zoosalis.lv\/?s={search_term_string}\"},\"query-input\":{\"@type\":\"PropertyValueSpecification\",\"valueRequired\":true,\"valueName\":\"search_term_string\"}}],\"inLanguage\":\"lv-LV\"},{\"@type\":\"Organization\",\"@id\":\"https:\/\/zoosalis.lv\/#organization\",\"name\":\"Zoo\u0161alis.lt\",\"url\":\"https:\/\/zoosalis.lv\/\",\"logo\":{\"@type\":\"ImageObject\",\"inLanguage\":\"lv-LV\",\"@id\":\"https:\/\/zoosalis.lv\/#\/schema\/logo\/image\/\",\"url\":\"https:\/\/zoosalis.lv\/wp-content\/uploads\/2024\/02\/Group-62.png\",\"contentUrl\":\"https:\/\/zoosalis.lv\/wp-content\/uploads\/2024\/02\/Group-62.png\",\"width\":1537,\"height\":337,\"caption\":\"Zoo\u0161alis.lt\"},\"image\":{\"@id\":\"https:\/\/zoosalis.lv\/#\/schema\/logo\/image\/\"},\"sameAs\":[\"https:\/\/www.facebook.com\/zooprekesjums\/\"]}]}<\/script>\n<!-- \/ Yoast SEO plugin. -->","yoast_head_json":{"title":"Brit GF Veterinary Diets kons. kat\u0117ms mai\u0161. Urinary and Stress Relief 85g | Dz\u012bvnieku produkti","robots":{"index":"index","follow":"follow","max-snippet":"max-snippet:-1","max-image-preview":"max-image-preview:large","max-video-preview":"max-video-preview:-1"},"canonical":"https:\/\/zoosalis.lv\/lv\/brit-gf-veterinary-diets-kons-katems-mais-urinary-and-stress-relief-85g\/","og_locale":"lv_LV","og_type":"article","og_title":"Brit GF Veterinary Diets kons. kat\u0117ms mai\u0161. Urinary and Stress Relief 85g | Dz\u012bvnieku produkti","og_description":"Visavertis dietinis pa\u0161aras kat\u0117ms \u2013 tirpina struvito akmenis, saugo nuo pakartotino struvito akmen\u0173 susidarymo, ramina stresin\u0117se situacijose.","og_url":"https:\/\/zoosalis.lv\/lv\/brit-gf-veterinary-diets-kons-katems-mais-urinary-and-stress-relief-85g\/","og_site_name":"Dz\u012bvnieku produkti","article_publisher":"https:\/\/www.facebook.com\/zooprekesjums\/","article_modified_time":"2025-04-08T08:15:13+00:00","og_image":[{"width":1537,"height":337,"url":"https:\/\/zoosalis.lv\/wp-content\/uploads\/2024\/02\/Group-62.png","type":"image\/png"}],"twitter_card":"summary_large_image","twitter_misc":{"Est. reading time":"1 min\u016bte"},"schema":{"@context":"https:\/\/schema.org","@graph":[{"@type":"WebPage","@id":"https:\/\/zoosalis.lv\/brit-gf-veterinary-diets-kons-katems-mais-urinary-and-stress-relief-85g\/","url":"https:\/\/zoosalis.lv\/brit-gf-veterinary-diets-kons-katems-mais-urinary-and-stress-relief-85g\/","name":"Brit GF Veterinary Diets kons. kat\u0117ms mai\u0161. Urinary and Stress Relief 85g | Dz\u012bvnieku produkti","isPartOf":{"@id":"https:\/\/zoosalis.lv\/#website"},"primaryImageOfPage":{"@id":"https:\/\/zoosalis.lv\/brit-gf-veterinary-diets-kons-katems-mais-urinary-and-stress-relief-85g\/#primaryimage"},"image":{"@id":"https:\/\/zoosalis.lv\/brit-gf-veterinary-diets-kons-katems-mais-urinary-and-stress-relief-85g\/#primaryimage"},"thumbnailUrl":"https:\/\/zoosalis.lv\/wp-content\/uploads\/2025\/04\/Brit-Veterinary-Diet-Cat-Urinary-maiselis.png","datePublished":"2025-04-08T08:15:03+00:00","dateModified":"2025-04-08T08:15:13+00:00","breadcrumb":{"@id":"https:\/\/zoosalis.lv\/brit-gf-veterinary-diets-kons-katems-mais-urinary-and-stress-relief-85g\/#breadcrumb"},"inLanguage":"lv-LV","potentialAction":[{"@type":"ReadAction","target":["https:\/\/zoosalis.lv\/brit-gf-veterinary-diets-kons-katems-mais-urinary-and-stress-relief-85g\/"]}]},{"@type":"ImageObject","inLanguage":"lv-LV","@id":"https:\/\/zoosalis.lv\/brit-gf-veterinary-diets-kons-katems-mais-urinary-and-stress-relief-85g\/#primaryimage","url":"https:\/\/zoosalis.lv\/wp-content\/uploads\/2025\/04\/Brit-Veterinary-Diet-Cat-Urinary-maiselis.png","contentUrl":"https:\/\/zoosalis.lv\/wp-content\/uploads\/2025\/04\/Brit-Veterinary-Diet-Cat-Urinary-maiselis.png","width":484,"height":473},{"@type":"BreadcrumbList","@id":"https:\/\/zoosalis.lv\/brit-gf-veterinary-diets-kons-katems-mais-urinary-and-stress-relief-85g\/#breadcrumb","itemListElement":[{"@type":"ListItem","position":1,"name":"Home","item":"https:\/\/zoosalis.lv\/"},{"@type":"ListItem","position":2,"name":"Parduotuv\u0117","item":"https:\/\/zoosalis.lv\/parduotuve\/"},{"@type":"ListItem","position":3,"name":"Brit GF Veterinary Diets kons. kat\u0117ms mai\u0161. Urinary and Stress Relief 85g"}]},{"@type":"WebSite","@id":"https:\/\/zoosalis.lv\/#website","url":"https:\/\/zoosalis.lv\/","name":"Dz\u012bvnieku produkti","description":"zoo\u0161alis.lt","publisher":{"@id":"https:\/\/zoosalis.lv\/#organization"},"potentialAction":[{"@type":"SearchAction","target":{"@type":"EntryPoint","urlTemplate":"https:\/\/zoosalis.lv\/?s={search_term_string}"},"query-input":{"@type":"PropertyValueSpecification","valueRequired":true,"valueName":"search_term_string"}}],"inLanguage":"lv-LV"},{"@type":"Organization","@id":"https:\/\/zoosalis.lv\/#organization","name":"Zoo\u0161alis.lt","url":"https:\/\/zoosalis.lv\/","logo":{"@type":"ImageObject","inLanguage":"lv-LV","@id":"https:\/\/zoosalis.lv\/#\/schema\/logo\/image\/","url":"https:\/\/zoosalis.lv\/wp-content\/uploads\/2024\/02\/Group-62.png","contentUrl":"https:\/\/zoosalis.lv\/wp-content\/uploads\/2024\/02\/Group-62.png","width":1537,"height":337,"caption":"Zoo\u0161alis.lt"},"image":{"@id":"https:\/\/zoosalis.lv\/#\/schema\/logo\/image\/"},"sameAs":["https:\/\/www.facebook.com\/zooprekesjums\/"]}]}},"_links":{"self":[{"href":"https:\/\/zoosalis.lv\/lv\/wp-json\/wp\/v2\/product\/22604"}],"collection":[{"href":"https:\/\/zoosalis.lv\/lv\/wp-json\/wp\/v2\/product"}],"about":[{"href":"https:\/\/zoosalis.lv\/lv\/wp-json\/wp\/v2\/types\/product"}],"replies":[{"embeddable":true,"href":"https:\/\/zoosalis.lv\/lv\/wp-json\/wp\/v2\/comments?post=22604"}],"wp:featuredmedia":[{"embeddable":true,"href":"https:\/\/zoosalis.lv\/lv\/wp-json\/wp\/v2\/media\/20156"}],"wp:attachment":[{"href":"https:\/\/zoosalis.lv\/lv\/wp-json\/wp\/v2\/media?parent=22604"}],"wp:term":[{"taxonomy":"product_brand","embeddable":true,"href":"https:\/\/zoosalis.lv\/lv\/wp-json\/wp\/v2\/product_brand?post=22604"},{"taxonomy":"product_cat","embeddable":true,"href":"https:\/\/zoosalis.lv\/lv\/wp-json\/wp\/v2\/product_cat?post=22604"},{"taxonomy":"product_tag","embeddable":true,"href":"https:\/\/zoosalis.lv\/lv\/wp-json\/wp\/v2\/product_tag?post=22604"}],"curies":[{"name":"wp","href":"https:\/\/api.w.org\/{rel}","templated":true}]}}