{"id":22607,"date":"2025-04-08T08:15:04","date_gmt":"2025-04-08T08:15:04","guid":{"rendered":"https:\/\/zoosalis.lv\/?post_type=product&#038;p=22607"},"modified":"2025-04-08T08:15:15","modified_gmt":"2025-04-08T08:15:15","slug":"pets-up-chewllagen-kolageno-lazdeles-su-jautiena-sunims-m","status":"publish","type":"product","link":"https:\/\/zoosalis.lv\/lv\/pets-up-chewllagen-kolageno-lazdeles-su-jautiena-sunims-m\/","title":{"rendered":"Pet&#039;s Up Chewllagen kolag\u0113na n\u016bji\u0146as ar liellopu ga\u013cu su\u0146iem M"},"content":{"rendered":"<p><strong>M:<\/strong>&nbsp;Iepakojum\u0101 ir 2 koci\u0146i, garums 12,5 cm, liel\u0101ks diametrs.<\/p><p>Kolag\u0113ns ir visizplat\u012bt\u0101kais prote\u012bns organism\u0101, kam ir daudzas svar\u012bgas funkcijas, tostarp kaulu, c\u012bpslu, sai\u0161u, \u0101das un ka\u017eoka aug\u0161ana un atjauno\u0161ana. Dz\u012bvniekiem novecojot, to \u0137erme\u0146i sintez\u0113 arvien maz\u0101k un maz\u0101k slikt\u0101kas kvalit\u0101tes kolag\u0113na.<\/p><p>Chewllagen ir su\u0146u k\u0101rums, kas ra\u017eots no kolag\u0113na, kas ieg\u016bts no Dienvidamerik\u0101 ar z\u0101li barotu liellopu \u0101das. Kolag\u0113na olbaltumvielas kars\u0113jot hidroliz\u0113jas un sadal\u0101s maz\u0101k\u0101s un viegl\u0101k sagremojam\u0101s molekul\u0101s. P\u0113c tam kolag\u0113ns tiek veidots un cepts, pie\u0161\u0137irot tam maizes tekst\u016bru, un visbeidzot ietin \u012bstas liellopa ga\u013cas loksn\u0113s.<\/p><p>Sast\u0101vot galvenok\u0101rt no 1. un 3. tipa kolag\u0113na, Chewllagen stimul\u0113 skrim\u0161\u013cu veido\u0161anos, loc\u012btavu amortiz\u0101ciju un loc\u012btavu s\u0101pju mazin\u0101\u0161anu. Tas ne tikai pal\u012bdz j\u016bsu sunim atg\u016bties p\u0113c garas pastaigas, bet ar\u012b uzlabo vi\u0146a musku\u013cu sp\u0113ku un jaudu. Turkl\u0101t Chewllagen pozit\u012bvi ietekm\u0113 j\u016bsu su\u0146a zarnu vesel\u012bbu, padarot to par vesel\u012bgu izv\u0113li j\u016bsu \u010detrk\u0101jainajam draugam.<\/p><p>Ko\u0161\u013c\u0101jam\u0101s vielas funkcijas:<\/p><ul class=\"wp-block-list\"><li>dab\u012bgs olbaltumvielu avots,<\/li>\n\n<li>piln\u012bb\u0101 sagremojams,<\/li>\n\n<li>vesel\u012bg\u0101kam ka\u017eokam un \u0101dai,<\/li>\n\n<li>uzlabo loc\u012btavu st\u0101vokli,<\/li>\n\n<li>gar\u0161a, kurai nevar pretoties,<\/li>\n\n<li>br\u012bni\u0161\u0137\u012bgs iedro\u0161in\u0101jums sunim.<\/li><\/ul>","protected":false},"excerpt":{"rendered":"<p>100% dab\u012bgs, ko\u0161\u013c\u0101jams liellopa ga\u013cas na\u0161\u0137is ar kolag\u0113nu iek\u0161pus\u0113.<\/p>","protected":false},"featured_media":20159,"comment_status":"open","ping_status":"closed","template":"","meta":{"_acf_changed":false,"_monsterinsights_skip_tracking":false,"_monsterinsights_sitenote_active":false,"_monsterinsights_sitenote_note":"","_monsterinsights_sitenote_category":0},"product_brand":[],"product_cat":[888,881],"product_tag":[],"class_list":{"0":"post-22607","1":"product","2":"type-product","3":"status-publish","4":"has-post-thumbnail","6":"product_cat-naturalus-skanestai","7":"product_cat-skanestai-sunims","9":"first","10":"instock","11":"shipping-taxable","12":"purchasable","13":"product-type-simple"},"acf":[],"aioseo_notices":[],"yoast_head":"<!-- This site is optimized with the Yoast SEO plugin v24.8.1 - https:\/\/yoast.com\/wordpress\/plugins\/seo\/ -->\n<title>Pet&#039;s Up Chewllagen kolageno lazdel\u0117s su jautiena \u0161unims M | Dz\u012bvnieku produkti<\/title>\n<meta name=\"robots\" content=\"index, follow, max-snippet:-1, max-image-preview:large, max-video-preview:-1\" \/>\n<link rel=\"canonical\" href=\"https:\/\/zoosalis.lv\/lv\/pets-up-chewllagen-kolageno-lazdeles-su-jautiena-sunims-m\/\" \/>\n<meta property=\"og:locale\" content=\"lv_LV\" \/>\n<meta property=\"og:type\" content=\"article\" \/>\n<meta property=\"og:title\" content=\"Pet&#039;s Up Chewllagen kolageno lazdel\u0117s su jautiena \u0161unims M | Dz\u012bvnieku produkti\" \/>\n<meta property=\"og:description\" content=\"100% nat\u016bralus kramtomas jautienos skan\u0117stas su viduje esan\u010diu kolagenu.\" \/>\n<meta property=\"og:url\" content=\"https:\/\/zoosalis.lv\/lv\/pets-up-chewllagen-kolageno-lazdeles-su-jautiena-sunims-m\/\" \/>\n<meta property=\"og:site_name\" content=\"Dz\u012bvnieku produkti\" \/>\n<meta property=\"article:publisher\" content=\"https:\/\/www.facebook.com\/zooprekesjums\/\" \/>\n<meta property=\"article:modified_time\" content=\"2025-04-08T08:15:15+00:00\" \/>\n<meta property=\"og:image\" content=\"https:\/\/zoosalis.lv\/wp-content\/uploads\/2024\/02\/Group-62.png\" \/>\n\t<meta property=\"og:image:width\" content=\"1537\" \/>\n\t<meta property=\"og:image:height\" content=\"337\" \/>\n\t<meta property=\"og:image:type\" content=\"image\/png\" \/>\n<meta name=\"twitter:card\" content=\"summary_large_image\" \/>\n<meta name=\"twitter:label1\" content=\"Est. reading time\" \/>\n\t<meta name=\"twitter:data1\" content=\"1 min\u016bte\" \/>\n<script type=\"application\/ld+json\" class=\"yoast-schema-graph\">{\"@context\":\"https:\/\/schema.org\",\"@graph\":[{\"@type\":\"WebPage\",\"@id\":\"https:\/\/zoosalis.lv\/pets-up-chewllagen-kolageno-lazdeles-su-jautiena-sunims-m\/\",\"url\":\"https:\/\/zoosalis.lv\/pets-up-chewllagen-kolageno-lazdeles-su-jautiena-sunims-m\/\",\"name\":\"Pet's Up Chewllagen kolageno lazdel\u0117s su jautiena \u0161unims M | Dz\u012bvnieku produkti\",\"isPartOf\":{\"@id\":\"https:\/\/zoosalis.lv\/#website\"},\"primaryImageOfPage\":{\"@id\":\"https:\/\/zoosalis.lv\/pets-up-chewllagen-kolageno-lazdeles-su-jautiena-sunims-m\/#primaryimage\"},\"image\":{\"@id\":\"https:\/\/zoosalis.lv\/pets-up-chewllagen-kolageno-lazdeles-su-jautiena-sunims-m\/#primaryimage\"},\"thumbnailUrl\":\"https:\/\/zoosalis.lv\/wp-content\/uploads\/2025\/04\/pet-s-up-chewllagen-kolageno-lazdeles-su-jautiena-sunims.jpg\",\"datePublished\":\"2025-04-08T08:15:04+00:00\",\"dateModified\":\"2025-04-08T08:15:15+00:00\",\"breadcrumb\":{\"@id\":\"https:\/\/zoosalis.lv\/pets-up-chewllagen-kolageno-lazdeles-su-jautiena-sunims-m\/#breadcrumb\"},\"inLanguage\":\"lv-LV\",\"potentialAction\":[{\"@type\":\"ReadAction\",\"target\":[\"https:\/\/zoosalis.lv\/pets-up-chewllagen-kolageno-lazdeles-su-jautiena-sunims-m\/\"]}]},{\"@type\":\"ImageObject\",\"inLanguage\":\"lv-LV\",\"@id\":\"https:\/\/zoosalis.lv\/pets-up-chewllagen-kolageno-lazdeles-su-jautiena-sunims-m\/#primaryimage\",\"url\":\"https:\/\/zoosalis.lv\/wp-content\/uploads\/2025\/04\/pet-s-up-chewllagen-kolageno-lazdeles-su-jautiena-sunims.jpg\",\"contentUrl\":\"https:\/\/zoosalis.lv\/wp-content\/uploads\/2025\/04\/pet-s-up-chewllagen-kolageno-lazdeles-su-jautiena-sunims.jpg\",\"width\":800,\"height\":800},{\"@type\":\"BreadcrumbList\",\"@id\":\"https:\/\/zoosalis.lv\/pets-up-chewllagen-kolageno-lazdeles-su-jautiena-sunims-m\/#breadcrumb\",\"itemListElement\":[{\"@type\":\"ListItem\",\"position\":1,\"name\":\"Home\",\"item\":\"https:\/\/zoosalis.lv\/\"},{\"@type\":\"ListItem\",\"position\":2,\"name\":\"Parduotuv\u0117\",\"item\":\"https:\/\/zoosalis.lv\/parduotuve\/\"},{\"@type\":\"ListItem\",\"position\":3,\"name\":\"Pet&#8217;s Up Chewllagen kolageno lazdel\u0117s su jautiena \u0161unims M\"}]},{\"@type\":\"WebSite\",\"@id\":\"https:\/\/zoosalis.lv\/#website\",\"url\":\"https:\/\/zoosalis.lv\/\",\"name\":\"Dz\u012bvnieku produkti\",\"description\":\"zoo\u0161alis.lt\",\"publisher\":{\"@id\":\"https:\/\/zoosalis.lv\/#organization\"},\"potentialAction\":[{\"@type\":\"SearchAction\",\"target\":{\"@type\":\"EntryPoint\",\"urlTemplate\":\"https:\/\/zoosalis.lv\/?s={search_term_string}\"},\"query-input\":{\"@type\":\"PropertyValueSpecification\",\"valueRequired\":true,\"valueName\":\"search_term_string\"}}],\"inLanguage\":\"lv-LV\"},{\"@type\":\"Organization\",\"@id\":\"https:\/\/zoosalis.lv\/#organization\",\"name\":\"Zoo\u0161alis.lt\",\"url\":\"https:\/\/zoosalis.lv\/\",\"logo\":{\"@type\":\"ImageObject\",\"inLanguage\":\"lv-LV\",\"@id\":\"https:\/\/zoosalis.lv\/#\/schema\/logo\/image\/\",\"url\":\"https:\/\/zoosalis.lv\/wp-content\/uploads\/2024\/02\/Group-62.png\",\"contentUrl\":\"https:\/\/zoosalis.lv\/wp-content\/uploads\/2024\/02\/Group-62.png\",\"width\":1537,\"height\":337,\"caption\":\"Zoo\u0161alis.lt\"},\"image\":{\"@id\":\"https:\/\/zoosalis.lv\/#\/schema\/logo\/image\/\"},\"sameAs\":[\"https:\/\/www.facebook.com\/zooprekesjums\/\"]}]}<\/script>\n<!-- \/ Yoast SEO plugin. -->","yoast_head_json":{"title":"Pet's Up Chewllagen kolageno lazdel\u0117s su jautiena \u0161unims M | Dz\u012bvnieku produkti","robots":{"index":"index","follow":"follow","max-snippet":"max-snippet:-1","max-image-preview":"max-image-preview:large","max-video-preview":"max-video-preview:-1"},"canonical":"https:\/\/zoosalis.lv\/lv\/pets-up-chewllagen-kolageno-lazdeles-su-jautiena-sunims-m\/","og_locale":"lv_LV","og_type":"article","og_title":"Pet's Up Chewllagen kolageno lazdel\u0117s su jautiena \u0161unims M | Dz\u012bvnieku produkti","og_description":"100% nat\u016bralus kramtomas jautienos skan\u0117stas su viduje esan\u010diu kolagenu.","og_url":"https:\/\/zoosalis.lv\/lv\/pets-up-chewllagen-kolageno-lazdeles-su-jautiena-sunims-m\/","og_site_name":"Dz\u012bvnieku produkti","article_publisher":"https:\/\/www.facebook.com\/zooprekesjums\/","article_modified_time":"2025-04-08T08:15:15+00:00","og_image":[{"width":1537,"height":337,"url":"https:\/\/zoosalis.lv\/wp-content\/uploads\/2024\/02\/Group-62.png","type":"image\/png"}],"twitter_card":"summary_large_image","twitter_misc":{"Est. reading time":"1 min\u016bte"},"schema":{"@context":"https:\/\/schema.org","@graph":[{"@type":"WebPage","@id":"https:\/\/zoosalis.lv\/pets-up-chewllagen-kolageno-lazdeles-su-jautiena-sunims-m\/","url":"https:\/\/zoosalis.lv\/pets-up-chewllagen-kolageno-lazdeles-su-jautiena-sunims-m\/","name":"Pet's Up Chewllagen kolageno lazdel\u0117s su jautiena \u0161unims M | Dz\u012bvnieku produkti","isPartOf":{"@id":"https:\/\/zoosalis.lv\/#website"},"primaryImageOfPage":{"@id":"https:\/\/zoosalis.lv\/pets-up-chewllagen-kolageno-lazdeles-su-jautiena-sunims-m\/#primaryimage"},"image":{"@id":"https:\/\/zoosalis.lv\/pets-up-chewllagen-kolageno-lazdeles-su-jautiena-sunims-m\/#primaryimage"},"thumbnailUrl":"https:\/\/zoosalis.lv\/wp-content\/uploads\/2025\/04\/pet-s-up-chewllagen-kolageno-lazdeles-su-jautiena-sunims.jpg","datePublished":"2025-04-08T08:15:04+00:00","dateModified":"2025-04-08T08:15:15+00:00","breadcrumb":{"@id":"https:\/\/zoosalis.lv\/pets-up-chewllagen-kolageno-lazdeles-su-jautiena-sunims-m\/#breadcrumb"},"inLanguage":"lv-LV","potentialAction":[{"@type":"ReadAction","target":["https:\/\/zoosalis.lv\/pets-up-chewllagen-kolageno-lazdeles-su-jautiena-sunims-m\/"]}]},{"@type":"ImageObject","inLanguage":"lv-LV","@id":"https:\/\/zoosalis.lv\/pets-up-chewllagen-kolageno-lazdeles-su-jautiena-sunims-m\/#primaryimage","url":"https:\/\/zoosalis.lv\/wp-content\/uploads\/2025\/04\/pet-s-up-chewllagen-kolageno-lazdeles-su-jautiena-sunims.jpg","contentUrl":"https:\/\/zoosalis.lv\/wp-content\/uploads\/2025\/04\/pet-s-up-chewllagen-kolageno-lazdeles-su-jautiena-sunims.jpg","width":800,"height":800},{"@type":"BreadcrumbList","@id":"https:\/\/zoosalis.lv\/pets-up-chewllagen-kolageno-lazdeles-su-jautiena-sunims-m\/#breadcrumb","itemListElement":[{"@type":"ListItem","position":1,"name":"Home","item":"https:\/\/zoosalis.lv\/"},{"@type":"ListItem","position":2,"name":"Parduotuv\u0117","item":"https:\/\/zoosalis.lv\/parduotuve\/"},{"@type":"ListItem","position":3,"name":"Pet&#8217;s Up Chewllagen kolageno lazdel\u0117s su jautiena \u0161unims M"}]},{"@type":"WebSite","@id":"https:\/\/zoosalis.lv\/#website","url":"https:\/\/zoosalis.lv\/","name":"Dz\u012bvnieku produkti","description":"zoo\u0161alis.lt","publisher":{"@id":"https:\/\/zoosalis.lv\/#organization"},"potentialAction":[{"@type":"SearchAction","target":{"@type":"EntryPoint","urlTemplate":"https:\/\/zoosalis.lv\/?s={search_term_string}"},"query-input":{"@type":"PropertyValueSpecification","valueRequired":true,"valueName":"search_term_string"}}],"inLanguage":"lv-LV"},{"@type":"Organization","@id":"https:\/\/zoosalis.lv\/#organization","name":"Zoo\u0161alis.lt","url":"https:\/\/zoosalis.lv\/","logo":{"@type":"ImageObject","inLanguage":"lv-LV","@id":"https:\/\/zoosalis.lv\/#\/schema\/logo\/image\/","url":"https:\/\/zoosalis.lv\/wp-content\/uploads\/2024\/02\/Group-62.png","contentUrl":"https:\/\/zoosalis.lv\/wp-content\/uploads\/2024\/02\/Group-62.png","width":1537,"height":337,"caption":"Zoo\u0161alis.lt"},"image":{"@id":"https:\/\/zoosalis.lv\/#\/schema\/logo\/image\/"},"sameAs":["https:\/\/www.facebook.com\/zooprekesjums\/"]}]}},"_links":{"self":[{"href":"https:\/\/zoosalis.lv\/lv\/wp-json\/wp\/v2\/product\/22607"}],"collection":[{"href":"https:\/\/zoosalis.lv\/lv\/wp-json\/wp\/v2\/product"}],"about":[{"href":"https:\/\/zoosalis.lv\/lv\/wp-json\/wp\/v2\/types\/product"}],"replies":[{"embeddable":true,"href":"https:\/\/zoosalis.lv\/lv\/wp-json\/wp\/v2\/comments?post=22607"}],"wp:featuredmedia":[{"embeddable":true,"href":"https:\/\/zoosalis.lv\/lv\/wp-json\/wp\/v2\/media\/20159"}],"wp:attachment":[{"href":"https:\/\/zoosalis.lv\/lv\/wp-json\/wp\/v2\/media?parent=22607"}],"wp:term":[{"taxonomy":"product_brand","embeddable":true,"href":"https:\/\/zoosalis.lv\/lv\/wp-json\/wp\/v2\/product_brand?post=22607"},{"taxonomy":"product_cat","embeddable":true,"href":"https:\/\/zoosalis.lv\/lv\/wp-json\/wp\/v2\/product_cat?post=22607"},{"taxonomy":"product_tag","embeddable":true,"href":"https:\/\/zoosalis.lv\/lv\/wp-json\/wp\/v2\/product_tag?post=22607"}],"curies":[{"name":"wp","href":"https:\/\/api.w.org\/{rel}","templated":true}]}}