{"id":22610,"date":"2025-04-08T08:15:04","date_gmt":"2025-04-08T08:15:04","guid":{"rendered":"https:\/\/zoosalis.lv\/?post_type=product&#038;p=22610"},"modified":"2025-04-08T08:15:17","modified_gmt":"2025-04-08T08:15:17","slug":"brit-care-cat-soup-turkey-sriuba-su-kalakutiena-katems-75g","status":"publish","type":"product","link":"https:\/\/zoosalis.lv\/lv\/brit-care-cat-soup-turkey-sriuba-su-kalakutiena-katems-75g\/","title":{"rendered":"Brit Care ka\u0137u zupa T\u012btara zupa ar t\u012btaru ka\u0137iem 75g."},"content":{"rendered":"<h2 class=\"wp-block-heading\" id=\"product-content-section-0\">Apraksts<\/h2><ul class=\"wp-block-list\"><li>Bez graudiem.<\/li>\n\n<li>Bez \u0122MO \/ Bez sojas \/ Bez pievienota cukura.<\/li>\n\n<li>Piem\u0113rots steriliz\u0113tiem ka\u0137iem \u2013 L-metion\u012bns.<\/li>\n\n<li>Ar taur\u012bnu.<\/li>\n\n<li>Uzturs, nomierino\u0161s l\u012bdzeklis - ka\u0137um\u0113tra, trauksmi mazino\u0161a funkcija.<\/li>\n\n<li>Prebiotikas \u2013 fruktooligosahar\u012bdi \u2013 pal\u012bdz uztur\u0113t vesel\u012bgu zarnu vidi.<\/li>\n\n<li>Probiotikas \u2013 inaktiv\u0113tas laktobakt\u0113rijas, im\u016bnmodul\u0113jo\u0161a iedarb\u012bba.<\/li><\/ul><h2 class=\"wp-block-heading\" id=\"product-content-section-1\">Sast\u0101vs<\/h2><p>Dzeramais \u016bdens, 16 % vistas ga\u013cas, 4 % t\u012btara ga\u013cas, 0,5 % hidroliz\u0113tu aknu, 0,5 % lignocelulozes, \u017e\u0101v\u0113tas ka\u0137um\u0113tras (100 mg\/kg), fruktooligosahar\u012bdi (100 mg\/kg), inaktiv\u0113tas bakt\u0113rijas un to da\u013cas (Lactobacillus helveticus HA \u2013 122, 1,5\u00d7108 \u0161\u016bnas\/kg).<\/p><h2 class=\"wp-block-heading\" id=\"product-content-section-2\">Anal\u012btisk\u0101s sast\u0101vda\u013cas<\/h2><p>Neapstr\u0101d\u0101ti prote\u012bni 2,0 %, neapstr\u0101d\u0101ti tauki 1,0 %, neapstr\u0101d\u0101ti pelni 0,5 %, neapstr\u0101d\u0101ta \u0161\u0137iedra 0,2 %, mitrums 95,0 %, kalcijs 0,01 %, fosfors 0,02 %, n\u0101trijs 0,05 %.<\/p><h2 class=\"wp-block-heading\" id=\"product-content-section-3\">Piederumi \/ 1kg<\/h2><p>Uzturvielu piedevas: L-metion\u012bns (3c305) 500 mg, taur\u012bns (3a370) 500 mg.<\/p><h2 class=\"wp-block-heading\" id=\"product-content-section-4\">Metaboliz\u0113jama ener\u0123ija<\/h2><p>225 kcal\/kg.<\/p><h2 class=\"wp-block-heading\" id=\"product-content-section-5\">Baro\u0161anas ieteikumi<\/h2><p>Ide\u0101li piem\u0113rots hidrat\u0101cijas uzlabo\u0161anai. Var izmantot, lai apkais\u012btu uz sausas bar\u012bbas, lai uzlabotu apet\u012bti. Dodiet istabas temperat\u016br\u0101 k\u0101 piedevu parastajai bar\u012bbai. Ieteicam\u0101 dienas deva var at\u0161\u0137irties atkar\u012bb\u0101 no ka\u0137a vecuma, aktivit\u0101tes l\u012bme\u0146a un vides. Pieaugu\u0161am ka\u0137im atbilsto\u0161\u0101 deva ir 2 porcijas dien\u0101. Vienm\u0113r nodro\u0161iniet svaigu \u016bdeni. Uzglab\u0101t v\u0113s\u0101 un saus\u0101 viet\u0101, sarg\u0101t no tie\u0161iem saules stariem. P\u0113c atv\u0113r\u0161anas uzglab\u0101t ledusskap\u012b un izlietot 3 dienu laik\u0101.<\/p><p><strong>Ra\u017eot\u0101js:&nbsp;<\/strong>Vafo Pr\u0101g\u0101.<\/p>","protected":false},"excerpt":{"rendered":"<p>Bezgraudu bar\u012bbas piedeva - t\u012btara zupa pieaugu\u0161iem ka\u0137iem. Piem\u0113rota steriliz\u0113tiem ka\u0137iem.<\/p>","protected":false},"featured_media":20162,"comment_status":"open","ping_status":"closed","template":"","meta":{"_acf_changed":false,"_monsterinsights_skip_tracking":false,"_monsterinsights_sitenote_active":false,"_monsterinsights_sitenote_note":"","_monsterinsights_sitenote_category":0},"product_brand":[],"product_cat":[886],"product_tag":[],"class_list":{"0":"post-22610","1":"product","2":"type-product","3":"status-publish","4":"has-post-thumbnail","6":"product_cat-konservai-katems","8":"first","9":"instock","10":"shipping-taxable","11":"purchasable","12":"product-type-simple"},"acf":[],"aioseo_notices":[],"yoast_head":"<!-- This site is optimized with the Yoast SEO plugin v24.8.1 - https:\/\/yoast.com\/wordpress\/plugins\/seo\/ -->\n<title>Brit Care Cat Soup Turkey sriuba su kalakutiena kat\u0117ms 75g. | Dz\u012bvnieku produkti<\/title>\n<meta name=\"robots\" content=\"index, follow, max-snippet:-1, max-image-preview:large, max-video-preview:-1\" \/>\n<link rel=\"canonical\" href=\"https:\/\/zoosalis.lv\/lv\/brit-care-cat-soup-turkey-sriuba-su-kalakutiena-katems-75g\/\" \/>\n<meta property=\"og:locale\" content=\"lv_LV\" \/>\n<meta property=\"og:type\" content=\"article\" \/>\n<meta property=\"og:title\" content=\"Brit Care Cat Soup Turkey sriuba su kalakutiena kat\u0117ms 75g. | Dz\u012bvnieku produkti\" \/>\n<meta property=\"og:description\" content=\"Begr\u016bdis pa\u0161aro papildas \u2013 sriuba su kalakutiena suaugusioms kat\u0117ms. Tinka sterilizuotoms kat\u0117ms.\" \/>\n<meta property=\"og:url\" content=\"https:\/\/zoosalis.lv\/lv\/brit-care-cat-soup-turkey-sriuba-su-kalakutiena-katems-75g\/\" \/>\n<meta property=\"og:site_name\" content=\"Dz\u012bvnieku produkti\" \/>\n<meta property=\"article:publisher\" content=\"https:\/\/www.facebook.com\/zooprekesjums\/\" \/>\n<meta property=\"article:modified_time\" content=\"2025-04-08T08:15:17+00:00\" \/>\n<meta property=\"og:image\" content=\"https:\/\/zoosalis.lv\/wp-content\/uploads\/2024\/02\/Group-62.png\" \/>\n\t<meta property=\"og:image:width\" content=\"1537\" \/>\n\t<meta property=\"og:image:height\" content=\"337\" \/>\n\t<meta property=\"og:image:type\" content=\"image\/png\" \/>\n<meta name=\"twitter:card\" content=\"summary_large_image\" \/>\n<meta name=\"twitter:label1\" content=\"Est. reading time\" \/>\n\t<meta name=\"twitter:data1\" content=\"1 min\u016bte\" \/>\n<script type=\"application\/ld+json\" class=\"yoast-schema-graph\">{\"@context\":\"https:\/\/schema.org\",\"@graph\":[{\"@type\":\"WebPage\",\"@id\":\"https:\/\/zoosalis.lv\/brit-care-cat-soup-turkey-sriuba-su-kalakutiena-katems-75g\/\",\"url\":\"https:\/\/zoosalis.lv\/brit-care-cat-soup-turkey-sriuba-su-kalakutiena-katems-75g\/\",\"name\":\"Brit Care Cat Soup Turkey sriuba su kalakutiena kat\u0117ms 75g. | Dz\u012bvnieku produkti\",\"isPartOf\":{\"@id\":\"https:\/\/zoosalis.lv\/#website\"},\"primaryImageOfPage\":{\"@id\":\"https:\/\/zoosalis.lv\/brit-care-cat-soup-turkey-sriuba-su-kalakutiena-katems-75g\/#primaryimage\"},\"image\":{\"@id\":\"https:\/\/zoosalis.lv\/brit-care-cat-soup-turkey-sriuba-su-kalakutiena-katems-75g\/#primaryimage\"},\"thumbnailUrl\":\"https:\/\/zoosalis.lv\/wp-content\/uploads\/2025\/04\/Brit-Care-Cat-Soup-Turkey.png\",\"datePublished\":\"2025-04-08T08:15:04+00:00\",\"dateModified\":\"2025-04-08T08:15:17+00:00\",\"breadcrumb\":{\"@id\":\"https:\/\/zoosalis.lv\/brit-care-cat-soup-turkey-sriuba-su-kalakutiena-katems-75g\/#breadcrumb\"},\"inLanguage\":\"lv-LV\",\"potentialAction\":[{\"@type\":\"ReadAction\",\"target\":[\"https:\/\/zoosalis.lv\/brit-care-cat-soup-turkey-sriuba-su-kalakutiena-katems-75g\/\"]}]},{\"@type\":\"ImageObject\",\"inLanguage\":\"lv-LV\",\"@id\":\"https:\/\/zoosalis.lv\/brit-care-cat-soup-turkey-sriuba-su-kalakutiena-katems-75g\/#primaryimage\",\"url\":\"https:\/\/zoosalis.lv\/wp-content\/uploads\/2025\/04\/Brit-Care-Cat-Soup-Turkey.png\",\"contentUrl\":\"https:\/\/zoosalis.lv\/wp-content\/uploads\/2025\/04\/Brit-Care-Cat-Soup-Turkey.png\",\"width\":968,\"height\":946},{\"@type\":\"BreadcrumbList\",\"@id\":\"https:\/\/zoosalis.lv\/brit-care-cat-soup-turkey-sriuba-su-kalakutiena-katems-75g\/#breadcrumb\",\"itemListElement\":[{\"@type\":\"ListItem\",\"position\":1,\"name\":\"Home\",\"item\":\"https:\/\/zoosalis.lv\/\"},{\"@type\":\"ListItem\",\"position\":2,\"name\":\"Parduotuv\u0117\",\"item\":\"https:\/\/zoosalis.lv\/parduotuve\/\"},{\"@type\":\"ListItem\",\"position\":3,\"name\":\"Brit Care Cat Soup Turkey sriuba su kalakutiena kat\u0117ms 75g.\"}]},{\"@type\":\"WebSite\",\"@id\":\"https:\/\/zoosalis.lv\/#website\",\"url\":\"https:\/\/zoosalis.lv\/\",\"name\":\"Dz\u012bvnieku produkti\",\"description\":\"zoo\u0161alis.lt\",\"publisher\":{\"@id\":\"https:\/\/zoosalis.lv\/#organization\"},\"potentialAction\":[{\"@type\":\"SearchAction\",\"target\":{\"@type\":\"EntryPoint\",\"urlTemplate\":\"https:\/\/zoosalis.lv\/?s={search_term_string}\"},\"query-input\":{\"@type\":\"PropertyValueSpecification\",\"valueRequired\":true,\"valueName\":\"search_term_string\"}}],\"inLanguage\":\"lv-LV\"},{\"@type\":\"Organization\",\"@id\":\"https:\/\/zoosalis.lv\/#organization\",\"name\":\"Zoo\u0161alis.lt\",\"url\":\"https:\/\/zoosalis.lv\/\",\"logo\":{\"@type\":\"ImageObject\",\"inLanguage\":\"lv-LV\",\"@id\":\"https:\/\/zoosalis.lv\/#\/schema\/logo\/image\/\",\"url\":\"https:\/\/zoosalis.lv\/wp-content\/uploads\/2024\/02\/Group-62.png\",\"contentUrl\":\"https:\/\/zoosalis.lv\/wp-content\/uploads\/2024\/02\/Group-62.png\",\"width\":1537,\"height\":337,\"caption\":\"Zoo\u0161alis.lt\"},\"image\":{\"@id\":\"https:\/\/zoosalis.lv\/#\/schema\/logo\/image\/\"},\"sameAs\":[\"https:\/\/www.facebook.com\/zooprekesjums\/\"]}]}<\/script>\n<!-- \/ Yoast SEO plugin. -->","yoast_head_json":{"title":"Brit Care Cat Soup Turkey sriuba su kalakutiena kat\u0117ms 75g. | Dz\u012bvnieku produkti","robots":{"index":"index","follow":"follow","max-snippet":"max-snippet:-1","max-image-preview":"max-image-preview:large","max-video-preview":"max-video-preview:-1"},"canonical":"https:\/\/zoosalis.lv\/lv\/brit-care-cat-soup-turkey-sriuba-su-kalakutiena-katems-75g\/","og_locale":"lv_LV","og_type":"article","og_title":"Brit Care Cat Soup Turkey sriuba su kalakutiena kat\u0117ms 75g. | Dz\u012bvnieku produkti","og_description":"Begr\u016bdis pa\u0161aro papildas \u2013 sriuba su kalakutiena suaugusioms kat\u0117ms. Tinka sterilizuotoms kat\u0117ms.","og_url":"https:\/\/zoosalis.lv\/lv\/brit-care-cat-soup-turkey-sriuba-su-kalakutiena-katems-75g\/","og_site_name":"Dz\u012bvnieku produkti","article_publisher":"https:\/\/www.facebook.com\/zooprekesjums\/","article_modified_time":"2025-04-08T08:15:17+00:00","og_image":[{"width":1537,"height":337,"url":"https:\/\/zoosalis.lv\/wp-content\/uploads\/2024\/02\/Group-62.png","type":"image\/png"}],"twitter_card":"summary_large_image","twitter_misc":{"Est. reading time":"1 min\u016bte"},"schema":{"@context":"https:\/\/schema.org","@graph":[{"@type":"WebPage","@id":"https:\/\/zoosalis.lv\/brit-care-cat-soup-turkey-sriuba-su-kalakutiena-katems-75g\/","url":"https:\/\/zoosalis.lv\/brit-care-cat-soup-turkey-sriuba-su-kalakutiena-katems-75g\/","name":"Brit Care Cat Soup Turkey sriuba su kalakutiena kat\u0117ms 75g. | Dz\u012bvnieku produkti","isPartOf":{"@id":"https:\/\/zoosalis.lv\/#website"},"primaryImageOfPage":{"@id":"https:\/\/zoosalis.lv\/brit-care-cat-soup-turkey-sriuba-su-kalakutiena-katems-75g\/#primaryimage"},"image":{"@id":"https:\/\/zoosalis.lv\/brit-care-cat-soup-turkey-sriuba-su-kalakutiena-katems-75g\/#primaryimage"},"thumbnailUrl":"https:\/\/zoosalis.lv\/wp-content\/uploads\/2025\/04\/Brit-Care-Cat-Soup-Turkey.png","datePublished":"2025-04-08T08:15:04+00:00","dateModified":"2025-04-08T08:15:17+00:00","breadcrumb":{"@id":"https:\/\/zoosalis.lv\/brit-care-cat-soup-turkey-sriuba-su-kalakutiena-katems-75g\/#breadcrumb"},"inLanguage":"lv-LV","potentialAction":[{"@type":"ReadAction","target":["https:\/\/zoosalis.lv\/brit-care-cat-soup-turkey-sriuba-su-kalakutiena-katems-75g\/"]}]},{"@type":"ImageObject","inLanguage":"lv-LV","@id":"https:\/\/zoosalis.lv\/brit-care-cat-soup-turkey-sriuba-su-kalakutiena-katems-75g\/#primaryimage","url":"https:\/\/zoosalis.lv\/wp-content\/uploads\/2025\/04\/Brit-Care-Cat-Soup-Turkey.png","contentUrl":"https:\/\/zoosalis.lv\/wp-content\/uploads\/2025\/04\/Brit-Care-Cat-Soup-Turkey.png","width":968,"height":946},{"@type":"BreadcrumbList","@id":"https:\/\/zoosalis.lv\/brit-care-cat-soup-turkey-sriuba-su-kalakutiena-katems-75g\/#breadcrumb","itemListElement":[{"@type":"ListItem","position":1,"name":"Home","item":"https:\/\/zoosalis.lv\/"},{"@type":"ListItem","position":2,"name":"Parduotuv\u0117","item":"https:\/\/zoosalis.lv\/parduotuve\/"},{"@type":"ListItem","position":3,"name":"Brit Care Cat Soup Turkey sriuba su kalakutiena kat\u0117ms 75g."}]},{"@type":"WebSite","@id":"https:\/\/zoosalis.lv\/#website","url":"https:\/\/zoosalis.lv\/","name":"Dz\u012bvnieku produkti","description":"zoo\u0161alis.lt","publisher":{"@id":"https:\/\/zoosalis.lv\/#organization"},"potentialAction":[{"@type":"SearchAction","target":{"@type":"EntryPoint","urlTemplate":"https:\/\/zoosalis.lv\/?s={search_term_string}"},"query-input":{"@type":"PropertyValueSpecification","valueRequired":true,"valueName":"search_term_string"}}],"inLanguage":"lv-LV"},{"@type":"Organization","@id":"https:\/\/zoosalis.lv\/#organization","name":"Zoo\u0161alis.lt","url":"https:\/\/zoosalis.lv\/","logo":{"@type":"ImageObject","inLanguage":"lv-LV","@id":"https:\/\/zoosalis.lv\/#\/schema\/logo\/image\/","url":"https:\/\/zoosalis.lv\/wp-content\/uploads\/2024\/02\/Group-62.png","contentUrl":"https:\/\/zoosalis.lv\/wp-content\/uploads\/2024\/02\/Group-62.png","width":1537,"height":337,"caption":"Zoo\u0161alis.lt"},"image":{"@id":"https:\/\/zoosalis.lv\/#\/schema\/logo\/image\/"},"sameAs":["https:\/\/www.facebook.com\/zooprekesjums\/"]}]}},"_links":{"self":[{"href":"https:\/\/zoosalis.lv\/lv\/wp-json\/wp\/v2\/product\/22610"}],"collection":[{"href":"https:\/\/zoosalis.lv\/lv\/wp-json\/wp\/v2\/product"}],"about":[{"href":"https:\/\/zoosalis.lv\/lv\/wp-json\/wp\/v2\/types\/product"}],"replies":[{"embeddable":true,"href":"https:\/\/zoosalis.lv\/lv\/wp-json\/wp\/v2\/comments?post=22610"}],"wp:featuredmedia":[{"embeddable":true,"href":"https:\/\/zoosalis.lv\/lv\/wp-json\/wp\/v2\/media\/20162"}],"wp:attachment":[{"href":"https:\/\/zoosalis.lv\/lv\/wp-json\/wp\/v2\/media?parent=22610"}],"wp:term":[{"taxonomy":"product_brand","embeddable":true,"href":"https:\/\/zoosalis.lv\/lv\/wp-json\/wp\/v2\/product_brand?post=22610"},{"taxonomy":"product_cat","embeddable":true,"href":"https:\/\/zoosalis.lv\/lv\/wp-json\/wp\/v2\/product_cat?post=22610"},{"taxonomy":"product_tag","embeddable":true,"href":"https:\/\/zoosalis.lv\/lv\/wp-json\/wp\/v2\/product_tag?post=22610"}],"curies":[{"name":"wp","href":"https:\/\/api.w.org\/{rel}","templated":true}]}}