{"id":22624,"date":"2025-04-08T08:15:27","date_gmt":"2025-04-08T08:15:27","guid":{"rendered":"https:\/\/zoosalis.lv\/?post_type=product&#038;p=22624"},"modified":"2025-04-08T08:15:43","modified_gmt":"2025-04-08T08:15:43","slug":"trixie-junior-pepito-draskykle-daugiaaukste-98cm-pilka","status":"publish","type":"product","link":"https:\/\/zoosalis.lv\/lv\/trixie-junior-pepito-draskykle-daugiaaukste-98cm-pilka\/","title":{"rendered":"Trixie Junior Pepito daudzl\u012bme\u0146u skr\u0101p\u0113\u0161anas stabs, 98 cm, pel\u0113ks"},"content":{"rendered":"<p>siz\u0101ls: \u00f8 4 mm\/pl\u012b\u0161s (poliesters): 250 g\/m\u00b2<br>pl\u012b\u0161a ala<br>jauka gulta ar polster\u0113t\u0101m apmal\u0113m<br>\u0161\u016bpu\u013ct\u012bkls ar met\u0101la r\u0101mi<br>kr\u0101sa: pel\u0113ka<\/p>","protected":false},"excerpt":{"rendered":"<p>sizalis: \u00f8 4 mm\/pliu\u0161as (poliesteris): 250 g\/m\u00b2urvas i\u0161 pliu\u0161omiela lova su pamink\u0161tintu apvaduhamakas su metaliniu r\u0117muspalva: pilka<\/p>","protected":false},"featured_media":20221,"comment_status":"open","ping_status":"closed","template":"","meta":{"_acf_changed":false,"_monsterinsights_skip_tracking":false,"_monsterinsights_sitenote_active":false,"_monsterinsights_sitenote_note":"","_monsterinsights_sitenote_category":0},"product_brand":[],"product_cat":[911],"product_tag":[],"class_list":{"0":"post-22624","1":"product","2":"type-product","3":"status-publish","4":"has-post-thumbnail","6":"product_cat-draskykles-katems-ir-stovai-katems","8":"first","9":"instock","10":"shipping-taxable","11":"purchasable","12":"product-type-simple"},"acf":[],"aioseo_notices":[],"yoast_head":"<!-- This site is optimized with the Yoast SEO plugin v24.8.1 - https:\/\/yoast.com\/wordpress\/plugins\/seo\/ -->\n<title>Trixie Junior Pepito draskykl\u0117 daugiaauk\u0161t\u0117, 98cm, pilka | Dz\u012bvnieku produkti<\/title>\n<meta name=\"robots\" content=\"index, follow, max-snippet:-1, max-image-preview:large, max-video-preview:-1\" \/>\n<link rel=\"canonical\" href=\"https:\/\/zoosalis.lv\/lv\/trixie-junior-pepito-draskykle-daugiaaukste-98cm-pilka\/\" \/>\n<meta property=\"og:locale\" content=\"lv_LV\" \/>\n<meta property=\"og:type\" content=\"article\" \/>\n<meta property=\"og:title\" content=\"Trixie Junior Pepito draskykl\u0117 daugiaauk\u0161t\u0117, 98cm, pilka | Dz\u012bvnieku produkti\" \/>\n<meta property=\"og:description\" content=\"sizalis: \u00f8 4 mm\/pliu\u0161as (poliesteris): 250 g\/m\u00b2urvas i\u0161 pliu\u0161omiela lova su pamink\u0161tintu apvaduhamakas su metaliniu r\u0117muspalva: pilka\" \/>\n<meta property=\"og:url\" content=\"https:\/\/zoosalis.lv\/lv\/trixie-junior-pepito-draskykle-daugiaaukste-98cm-pilka\/\" \/>\n<meta property=\"og:site_name\" content=\"Dz\u012bvnieku produkti\" \/>\n<meta property=\"article:publisher\" content=\"https:\/\/www.facebook.com\/zooprekesjums\/\" \/>\n<meta property=\"article:modified_time\" content=\"2025-04-08T08:15:43+00:00\" \/>\n<meta property=\"og:image\" content=\"https:\/\/zoosalis.lv\/wp-content\/uploads\/2024\/02\/Group-62.png\" \/>\n\t<meta property=\"og:image:width\" content=\"1537\" \/>\n\t<meta property=\"og:image:height\" content=\"337\" \/>\n\t<meta property=\"og:image:type\" content=\"image\/png\" \/>\n<meta name=\"twitter:card\" content=\"summary_large_image\" \/>\n<script type=\"application\/ld+json\" class=\"yoast-schema-graph\">{\"@context\":\"https:\/\/schema.org\",\"@graph\":[{\"@type\":\"WebPage\",\"@id\":\"https:\/\/zoosalis.lv\/trixie-junior-pepito-draskykle-daugiaaukste-98cm-pilka\/\",\"url\":\"https:\/\/zoosalis.lv\/trixie-junior-pepito-draskykle-daugiaaukste-98cm-pilka\/\",\"name\":\"Trixie Junior Pepito draskykl\u0117 daugiaauk\u0161t\u0117, 98cm, pilka | Dz\u012bvnieku produkti\",\"isPartOf\":{\"@id\":\"https:\/\/zoosalis.lv\/#website\"},\"primaryImageOfPage\":{\"@id\":\"https:\/\/zoosalis.lv\/trixie-junior-pepito-draskykle-daugiaaukste-98cm-pilka\/#primaryimage\"},\"image\":{\"@id\":\"https:\/\/zoosalis.lv\/trixie-junior-pepito-draskykle-daugiaaukste-98cm-pilka\/#primaryimage\"},\"thumbnailUrl\":\"https:\/\/zoosalis.lv\/wp-content\/uploads\/2025\/04\/trixie-junior-pepito-draskykle-daugiaaukste-98cm-pilka-206ed-kaina_reference.webp\",\"datePublished\":\"2025-04-08T08:15:27+00:00\",\"dateModified\":\"2025-04-08T08:15:43+00:00\",\"breadcrumb\":{\"@id\":\"https:\/\/zoosalis.lv\/trixie-junior-pepito-draskykle-daugiaaukste-98cm-pilka\/#breadcrumb\"},\"inLanguage\":\"lv-LV\",\"potentialAction\":[{\"@type\":\"ReadAction\",\"target\":[\"https:\/\/zoosalis.lv\/trixie-junior-pepito-draskykle-daugiaaukste-98cm-pilka\/\"]}]},{\"@type\":\"ImageObject\",\"inLanguage\":\"lv-LV\",\"@id\":\"https:\/\/zoosalis.lv\/trixie-junior-pepito-draskykle-daugiaaukste-98cm-pilka\/#primaryimage\",\"url\":\"https:\/\/zoosalis.lv\/wp-content\/uploads\/2025\/04\/trixie-junior-pepito-draskykle-daugiaaukste-98cm-pilka-206ed-kaina_reference.webp\",\"contentUrl\":\"https:\/\/zoosalis.lv\/wp-content\/uploads\/2025\/04\/trixie-junior-pepito-draskykle-daugiaaukste-98cm-pilka-206ed-kaina_reference.webp\",\"width\":800,\"height\":800},{\"@type\":\"BreadcrumbList\",\"@id\":\"https:\/\/zoosalis.lv\/trixie-junior-pepito-draskykle-daugiaaukste-98cm-pilka\/#breadcrumb\",\"itemListElement\":[{\"@type\":\"ListItem\",\"position\":1,\"name\":\"Home\",\"item\":\"https:\/\/zoosalis.lv\/\"},{\"@type\":\"ListItem\",\"position\":2,\"name\":\"Parduotuv\u0117\",\"item\":\"https:\/\/zoosalis.lv\/parduotuve\/\"},{\"@type\":\"ListItem\",\"position\":3,\"name\":\"Trixie Junior Pepito draskykl\u0117 daugiaauk\u0161t\u0117, 98cm, pilka\"}]},{\"@type\":\"WebSite\",\"@id\":\"https:\/\/zoosalis.lv\/#website\",\"url\":\"https:\/\/zoosalis.lv\/\",\"name\":\"Dz\u012bvnieku produkti\",\"description\":\"zoo\u0161alis.lt\",\"publisher\":{\"@id\":\"https:\/\/zoosalis.lv\/#organization\"},\"potentialAction\":[{\"@type\":\"SearchAction\",\"target\":{\"@type\":\"EntryPoint\",\"urlTemplate\":\"https:\/\/zoosalis.lv\/?s={search_term_string}\"},\"query-input\":{\"@type\":\"PropertyValueSpecification\",\"valueRequired\":true,\"valueName\":\"search_term_string\"}}],\"inLanguage\":\"lv-LV\"},{\"@type\":\"Organization\",\"@id\":\"https:\/\/zoosalis.lv\/#organization\",\"name\":\"Zoo\u0161alis.lt\",\"url\":\"https:\/\/zoosalis.lv\/\",\"logo\":{\"@type\":\"ImageObject\",\"inLanguage\":\"lv-LV\",\"@id\":\"https:\/\/zoosalis.lv\/#\/schema\/logo\/image\/\",\"url\":\"https:\/\/zoosalis.lv\/wp-content\/uploads\/2024\/02\/Group-62.png\",\"contentUrl\":\"https:\/\/zoosalis.lv\/wp-content\/uploads\/2024\/02\/Group-62.png\",\"width\":1537,\"height\":337,\"caption\":\"Zoo\u0161alis.lt\"},\"image\":{\"@id\":\"https:\/\/zoosalis.lv\/#\/schema\/logo\/image\/\"},\"sameAs\":[\"https:\/\/www.facebook.com\/zooprekesjums\/\"]}]}<\/script>\n<!-- \/ Yoast SEO plugin. -->","yoast_head_json":{"title":"Trixie Junior Pepito draskykl\u0117 daugiaauk\u0161t\u0117, 98cm, pilka | Dz\u012bvnieku produkti","robots":{"index":"index","follow":"follow","max-snippet":"max-snippet:-1","max-image-preview":"max-image-preview:large","max-video-preview":"max-video-preview:-1"},"canonical":"https:\/\/zoosalis.lv\/lv\/trixie-junior-pepito-draskykle-daugiaaukste-98cm-pilka\/","og_locale":"lv_LV","og_type":"article","og_title":"Trixie Junior Pepito draskykl\u0117 daugiaauk\u0161t\u0117, 98cm, pilka | Dz\u012bvnieku produkti","og_description":"sizalis: \u00f8 4 mm\/pliu\u0161as (poliesteris): 250 g\/m\u00b2urvas i\u0161 pliu\u0161omiela lova su pamink\u0161tintu apvaduhamakas su metaliniu r\u0117muspalva: pilka","og_url":"https:\/\/zoosalis.lv\/lv\/trixie-junior-pepito-draskykle-daugiaaukste-98cm-pilka\/","og_site_name":"Dz\u012bvnieku produkti","article_publisher":"https:\/\/www.facebook.com\/zooprekesjums\/","article_modified_time":"2025-04-08T08:15:43+00:00","og_image":[{"width":1537,"height":337,"url":"https:\/\/zoosalis.lv\/wp-content\/uploads\/2024\/02\/Group-62.png","type":"image\/png"}],"twitter_card":"summary_large_image","schema":{"@context":"https:\/\/schema.org","@graph":[{"@type":"WebPage","@id":"https:\/\/zoosalis.lv\/trixie-junior-pepito-draskykle-daugiaaukste-98cm-pilka\/","url":"https:\/\/zoosalis.lv\/trixie-junior-pepito-draskykle-daugiaaukste-98cm-pilka\/","name":"Trixie Junior Pepito draskykl\u0117 daugiaauk\u0161t\u0117, 98cm, pilka | Dz\u012bvnieku produkti","isPartOf":{"@id":"https:\/\/zoosalis.lv\/#website"},"primaryImageOfPage":{"@id":"https:\/\/zoosalis.lv\/trixie-junior-pepito-draskykle-daugiaaukste-98cm-pilka\/#primaryimage"},"image":{"@id":"https:\/\/zoosalis.lv\/trixie-junior-pepito-draskykle-daugiaaukste-98cm-pilka\/#primaryimage"},"thumbnailUrl":"https:\/\/zoosalis.lv\/wp-content\/uploads\/2025\/04\/trixie-junior-pepito-draskykle-daugiaaukste-98cm-pilka-206ed-kaina_reference.webp","datePublished":"2025-04-08T08:15:27+00:00","dateModified":"2025-04-08T08:15:43+00:00","breadcrumb":{"@id":"https:\/\/zoosalis.lv\/trixie-junior-pepito-draskykle-daugiaaukste-98cm-pilka\/#breadcrumb"},"inLanguage":"lv-LV","potentialAction":[{"@type":"ReadAction","target":["https:\/\/zoosalis.lv\/trixie-junior-pepito-draskykle-daugiaaukste-98cm-pilka\/"]}]},{"@type":"ImageObject","inLanguage":"lv-LV","@id":"https:\/\/zoosalis.lv\/trixie-junior-pepito-draskykle-daugiaaukste-98cm-pilka\/#primaryimage","url":"https:\/\/zoosalis.lv\/wp-content\/uploads\/2025\/04\/trixie-junior-pepito-draskykle-daugiaaukste-98cm-pilka-206ed-kaina_reference.webp","contentUrl":"https:\/\/zoosalis.lv\/wp-content\/uploads\/2025\/04\/trixie-junior-pepito-draskykle-daugiaaukste-98cm-pilka-206ed-kaina_reference.webp","width":800,"height":800},{"@type":"BreadcrumbList","@id":"https:\/\/zoosalis.lv\/trixie-junior-pepito-draskykle-daugiaaukste-98cm-pilka\/#breadcrumb","itemListElement":[{"@type":"ListItem","position":1,"name":"Home","item":"https:\/\/zoosalis.lv\/"},{"@type":"ListItem","position":2,"name":"Parduotuv\u0117","item":"https:\/\/zoosalis.lv\/parduotuve\/"},{"@type":"ListItem","position":3,"name":"Trixie Junior Pepito draskykl\u0117 daugiaauk\u0161t\u0117, 98cm, pilka"}]},{"@type":"WebSite","@id":"https:\/\/zoosalis.lv\/#website","url":"https:\/\/zoosalis.lv\/","name":"Dz\u012bvnieku produkti","description":"zoo\u0161alis.lt","publisher":{"@id":"https:\/\/zoosalis.lv\/#organization"},"potentialAction":[{"@type":"SearchAction","target":{"@type":"EntryPoint","urlTemplate":"https:\/\/zoosalis.lv\/?s={search_term_string}"},"query-input":{"@type":"PropertyValueSpecification","valueRequired":true,"valueName":"search_term_string"}}],"inLanguage":"lv-LV"},{"@type":"Organization","@id":"https:\/\/zoosalis.lv\/#organization","name":"Zoo\u0161alis.lt","url":"https:\/\/zoosalis.lv\/","logo":{"@type":"ImageObject","inLanguage":"lv-LV","@id":"https:\/\/zoosalis.lv\/#\/schema\/logo\/image\/","url":"https:\/\/zoosalis.lv\/wp-content\/uploads\/2024\/02\/Group-62.png","contentUrl":"https:\/\/zoosalis.lv\/wp-content\/uploads\/2024\/02\/Group-62.png","width":1537,"height":337,"caption":"Zoo\u0161alis.lt"},"image":{"@id":"https:\/\/zoosalis.lv\/#\/schema\/logo\/image\/"},"sameAs":["https:\/\/www.facebook.com\/zooprekesjums\/"]}]}},"_links":{"self":[{"href":"https:\/\/zoosalis.lv\/lv\/wp-json\/wp\/v2\/product\/22624"}],"collection":[{"href":"https:\/\/zoosalis.lv\/lv\/wp-json\/wp\/v2\/product"}],"about":[{"href":"https:\/\/zoosalis.lv\/lv\/wp-json\/wp\/v2\/types\/product"}],"replies":[{"embeddable":true,"href":"https:\/\/zoosalis.lv\/lv\/wp-json\/wp\/v2\/comments?post=22624"}],"wp:featuredmedia":[{"embeddable":true,"href":"https:\/\/zoosalis.lv\/lv\/wp-json\/wp\/v2\/media\/20221"}],"wp:attachment":[{"href":"https:\/\/zoosalis.lv\/lv\/wp-json\/wp\/v2\/media?parent=22624"}],"wp:term":[{"taxonomy":"product_brand","embeddable":true,"href":"https:\/\/zoosalis.lv\/lv\/wp-json\/wp\/v2\/product_brand?post=22624"},{"taxonomy":"product_cat","embeddable":true,"href":"https:\/\/zoosalis.lv\/lv\/wp-json\/wp\/v2\/product_cat?post=22624"},{"taxonomy":"product_tag","embeddable":true,"href":"https:\/\/zoosalis.lv\/lv\/wp-json\/wp\/v2\/product_tag?post=22624"}],"curies":[{"name":"wp","href":"https:\/\/api.w.org\/{rel}","templated":true}]}}