{"id":22626,"date":"2025-04-08T08:15:27","date_gmt":"2025-04-08T08:15:27","guid":{"rendered":"https:\/\/zoosalis.lv\/?post_type=product&#038;p=22626"},"modified":"2025-04-08T08:15:44","modified_gmt":"2025-04-08T08:15:44","slug":"trixie-junior-draskykle-stulpas-42cm-metu","status":"publish","type":"product","link":"https:\/\/zoosalis.lv\/lv\/trixie-junior-draskykle-stulpas-42cm-metu\/","title":{"rendered":"Trixie Junior skr\u0101p\u0113\u0161anas stabs, 42 cm, piparm\u0113tru kr\u0101s\u0101"},"content":{"rendered":"<p><span style=\"color: rgb(23, 23, 23); font-family: &quot;Open Sans&quot;, sans-serif; font-size: 14px; white-space-collapse: collapse;\">d\u017euta: \u00f8 6 mm\/pl\u012b\u0161s (poliesters): 190 g\/m\u00b2<\/span><span style=\"color: rgb(23, 23, 23); font-family: &quot;Open Sans&quot;, sans-serif; font-size: 14px; white-space-collapse: collapse;\">kr\u0101sa: piparm\u0113tra<\/span><\/p>","protected":false},"excerpt":{"rendered":"<p>d\u017eiutas: \u00f8 6 mm\/pliu\u0161as (poliesteris): 190 g\/m\u00b2spalva: m\u0117t\u0173<\/p>","protected":false},"featured_media":20223,"comment_status":"open","ping_status":"closed","template":"","meta":{"_acf_changed":false,"_monsterinsights_skip_tracking":false,"_monsterinsights_sitenote_active":false,"_monsterinsights_sitenote_note":"","_monsterinsights_sitenote_category":0},"product_brand":[],"product_cat":[911],"product_tag":[],"class_list":{"0":"post-22626","1":"product","2":"type-product","3":"status-publish","4":"has-post-thumbnail","6":"product_cat-draskykles-katems-ir-stovai-katems","8":"first","9":"instock","10":"shipping-taxable","11":"purchasable","12":"product-type-simple"},"acf":[],"aioseo_notices":[],"yoast_head":"<!-- This site is optimized with the Yoast SEO plugin v24.8.1 - https:\/\/yoast.com\/wordpress\/plugins\/seo\/ -->\n<title>Trixie Junior draskykl\u0117 stulpas, 42cm, m\u0117t\u0173 | Dz\u012bvnieku produkti<\/title>\n<meta name=\"robots\" content=\"index, follow, max-snippet:-1, max-image-preview:large, max-video-preview:-1\" \/>\n<link rel=\"canonical\" href=\"https:\/\/zoosalis.lv\/lv\/trixie-junior-draskykle-stulpas-42cm-metu\/\" \/>\n<meta property=\"og:locale\" content=\"lv_LV\" \/>\n<meta property=\"og:type\" content=\"article\" \/>\n<meta property=\"og:title\" content=\"Trixie Junior draskykl\u0117 stulpas, 42cm, m\u0117t\u0173 | Dz\u012bvnieku produkti\" \/>\n<meta property=\"og:description\" content=\"d\u017eiutas: \u00f8 6 mm\/pliu\u0161as (poliesteris): 190 g\/m\u00b2spalva: m\u0117t\u0173\" \/>\n<meta property=\"og:url\" content=\"https:\/\/zoosalis.lv\/lv\/trixie-junior-draskykle-stulpas-42cm-metu\/\" \/>\n<meta property=\"og:site_name\" content=\"Dz\u012bvnieku produkti\" \/>\n<meta property=\"article:publisher\" content=\"https:\/\/www.facebook.com\/zooprekesjums\/\" \/>\n<meta property=\"article:modified_time\" content=\"2025-04-08T08:15:44+00:00\" \/>\n<meta property=\"og:image\" content=\"https:\/\/zoosalis.lv\/wp-content\/uploads\/2024\/02\/Group-62.png\" \/>\n\t<meta property=\"og:image:width\" content=\"1537\" \/>\n\t<meta property=\"og:image:height\" content=\"337\" \/>\n\t<meta property=\"og:image:type\" content=\"image\/png\" \/>\n<meta name=\"twitter:card\" content=\"summary_large_image\" \/>\n<script type=\"application\/ld+json\" class=\"yoast-schema-graph\">{\"@context\":\"https:\/\/schema.org\",\"@graph\":[{\"@type\":\"WebPage\",\"@id\":\"https:\/\/zoosalis.lv\/trixie-junior-draskykle-stulpas-42cm-metu\/\",\"url\":\"https:\/\/zoosalis.lv\/trixie-junior-draskykle-stulpas-42cm-metu\/\",\"name\":\"Trixie Junior draskykl\u0117 stulpas, 42cm, m\u0117t\u0173 | Dz\u012bvnieku produkti\",\"isPartOf\":{\"@id\":\"https:\/\/zoosalis.lv\/#website\"},\"primaryImageOfPage\":{\"@id\":\"https:\/\/zoosalis.lv\/trixie-junior-draskykle-stulpas-42cm-metu\/#primaryimage\"},\"image\":{\"@id\":\"https:\/\/zoosalis.lv\/trixie-junior-draskykle-stulpas-42cm-metu\/#primaryimage\"},\"thumbnailUrl\":\"https:\/\/zoosalis.lv\/wp-content\/uploads\/2025\/04\/trixie-junior-draskykle-stulpas-42cm-metu-3285d_reference.webp\",\"datePublished\":\"2025-04-08T08:15:27+00:00\",\"dateModified\":\"2025-04-08T08:15:44+00:00\",\"breadcrumb\":{\"@id\":\"https:\/\/zoosalis.lv\/trixie-junior-draskykle-stulpas-42cm-metu\/#breadcrumb\"},\"inLanguage\":\"lv-LV\",\"potentialAction\":[{\"@type\":\"ReadAction\",\"target\":[\"https:\/\/zoosalis.lv\/trixie-junior-draskykle-stulpas-42cm-metu\/\"]}]},{\"@type\":\"ImageObject\",\"inLanguage\":\"lv-LV\",\"@id\":\"https:\/\/zoosalis.lv\/trixie-junior-draskykle-stulpas-42cm-metu\/#primaryimage\",\"url\":\"https:\/\/zoosalis.lv\/wp-content\/uploads\/2025\/04\/trixie-junior-draskykle-stulpas-42cm-metu-3285d_reference.webp\",\"contentUrl\":\"https:\/\/zoosalis.lv\/wp-content\/uploads\/2025\/04\/trixie-junior-draskykle-stulpas-42cm-metu-3285d_reference.webp\",\"width\":800,\"height\":800},{\"@type\":\"BreadcrumbList\",\"@id\":\"https:\/\/zoosalis.lv\/trixie-junior-draskykle-stulpas-42cm-metu\/#breadcrumb\",\"itemListElement\":[{\"@type\":\"ListItem\",\"position\":1,\"name\":\"Home\",\"item\":\"https:\/\/zoosalis.lv\/\"},{\"@type\":\"ListItem\",\"position\":2,\"name\":\"Parduotuv\u0117\",\"item\":\"https:\/\/zoosalis.lv\/parduotuve\/\"},{\"@type\":\"ListItem\",\"position\":3,\"name\":\"Trixie Junior draskykl\u0117 stulpas, 42cm, m\u0117t\u0173\"}]},{\"@type\":\"WebSite\",\"@id\":\"https:\/\/zoosalis.lv\/#website\",\"url\":\"https:\/\/zoosalis.lv\/\",\"name\":\"Dz\u012bvnieku produkti\",\"description\":\"zoo\u0161alis.lt\",\"publisher\":{\"@id\":\"https:\/\/zoosalis.lv\/#organization\"},\"potentialAction\":[{\"@type\":\"SearchAction\",\"target\":{\"@type\":\"EntryPoint\",\"urlTemplate\":\"https:\/\/zoosalis.lv\/?s={search_term_string}\"},\"query-input\":{\"@type\":\"PropertyValueSpecification\",\"valueRequired\":true,\"valueName\":\"search_term_string\"}}],\"inLanguage\":\"lv-LV\"},{\"@type\":\"Organization\",\"@id\":\"https:\/\/zoosalis.lv\/#organization\",\"name\":\"Zoo\u0161alis.lt\",\"url\":\"https:\/\/zoosalis.lv\/\",\"logo\":{\"@type\":\"ImageObject\",\"inLanguage\":\"lv-LV\",\"@id\":\"https:\/\/zoosalis.lv\/#\/schema\/logo\/image\/\",\"url\":\"https:\/\/zoosalis.lv\/wp-content\/uploads\/2024\/02\/Group-62.png\",\"contentUrl\":\"https:\/\/zoosalis.lv\/wp-content\/uploads\/2024\/02\/Group-62.png\",\"width\":1537,\"height\":337,\"caption\":\"Zoo\u0161alis.lt\"},\"image\":{\"@id\":\"https:\/\/zoosalis.lv\/#\/schema\/logo\/image\/\"},\"sameAs\":[\"https:\/\/www.facebook.com\/zooprekesjums\/\"]}]}<\/script>\n<!-- \/ Yoast SEO plugin. -->","yoast_head_json":{"title":"Trixie Junior draskykl\u0117 stulpas, 42cm, m\u0117t\u0173 | Dz\u012bvnieku produkti","robots":{"index":"index","follow":"follow","max-snippet":"max-snippet:-1","max-image-preview":"max-image-preview:large","max-video-preview":"max-video-preview:-1"},"canonical":"https:\/\/zoosalis.lv\/lv\/trixie-junior-draskykle-stulpas-42cm-metu\/","og_locale":"lv_LV","og_type":"article","og_title":"Trixie Junior draskykl\u0117 stulpas, 42cm, m\u0117t\u0173 | Dz\u012bvnieku produkti","og_description":"d\u017eiutas: \u00f8 6 mm\/pliu\u0161as (poliesteris): 190 g\/m\u00b2spalva: m\u0117t\u0173","og_url":"https:\/\/zoosalis.lv\/lv\/trixie-junior-draskykle-stulpas-42cm-metu\/","og_site_name":"Dz\u012bvnieku produkti","article_publisher":"https:\/\/www.facebook.com\/zooprekesjums\/","article_modified_time":"2025-04-08T08:15:44+00:00","og_image":[{"width":1537,"height":337,"url":"https:\/\/zoosalis.lv\/wp-content\/uploads\/2024\/02\/Group-62.png","type":"image\/png"}],"twitter_card":"summary_large_image","schema":{"@context":"https:\/\/schema.org","@graph":[{"@type":"WebPage","@id":"https:\/\/zoosalis.lv\/trixie-junior-draskykle-stulpas-42cm-metu\/","url":"https:\/\/zoosalis.lv\/trixie-junior-draskykle-stulpas-42cm-metu\/","name":"Trixie Junior draskykl\u0117 stulpas, 42cm, m\u0117t\u0173 | Dz\u012bvnieku produkti","isPartOf":{"@id":"https:\/\/zoosalis.lv\/#website"},"primaryImageOfPage":{"@id":"https:\/\/zoosalis.lv\/trixie-junior-draskykle-stulpas-42cm-metu\/#primaryimage"},"image":{"@id":"https:\/\/zoosalis.lv\/trixie-junior-draskykle-stulpas-42cm-metu\/#primaryimage"},"thumbnailUrl":"https:\/\/zoosalis.lv\/wp-content\/uploads\/2025\/04\/trixie-junior-draskykle-stulpas-42cm-metu-3285d_reference.webp","datePublished":"2025-04-08T08:15:27+00:00","dateModified":"2025-04-08T08:15:44+00:00","breadcrumb":{"@id":"https:\/\/zoosalis.lv\/trixie-junior-draskykle-stulpas-42cm-metu\/#breadcrumb"},"inLanguage":"lv-LV","potentialAction":[{"@type":"ReadAction","target":["https:\/\/zoosalis.lv\/trixie-junior-draskykle-stulpas-42cm-metu\/"]}]},{"@type":"ImageObject","inLanguage":"lv-LV","@id":"https:\/\/zoosalis.lv\/trixie-junior-draskykle-stulpas-42cm-metu\/#primaryimage","url":"https:\/\/zoosalis.lv\/wp-content\/uploads\/2025\/04\/trixie-junior-draskykle-stulpas-42cm-metu-3285d_reference.webp","contentUrl":"https:\/\/zoosalis.lv\/wp-content\/uploads\/2025\/04\/trixie-junior-draskykle-stulpas-42cm-metu-3285d_reference.webp","width":800,"height":800},{"@type":"BreadcrumbList","@id":"https:\/\/zoosalis.lv\/trixie-junior-draskykle-stulpas-42cm-metu\/#breadcrumb","itemListElement":[{"@type":"ListItem","position":1,"name":"Home","item":"https:\/\/zoosalis.lv\/"},{"@type":"ListItem","position":2,"name":"Parduotuv\u0117","item":"https:\/\/zoosalis.lv\/parduotuve\/"},{"@type":"ListItem","position":3,"name":"Trixie Junior draskykl\u0117 stulpas, 42cm, m\u0117t\u0173"}]},{"@type":"WebSite","@id":"https:\/\/zoosalis.lv\/#website","url":"https:\/\/zoosalis.lv\/","name":"Dz\u012bvnieku produkti","description":"zoo\u0161alis.lt","publisher":{"@id":"https:\/\/zoosalis.lv\/#organization"},"potentialAction":[{"@type":"SearchAction","target":{"@type":"EntryPoint","urlTemplate":"https:\/\/zoosalis.lv\/?s={search_term_string}"},"query-input":{"@type":"PropertyValueSpecification","valueRequired":true,"valueName":"search_term_string"}}],"inLanguage":"lv-LV"},{"@type":"Organization","@id":"https:\/\/zoosalis.lv\/#organization","name":"Zoo\u0161alis.lt","url":"https:\/\/zoosalis.lv\/","logo":{"@type":"ImageObject","inLanguage":"lv-LV","@id":"https:\/\/zoosalis.lv\/#\/schema\/logo\/image\/","url":"https:\/\/zoosalis.lv\/wp-content\/uploads\/2024\/02\/Group-62.png","contentUrl":"https:\/\/zoosalis.lv\/wp-content\/uploads\/2024\/02\/Group-62.png","width":1537,"height":337,"caption":"Zoo\u0161alis.lt"},"image":{"@id":"https:\/\/zoosalis.lv\/#\/schema\/logo\/image\/"},"sameAs":["https:\/\/www.facebook.com\/zooprekesjums\/"]}]}},"_links":{"self":[{"href":"https:\/\/zoosalis.lv\/lv\/wp-json\/wp\/v2\/product\/22626"}],"collection":[{"href":"https:\/\/zoosalis.lv\/lv\/wp-json\/wp\/v2\/product"}],"about":[{"href":"https:\/\/zoosalis.lv\/lv\/wp-json\/wp\/v2\/types\/product"}],"replies":[{"embeddable":true,"href":"https:\/\/zoosalis.lv\/lv\/wp-json\/wp\/v2\/comments?post=22626"}],"wp:featuredmedia":[{"embeddable":true,"href":"https:\/\/zoosalis.lv\/lv\/wp-json\/wp\/v2\/media\/20223"}],"wp:attachment":[{"href":"https:\/\/zoosalis.lv\/lv\/wp-json\/wp\/v2\/media?parent=22626"}],"wp:term":[{"taxonomy":"product_brand","embeddable":true,"href":"https:\/\/zoosalis.lv\/lv\/wp-json\/wp\/v2\/product_brand?post=22626"},{"taxonomy":"product_cat","embeddable":true,"href":"https:\/\/zoosalis.lv\/lv\/wp-json\/wp\/v2\/product_cat?post=22626"},{"taxonomy":"product_tag","embeddable":true,"href":"https:\/\/zoosalis.lv\/lv\/wp-json\/wp\/v2\/product_tag?post=22626"}],"curies":[{"name":"wp","href":"https:\/\/api.w.org\/{rel}","templated":true}]}}