{"id":22652,"date":"2025-04-08T08:16:12","date_gmt":"2025-04-08T08:16:12","guid":{"rendered":"https:\/\/zoosalis.lv\/?post_type=product&#038;p=22652"},"modified":"2025-04-08T08:16:21","modified_gmt":"2025-04-08T08:16:21","slug":"kiddog-rolls-jautienos-lazdeles-1-6cmx13cm-250g-2","status":"publish","type":"product","link":"https:\/\/zoosalis.lv\/lv\/kiddog-rolls-jautienos-lazdeles-1-6cmx13cm-250g-2\/","title":{"rendered":"KIDDOG liellopa ga\u013cas rull\u012b\u0161i 1,6 cm x 13 cm 250 g"},"content":{"rendered":"<p><b>KIDDOG Rolls liellopa ga\u013cas standzi\u0146as 1,6 cm x 13 cm 250 g \u2014 uztura bag\u0101tin\u0101t\u0101js su\u0146iem.<\/b><\/p>\n<p><b>Sast\u0101vs: <\/b>Liellopu ga\u013ca 36%, liellopu \u0101das 60%, glicer\u012bns, miner\u0101lvielas, sorb\u012bts.<\/p>\n<p><b>Anal\u012btisk\u0101s sast\u0101vda\u013cas:<\/b> Neapstr\u0101d\u0101ts prote\u012bns 50% (min), neapstr\u0101d\u0101ti tauki 3% (maks), neapstr\u0101d\u0101ti pelni 3% (maks), neapstr\u0101d\u0101ta \u0161\u0137iedra 3% (maks), mitrums 18% (maks).<\/p>\n<p><b>Uztura ieteikums:<\/b> Dodiet savam m\u0101jdz\u012bvniekam k\u0101 stimulu. Dodot m\u0101jdz\u012bvniekam k\u0101rumu, vienm\u0113r pieskatiet to, kam\u0113r tas ko\u0161\u013c\u0101. Vienm\u0113r atst\u0101jiet pieejamu svaigu un t\u012bru \u016bdeni. Uzglab\u0101t saus\u0101 un v\u0113s\u0101 viet\u0101.<\/p>","protected":false},"excerpt":{"rendered":"<p><b>KIDDOG Rolls liellopa ga\u013cas standzi\u0146as 1,6 cm x 13 cm 250 g \u2014 uztura bag\u0101tin\u0101t\u0101js su\u0146iem.<\/b><\/p>\n<p><b>Sast\u0101vs: <\/b>Liellopu ga\u013ca 36%, liellopu \u0101das 60%, glicer\u012bns, miner\u0101lvielas, sorb\u012bts.<\/p>\n<p><b>Anal\u012btisk\u0101s sast\u0101vda\u013cas:<\/b> Neapstr\u0101d\u0101ts prote\u012bns 50% (min), neapstr\u0101d\u0101ti tauki 3% (maks), neapstr\u0101d\u0101ti pelni 3% (maks), neapstr\u0101d\u0101ta \u0161\u0137iedra 3% (maks), mitrums 18% (maks).<\/p>\n<p><b>Uztura ieteikums:<\/b> Dodiet savam m\u0101jdz\u012bvniekam k\u0101 stimulu. Dodot m\u0101jdz\u012bvniekam k\u0101rumu, vienm\u0113r pieskatiet to, kam\u0113r tas ko\u0161\u013c\u0101. Vienm\u0113r atst\u0101jiet pieejamu svaigu un t\u012bru \u016bdeni. Uzglab\u0101t saus\u0101 un v\u0113s\u0101 viet\u0101.<\/p>","protected":false},"featured_media":20295,"comment_status":"open","ping_status":"closed","template":"","meta":{"_acf_changed":false,"_monsterinsights_skip_tracking":false,"_monsterinsights_sitenote_active":false,"_monsterinsights_sitenote_note":"","_monsterinsights_sitenote_category":0},"product_brand":[],"product_cat":[873,881,874],"product_tag":[],"class_list":{"0":"post-22652","1":"product","2":"type-product","3":"status-publish","4":"has-post-thumbnail","6":"product_cat-prekes-sunims","7":"product_cat-skanestai-sunims","8":"product_cat-sunu-maistas","10":"first","11":"instock","12":"shipping-taxable","13":"purchasable","14":"product-type-simple"},"acf":[],"aioseo_notices":[],"yoast_head":"<!-- This site is optimized with the Yoast SEO plugin v24.8.1 - https:\/\/yoast.com\/wordpress\/plugins\/seo\/ -->\n<title>KIDDOG Rolls Jautienos Lazdel\u0117s 1.6cmx13cm 250g | Dz\u012bvnieku produkti<\/title>\n<meta name=\"robots\" content=\"index, follow, max-snippet:-1, max-image-preview:large, max-video-preview:-1\" \/>\n<link rel=\"canonical\" href=\"https:\/\/zoosalis.lv\/lv\/kiddog-rolls-jautienos-lazdeles-1-6cmx13cm-250g-2\/\" \/>\n<meta property=\"og:locale\" content=\"lv_LV\" \/>\n<meta property=\"og:type\" content=\"article\" \/>\n<meta property=\"og:title\" content=\"KIDDOG Rolls Jautienos Lazdel\u0117s 1.6cmx13cm 250g | Dz\u012bvnieku produkti\" \/>\n<meta property=\"og:description\" content=\"KIDDOG Rolls jautienos lazdel\u0117s 1.6cmx13cm 250g \u2014 pa\u0161aro papildas \u0161unims.  Sud\u0117tis: jautiena 36%, jautienos odos 60%, glicerinas, mineralai, sorbitolis.  Analitin\u0117s sudedamosios dalys: \u017eali baltymai 50%(min), \u017eali riebalai 3%(max), \u017eali pelenai 3%(max), \u017ealia l\u0105steliena 3%(max), dr\u0117gnis 18%(max).  Maitinimo rekomendacija: Duoti augintiniui kaip paskatinim\u0105. Davus augintiniui skan\u0117st\u0105 visada pri\u017ei\u016br\u0117ti kol kramto. Visada palikti \u0161vie\u017eio ir \u0161varaus vandens. Laikyti sausoje ir \u0161altoje vietoje.\" \/>\n<meta property=\"og:url\" content=\"https:\/\/zoosalis.lv\/lv\/kiddog-rolls-jautienos-lazdeles-1-6cmx13cm-250g-2\/\" \/>\n<meta property=\"og:site_name\" content=\"Dz\u012bvnieku produkti\" \/>\n<meta property=\"article:publisher\" content=\"https:\/\/www.facebook.com\/zooprekesjums\/\" \/>\n<meta property=\"article:modified_time\" content=\"2025-04-08T08:16:21+00:00\" \/>\n<meta property=\"og:image\" content=\"https:\/\/zoosalis.lv\/wp-content\/uploads\/2024\/02\/Group-62.png\" \/>\n\t<meta property=\"og:image:width\" content=\"1537\" \/>\n\t<meta property=\"og:image:height\" content=\"337\" \/>\n\t<meta property=\"og:image:type\" content=\"image\/png\" \/>\n<meta name=\"twitter:card\" content=\"summary_large_image\" \/>\n<script type=\"application\/ld+json\" class=\"yoast-schema-graph\">{\"@context\":\"https:\/\/schema.org\",\"@graph\":[{\"@type\":\"WebPage\",\"@id\":\"https:\/\/zoosalis.lv\/kiddog-rolls-jautienos-lazdeles-1-6cmx13cm-250g-2\/\",\"url\":\"https:\/\/zoosalis.lv\/kiddog-rolls-jautienos-lazdeles-1-6cmx13cm-250g-2\/\",\"name\":\"KIDDOG Rolls Jautienos Lazdel\u0117s 1.6cmx13cm 250g | Dz\u012bvnieku produkti\",\"isPartOf\":{\"@id\":\"https:\/\/zoosalis.lv\/#website\"},\"primaryImageOfPage\":{\"@id\":\"https:\/\/zoosalis.lv\/kiddog-rolls-jautienos-lazdeles-1-6cmx13cm-250g-2\/#primaryimage\"},\"image\":{\"@id\":\"https:\/\/zoosalis.lv\/kiddog-rolls-jautienos-lazdeles-1-6cmx13cm-250g-2\/#primaryimage\"},\"thumbnailUrl\":\"https:\/\/zoosalis.lv\/wp-content\/uploads\/2025\/04\/A047461.jpg\",\"datePublished\":\"2025-04-08T08:16:12+00:00\",\"dateModified\":\"2025-04-08T08:16:21+00:00\",\"breadcrumb\":{\"@id\":\"https:\/\/zoosalis.lv\/kiddog-rolls-jautienos-lazdeles-1-6cmx13cm-250g-2\/#breadcrumb\"},\"inLanguage\":\"lv-LV\",\"potentialAction\":[{\"@type\":\"ReadAction\",\"target\":[\"https:\/\/zoosalis.lv\/kiddog-rolls-jautienos-lazdeles-1-6cmx13cm-250g-2\/\"]}]},{\"@type\":\"ImageObject\",\"inLanguage\":\"lv-LV\",\"@id\":\"https:\/\/zoosalis.lv\/kiddog-rolls-jautienos-lazdeles-1-6cmx13cm-250g-2\/#primaryimage\",\"url\":\"https:\/\/zoosalis.lv\/wp-content\/uploads\/2025\/04\/A047461.jpg\",\"contentUrl\":\"https:\/\/zoosalis.lv\/wp-content\/uploads\/2025\/04\/A047461.jpg\",\"width\":800,\"height\":800},{\"@type\":\"BreadcrumbList\",\"@id\":\"https:\/\/zoosalis.lv\/kiddog-rolls-jautienos-lazdeles-1-6cmx13cm-250g-2\/#breadcrumb\",\"itemListElement\":[{\"@type\":\"ListItem\",\"position\":1,\"name\":\"Home\",\"item\":\"https:\/\/zoosalis.lv\/\"},{\"@type\":\"ListItem\",\"position\":2,\"name\":\"Parduotuv\u0117\",\"item\":\"https:\/\/zoosalis.lv\/parduotuve\/\"},{\"@type\":\"ListItem\",\"position\":3,\"name\":\"KIDDOG Rolls Jautienos Lazdel\u0117s 1.6cmx13cm 250g\"}]},{\"@type\":\"WebSite\",\"@id\":\"https:\/\/zoosalis.lv\/#website\",\"url\":\"https:\/\/zoosalis.lv\/\",\"name\":\"Dz\u012bvnieku produkti\",\"description\":\"zoo\u0161alis.lt\",\"publisher\":{\"@id\":\"https:\/\/zoosalis.lv\/#organization\"},\"potentialAction\":[{\"@type\":\"SearchAction\",\"target\":{\"@type\":\"EntryPoint\",\"urlTemplate\":\"https:\/\/zoosalis.lv\/?s={search_term_string}\"},\"query-input\":{\"@type\":\"PropertyValueSpecification\",\"valueRequired\":true,\"valueName\":\"search_term_string\"}}],\"inLanguage\":\"lv-LV\"},{\"@type\":\"Organization\",\"@id\":\"https:\/\/zoosalis.lv\/#organization\",\"name\":\"Zoo\u0161alis.lt\",\"url\":\"https:\/\/zoosalis.lv\/\",\"logo\":{\"@type\":\"ImageObject\",\"inLanguage\":\"lv-LV\",\"@id\":\"https:\/\/zoosalis.lv\/#\/schema\/logo\/image\/\",\"url\":\"https:\/\/zoosalis.lv\/wp-content\/uploads\/2024\/02\/Group-62.png\",\"contentUrl\":\"https:\/\/zoosalis.lv\/wp-content\/uploads\/2024\/02\/Group-62.png\",\"width\":1537,\"height\":337,\"caption\":\"Zoo\u0161alis.lt\"},\"image\":{\"@id\":\"https:\/\/zoosalis.lv\/#\/schema\/logo\/image\/\"},\"sameAs\":[\"https:\/\/www.facebook.com\/zooprekesjums\/\"]}]}<\/script>\n<!-- \/ Yoast SEO plugin. -->","yoast_head_json":{"title":"KIDDOG Rolls Jautienos Lazdel\u0117s 1.6cmx13cm 250g | Dz\u012bvnieku produkti","robots":{"index":"index","follow":"follow","max-snippet":"max-snippet:-1","max-image-preview":"max-image-preview:large","max-video-preview":"max-video-preview:-1"},"canonical":"https:\/\/zoosalis.lv\/lv\/kiddog-rolls-jautienos-lazdeles-1-6cmx13cm-250g-2\/","og_locale":"lv_LV","og_type":"article","og_title":"KIDDOG Rolls Jautienos Lazdel\u0117s 1.6cmx13cm 250g | Dz\u012bvnieku produkti","og_description":"KIDDOG Rolls jautienos lazdel\u0117s 1.6cmx13cm 250g \u2014 pa\u0161aro papildas \u0161unims.  Sud\u0117tis: jautiena 36%, jautienos odos 60%, glicerinas, mineralai, sorbitolis.  Analitin\u0117s sudedamosios dalys: \u017eali baltymai 50%(min), \u017eali riebalai 3%(max), \u017eali pelenai 3%(max), \u017ealia l\u0105steliena 3%(max), dr\u0117gnis 18%(max).  Maitinimo rekomendacija: Duoti augintiniui kaip paskatinim\u0105. Davus augintiniui skan\u0117st\u0105 visada pri\u017ei\u016br\u0117ti kol kramto. Visada palikti \u0161vie\u017eio ir \u0161varaus vandens. Laikyti sausoje ir \u0161altoje vietoje.","og_url":"https:\/\/zoosalis.lv\/lv\/kiddog-rolls-jautienos-lazdeles-1-6cmx13cm-250g-2\/","og_site_name":"Dz\u012bvnieku produkti","article_publisher":"https:\/\/www.facebook.com\/zooprekesjums\/","article_modified_time":"2025-04-08T08:16:21+00:00","og_image":[{"width":1537,"height":337,"url":"https:\/\/zoosalis.lv\/wp-content\/uploads\/2024\/02\/Group-62.png","type":"image\/png"}],"twitter_card":"summary_large_image","schema":{"@context":"https:\/\/schema.org","@graph":[{"@type":"WebPage","@id":"https:\/\/zoosalis.lv\/kiddog-rolls-jautienos-lazdeles-1-6cmx13cm-250g-2\/","url":"https:\/\/zoosalis.lv\/kiddog-rolls-jautienos-lazdeles-1-6cmx13cm-250g-2\/","name":"KIDDOG Rolls Jautienos Lazdel\u0117s 1.6cmx13cm 250g | Dz\u012bvnieku produkti","isPartOf":{"@id":"https:\/\/zoosalis.lv\/#website"},"primaryImageOfPage":{"@id":"https:\/\/zoosalis.lv\/kiddog-rolls-jautienos-lazdeles-1-6cmx13cm-250g-2\/#primaryimage"},"image":{"@id":"https:\/\/zoosalis.lv\/kiddog-rolls-jautienos-lazdeles-1-6cmx13cm-250g-2\/#primaryimage"},"thumbnailUrl":"https:\/\/zoosalis.lv\/wp-content\/uploads\/2025\/04\/A047461.jpg","datePublished":"2025-04-08T08:16:12+00:00","dateModified":"2025-04-08T08:16:21+00:00","breadcrumb":{"@id":"https:\/\/zoosalis.lv\/kiddog-rolls-jautienos-lazdeles-1-6cmx13cm-250g-2\/#breadcrumb"},"inLanguage":"lv-LV","potentialAction":[{"@type":"ReadAction","target":["https:\/\/zoosalis.lv\/kiddog-rolls-jautienos-lazdeles-1-6cmx13cm-250g-2\/"]}]},{"@type":"ImageObject","inLanguage":"lv-LV","@id":"https:\/\/zoosalis.lv\/kiddog-rolls-jautienos-lazdeles-1-6cmx13cm-250g-2\/#primaryimage","url":"https:\/\/zoosalis.lv\/wp-content\/uploads\/2025\/04\/A047461.jpg","contentUrl":"https:\/\/zoosalis.lv\/wp-content\/uploads\/2025\/04\/A047461.jpg","width":800,"height":800},{"@type":"BreadcrumbList","@id":"https:\/\/zoosalis.lv\/kiddog-rolls-jautienos-lazdeles-1-6cmx13cm-250g-2\/#breadcrumb","itemListElement":[{"@type":"ListItem","position":1,"name":"Home","item":"https:\/\/zoosalis.lv\/"},{"@type":"ListItem","position":2,"name":"Parduotuv\u0117","item":"https:\/\/zoosalis.lv\/parduotuve\/"},{"@type":"ListItem","position":3,"name":"KIDDOG Rolls Jautienos Lazdel\u0117s 1.6cmx13cm 250g"}]},{"@type":"WebSite","@id":"https:\/\/zoosalis.lv\/#website","url":"https:\/\/zoosalis.lv\/","name":"Dz\u012bvnieku produkti","description":"zoo\u0161alis.lt","publisher":{"@id":"https:\/\/zoosalis.lv\/#organization"},"potentialAction":[{"@type":"SearchAction","target":{"@type":"EntryPoint","urlTemplate":"https:\/\/zoosalis.lv\/?s={search_term_string}"},"query-input":{"@type":"PropertyValueSpecification","valueRequired":true,"valueName":"search_term_string"}}],"inLanguage":"lv-LV"},{"@type":"Organization","@id":"https:\/\/zoosalis.lv\/#organization","name":"Zoo\u0161alis.lt","url":"https:\/\/zoosalis.lv\/","logo":{"@type":"ImageObject","inLanguage":"lv-LV","@id":"https:\/\/zoosalis.lv\/#\/schema\/logo\/image\/","url":"https:\/\/zoosalis.lv\/wp-content\/uploads\/2024\/02\/Group-62.png","contentUrl":"https:\/\/zoosalis.lv\/wp-content\/uploads\/2024\/02\/Group-62.png","width":1537,"height":337,"caption":"Zoo\u0161alis.lt"},"image":{"@id":"https:\/\/zoosalis.lv\/#\/schema\/logo\/image\/"},"sameAs":["https:\/\/www.facebook.com\/zooprekesjums\/"]}]}},"_links":{"self":[{"href":"https:\/\/zoosalis.lv\/lv\/wp-json\/wp\/v2\/product\/22652"}],"collection":[{"href":"https:\/\/zoosalis.lv\/lv\/wp-json\/wp\/v2\/product"}],"about":[{"href":"https:\/\/zoosalis.lv\/lv\/wp-json\/wp\/v2\/types\/product"}],"replies":[{"embeddable":true,"href":"https:\/\/zoosalis.lv\/lv\/wp-json\/wp\/v2\/comments?post=22652"}],"wp:featuredmedia":[{"embeddable":true,"href":"https:\/\/zoosalis.lv\/lv\/wp-json\/wp\/v2\/media\/20295"}],"wp:attachment":[{"href":"https:\/\/zoosalis.lv\/lv\/wp-json\/wp\/v2\/media?parent=22652"}],"wp:term":[{"taxonomy":"product_brand","embeddable":true,"href":"https:\/\/zoosalis.lv\/lv\/wp-json\/wp\/v2\/product_brand?post=22652"},{"taxonomy":"product_cat","embeddable":true,"href":"https:\/\/zoosalis.lv\/lv\/wp-json\/wp\/v2\/product_cat?post=22652"},{"taxonomy":"product_tag","embeddable":true,"href":"https:\/\/zoosalis.lv\/lv\/wp-json\/wp\/v2\/product_tag?post=22652"}],"curies":[{"name":"wp","href":"https:\/\/api.w.org\/{rel}","templated":true}]}}