{"id":22675,"date":"2025-04-08T08:16:36","date_gmt":"2025-04-08T08:16:36","guid":{"rendered":"https:\/\/zoosalis.lv\/?post_type=product&#038;p=22675"},"modified":"2025-04-08T08:16:55","modified_gmt":"2025-04-08T08:16:55","slug":"brit-dental-stick-skanestas-calm-hempmotherwort-7-vnt-251g","status":"publish","type":"product","link":"https:\/\/zoosalis.lv\/lv\/brit-dental-stick-skanestas-calm-hempmotherwort-7-vnt-251g\/","title":{"rendered":"Brit Dental Stick Treat Calm Hemp&amp;Motherwort 7 gab. 251 g."},"content":{"rendered":"<h2 id=\"product-content-section-0\">Apraksts<\/h2>\n<p>L\u012bdzeklis ikdienas zobu kop\u0161anai, kas pal\u012bdz uztur\u0113t labsaj\u016btu un mazin\u0101t stresu.<\/p>\n<ul>\n<li>Piparm\u0113tra \u2013 piem\u012bt pretmikrobu \u012bpa\u0161\u012bbas un atsvaidzina elpu.<\/li>\n<li>Ka\u0146epes un L-triptof\u0101ns \u2013 dab\u012bgs stresa mazin\u0101t\u0101js un relaks\u0113jo\u0161a iedarb\u012bba.<\/li>\n<li>Parast\u0101 pela\u0161\u0137is \u2013 sirds aizsardz\u012bba, pretstresa iedarb\u012bba.<\/li>\n<li>Kumel\u012bte ir antioksidantu avots.<\/li>\n<li>N\u0101trija heksametafosf\u0101ts \u2013 zobu vesel\u012bba, zobakmens veido\u0161an\u0101s nov\u0113r\u0161ana.<\/li>\n<li>Bez glut\u0113na, bez \u0122MO, bez kr\u0101sviel\u0101m.<\/li>\n<\/ul>\n<h2 id=\"product-content-section-1\"><strong>Sast\u0101vs<\/strong><\/h2>\n<p>Auzu milti, augu glicer\u012bns (14 %), kartupe\u013cu ciete (10 %), hidroliz\u0113ts raugs (5 %), ka\u0146epju milti (4 %), lignoceluloze (3 %), melase (3 %), \u017e\u0101v\u0113tas kumel\u012btes (2 %), \u017e\u0101v\u0113tas pela\u0161\u0137a lapas (1 %), \u017e\u0101v\u0113ta piparm\u0113tra (0,5 %), n\u0101trija heksametafosf\u0101ts (0,3 %).<\/p>\n<h2 id=\"product-content-section-2\"><strong>Anal\u012btisk\u0101s sast\u0101vda\u013cas<\/strong><\/h2>\n<p>Neapstr\u0101d\u0101ti prote\u012bni 9,0%, neapstr\u0101d\u0101ti tauki 3,5%, neapstr\u0101d\u0101ti pelni 2,4%, neapstr\u0101d\u0101ta \u0161\u0137iedra 4,1%, mitrums 17,0%, kalcijs 0,1%, fosfors 0,2%, n\u0101trijs 0,05%.<\/p>\n<h2 id=\"product-content-section-3\">Piederumi \/ 1 kg<\/h2>\n<p>Uzturvielas: C vitam\u012bns (3a312) 35 mg, L-triptof\u0101ns (3c440) 2000 mg. Satur ES apstiprin\u0101tus konservantus: citronsk\u0101bi (1a330), DL-\u0101bolsk\u0101bi (1a296).<\/p>\n<h2 id=\"product-content-section-4\"><strong>Metaboliz\u0113jama ener\u0123ija<\/strong><\/h2>\n<p>3010 kcal\/kg.<\/p>\n<h2 id=\"product-content-section-5\"><strong>Baro\u0161anas ieteikumi<\/strong><\/h2>\n<p>Pasniedziet savam sunim 1 gabalu dien\u0101 k\u0101 k\u0101rumu vai atl\u012bdz\u012bbu. Vienm\u0113r nodro\u0161iniet svaigu dzeramo \u016bdeni. \u0160\u012b nav pilnv\u0113rt\u012bga bar\u012bba, nep\u0101rsniedziet ieteicamo dienas devu.<\/p>\n<p>Ieteicams l\u012bdz: nor\u0101d\u012bts uz iepakojuma.<\/p>\n<p><strong>Ra\u017eot\u0101js:\u00a0<\/strong>VAFO PRAHA sro, \u010cehija.<\/p>","protected":false},"excerpt":{"rendered":"<p>L\u012bdzeklis ikdienas zobu kop\u0161anai. Bar\u012bbas piedeva su\u0146iem. Iepakojum\u0101 ir 7 gabali.<\/p>","protected":false},"featured_media":20374,"comment_status":"open","ping_status":"closed","template":"","meta":{"_acf_changed":false,"_monsterinsights_skip_tracking":false,"_monsterinsights_sitenote_active":false,"_monsterinsights_sitenote_note":"","_monsterinsights_sitenote_category":0},"product_brand":[],"product_cat":[889,873,881,874],"product_tag":[],"class_list":{"0":"post-22675","1":"product","2":"type-product","3":"status-publish","4":"has-post-thumbnail","6":"product_cat-dantu-prieziura","7":"product_cat-prekes-sunims","8":"product_cat-skanestai-sunims","9":"product_cat-sunu-maistas","11":"first","12":"instock","13":"shipping-taxable","14":"purchasable","15":"product-type-simple"},"acf":[],"aioseo_notices":[],"yoast_head":"<!-- This site is optimized with the Yoast SEO plugin v24.8.1 - https:\/\/yoast.com\/wordpress\/plugins\/seo\/ -->\n<title>Brit Dental Stick skan\u0117stas Calm Hemp&amp;Motherwort 7 vnt. 251g. | Dz\u012bvnieku produkti<\/title>\n<meta name=\"robots\" content=\"index, follow, max-snippet:-1, max-image-preview:large, max-video-preview:-1\" \/>\n<link rel=\"canonical\" href=\"https:\/\/zoosalis.lv\/lv\/brit-dental-stick-skanestas-calm-hempmotherwort-7-vnt-251g\/\" \/>\n<meta property=\"og:locale\" content=\"lv_LV\" \/>\n<meta property=\"og:type\" content=\"article\" \/>\n<meta property=\"og:title\" content=\"Brit Dental Stick skan\u0117stas Calm Hemp&amp;Motherwort 7 vnt. 251g. | Dz\u012bvnieku produkti\" \/>\n<meta property=\"og:description\" content=\"Skan\u0117stas kasdienei dant\u0173 prie\u017ei\u016brai. Pa\u0161aro papildas \u0161unims. Pakuot\u0117je yra 7 vnt.\" \/>\n<meta property=\"og:url\" content=\"https:\/\/zoosalis.lv\/lv\/brit-dental-stick-skanestas-calm-hempmotherwort-7-vnt-251g\/\" \/>\n<meta property=\"og:site_name\" content=\"Dz\u012bvnieku produkti\" \/>\n<meta property=\"article:publisher\" content=\"https:\/\/www.facebook.com\/zooprekesjums\/\" \/>\n<meta property=\"article:modified_time\" content=\"2025-04-08T08:16:55+00:00\" \/>\n<meta property=\"og:image\" content=\"https:\/\/zoosalis.lv\/wp-content\/uploads\/2024\/02\/Group-62.png\" \/>\n\t<meta property=\"og:image:width\" content=\"1537\" \/>\n\t<meta property=\"og:image:height\" content=\"337\" \/>\n\t<meta property=\"og:image:type\" content=\"image\/png\" \/>\n<meta name=\"twitter:card\" content=\"summary_large_image\" \/>\n<meta name=\"twitter:label1\" content=\"Est. reading time\" \/>\n\t<meta name=\"twitter:data1\" content=\"1 min\u016bte\" \/>\n<script type=\"application\/ld+json\" class=\"yoast-schema-graph\">{\"@context\":\"https:\/\/schema.org\",\"@graph\":[{\"@type\":\"WebPage\",\"@id\":\"https:\/\/zoosalis.lv\/brit-dental-stick-skanestas-calm-hempmotherwort-7-vnt-251g\/\",\"url\":\"https:\/\/zoosalis.lv\/brit-dental-stick-skanestas-calm-hempmotherwort-7-vnt-251g\/\",\"name\":\"Brit Dental Stick skan\u0117stas Calm Hemp&amp;Motherwort 7 vnt. 251g. | Dz\u012bvnieku produkti\",\"isPartOf\":{\"@id\":\"https:\/\/zoosalis.lv\/#website\"},\"primaryImageOfPage\":{\"@id\":\"https:\/\/zoosalis.lv\/brit-dental-stick-skanestas-calm-hempmotherwort-7-vnt-251g\/#primaryimage\"},\"image\":{\"@id\":\"https:\/\/zoosalis.lv\/brit-dental-stick-skanestas-calm-hempmotherwort-7-vnt-251g\/#primaryimage\"},\"thumbnailUrl\":\"https:\/\/zoosalis.lv\/wp-content\/uploads\/2025\/04\/calm.png\",\"datePublished\":\"2025-04-08T08:16:36+00:00\",\"dateModified\":\"2025-04-08T08:16:55+00:00\",\"breadcrumb\":{\"@id\":\"https:\/\/zoosalis.lv\/brit-dental-stick-skanestas-calm-hempmotherwort-7-vnt-251g\/#breadcrumb\"},\"inLanguage\":\"lv-LV\",\"potentialAction\":[{\"@type\":\"ReadAction\",\"target\":[\"https:\/\/zoosalis.lv\/brit-dental-stick-skanestas-calm-hempmotherwort-7-vnt-251g\/\"]}]},{\"@type\":\"ImageObject\",\"inLanguage\":\"lv-LV\",\"@id\":\"https:\/\/zoosalis.lv\/brit-dental-stick-skanestas-calm-hempmotherwort-7-vnt-251g\/#primaryimage\",\"url\":\"https:\/\/zoosalis.lv\/wp-content\/uploads\/2025\/04\/calm.png\",\"contentUrl\":\"https:\/\/zoosalis.lv\/wp-content\/uploads\/2025\/04\/calm.png\",\"width\":600,\"height\":523},{\"@type\":\"BreadcrumbList\",\"@id\":\"https:\/\/zoosalis.lv\/brit-dental-stick-skanestas-calm-hempmotherwort-7-vnt-251g\/#breadcrumb\",\"itemListElement\":[{\"@type\":\"ListItem\",\"position\":1,\"name\":\"Home\",\"item\":\"https:\/\/zoosalis.lv\/\"},{\"@type\":\"ListItem\",\"position\":2,\"name\":\"Parduotuv\u0117\",\"item\":\"https:\/\/zoosalis.lv\/parduotuve\/\"},{\"@type\":\"ListItem\",\"position\":3,\"name\":\"Brit Dental Stick skan\u0117stas Calm Hemp&amp;Motherwort 7 vnt. 251g.\"}]},{\"@type\":\"WebSite\",\"@id\":\"https:\/\/zoosalis.lv\/#website\",\"url\":\"https:\/\/zoosalis.lv\/\",\"name\":\"Dz\u012bvnieku produkti\",\"description\":\"zoo\u0161alis.lt\",\"publisher\":{\"@id\":\"https:\/\/zoosalis.lv\/#organization\"},\"potentialAction\":[{\"@type\":\"SearchAction\",\"target\":{\"@type\":\"EntryPoint\",\"urlTemplate\":\"https:\/\/zoosalis.lv\/?s={search_term_string}\"},\"query-input\":{\"@type\":\"PropertyValueSpecification\",\"valueRequired\":true,\"valueName\":\"search_term_string\"}}],\"inLanguage\":\"lv-LV\"},{\"@type\":\"Organization\",\"@id\":\"https:\/\/zoosalis.lv\/#organization\",\"name\":\"Zoo\u0161alis.lt\",\"url\":\"https:\/\/zoosalis.lv\/\",\"logo\":{\"@type\":\"ImageObject\",\"inLanguage\":\"lv-LV\",\"@id\":\"https:\/\/zoosalis.lv\/#\/schema\/logo\/image\/\",\"url\":\"https:\/\/zoosalis.lv\/wp-content\/uploads\/2024\/02\/Group-62.png\",\"contentUrl\":\"https:\/\/zoosalis.lv\/wp-content\/uploads\/2024\/02\/Group-62.png\",\"width\":1537,\"height\":337,\"caption\":\"Zoo\u0161alis.lt\"},\"image\":{\"@id\":\"https:\/\/zoosalis.lv\/#\/schema\/logo\/image\/\"},\"sameAs\":[\"https:\/\/www.facebook.com\/zooprekesjums\/\"]}]}<\/script>\n<!-- \/ Yoast SEO plugin. -->","yoast_head_json":{"title":"Brit Dental Stick skan\u0117stas Calm Hemp&amp;Motherwort 7 vnt. 251g. | Dz\u012bvnieku produkti","robots":{"index":"index","follow":"follow","max-snippet":"max-snippet:-1","max-image-preview":"max-image-preview:large","max-video-preview":"max-video-preview:-1"},"canonical":"https:\/\/zoosalis.lv\/lv\/brit-dental-stick-skanestas-calm-hempmotherwort-7-vnt-251g\/","og_locale":"lv_LV","og_type":"article","og_title":"Brit Dental Stick skan\u0117stas Calm Hemp&amp;Motherwort 7 vnt. 251g. | Dz\u012bvnieku produkti","og_description":"Skan\u0117stas kasdienei dant\u0173 prie\u017ei\u016brai. Pa\u0161aro papildas \u0161unims. Pakuot\u0117je yra 7 vnt.","og_url":"https:\/\/zoosalis.lv\/lv\/brit-dental-stick-skanestas-calm-hempmotherwort-7-vnt-251g\/","og_site_name":"Dz\u012bvnieku produkti","article_publisher":"https:\/\/www.facebook.com\/zooprekesjums\/","article_modified_time":"2025-04-08T08:16:55+00:00","og_image":[{"width":1537,"height":337,"url":"https:\/\/zoosalis.lv\/wp-content\/uploads\/2024\/02\/Group-62.png","type":"image\/png"}],"twitter_card":"summary_large_image","twitter_misc":{"Est. reading time":"1 min\u016bte"},"schema":{"@context":"https:\/\/schema.org","@graph":[{"@type":"WebPage","@id":"https:\/\/zoosalis.lv\/brit-dental-stick-skanestas-calm-hempmotherwort-7-vnt-251g\/","url":"https:\/\/zoosalis.lv\/brit-dental-stick-skanestas-calm-hempmotherwort-7-vnt-251g\/","name":"Brit Dental Stick skan\u0117stas Calm Hemp&amp;Motherwort 7 vnt. 251g. | Dz\u012bvnieku produkti","isPartOf":{"@id":"https:\/\/zoosalis.lv\/#website"},"primaryImageOfPage":{"@id":"https:\/\/zoosalis.lv\/brit-dental-stick-skanestas-calm-hempmotherwort-7-vnt-251g\/#primaryimage"},"image":{"@id":"https:\/\/zoosalis.lv\/brit-dental-stick-skanestas-calm-hempmotherwort-7-vnt-251g\/#primaryimage"},"thumbnailUrl":"https:\/\/zoosalis.lv\/wp-content\/uploads\/2025\/04\/calm.png","datePublished":"2025-04-08T08:16:36+00:00","dateModified":"2025-04-08T08:16:55+00:00","breadcrumb":{"@id":"https:\/\/zoosalis.lv\/brit-dental-stick-skanestas-calm-hempmotherwort-7-vnt-251g\/#breadcrumb"},"inLanguage":"lv-LV","potentialAction":[{"@type":"ReadAction","target":["https:\/\/zoosalis.lv\/brit-dental-stick-skanestas-calm-hempmotherwort-7-vnt-251g\/"]}]},{"@type":"ImageObject","inLanguage":"lv-LV","@id":"https:\/\/zoosalis.lv\/brit-dental-stick-skanestas-calm-hempmotherwort-7-vnt-251g\/#primaryimage","url":"https:\/\/zoosalis.lv\/wp-content\/uploads\/2025\/04\/calm.png","contentUrl":"https:\/\/zoosalis.lv\/wp-content\/uploads\/2025\/04\/calm.png","width":600,"height":523},{"@type":"BreadcrumbList","@id":"https:\/\/zoosalis.lv\/brit-dental-stick-skanestas-calm-hempmotherwort-7-vnt-251g\/#breadcrumb","itemListElement":[{"@type":"ListItem","position":1,"name":"Home","item":"https:\/\/zoosalis.lv\/"},{"@type":"ListItem","position":2,"name":"Parduotuv\u0117","item":"https:\/\/zoosalis.lv\/parduotuve\/"},{"@type":"ListItem","position":3,"name":"Brit Dental Stick skan\u0117stas Calm Hemp&amp;Motherwort 7 vnt. 251g."}]},{"@type":"WebSite","@id":"https:\/\/zoosalis.lv\/#website","url":"https:\/\/zoosalis.lv\/","name":"Dz\u012bvnieku produkti","description":"zoo\u0161alis.lt","publisher":{"@id":"https:\/\/zoosalis.lv\/#organization"},"potentialAction":[{"@type":"SearchAction","target":{"@type":"EntryPoint","urlTemplate":"https:\/\/zoosalis.lv\/?s={search_term_string}"},"query-input":{"@type":"PropertyValueSpecification","valueRequired":true,"valueName":"search_term_string"}}],"inLanguage":"lv-LV"},{"@type":"Organization","@id":"https:\/\/zoosalis.lv\/#organization","name":"Zoo\u0161alis.lt","url":"https:\/\/zoosalis.lv\/","logo":{"@type":"ImageObject","inLanguage":"lv-LV","@id":"https:\/\/zoosalis.lv\/#\/schema\/logo\/image\/","url":"https:\/\/zoosalis.lv\/wp-content\/uploads\/2024\/02\/Group-62.png","contentUrl":"https:\/\/zoosalis.lv\/wp-content\/uploads\/2024\/02\/Group-62.png","width":1537,"height":337,"caption":"Zoo\u0161alis.lt"},"image":{"@id":"https:\/\/zoosalis.lv\/#\/schema\/logo\/image\/"},"sameAs":["https:\/\/www.facebook.com\/zooprekesjums\/"]}]}},"_links":{"self":[{"href":"https:\/\/zoosalis.lv\/lv\/wp-json\/wp\/v2\/product\/22675"}],"collection":[{"href":"https:\/\/zoosalis.lv\/lv\/wp-json\/wp\/v2\/product"}],"about":[{"href":"https:\/\/zoosalis.lv\/lv\/wp-json\/wp\/v2\/types\/product"}],"replies":[{"embeddable":true,"href":"https:\/\/zoosalis.lv\/lv\/wp-json\/wp\/v2\/comments?post=22675"}],"wp:featuredmedia":[{"embeddable":true,"href":"https:\/\/zoosalis.lv\/lv\/wp-json\/wp\/v2\/media\/20374"}],"wp:attachment":[{"href":"https:\/\/zoosalis.lv\/lv\/wp-json\/wp\/v2\/media?parent=22675"}],"wp:term":[{"taxonomy":"product_brand","embeddable":true,"href":"https:\/\/zoosalis.lv\/lv\/wp-json\/wp\/v2\/product_brand?post=22675"},{"taxonomy":"product_cat","embeddable":true,"href":"https:\/\/zoosalis.lv\/lv\/wp-json\/wp\/v2\/product_cat?post=22675"},{"taxonomy":"product_tag","embeddable":true,"href":"https:\/\/zoosalis.lv\/lv\/wp-json\/wp\/v2\/product_tag?post=22675"}],"curies":[{"name":"wp","href":"https:\/\/api.w.org\/{rel}","templated":true}]}}