{"id":22751,"date":"2025-04-08T08:17:47","date_gmt":"2025-04-08T08:17:47","guid":{"rendered":"https:\/\/zoosalis.lv\/?post_type=product&#038;p=22751"},"modified":"2025-04-08T08:17:59","modified_gmt":"2025-04-08T08:17:59","slug":"disugual-konservas-sunims-su-jautiena-ir-melionais-400g","status":"publish","type":"product","link":"https:\/\/zoosalis.lv\/lv\/disugual-konservas-sunims-su-jautiena-ir-melionais-400g\/","title":{"rendered":"Disugual konserv\u0113t\u0101 bar\u012bba su\u0146iem ar liellopu ga\u013cu un melon\u0113m 400g"},"content":{"rendered":"<p><b>Disugual Fresh Fruit ir pilnv\u0113rt\u012bga bar\u012bba, kas sast\u0101v no vienas dz\u012bvnieku izcelsmes olbaltumviel\u0101m, pagatavota no atlas\u012bt\u0101m izejviel\u0101m un bag\u0101tin\u0101ta ar aug\u013ciem.<\/b><\/p>\n<p><b>Sast\u0101vs: <\/b>liellopu ga\u013ca 92% (plau\u0161as, aknas, sirds), melone 4%, miner\u0101lvielas, ksiloze.<\/p>\n<p><b>Piedevas\/kg: uzturv\u0113rt\u012bbas piedevas:<\/b> A vitam\u012bns 4000 SV, D3 vitam\u012bns 170 SV, E vitam\u012bns 41 mg, dzelzs 1,58 mg (dzelzs (II) karbon\u0101ts 3,29 mg), var\u0161 0,24 mg (vara (II) sulf\u0101ta pentahidr\u0101ts 1 mg), mang\u0101ns 5,25 mg (mang\u0101na (II) oks\u012bds 7 mg), jods 0,09 mg (k\u0101lija jod\u012bds 0,127 mg), cinks 6,42 mg (cinka oks\u012bds 8,1 mg), sel\u0113ns 0,0054 mg (n\u0101trija selen\u012bts 0,012 mg).<\/p>\n<p><b>Anal\u012btisk\u0101s sast\u0101vda\u013cas<\/b>Mitrums 81,6%, kopprote\u012bns 9,1%, koptauki 3,5%, koppelni 1,8%, kop\u0161\u0137iedra 0,3%.<\/p>\n<p>Pasnieg\u0161anas ieteikumi: Pasniedziet istabas temperat\u016br\u0101. P\u0113c atv\u0113r\u0161anas produktu uzglab\u0101t ledusskap\u012b ne ilg\u0101k k\u0101 24 stundas. Produkts tiek ra\u017eots r\u016bpn\u012bc\u0101, kur\u0101 tiek izmantotas ar\u012b citas dz\u012bvnieku olbaltumvielas.<\/p>","protected":false},"excerpt":{"rendered":"<p>Disugual Fresh Fruit yra visavertis pa\u0161aras, sudarytas i\u0161 vieno gyv\u016bninio baltymo, paruo\u0161tas i\u0161 atrinkt\u0173 \u017ealiav\u0173 ir praturtintas vaisiais. Sud\u0117tis: jautienos 92% (plau\u010diai, kepenys, \u0161irdys), melion\u0173 4%, mineralai, ksiloz\u0117. Priedai\/kg: maistiniai priedai: vitamino A 4000TV, vitamino D3 170TV, vitamino E 41mg, gele\u017eies 1.58mg (gele\u017eies (II) karbonato 3.29mg), vario 0.24mg (vario (II) sulfato pentahidrato 1mg), mangano 5.25mg [&hellip;]<\/p>","protected":false},"featured_media":20528,"comment_status":"open","ping_status":"closed","template":"","meta":{"_acf_changed":false,"_monsterinsights_skip_tracking":false,"_monsterinsights_sitenote_active":false,"_monsterinsights_sitenote_note":"","_monsterinsights_sitenote_category":0},"product_brand":[],"product_cat":[875,873,874],"product_tag":[],"class_list":{"0":"post-22751","1":"product","2":"type-product","3":"status-publish","4":"has-post-thumbnail","6":"product_cat-konservai-sunims","7":"product_cat-prekes-sunims","8":"product_cat-sunu-maistas","10":"first","11":"instock","12":"shipping-taxable","13":"purchasable","14":"product-type-simple"},"acf":[],"aioseo_notices":[],"yoast_head":"<!-- This site is optimized with the Yoast SEO plugin v24.8.1 - https:\/\/yoast.com\/wordpress\/plugins\/seo\/ -->\n<title>Disugual konservas \u0161unims su jautiena ir melionais 400g | Dz\u012bvnieku produkti<\/title>\n<meta name=\"robots\" content=\"index, follow, max-snippet:-1, max-image-preview:large, max-video-preview:-1\" \/>\n<link rel=\"canonical\" href=\"https:\/\/zoosalis.lv\/lv\/disugual-konservas-sunims-su-jautiena-ir-melionais-400g\/\" \/>\n<meta property=\"og:locale\" content=\"lv_LV\" \/>\n<meta property=\"og:type\" content=\"article\" \/>\n<meta property=\"og:title\" content=\"Disugual konservas \u0161unims su jautiena ir melionais 400g | Dz\u012bvnieku produkti\" \/>\n<meta property=\"og:description\" content=\"Disugual Fresh Fruit yra visavertis pa\u0161aras, sudarytas i\u0161 vieno gyv\u016bninio baltymo, paruo\u0161tas i\u0161 atrinkt\u0173 \u017ealiav\u0173 ir praturtintas vaisiais. Sud\u0117tis: jautienos 92% (plau\u010diai, kepenys, \u0161irdys), melion\u0173 4%, mineralai, ksiloz\u0117. Priedai\/kg: maistiniai priedai: vitamino A 4000TV, vitamino D3 170TV, vitamino E 41mg, gele\u017eies 1.58mg (gele\u017eies (II) karbonato 3.29mg), vario 0.24mg (vario (II) sulfato pentahidrato 1mg), mangano 5.25mg [&hellip;]\" \/>\n<meta property=\"og:url\" content=\"https:\/\/zoosalis.lv\/lv\/disugual-konservas-sunims-su-jautiena-ir-melionais-400g\/\" \/>\n<meta property=\"og:site_name\" content=\"Dz\u012bvnieku produkti\" \/>\n<meta property=\"article:publisher\" content=\"https:\/\/www.facebook.com\/zooprekesjums\/\" \/>\n<meta property=\"article:modified_time\" content=\"2025-04-08T08:17:59+00:00\" \/>\n<meta property=\"og:image\" content=\"https:\/\/zoosalis.lv\/wp-content\/uploads\/2024\/02\/Group-62.png\" \/>\n\t<meta property=\"og:image:width\" content=\"1537\" \/>\n\t<meta property=\"og:image:height\" content=\"337\" \/>\n\t<meta property=\"og:image:type\" content=\"image\/png\" \/>\n<meta name=\"twitter:card\" content=\"summary_large_image\" \/>\n<meta name=\"twitter:label1\" content=\"Est. reading time\" \/>\n\t<meta name=\"twitter:data1\" content=\"1 min\u016bte\" \/>\n<script type=\"application\/ld+json\" class=\"yoast-schema-graph\">{\"@context\":\"https:\/\/schema.org\",\"@graph\":[{\"@type\":\"WebPage\",\"@id\":\"https:\/\/zoosalis.lv\/disugual-konservas-sunims-su-jautiena-ir-melionais-400g\/\",\"url\":\"https:\/\/zoosalis.lv\/disugual-konservas-sunims-su-jautiena-ir-melionais-400g\/\",\"name\":\"Disugual konservas \u0161unims su jautiena ir melionais 400g | Dz\u012bvnieku produkti\",\"isPartOf\":{\"@id\":\"https:\/\/zoosalis.lv\/#website\"},\"primaryImageOfPage\":{\"@id\":\"https:\/\/zoosalis.lv\/disugual-konservas-sunims-su-jautiena-ir-melionais-400g\/#primaryimage\"},\"image\":{\"@id\":\"https:\/\/zoosalis.lv\/disugual-konservas-sunims-su-jautiena-ir-melionais-400g\/#primaryimage\"},\"thumbnailUrl\":\"https:\/\/zoosalis.lv\/wp-content\/uploads\/2025\/04\/FRUT404.jpg\",\"datePublished\":\"2025-04-08T08:17:47+00:00\",\"dateModified\":\"2025-04-08T08:17:59+00:00\",\"breadcrumb\":{\"@id\":\"https:\/\/zoosalis.lv\/disugual-konservas-sunims-su-jautiena-ir-melionais-400g\/#breadcrumb\"},\"inLanguage\":\"lv-LV\",\"potentialAction\":[{\"@type\":\"ReadAction\",\"target\":[\"https:\/\/zoosalis.lv\/disugual-konservas-sunims-su-jautiena-ir-melionais-400g\/\"]}]},{\"@type\":\"ImageObject\",\"inLanguage\":\"lv-LV\",\"@id\":\"https:\/\/zoosalis.lv\/disugual-konservas-sunims-su-jautiena-ir-melionais-400g\/#primaryimage\",\"url\":\"https:\/\/zoosalis.lv\/wp-content\/uploads\/2025\/04\/FRUT404.jpg\",\"contentUrl\":\"https:\/\/zoosalis.lv\/wp-content\/uploads\/2025\/04\/FRUT404.jpg\",\"width\":800,\"height\":800},{\"@type\":\"BreadcrumbList\",\"@id\":\"https:\/\/zoosalis.lv\/disugual-konservas-sunims-su-jautiena-ir-melionais-400g\/#breadcrumb\",\"itemListElement\":[{\"@type\":\"ListItem\",\"position\":1,\"name\":\"Home\",\"item\":\"https:\/\/zoosalis.lv\/\"},{\"@type\":\"ListItem\",\"position\":2,\"name\":\"Parduotuv\u0117\",\"item\":\"https:\/\/zoosalis.lv\/parduotuve\/\"},{\"@type\":\"ListItem\",\"position\":3,\"name\":\"Disugual konservas \u0161unims su jautiena ir melionais 400g\"}]},{\"@type\":\"WebSite\",\"@id\":\"https:\/\/zoosalis.lv\/#website\",\"url\":\"https:\/\/zoosalis.lv\/\",\"name\":\"Dz\u012bvnieku produkti\",\"description\":\"zoo\u0161alis.lt\",\"publisher\":{\"@id\":\"https:\/\/zoosalis.lv\/#organization\"},\"potentialAction\":[{\"@type\":\"SearchAction\",\"target\":{\"@type\":\"EntryPoint\",\"urlTemplate\":\"https:\/\/zoosalis.lv\/?s={search_term_string}\"},\"query-input\":{\"@type\":\"PropertyValueSpecification\",\"valueRequired\":true,\"valueName\":\"search_term_string\"}}],\"inLanguage\":\"lv-LV\"},{\"@type\":\"Organization\",\"@id\":\"https:\/\/zoosalis.lv\/#organization\",\"name\":\"Zoo\u0161alis.lt\",\"url\":\"https:\/\/zoosalis.lv\/\",\"logo\":{\"@type\":\"ImageObject\",\"inLanguage\":\"lv-LV\",\"@id\":\"https:\/\/zoosalis.lv\/#\/schema\/logo\/image\/\",\"url\":\"https:\/\/zoosalis.lv\/wp-content\/uploads\/2024\/02\/Group-62.png\",\"contentUrl\":\"https:\/\/zoosalis.lv\/wp-content\/uploads\/2024\/02\/Group-62.png\",\"width\":1537,\"height\":337,\"caption\":\"Zoo\u0161alis.lt\"},\"image\":{\"@id\":\"https:\/\/zoosalis.lv\/#\/schema\/logo\/image\/\"},\"sameAs\":[\"https:\/\/www.facebook.com\/zooprekesjums\/\"]}]}<\/script>\n<!-- \/ Yoast SEO plugin. -->","yoast_head_json":{"title":"Disugual konservas \u0161unims su jautiena ir melionais 400g | Dz\u012bvnieku produkti","robots":{"index":"index","follow":"follow","max-snippet":"max-snippet:-1","max-image-preview":"max-image-preview:large","max-video-preview":"max-video-preview:-1"},"canonical":"https:\/\/zoosalis.lv\/lv\/disugual-konservas-sunims-su-jautiena-ir-melionais-400g\/","og_locale":"lv_LV","og_type":"article","og_title":"Disugual konservas \u0161unims su jautiena ir melionais 400g | Dz\u012bvnieku produkti","og_description":"Disugual Fresh Fruit yra visavertis pa\u0161aras, sudarytas i\u0161 vieno gyv\u016bninio baltymo, paruo\u0161tas i\u0161 atrinkt\u0173 \u017ealiav\u0173 ir praturtintas vaisiais. Sud\u0117tis: jautienos 92% (plau\u010diai, kepenys, \u0161irdys), melion\u0173 4%, mineralai, ksiloz\u0117. Priedai\/kg: maistiniai priedai: vitamino A 4000TV, vitamino D3 170TV, vitamino E 41mg, gele\u017eies 1.58mg (gele\u017eies (II) karbonato 3.29mg), vario 0.24mg (vario (II) sulfato pentahidrato 1mg), mangano 5.25mg [&hellip;]","og_url":"https:\/\/zoosalis.lv\/lv\/disugual-konservas-sunims-su-jautiena-ir-melionais-400g\/","og_site_name":"Dz\u012bvnieku produkti","article_publisher":"https:\/\/www.facebook.com\/zooprekesjums\/","article_modified_time":"2025-04-08T08:17:59+00:00","og_image":[{"width":1537,"height":337,"url":"https:\/\/zoosalis.lv\/wp-content\/uploads\/2024\/02\/Group-62.png","type":"image\/png"}],"twitter_card":"summary_large_image","twitter_misc":{"Est. reading time":"1 min\u016bte"},"schema":{"@context":"https:\/\/schema.org","@graph":[{"@type":"WebPage","@id":"https:\/\/zoosalis.lv\/disugual-konservas-sunims-su-jautiena-ir-melionais-400g\/","url":"https:\/\/zoosalis.lv\/disugual-konservas-sunims-su-jautiena-ir-melionais-400g\/","name":"Disugual konservas \u0161unims su jautiena ir melionais 400g | Dz\u012bvnieku produkti","isPartOf":{"@id":"https:\/\/zoosalis.lv\/#website"},"primaryImageOfPage":{"@id":"https:\/\/zoosalis.lv\/disugual-konservas-sunims-su-jautiena-ir-melionais-400g\/#primaryimage"},"image":{"@id":"https:\/\/zoosalis.lv\/disugual-konservas-sunims-su-jautiena-ir-melionais-400g\/#primaryimage"},"thumbnailUrl":"https:\/\/zoosalis.lv\/wp-content\/uploads\/2025\/04\/FRUT404.jpg","datePublished":"2025-04-08T08:17:47+00:00","dateModified":"2025-04-08T08:17:59+00:00","breadcrumb":{"@id":"https:\/\/zoosalis.lv\/disugual-konservas-sunims-su-jautiena-ir-melionais-400g\/#breadcrumb"},"inLanguage":"lv-LV","potentialAction":[{"@type":"ReadAction","target":["https:\/\/zoosalis.lv\/disugual-konservas-sunims-su-jautiena-ir-melionais-400g\/"]}]},{"@type":"ImageObject","inLanguage":"lv-LV","@id":"https:\/\/zoosalis.lv\/disugual-konservas-sunims-su-jautiena-ir-melionais-400g\/#primaryimage","url":"https:\/\/zoosalis.lv\/wp-content\/uploads\/2025\/04\/FRUT404.jpg","contentUrl":"https:\/\/zoosalis.lv\/wp-content\/uploads\/2025\/04\/FRUT404.jpg","width":800,"height":800},{"@type":"BreadcrumbList","@id":"https:\/\/zoosalis.lv\/disugual-konservas-sunims-su-jautiena-ir-melionais-400g\/#breadcrumb","itemListElement":[{"@type":"ListItem","position":1,"name":"Home","item":"https:\/\/zoosalis.lv\/"},{"@type":"ListItem","position":2,"name":"Parduotuv\u0117","item":"https:\/\/zoosalis.lv\/parduotuve\/"},{"@type":"ListItem","position":3,"name":"Disugual konservas \u0161unims su jautiena ir melionais 400g"}]},{"@type":"WebSite","@id":"https:\/\/zoosalis.lv\/#website","url":"https:\/\/zoosalis.lv\/","name":"Dz\u012bvnieku produkti","description":"zoo\u0161alis.lt","publisher":{"@id":"https:\/\/zoosalis.lv\/#organization"},"potentialAction":[{"@type":"SearchAction","target":{"@type":"EntryPoint","urlTemplate":"https:\/\/zoosalis.lv\/?s={search_term_string}"},"query-input":{"@type":"PropertyValueSpecification","valueRequired":true,"valueName":"search_term_string"}}],"inLanguage":"lv-LV"},{"@type":"Organization","@id":"https:\/\/zoosalis.lv\/#organization","name":"Zoo\u0161alis.lt","url":"https:\/\/zoosalis.lv\/","logo":{"@type":"ImageObject","inLanguage":"lv-LV","@id":"https:\/\/zoosalis.lv\/#\/schema\/logo\/image\/","url":"https:\/\/zoosalis.lv\/wp-content\/uploads\/2024\/02\/Group-62.png","contentUrl":"https:\/\/zoosalis.lv\/wp-content\/uploads\/2024\/02\/Group-62.png","width":1537,"height":337,"caption":"Zoo\u0161alis.lt"},"image":{"@id":"https:\/\/zoosalis.lv\/#\/schema\/logo\/image\/"},"sameAs":["https:\/\/www.facebook.com\/zooprekesjums\/"]}]}},"_links":{"self":[{"href":"https:\/\/zoosalis.lv\/lv\/wp-json\/wp\/v2\/product\/22751"}],"collection":[{"href":"https:\/\/zoosalis.lv\/lv\/wp-json\/wp\/v2\/product"}],"about":[{"href":"https:\/\/zoosalis.lv\/lv\/wp-json\/wp\/v2\/types\/product"}],"replies":[{"embeddable":true,"href":"https:\/\/zoosalis.lv\/lv\/wp-json\/wp\/v2\/comments?post=22751"}],"wp:featuredmedia":[{"embeddable":true,"href":"https:\/\/zoosalis.lv\/lv\/wp-json\/wp\/v2\/media\/20528"}],"wp:attachment":[{"href":"https:\/\/zoosalis.lv\/lv\/wp-json\/wp\/v2\/media?parent=22751"}],"wp:term":[{"taxonomy":"product_brand","embeddable":true,"href":"https:\/\/zoosalis.lv\/lv\/wp-json\/wp\/v2\/product_brand?post=22751"},{"taxonomy":"product_cat","embeddable":true,"href":"https:\/\/zoosalis.lv\/lv\/wp-json\/wp\/v2\/product_cat?post=22751"},{"taxonomy":"product_tag","embeddable":true,"href":"https:\/\/zoosalis.lv\/lv\/wp-json\/wp\/v2\/product_tag?post=22751"}],"curies":[{"name":"wp","href":"https:\/\/api.w.org\/{rel}","templated":true}]}}