{"id":22890,"date":"2025-04-08T08:19:44","date_gmt":"2025-04-08T08:19:44","guid":{"rendered":"https:\/\/zoosalis.lv\/?post_type=product&#038;p=22890"},"modified":"2025-04-11T14:20:25","modified_gmt":"2025-04-11T14:20:25","slug":"gemon-cat-adult-konservuotas-pasaras-suaugusioms-katems-gabaliukai-padaze-su-tunu-ir-dorada-100g","status":"publish","type":"product","link":"https:\/\/zoosalis.lv\/lv\/gemon-cat-adult-konservuotas-pasaras-suaugusioms-katems-gabaliukai-padaze-su-tunu-ir-dorada-100g\/","title":{"rendered":"\u201eGEMON\u201c CAT ADULT KONSERVUOTAS PA\u0160ARAS SUAUGUSIOMS KAT\u0116MS GABALIUKAI PADA\u017dE SU TUNU IR DORADA 100G"},"content":{"rendered":"<p style=\"font-weight: 400;\">SAST\u0100VS:<\/p>\n<p style=\"font-weight: 400;\">\u00a0 Ga\u013ca un t\u0101s produkti 30%, svaigas zivis un zivju produkti 15% (ieskaitot tunci min. 6,0%, dorada 6%), miner\u0101lvielas.<\/p>\n<p style=\"font-weight: 400;\">ANAL\u012aTISK\u0100S UZTURVIELAS:<\/p>\n<p style=\"font-weight: 400;\">Neapstr\u0101d\u0101ti prote\u012bni \u2013 8,5%, neapstr\u0101d\u0101tas e\u013c\u013cas un tauki \u2013 5,0%, neapstr\u0101d\u0101tas \u0161\u0137iedrvielas 2,0 %, neapstr\u0101d\u0101ti pelni 1,9%, magnijs (Mg) 0,03%. Mitrums 82%.<\/p>\n<p style=\"font-weight: 400;\">PIEDEVAS: A vitam\u012bns 2500 SV\/kg, D3 vitam\u012bns 200 SV\/kg. E vitam\u012bns<\/p>\n<p style=\"font-weight: 400;\">(alfa-tokoferilacet\u0101ts) 5 mg\/kg, taur\u012bns 500 mg\/kg.<\/p>\n<p style=\"font-weight: 400;\">TEHNOLO\u0122ISK\u0100S PIEDEVAS: Biezin\u0101t\u0101ji<\/p>\n<p style=\"font-weight: 400;\">BARO\u0160ANAS IETEIKUMS: Ieteicams dot ka\u0137im 2\u20133 bar\u012bbas paci\u0146as dien\u0101, sadalot t\u0101s 2\u20133 porcij\u0101s. Pasniedziet istabas temperat\u016br\u0101.<\/p>","protected":false},"excerpt":{"rendered":"<p>SUD\u0116TIS: \u00a0 M\u0117sa ir jos produktai 30%, \u0161vie\u017eia \u017euvis ir \u017euvies produktai 15% (i\u0161 j\u0173 tunas min. 6,0%, dorada 6%),\u00a0\u00a0mineralin\u0117s med\u017eiagos. ANALITIN\u0116S MAISTIN\u0116S MED\u017dIAGOS: \u017dali baltymai \u2013 8,5 proc., \u017dali aliejai ir riebalai \u2013 5,0 proc., \u017dalia l\u0105steliena 2,0 %, \u017eali pelenai 1,9%, Magnis Mg- 0,03%. Dr\u0117gm\u0117 82% PAGALBINIAI MAISTINIAI PRIEDAI: Vitaminas A 2500 TV [&hellip;]<\/p>","protected":false},"featured_media":20793,"comment_status":"closed","ping_status":"closed","template":"","meta":{"_acf_changed":false,"_monsterinsights_skip_tracking":false,"_monsterinsights_sitenote_active":false,"_monsterinsights_sitenote_note":"","_monsterinsights_sitenote_category":0},"product_brand":[],"product_cat":[886,870,876],"product_tag":[],"class_list":{"0":"post-22890","1":"product","2":"type-product","3":"status-publish","4":"has-post-thumbnail","6":"product_cat-konservai-katems","7":"product_cat-maistas-katems","8":"product_cat-sausas-kaciu-maistas","10":"first","11":"instock","12":"shipping-taxable","13":"purchasable","14":"product-type-simple"},"acf":[],"aioseo_notices":[],"yoast_head":"<!-- This site is optimized with the Yoast SEO plugin v24.8.1 - https:\/\/yoast.com\/wordpress\/plugins\/seo\/ -->\n<title>\u201eGEMON\u201c CAT ADULT KONSERVUOTAS PA\u0160ARAS SUAUGUSIOMS KAT\u0116MS GABALIUKAI PADA\u017dE SU TUNU IR DORADA 100G | Dz\u012bvnieku produkti<\/title>\n<meta name=\"robots\" content=\"index, follow, max-snippet:-1, max-image-preview:large, max-video-preview:-1\" \/>\n<link rel=\"canonical\" href=\"https:\/\/zoosalis.lv\/lv\/gemon-cat-adult-konservuotas-pasaras-suaugusioms-katems-gabaliukai-padaze-su-tunu-ir-dorada-100g\/\" \/>\n<meta property=\"og:locale\" content=\"lv_LV\" \/>\n<meta property=\"og:type\" content=\"article\" \/>\n<meta property=\"og:title\" content=\"\u201eGEMON\u201c CAT ADULT KONSERVUOTAS PA\u0160ARAS SUAUGUSIOMS KAT\u0116MS GABALIUKAI PADA\u017dE SU TUNU IR DORADA 100G | Dz\u012bvnieku produkti\" \/>\n<meta property=\"og:description\" content=\"SUD\u0116TIS: \u00a0 M\u0117sa ir jos produktai 30%, \u0161vie\u017eia \u017euvis ir \u017euvies produktai 15% (i\u0161 j\u0173 tunas min. 6,0%, dorada 6%),\u00a0\u00a0mineralin\u0117s med\u017eiagos. ANALITIN\u0116S MAISTIN\u0116S MED\u017dIAGOS: \u017dali baltymai \u2013 8,5 proc., \u017dali aliejai ir riebalai \u2013 5,0 proc., \u017dalia l\u0105steliena 2,0 %, \u017eali pelenai 1,9%, Magnis Mg- 0,03%. Dr\u0117gm\u0117 82% PAGALBINIAI MAISTINIAI PRIEDAI: Vitaminas A 2500 TV [&hellip;]\" \/>\n<meta property=\"og:url\" content=\"https:\/\/zoosalis.lv\/lv\/gemon-cat-adult-konservuotas-pasaras-suaugusioms-katems-gabaliukai-padaze-su-tunu-ir-dorada-100g\/\" \/>\n<meta property=\"og:site_name\" content=\"Dz\u012bvnieku produkti\" \/>\n<meta property=\"article:publisher\" content=\"https:\/\/www.facebook.com\/zooprekesjums\/\" \/>\n<meta property=\"article:modified_time\" content=\"2025-04-11T14:20:25+00:00\" \/>\n<meta property=\"og:image\" content=\"https:\/\/zoosalis.lv\/wp-content\/uploads\/2025\/04\/gemon-cat-adult-konservuotas-pasaras-suaugusioms-katems-gabaliukai-padaze-su-tunu-ir-dorada-100g.jpg\" \/>\n\t<meta property=\"og:image:width\" content=\"800\" \/>\n\t<meta property=\"og:image:height\" content=\"800\" \/>\n\t<meta property=\"og:image:type\" content=\"image\/jpeg\" \/>\n<meta name=\"twitter:card\" content=\"summary_large_image\" \/>\n<script type=\"application\/ld+json\" class=\"yoast-schema-graph\">{\"@context\":\"https:\/\/schema.org\",\"@graph\":[{\"@type\":\"WebPage\",\"@id\":\"https:\/\/zoosalis.lv\/gemon-cat-adult-konservuotas-pasaras-suaugusioms-katems-gabaliukai-padaze-su-tunu-ir-dorada-100g\/\",\"url\":\"https:\/\/zoosalis.lv\/gemon-cat-adult-konservuotas-pasaras-suaugusioms-katems-gabaliukai-padaze-su-tunu-ir-dorada-100g\/\",\"name\":\"\u201eGEMON\u201c CAT ADULT KONSERVUOTAS PA\u0160ARAS SUAUGUSIOMS KAT\u0116MS GABALIUKAI PADA\u017dE SU TUNU IR DORADA 100G | Dz\u012bvnieku produkti\",\"isPartOf\":{\"@id\":\"https:\/\/zoosalis.lv\/#website\"},\"primaryImageOfPage\":{\"@id\":\"https:\/\/zoosalis.lv\/gemon-cat-adult-konservuotas-pasaras-suaugusioms-katems-gabaliukai-padaze-su-tunu-ir-dorada-100g\/#primaryimage\"},\"image\":{\"@id\":\"https:\/\/zoosalis.lv\/gemon-cat-adult-konservuotas-pasaras-suaugusioms-katems-gabaliukai-padaze-su-tunu-ir-dorada-100g\/#primaryimage\"},\"thumbnailUrl\":\"https:\/\/zoosalis.lv\/wp-content\/uploads\/2025\/04\/gemon-cat-adult-konservuotas-pasaras-suaugusioms-katems-gabaliukai-padaze-su-tunu-ir-dorada-100g.jpg\",\"datePublished\":\"2025-04-08T08:19:44+00:00\",\"dateModified\":\"2025-04-11T14:20:25+00:00\",\"breadcrumb\":{\"@id\":\"https:\/\/zoosalis.lv\/gemon-cat-adult-konservuotas-pasaras-suaugusioms-katems-gabaliukai-padaze-su-tunu-ir-dorada-100g\/#breadcrumb\"},\"inLanguage\":\"lv-LV\",\"potentialAction\":[{\"@type\":\"ReadAction\",\"target\":[\"https:\/\/zoosalis.lv\/gemon-cat-adult-konservuotas-pasaras-suaugusioms-katems-gabaliukai-padaze-su-tunu-ir-dorada-100g\/\"]}]},{\"@type\":\"ImageObject\",\"inLanguage\":\"lv-LV\",\"@id\":\"https:\/\/zoosalis.lv\/gemon-cat-adult-konservuotas-pasaras-suaugusioms-katems-gabaliukai-padaze-su-tunu-ir-dorada-100g\/#primaryimage\",\"url\":\"https:\/\/zoosalis.lv\/wp-content\/uploads\/2025\/04\/gemon-cat-adult-konservuotas-pasaras-suaugusioms-katems-gabaliukai-padaze-su-tunu-ir-dorada-100g.jpg\",\"contentUrl\":\"https:\/\/zoosalis.lv\/wp-content\/uploads\/2025\/04\/gemon-cat-adult-konservuotas-pasaras-suaugusioms-katems-gabaliukai-padaze-su-tunu-ir-dorada-100g.jpg\",\"width\":800,\"height\":800},{\"@type\":\"BreadcrumbList\",\"@id\":\"https:\/\/zoosalis.lv\/gemon-cat-adult-konservuotas-pasaras-suaugusioms-katems-gabaliukai-padaze-su-tunu-ir-dorada-100g\/#breadcrumb\",\"itemListElement\":[{\"@type\":\"ListItem\",\"position\":1,\"name\":\"Home\",\"item\":\"https:\/\/zoosalis.lv\/\"},{\"@type\":\"ListItem\",\"position\":2,\"name\":\"Parduotuv\u0117\",\"item\":\"https:\/\/zoosalis.lv\/parduotuve\/\"},{\"@type\":\"ListItem\",\"position\":3,\"name\":\"\u201eGEMON\u201c CAT ADULT KONSERVUOTAS PA\u0160ARAS SUAUGUSIOMS KAT\u0116MS GABALIUKAI PADA\u017dE SU TUNU IR DORADA 100G\"}]},{\"@type\":\"WebSite\",\"@id\":\"https:\/\/zoosalis.lv\/#website\",\"url\":\"https:\/\/zoosalis.lv\/\",\"name\":\"Dz\u012bvnieku produkti\",\"description\":\"zoo\u0161alis.lt\",\"publisher\":{\"@id\":\"https:\/\/zoosalis.lv\/#organization\"},\"potentialAction\":[{\"@type\":\"SearchAction\",\"target\":{\"@type\":\"EntryPoint\",\"urlTemplate\":\"https:\/\/zoosalis.lv\/?s={search_term_string}\"},\"query-input\":{\"@type\":\"PropertyValueSpecification\",\"valueRequired\":true,\"valueName\":\"search_term_string\"}}],\"inLanguage\":\"lv-LV\"},{\"@type\":\"Organization\",\"@id\":\"https:\/\/zoosalis.lv\/#organization\",\"name\":\"Zoo\u0161alis.lt\",\"url\":\"https:\/\/zoosalis.lv\/\",\"logo\":{\"@type\":\"ImageObject\",\"inLanguage\":\"lv-LV\",\"@id\":\"https:\/\/zoosalis.lv\/#\/schema\/logo\/image\/\",\"url\":\"https:\/\/zoosalis.lv\/wp-content\/uploads\/2024\/02\/Group-62.png\",\"contentUrl\":\"https:\/\/zoosalis.lv\/wp-content\/uploads\/2024\/02\/Group-62.png\",\"width\":1537,\"height\":337,\"caption\":\"Zoo\u0161alis.lt\"},\"image\":{\"@id\":\"https:\/\/zoosalis.lv\/#\/schema\/logo\/image\/\"},\"sameAs\":[\"https:\/\/www.facebook.com\/zooprekesjums\/\"]}]}<\/script>\n<!-- \/ Yoast SEO plugin. -->","yoast_head_json":{"title":"\u201eGEMON\u201c CAT ADULT KONSERVUOTAS PA\u0160ARAS SUAUGUSIOMS KAT\u0116MS GABALIUKAI PADA\u017dE SU TUNU IR DORADA 100G | Dz\u012bvnieku produkti","robots":{"index":"index","follow":"follow","max-snippet":"max-snippet:-1","max-image-preview":"max-image-preview:large","max-video-preview":"max-video-preview:-1"},"canonical":"https:\/\/zoosalis.lv\/lv\/gemon-cat-adult-konservuotas-pasaras-suaugusioms-katems-gabaliukai-padaze-su-tunu-ir-dorada-100g\/","og_locale":"lv_LV","og_type":"article","og_title":"\u201eGEMON\u201c CAT ADULT KONSERVUOTAS PA\u0160ARAS SUAUGUSIOMS KAT\u0116MS GABALIUKAI PADA\u017dE SU TUNU IR DORADA 100G | Dz\u012bvnieku produkti","og_description":"SUD\u0116TIS: \u00a0 M\u0117sa ir jos produktai 30%, \u0161vie\u017eia \u017euvis ir \u017euvies produktai 15% (i\u0161 j\u0173 tunas min. 6,0%, dorada 6%),\u00a0\u00a0mineralin\u0117s med\u017eiagos. ANALITIN\u0116S MAISTIN\u0116S MED\u017dIAGOS: \u017dali baltymai \u2013 8,5 proc., \u017dali aliejai ir riebalai \u2013 5,0 proc., \u017dalia l\u0105steliena 2,0 %, \u017eali pelenai 1,9%, Magnis Mg- 0,03%. Dr\u0117gm\u0117 82% PAGALBINIAI MAISTINIAI PRIEDAI: Vitaminas A 2500 TV [&hellip;]","og_url":"https:\/\/zoosalis.lv\/lv\/gemon-cat-adult-konservuotas-pasaras-suaugusioms-katems-gabaliukai-padaze-su-tunu-ir-dorada-100g\/","og_site_name":"Dz\u012bvnieku produkti","article_publisher":"https:\/\/www.facebook.com\/zooprekesjums\/","article_modified_time":"2025-04-11T14:20:25+00:00","og_image":[{"width":800,"height":800,"url":"https:\/\/zoosalis.lv\/wp-content\/uploads\/2025\/04\/gemon-cat-adult-konservuotas-pasaras-suaugusioms-katems-gabaliukai-padaze-su-tunu-ir-dorada-100g.jpg","type":"image\/jpeg"}],"twitter_card":"summary_large_image","schema":{"@context":"https:\/\/schema.org","@graph":[{"@type":"WebPage","@id":"https:\/\/zoosalis.lv\/gemon-cat-adult-konservuotas-pasaras-suaugusioms-katems-gabaliukai-padaze-su-tunu-ir-dorada-100g\/","url":"https:\/\/zoosalis.lv\/gemon-cat-adult-konservuotas-pasaras-suaugusioms-katems-gabaliukai-padaze-su-tunu-ir-dorada-100g\/","name":"\u201eGEMON\u201c CAT ADULT KONSERVUOTAS PA\u0160ARAS SUAUGUSIOMS KAT\u0116MS GABALIUKAI PADA\u017dE SU TUNU IR DORADA 100G | Dz\u012bvnieku produkti","isPartOf":{"@id":"https:\/\/zoosalis.lv\/#website"},"primaryImageOfPage":{"@id":"https:\/\/zoosalis.lv\/gemon-cat-adult-konservuotas-pasaras-suaugusioms-katems-gabaliukai-padaze-su-tunu-ir-dorada-100g\/#primaryimage"},"image":{"@id":"https:\/\/zoosalis.lv\/gemon-cat-adult-konservuotas-pasaras-suaugusioms-katems-gabaliukai-padaze-su-tunu-ir-dorada-100g\/#primaryimage"},"thumbnailUrl":"https:\/\/zoosalis.lv\/wp-content\/uploads\/2025\/04\/gemon-cat-adult-konservuotas-pasaras-suaugusioms-katems-gabaliukai-padaze-su-tunu-ir-dorada-100g.jpg","datePublished":"2025-04-08T08:19:44+00:00","dateModified":"2025-04-11T14:20:25+00:00","breadcrumb":{"@id":"https:\/\/zoosalis.lv\/gemon-cat-adult-konservuotas-pasaras-suaugusioms-katems-gabaliukai-padaze-su-tunu-ir-dorada-100g\/#breadcrumb"},"inLanguage":"lv-LV","potentialAction":[{"@type":"ReadAction","target":["https:\/\/zoosalis.lv\/gemon-cat-adult-konservuotas-pasaras-suaugusioms-katems-gabaliukai-padaze-su-tunu-ir-dorada-100g\/"]}]},{"@type":"ImageObject","inLanguage":"lv-LV","@id":"https:\/\/zoosalis.lv\/gemon-cat-adult-konservuotas-pasaras-suaugusioms-katems-gabaliukai-padaze-su-tunu-ir-dorada-100g\/#primaryimage","url":"https:\/\/zoosalis.lv\/wp-content\/uploads\/2025\/04\/gemon-cat-adult-konservuotas-pasaras-suaugusioms-katems-gabaliukai-padaze-su-tunu-ir-dorada-100g.jpg","contentUrl":"https:\/\/zoosalis.lv\/wp-content\/uploads\/2025\/04\/gemon-cat-adult-konservuotas-pasaras-suaugusioms-katems-gabaliukai-padaze-su-tunu-ir-dorada-100g.jpg","width":800,"height":800},{"@type":"BreadcrumbList","@id":"https:\/\/zoosalis.lv\/gemon-cat-adult-konservuotas-pasaras-suaugusioms-katems-gabaliukai-padaze-su-tunu-ir-dorada-100g\/#breadcrumb","itemListElement":[{"@type":"ListItem","position":1,"name":"Home","item":"https:\/\/zoosalis.lv\/"},{"@type":"ListItem","position":2,"name":"Parduotuv\u0117","item":"https:\/\/zoosalis.lv\/parduotuve\/"},{"@type":"ListItem","position":3,"name":"\u201eGEMON\u201c CAT ADULT KONSERVUOTAS PA\u0160ARAS SUAUGUSIOMS KAT\u0116MS GABALIUKAI PADA\u017dE SU TUNU IR DORADA 100G"}]},{"@type":"WebSite","@id":"https:\/\/zoosalis.lv\/#website","url":"https:\/\/zoosalis.lv\/","name":"Dz\u012bvnieku produkti","description":"zoo\u0161alis.lt","publisher":{"@id":"https:\/\/zoosalis.lv\/#organization"},"potentialAction":[{"@type":"SearchAction","target":{"@type":"EntryPoint","urlTemplate":"https:\/\/zoosalis.lv\/?s={search_term_string}"},"query-input":{"@type":"PropertyValueSpecification","valueRequired":true,"valueName":"search_term_string"}}],"inLanguage":"lv-LV"},{"@type":"Organization","@id":"https:\/\/zoosalis.lv\/#organization","name":"Zoo\u0161alis.lt","url":"https:\/\/zoosalis.lv\/","logo":{"@type":"ImageObject","inLanguage":"lv-LV","@id":"https:\/\/zoosalis.lv\/#\/schema\/logo\/image\/","url":"https:\/\/zoosalis.lv\/wp-content\/uploads\/2024\/02\/Group-62.png","contentUrl":"https:\/\/zoosalis.lv\/wp-content\/uploads\/2024\/02\/Group-62.png","width":1537,"height":337,"caption":"Zoo\u0161alis.lt"},"image":{"@id":"https:\/\/zoosalis.lv\/#\/schema\/logo\/image\/"},"sameAs":["https:\/\/www.facebook.com\/zooprekesjums\/"]}]}},"_links":{"self":[{"href":"https:\/\/zoosalis.lv\/lv\/wp-json\/wp\/v2\/product\/22890"}],"collection":[{"href":"https:\/\/zoosalis.lv\/lv\/wp-json\/wp\/v2\/product"}],"about":[{"href":"https:\/\/zoosalis.lv\/lv\/wp-json\/wp\/v2\/types\/product"}],"replies":[{"embeddable":true,"href":"https:\/\/zoosalis.lv\/lv\/wp-json\/wp\/v2\/comments?post=22890"}],"wp:featuredmedia":[{"embeddable":true,"href":"https:\/\/zoosalis.lv\/lv\/wp-json\/wp\/v2\/media\/20793"}],"wp:attachment":[{"href":"https:\/\/zoosalis.lv\/lv\/wp-json\/wp\/v2\/media?parent=22890"}],"wp:term":[{"taxonomy":"product_brand","embeddable":true,"href":"https:\/\/zoosalis.lv\/lv\/wp-json\/wp\/v2\/product_brand?post=22890"},{"taxonomy":"product_cat","embeddable":true,"href":"https:\/\/zoosalis.lv\/lv\/wp-json\/wp\/v2\/product_cat?post=22890"},{"taxonomy":"product_tag","embeddable":true,"href":"https:\/\/zoosalis.lv\/lv\/wp-json\/wp\/v2\/product_tag?post=22890"}],"curies":[{"name":"wp","href":"https:\/\/api.w.org\/{rel}","templated":true}]}}