{"id":22897,"date":"2025-04-08T08:19:44","date_gmt":"2025-04-08T08:19:44","guid":{"rendered":"https:\/\/zoosalis.lv\/?post_type=product&#038;p=22897"},"modified":"2025-04-08T08:20:00","modified_gmt":"2025-04-08T08:20:00","slug":"aatas-cat-creamy-chickenkanikama-80g","status":"publish","type":"product","link":"https:\/\/zoosalis.lv\/lv\/aatas-cat-creamy-chickenkanikama-80g\/","title":{"rendered":"Aatas Cat Creamy Chicken&amp;Kanikama 80g."},"content":{"rendered":"<h2>Apraksts<\/h2>\n<p>Garda, pilnv\u0113rt\u012bga mitr\u0101 ka\u0137u bar\u012bba, kas gatavota no br\u012bv\u0101 dab\u0101 audz\u0113tas vistas ga\u013cas un savva\u013c\u0101 no\u0137ertas krabja ga\u013cas. Lieliska izv\u0113le vesel\u012bgam uzturam j\u016bsu m\u0101jdz\u012bvniekam.<\/p>\n<ul>\n<li>Dab\u012bga ga\u013ca<\/li>\n<li>Zems tauku un kaloriju saturs<\/li>\n<li>Pat visizv\u0113l\u012bg\u0101kajiem \u0113d\u0101jiem tas patiks<\/li>\n<li>Nesatur graudus<\/li>\n<li>Bez konservantiem<\/li>\n<li>Bez \u0122MO<\/li>\n<\/ul>","protected":false},"excerpt":{"rendered":"<div class=\"product-info__excerpt\">\n<p>Aatas bar\u012bbas piedeva ka\u0137iem, vistas ga\u013ca un krabju n\u016bji\u0146as ar m\u0113rci.<\/p>\n<\/div>\n<div class=\"product-prices\">\n<div class=\"product-prices__left\"><\/div>\n<\/div>","protected":false},"featured_media":20807,"comment_status":"closed","ping_status":"closed","template":"","meta":{"_acf_changed":false,"_monsterinsights_skip_tracking":false,"_monsterinsights_sitenote_active":false,"_monsterinsights_sitenote_note":"","_monsterinsights_sitenote_category":0},"product_brand":[],"product_cat":[886,870,876],"product_tag":[],"class_list":{"0":"post-22897","1":"product","2":"type-product","3":"status-publish","4":"has-post-thumbnail","6":"product_cat-konservai-katems","7":"product_cat-maistas-katems","8":"product_cat-sausas-kaciu-maistas","10":"first","11":"instock","12":"shipping-taxable","13":"purchasable","14":"product-type-simple"},"acf":[],"aioseo_notices":[],"yoast_head":"<!-- This site is optimized with the Yoast SEO plugin v24.8.1 - https:\/\/yoast.com\/wordpress\/plugins\/seo\/ -->\n<title>Aatas Cat Creamy Chicken&amp;Kanikama 80g. | Dz\u012bvnieku produkti<\/title>\n<meta name=\"robots\" content=\"index, follow, max-snippet:-1, max-image-preview:large, max-video-preview:-1\" \/>\n<link rel=\"canonical\" href=\"https:\/\/zoosalis.lv\/lv\/aatas-cat-creamy-chickenkanikama-80g\/\" \/>\n<meta property=\"og:locale\" content=\"lv_LV\" \/>\n<meta property=\"og:type\" content=\"article\" \/>\n<meta property=\"og:title\" content=\"Aatas Cat Creamy Chicken&amp;Kanikama 80g. | Dz\u012bvnieku produkti\" \/>\n<meta property=\"og:description\" content=\"Aatas pa\u0161aro papildas kat\u0117ms, vi\u0161tiena ir krab\u0173 lazdel\u0117s su pada\u017eu.\" \/>\n<meta property=\"og:url\" content=\"https:\/\/zoosalis.lv\/lv\/aatas-cat-creamy-chickenkanikama-80g\/\" \/>\n<meta property=\"og:site_name\" content=\"Dz\u012bvnieku produkti\" \/>\n<meta property=\"article:publisher\" content=\"https:\/\/www.facebook.com\/zooprekesjums\/\" \/>\n<meta property=\"article:modified_time\" content=\"2025-04-08T08:20:00+00:00\" \/>\n<meta property=\"og:image\" content=\"https:\/\/zoosalis.lv\/wp-content\/uploads\/2024\/02\/Group-62.png\" \/>\n\t<meta property=\"og:image:width\" content=\"1537\" \/>\n\t<meta property=\"og:image:height\" content=\"337\" \/>\n\t<meta property=\"og:image:type\" content=\"image\/png\" \/>\n<meta name=\"twitter:card\" content=\"summary_large_image\" \/>\n<script type=\"application\/ld+json\" class=\"yoast-schema-graph\">{\"@context\":\"https:\/\/schema.org\",\"@graph\":[{\"@type\":\"WebPage\",\"@id\":\"https:\/\/zoosalis.lv\/aatas-cat-creamy-chickenkanikama-80g\/\",\"url\":\"https:\/\/zoosalis.lv\/aatas-cat-creamy-chickenkanikama-80g\/\",\"name\":\"Aatas Cat Creamy Chicken&Kanikama 80g. | Dz\u012bvnieku produkti\",\"isPartOf\":{\"@id\":\"https:\/\/zoosalis.lv\/#website\"},\"primaryImageOfPage\":{\"@id\":\"https:\/\/zoosalis.lv\/aatas-cat-creamy-chickenkanikama-80g\/#primaryimage\"},\"image\":{\"@id\":\"https:\/\/zoosalis.lv\/aatas-cat-creamy-chickenkanikama-80g\/#primaryimage\"},\"thumbnailUrl\":\"https:\/\/zoosalis.lv\/wp-content\/uploads\/2025\/04\/Aatas_chicken_kanikama.png\",\"datePublished\":\"2025-04-08T08:19:44+00:00\",\"dateModified\":\"2025-04-08T08:20:00+00:00\",\"breadcrumb\":{\"@id\":\"https:\/\/zoosalis.lv\/aatas-cat-creamy-chickenkanikama-80g\/#breadcrumb\"},\"inLanguage\":\"lv-LV\",\"potentialAction\":[{\"@type\":\"ReadAction\",\"target\":[\"https:\/\/zoosalis.lv\/aatas-cat-creamy-chickenkanikama-80g\/\"]}]},{\"@type\":\"ImageObject\",\"inLanguage\":\"lv-LV\",\"@id\":\"https:\/\/zoosalis.lv\/aatas-cat-creamy-chickenkanikama-80g\/#primaryimage\",\"url\":\"https:\/\/zoosalis.lv\/wp-content\/uploads\/2025\/04\/Aatas_chicken_kanikama.png\",\"contentUrl\":\"https:\/\/zoosalis.lv\/wp-content\/uploads\/2025\/04\/Aatas_chicken_kanikama.png\",\"width\":768,\"height\":669},{\"@type\":\"BreadcrumbList\",\"@id\":\"https:\/\/zoosalis.lv\/aatas-cat-creamy-chickenkanikama-80g\/#breadcrumb\",\"itemListElement\":[{\"@type\":\"ListItem\",\"position\":1,\"name\":\"Home\",\"item\":\"https:\/\/zoosalis.lv\/\"},{\"@type\":\"ListItem\",\"position\":2,\"name\":\"Parduotuv\u0117\",\"item\":\"https:\/\/zoosalis.lv\/parduotuve\/\"},{\"@type\":\"ListItem\",\"position\":3,\"name\":\"Aatas Cat Creamy Chicken&#038;Kanikama 80g.\"}]},{\"@type\":\"WebSite\",\"@id\":\"https:\/\/zoosalis.lv\/#website\",\"url\":\"https:\/\/zoosalis.lv\/\",\"name\":\"Dz\u012bvnieku produkti\",\"description\":\"zoo\u0161alis.lt\",\"publisher\":{\"@id\":\"https:\/\/zoosalis.lv\/#organization\"},\"potentialAction\":[{\"@type\":\"SearchAction\",\"target\":{\"@type\":\"EntryPoint\",\"urlTemplate\":\"https:\/\/zoosalis.lv\/?s={search_term_string}\"},\"query-input\":{\"@type\":\"PropertyValueSpecification\",\"valueRequired\":true,\"valueName\":\"search_term_string\"}}],\"inLanguage\":\"lv-LV\"},{\"@type\":\"Organization\",\"@id\":\"https:\/\/zoosalis.lv\/#organization\",\"name\":\"Zoo\u0161alis.lt\",\"url\":\"https:\/\/zoosalis.lv\/\",\"logo\":{\"@type\":\"ImageObject\",\"inLanguage\":\"lv-LV\",\"@id\":\"https:\/\/zoosalis.lv\/#\/schema\/logo\/image\/\",\"url\":\"https:\/\/zoosalis.lv\/wp-content\/uploads\/2024\/02\/Group-62.png\",\"contentUrl\":\"https:\/\/zoosalis.lv\/wp-content\/uploads\/2024\/02\/Group-62.png\",\"width\":1537,\"height\":337,\"caption\":\"Zoo\u0161alis.lt\"},\"image\":{\"@id\":\"https:\/\/zoosalis.lv\/#\/schema\/logo\/image\/\"},\"sameAs\":[\"https:\/\/www.facebook.com\/zooprekesjums\/\"]}]}<\/script>\n<!-- \/ Yoast SEO plugin. -->","yoast_head_json":{"title":"Aatas Cat Creamy Chicken&Kanikama 80g. | Dz\u012bvnieku produkti","robots":{"index":"index","follow":"follow","max-snippet":"max-snippet:-1","max-image-preview":"max-image-preview:large","max-video-preview":"max-video-preview:-1"},"canonical":"https:\/\/zoosalis.lv\/lv\/aatas-cat-creamy-chickenkanikama-80g\/","og_locale":"lv_LV","og_type":"article","og_title":"Aatas Cat Creamy Chicken&Kanikama 80g. | Dz\u012bvnieku produkti","og_description":"Aatas pa\u0161aro papildas kat\u0117ms, vi\u0161tiena ir krab\u0173 lazdel\u0117s su pada\u017eu.","og_url":"https:\/\/zoosalis.lv\/lv\/aatas-cat-creamy-chickenkanikama-80g\/","og_site_name":"Dz\u012bvnieku produkti","article_publisher":"https:\/\/www.facebook.com\/zooprekesjums\/","article_modified_time":"2025-04-08T08:20:00+00:00","og_image":[{"width":1537,"height":337,"url":"https:\/\/zoosalis.lv\/wp-content\/uploads\/2024\/02\/Group-62.png","type":"image\/png"}],"twitter_card":"summary_large_image","schema":{"@context":"https:\/\/schema.org","@graph":[{"@type":"WebPage","@id":"https:\/\/zoosalis.lv\/aatas-cat-creamy-chickenkanikama-80g\/","url":"https:\/\/zoosalis.lv\/aatas-cat-creamy-chickenkanikama-80g\/","name":"Aatas Cat Creamy Chicken&Kanikama 80g. | Dz\u012bvnieku produkti","isPartOf":{"@id":"https:\/\/zoosalis.lv\/#website"},"primaryImageOfPage":{"@id":"https:\/\/zoosalis.lv\/aatas-cat-creamy-chickenkanikama-80g\/#primaryimage"},"image":{"@id":"https:\/\/zoosalis.lv\/aatas-cat-creamy-chickenkanikama-80g\/#primaryimage"},"thumbnailUrl":"https:\/\/zoosalis.lv\/wp-content\/uploads\/2025\/04\/Aatas_chicken_kanikama.png","datePublished":"2025-04-08T08:19:44+00:00","dateModified":"2025-04-08T08:20:00+00:00","breadcrumb":{"@id":"https:\/\/zoosalis.lv\/aatas-cat-creamy-chickenkanikama-80g\/#breadcrumb"},"inLanguage":"lv-LV","potentialAction":[{"@type":"ReadAction","target":["https:\/\/zoosalis.lv\/aatas-cat-creamy-chickenkanikama-80g\/"]}]},{"@type":"ImageObject","inLanguage":"lv-LV","@id":"https:\/\/zoosalis.lv\/aatas-cat-creamy-chickenkanikama-80g\/#primaryimage","url":"https:\/\/zoosalis.lv\/wp-content\/uploads\/2025\/04\/Aatas_chicken_kanikama.png","contentUrl":"https:\/\/zoosalis.lv\/wp-content\/uploads\/2025\/04\/Aatas_chicken_kanikama.png","width":768,"height":669},{"@type":"BreadcrumbList","@id":"https:\/\/zoosalis.lv\/aatas-cat-creamy-chickenkanikama-80g\/#breadcrumb","itemListElement":[{"@type":"ListItem","position":1,"name":"Home","item":"https:\/\/zoosalis.lv\/"},{"@type":"ListItem","position":2,"name":"Parduotuv\u0117","item":"https:\/\/zoosalis.lv\/parduotuve\/"},{"@type":"ListItem","position":3,"name":"Aatas Cat Creamy Chicken&#038;Kanikama 80g."}]},{"@type":"WebSite","@id":"https:\/\/zoosalis.lv\/#website","url":"https:\/\/zoosalis.lv\/","name":"Dz\u012bvnieku produkti","description":"zoo\u0161alis.lt","publisher":{"@id":"https:\/\/zoosalis.lv\/#organization"},"potentialAction":[{"@type":"SearchAction","target":{"@type":"EntryPoint","urlTemplate":"https:\/\/zoosalis.lv\/?s={search_term_string}"},"query-input":{"@type":"PropertyValueSpecification","valueRequired":true,"valueName":"search_term_string"}}],"inLanguage":"lv-LV"},{"@type":"Organization","@id":"https:\/\/zoosalis.lv\/#organization","name":"Zoo\u0161alis.lt","url":"https:\/\/zoosalis.lv\/","logo":{"@type":"ImageObject","inLanguage":"lv-LV","@id":"https:\/\/zoosalis.lv\/#\/schema\/logo\/image\/","url":"https:\/\/zoosalis.lv\/wp-content\/uploads\/2024\/02\/Group-62.png","contentUrl":"https:\/\/zoosalis.lv\/wp-content\/uploads\/2024\/02\/Group-62.png","width":1537,"height":337,"caption":"Zoo\u0161alis.lt"},"image":{"@id":"https:\/\/zoosalis.lv\/#\/schema\/logo\/image\/"},"sameAs":["https:\/\/www.facebook.com\/zooprekesjums\/"]}]}},"_links":{"self":[{"href":"https:\/\/zoosalis.lv\/lv\/wp-json\/wp\/v2\/product\/22897"}],"collection":[{"href":"https:\/\/zoosalis.lv\/lv\/wp-json\/wp\/v2\/product"}],"about":[{"href":"https:\/\/zoosalis.lv\/lv\/wp-json\/wp\/v2\/types\/product"}],"replies":[{"embeddable":true,"href":"https:\/\/zoosalis.lv\/lv\/wp-json\/wp\/v2\/comments?post=22897"}],"wp:featuredmedia":[{"embeddable":true,"href":"https:\/\/zoosalis.lv\/lv\/wp-json\/wp\/v2\/media\/20807"}],"wp:attachment":[{"href":"https:\/\/zoosalis.lv\/lv\/wp-json\/wp\/v2\/media?parent=22897"}],"wp:term":[{"taxonomy":"product_brand","embeddable":true,"href":"https:\/\/zoosalis.lv\/lv\/wp-json\/wp\/v2\/product_brand?post=22897"},{"taxonomy":"product_cat","embeddable":true,"href":"https:\/\/zoosalis.lv\/lv\/wp-json\/wp\/v2\/product_cat?post=22897"},{"taxonomy":"product_tag","embeddable":true,"href":"https:\/\/zoosalis.lv\/lv\/wp-json\/wp\/v2\/product_tag?post=22897"}],"curies":[{"name":"wp","href":"https:\/\/api.w.org\/{rel}","templated":true}]}}