{"id":23068,"date":"2025-04-08T08:23:14","date_gmt":"2025-04-08T08:23:14","guid":{"rendered":"https:\/\/zoosalis.lv\/?post_type=product&#038;p=23068"},"modified":"2025-04-08T08:23:26","modified_gmt":"2025-04-08T08:23:26","slug":"brit-premium-by-nature-konservai-sunims-lamb-with-buckwheat-400g","status":"publish","type":"product","link":"https:\/\/zoosalis.lv\/lv\/brit-premium-by-nature-konservai-sunims-lamb-with-buckwheat-400g\/","title":{"rendered":"Brit Premium by Nature konserv\u0113t\u0101 bar\u012bba su\u0146iem J\u0113ra ga\u013ca ar gri\u0137iem 400g."},"content":{"rendered":"<div class=\"row\">\n<div class=\"col-9 col-md-12\">\n<div class=\"product-content__content\">\n<h2 id=\"product-content-section-0\">Apraksts<\/h2>\n<p>\u0160is ir ide\u0101ls papildin\u0101jums granul\u0101m. Pilnv\u0113rt\u012bga malt\u012bte, uzkoda vai garda piedeva. Tas pal\u012bdz uzlabot p\u0101rtikas uz\u0146em\u0161anu un papildin\u0101t \u0161\u0137idruma rezerves.<\/p>\n<ul>\n<li>Lieliska sagremojam\u012bba un br\u012bni\u0161\u0137\u012bga gar\u0161a<\/li>\n<li>Sabalans\u0113ts uzturvielu, vitam\u012bnu un miner\u0101lvielu saturs<\/li>\n<li>Bez graudiem \u2013 bez s\u0101ls \u2013 bez \u0122MO<\/li>\n<\/ul>\n<h2 id=\"product-content-section-1\">Sast\u0101vs<\/h2>\n<p>j\u0113ra ga\u013ca 36%, j\u0113ra buljons 35,5%, vistas ga\u013ca 22%, gri\u0137i 4%, \u0101boli 1%, miner\u0101lvielas 1%, la\u0161a e\u013c\u013ca 0,5%.<\/p>\n<h2 id=\"product-content-section-2\">Anal\u012btisk\u0101s sast\u0101vda\u013cas<\/h2>\n<p>Neapstr\u0101d\u0101ts prote\u012bns 8,0%, neapstr\u0101d\u0101ti tauki 5,0%, neapstr\u0101d\u0101ta \u0161\u0137iedra 0,3%, neapstr\u0101d\u0101ti pelni 2,7%, mitrums 78,0%, kalcijs 0,3%, fosfors 0,3%, n\u0101trijs 0,5%.<\/p>\n<h2 id=\"product-content-section-3\">Piederumi \/ 1 kg<\/h2>\n<p>D3 vitam\u012bns (E671) 200 SV, E vitam\u012bns (3a700) 100 mg, cinks (3b606) 10 mg, dzelzs (3b103) 8 mg, mang\u0101ns (3b502) 2 mg, jods (3b201) 0,5 mg, var\u0161 (3b405) 0,5 mg.<\/p>\n<h2 id=\"product-content-section-4\">Metaboliz\u0113jama ener\u0123ija<\/h2>\n<p>1000 kcal\/kg<\/p>\n<h2 id=\"product-content-section-5\">Uztura normas<\/h2>\n<p>Dienas deva var at\u0161\u0137irties atkar\u012bb\u0101 no vides, lieluma, vecuma un aktivit\u0101tes l\u012bme\u0146a. Pasniedziet istabas temperat\u016br\u0101. Ja pasniedzat \u0161o \u0113dienu, lai da\u017e\u0101dotu \u0113dienkarti un uzlabotu \u0113diena gar\u0161u, attiec\u012bgi samaziniet ieteicamo dienas devu. P\u0101rliecinieties, ka j\u016bsu sunim ir pieejams svaigs dzeramais \u016bdens. Uzglab\u0101t saus\u0101 un v\u0113s\u0101 viet\u0101. P\u0113c atv\u0113r\u0161anas uzglab\u0101t ledusskap\u012b. Der\u012bguma termi\u0146\u0161 un partijas numurs ir nor\u0101d\u012bts uz iepakojuma.<\/p>\n<figure class=\"table\">\n<table>\n<thead>\n<tr>\n<th rowspan=\"1\"><strong>Su\u0146a svars\/dien\u0101 ieteicam\u0101 deva<\/strong><\/th>\n<th><strong>Barojot tikai ar \u0161o bar\u012bbu (g)<\/strong><\/th>\n<th><strong>Pievienojot citai bar\u012bbai, 50% dienas deva (g)<\/strong><\/th>\n<th><strong>Pievienojot citai bar\u012bbai, 25% dienas deva (g)<\/strong><\/th>\n<\/tr>\n<\/thead>\n<tbody>\n<tr>\n<th rowspan=\"1\"><strong>Mazs (1\u201310 kg)<\/strong><\/th>\n<td>200-400<\/td>\n<td>100-200<\/td>\n<td>50-100<\/td>\n<\/tr>\n<tr>\n<th rowspan=\"1\"><strong>Vid\u0113js (10\u201325 kg)<\/strong><\/th>\n<td>400-800<\/td>\n<td>200-400<\/td>\n<td>100-200<\/td>\n<\/tr>\n<tr>\n<th rowspan=\"1\"><strong>Liels (25\u201350 kg)<\/strong><\/th>\n<td>800-1200<\/td>\n<td>400-600<\/td>\n<td>200-300<\/td>\n<\/tr>\n<tr>\n<th rowspan=\"1\"><strong>\u012apa\u0161i liels (50\u201370 kg)<\/strong><\/th>\n<td>1200-1600<\/td>\n<td>600-800<\/td>\n<td>300-400<\/td>\n<\/tr>\n<\/tbody>\n<\/table>\n<\/figure>\n<p>Ra\u017eot\u0101js: VAFO PRAHA sro, \u010cehijas Republika.<\/p>\n<\/div>\n<\/div>\n<\/div>","protected":false},"excerpt":{"rendered":"<div class=\"product-info__excerpt\">\n<p>Ga\u013cas past\u0113te su\u0146iem ar j\u0113ra ga\u013cu un gri\u0137iem, ide\u0101li piem\u0113rota su\u0146iem ar jut\u012bgu gremo\u0161anu.<\/p>\n<\/div>\n<div class=\"product-info__options\">\n<div class=\"product-info__options-text\"><\/div>\n<div class=\"product-info__options-options\"><\/div>\n<\/div>","protected":false},"featured_media":21318,"comment_status":"closed","ping_status":"closed","template":"","meta":{"_acf_changed":false,"_monsterinsights_skip_tracking":false,"_monsterinsights_sitenote_active":false,"_monsterinsights_sitenote_note":"","_monsterinsights_sitenote_category":0},"product_brand":[],"product_cat":[875,873,874],"product_tag":[],"class_list":{"0":"post-23068","1":"product","2":"type-product","3":"status-publish","4":"has-post-thumbnail","6":"product_cat-konservai-sunims","7":"product_cat-prekes-sunims","8":"product_cat-sunu-maistas","10":"first","11":"instock","12":"shipping-taxable","13":"purchasable","14":"product-type-simple"},"acf":[],"aioseo_notices":[],"yoast_head":"<!-- This site is optimized with the Yoast SEO plugin v24.8.1 - https:\/\/yoast.com\/wordpress\/plugins\/seo\/ -->\n<title>Brit Premium by Nature konservai \u0161unims Lamb with Buckwheat 400g. | Dz\u012bvnieku produkti<\/title>\n<meta name=\"robots\" content=\"index, follow, max-snippet:-1, max-image-preview:large, max-video-preview:-1\" \/>\n<link rel=\"canonical\" href=\"https:\/\/zoosalis.lv\/lv\/brit-premium-by-nature-konservai-sunims-lamb-with-buckwheat-400g\/\" \/>\n<meta property=\"og:locale\" content=\"lv_LV\" \/>\n<meta property=\"og:type\" content=\"article\" \/>\n<meta property=\"og:title\" content=\"Brit Premium by Nature konservai \u0161unims Lamb with Buckwheat 400g. | Dz\u012bvnieku produkti\" \/>\n<meta property=\"og:description\" content=\"M\u0117sos pa\u0161tetas \u0161unims su \u0117riena ir grikiais, idealiai tinka \u0161unims turintiems jautr\u0173 vir\u0161kinim\u0105.\" \/>\n<meta property=\"og:url\" content=\"https:\/\/zoosalis.lv\/lv\/brit-premium-by-nature-konservai-sunims-lamb-with-buckwheat-400g\/\" \/>\n<meta property=\"og:site_name\" content=\"Dz\u012bvnieku produkti\" \/>\n<meta property=\"article:publisher\" content=\"https:\/\/www.facebook.com\/zooprekesjums\/\" \/>\n<meta property=\"article:modified_time\" content=\"2025-04-08T08:23:26+00:00\" \/>\n<meta property=\"og:image\" content=\"https:\/\/zoosalis.lv\/wp-content\/uploads\/2024\/02\/Group-62.png\" \/>\n\t<meta property=\"og:image:width\" content=\"1537\" \/>\n\t<meta property=\"og:image:height\" content=\"337\" \/>\n\t<meta property=\"og:image:type\" content=\"image\/png\" \/>\n<meta name=\"twitter:card\" content=\"summary_large_image\" \/>\n<meta name=\"twitter:label1\" content=\"Est. reading time\" \/>\n\t<meta name=\"twitter:data1\" content=\"1 min\u016bte\" \/>\n<script type=\"application\/ld+json\" class=\"yoast-schema-graph\">{\"@context\":\"https:\/\/schema.org\",\"@graph\":[{\"@type\":\"WebPage\",\"@id\":\"https:\/\/zoosalis.lv\/brit-premium-by-nature-konservai-sunims-lamb-with-buckwheat-400g\/\",\"url\":\"https:\/\/zoosalis.lv\/brit-premium-by-nature-konservai-sunims-lamb-with-buckwheat-400g\/\",\"name\":\"Brit Premium by Nature konservai \u0161unims Lamb with Buckwheat 400g. | Dz\u012bvnieku produkti\",\"isPartOf\":{\"@id\":\"https:\/\/zoosalis.lv\/#website\"},\"primaryImageOfPage\":{\"@id\":\"https:\/\/zoosalis.lv\/brit-premium-by-nature-konservai-sunims-lamb-with-buckwheat-400g\/#primaryimage\"},\"image\":{\"@id\":\"https:\/\/zoosalis.lv\/brit-premium-by-nature-konservai-sunims-lamb-with-buckwheat-400g\/#primaryimage\"},\"thumbnailUrl\":\"https:\/\/zoosalis.lv\/wp-content\/uploads\/2025\/04\/lamb-800g.png\",\"datePublished\":\"2025-04-08T08:23:14+00:00\",\"dateModified\":\"2025-04-08T08:23:26+00:00\",\"breadcrumb\":{\"@id\":\"https:\/\/zoosalis.lv\/brit-premium-by-nature-konservai-sunims-lamb-with-buckwheat-400g\/#breadcrumb\"},\"inLanguage\":\"lv-LV\",\"potentialAction\":[{\"@type\":\"ReadAction\",\"target\":[\"https:\/\/zoosalis.lv\/brit-premium-by-nature-konservai-sunims-lamb-with-buckwheat-400g\/\"]}]},{\"@type\":\"ImageObject\",\"inLanguage\":\"lv-LV\",\"@id\":\"https:\/\/zoosalis.lv\/brit-premium-by-nature-konservai-sunims-lamb-with-buckwheat-400g\/#primaryimage\",\"url\":\"https:\/\/zoosalis.lv\/wp-content\/uploads\/2025\/04\/lamb-800g.png\",\"contentUrl\":\"https:\/\/zoosalis.lv\/wp-content\/uploads\/2025\/04\/lamb-800g.png\",\"width\":1185,\"height\":1032},{\"@type\":\"BreadcrumbList\",\"@id\":\"https:\/\/zoosalis.lv\/brit-premium-by-nature-konservai-sunims-lamb-with-buckwheat-400g\/#breadcrumb\",\"itemListElement\":[{\"@type\":\"ListItem\",\"position\":1,\"name\":\"Home\",\"item\":\"https:\/\/zoosalis.lv\/\"},{\"@type\":\"ListItem\",\"position\":2,\"name\":\"Parduotuv\u0117\",\"item\":\"https:\/\/zoosalis.lv\/parduotuve\/\"},{\"@type\":\"ListItem\",\"position\":3,\"name\":\"Brit Premium by Nature konservai \u0161unims Lamb with Buckwheat 400g.\"}]},{\"@type\":\"WebSite\",\"@id\":\"https:\/\/zoosalis.lv\/#website\",\"url\":\"https:\/\/zoosalis.lv\/\",\"name\":\"Dz\u012bvnieku produkti\",\"description\":\"zoo\u0161alis.lt\",\"publisher\":{\"@id\":\"https:\/\/zoosalis.lv\/#organization\"},\"potentialAction\":[{\"@type\":\"SearchAction\",\"target\":{\"@type\":\"EntryPoint\",\"urlTemplate\":\"https:\/\/zoosalis.lv\/?s={search_term_string}\"},\"query-input\":{\"@type\":\"PropertyValueSpecification\",\"valueRequired\":true,\"valueName\":\"search_term_string\"}}],\"inLanguage\":\"lv-LV\"},{\"@type\":\"Organization\",\"@id\":\"https:\/\/zoosalis.lv\/#organization\",\"name\":\"Zoo\u0161alis.lt\",\"url\":\"https:\/\/zoosalis.lv\/\",\"logo\":{\"@type\":\"ImageObject\",\"inLanguage\":\"lv-LV\",\"@id\":\"https:\/\/zoosalis.lv\/#\/schema\/logo\/image\/\",\"url\":\"https:\/\/zoosalis.lv\/wp-content\/uploads\/2024\/02\/Group-62.png\",\"contentUrl\":\"https:\/\/zoosalis.lv\/wp-content\/uploads\/2024\/02\/Group-62.png\",\"width\":1537,\"height\":337,\"caption\":\"Zoo\u0161alis.lt\"},\"image\":{\"@id\":\"https:\/\/zoosalis.lv\/#\/schema\/logo\/image\/\"},\"sameAs\":[\"https:\/\/www.facebook.com\/zooprekesjums\/\"]}]}<\/script>\n<!-- \/ Yoast SEO plugin. -->","yoast_head_json":{"title":"Brit Premium by Nature konservai \u0161unims Lamb with Buckwheat 400g. | Dz\u012bvnieku produkti","robots":{"index":"index","follow":"follow","max-snippet":"max-snippet:-1","max-image-preview":"max-image-preview:large","max-video-preview":"max-video-preview:-1"},"canonical":"https:\/\/zoosalis.lv\/lv\/brit-premium-by-nature-konservai-sunims-lamb-with-buckwheat-400g\/","og_locale":"lv_LV","og_type":"article","og_title":"Brit Premium by Nature konservai \u0161unims Lamb with Buckwheat 400g. | Dz\u012bvnieku produkti","og_description":"M\u0117sos pa\u0161tetas \u0161unims su \u0117riena ir grikiais, idealiai tinka \u0161unims turintiems jautr\u0173 vir\u0161kinim\u0105.","og_url":"https:\/\/zoosalis.lv\/lv\/brit-premium-by-nature-konservai-sunims-lamb-with-buckwheat-400g\/","og_site_name":"Dz\u012bvnieku produkti","article_publisher":"https:\/\/www.facebook.com\/zooprekesjums\/","article_modified_time":"2025-04-08T08:23:26+00:00","og_image":[{"width":1537,"height":337,"url":"https:\/\/zoosalis.lv\/wp-content\/uploads\/2024\/02\/Group-62.png","type":"image\/png"}],"twitter_card":"summary_large_image","twitter_misc":{"Est. reading time":"1 min\u016bte"},"schema":{"@context":"https:\/\/schema.org","@graph":[{"@type":"WebPage","@id":"https:\/\/zoosalis.lv\/brit-premium-by-nature-konservai-sunims-lamb-with-buckwheat-400g\/","url":"https:\/\/zoosalis.lv\/brit-premium-by-nature-konservai-sunims-lamb-with-buckwheat-400g\/","name":"Brit Premium by Nature konservai \u0161unims Lamb with Buckwheat 400g. | Dz\u012bvnieku produkti","isPartOf":{"@id":"https:\/\/zoosalis.lv\/#website"},"primaryImageOfPage":{"@id":"https:\/\/zoosalis.lv\/brit-premium-by-nature-konservai-sunims-lamb-with-buckwheat-400g\/#primaryimage"},"image":{"@id":"https:\/\/zoosalis.lv\/brit-premium-by-nature-konservai-sunims-lamb-with-buckwheat-400g\/#primaryimage"},"thumbnailUrl":"https:\/\/zoosalis.lv\/wp-content\/uploads\/2025\/04\/lamb-800g.png","datePublished":"2025-04-08T08:23:14+00:00","dateModified":"2025-04-08T08:23:26+00:00","breadcrumb":{"@id":"https:\/\/zoosalis.lv\/brit-premium-by-nature-konservai-sunims-lamb-with-buckwheat-400g\/#breadcrumb"},"inLanguage":"lv-LV","potentialAction":[{"@type":"ReadAction","target":["https:\/\/zoosalis.lv\/brit-premium-by-nature-konservai-sunims-lamb-with-buckwheat-400g\/"]}]},{"@type":"ImageObject","inLanguage":"lv-LV","@id":"https:\/\/zoosalis.lv\/brit-premium-by-nature-konservai-sunims-lamb-with-buckwheat-400g\/#primaryimage","url":"https:\/\/zoosalis.lv\/wp-content\/uploads\/2025\/04\/lamb-800g.png","contentUrl":"https:\/\/zoosalis.lv\/wp-content\/uploads\/2025\/04\/lamb-800g.png","width":1185,"height":1032},{"@type":"BreadcrumbList","@id":"https:\/\/zoosalis.lv\/brit-premium-by-nature-konservai-sunims-lamb-with-buckwheat-400g\/#breadcrumb","itemListElement":[{"@type":"ListItem","position":1,"name":"Home","item":"https:\/\/zoosalis.lv\/"},{"@type":"ListItem","position":2,"name":"Parduotuv\u0117","item":"https:\/\/zoosalis.lv\/parduotuve\/"},{"@type":"ListItem","position":3,"name":"Brit Premium by Nature konservai \u0161unims Lamb with Buckwheat 400g."}]},{"@type":"WebSite","@id":"https:\/\/zoosalis.lv\/#website","url":"https:\/\/zoosalis.lv\/","name":"Dz\u012bvnieku produkti","description":"zoo\u0161alis.lt","publisher":{"@id":"https:\/\/zoosalis.lv\/#organization"},"potentialAction":[{"@type":"SearchAction","target":{"@type":"EntryPoint","urlTemplate":"https:\/\/zoosalis.lv\/?s={search_term_string}"},"query-input":{"@type":"PropertyValueSpecification","valueRequired":true,"valueName":"search_term_string"}}],"inLanguage":"lv-LV"},{"@type":"Organization","@id":"https:\/\/zoosalis.lv\/#organization","name":"Zoo\u0161alis.lt","url":"https:\/\/zoosalis.lv\/","logo":{"@type":"ImageObject","inLanguage":"lv-LV","@id":"https:\/\/zoosalis.lv\/#\/schema\/logo\/image\/","url":"https:\/\/zoosalis.lv\/wp-content\/uploads\/2024\/02\/Group-62.png","contentUrl":"https:\/\/zoosalis.lv\/wp-content\/uploads\/2024\/02\/Group-62.png","width":1537,"height":337,"caption":"Zoo\u0161alis.lt"},"image":{"@id":"https:\/\/zoosalis.lv\/#\/schema\/logo\/image\/"},"sameAs":["https:\/\/www.facebook.com\/zooprekesjums\/"]}]}},"_links":{"self":[{"href":"https:\/\/zoosalis.lv\/lv\/wp-json\/wp\/v2\/product\/23068"}],"collection":[{"href":"https:\/\/zoosalis.lv\/lv\/wp-json\/wp\/v2\/product"}],"about":[{"href":"https:\/\/zoosalis.lv\/lv\/wp-json\/wp\/v2\/types\/product"}],"replies":[{"embeddable":true,"href":"https:\/\/zoosalis.lv\/lv\/wp-json\/wp\/v2\/comments?post=23068"}],"wp:featuredmedia":[{"embeddable":true,"href":"https:\/\/zoosalis.lv\/lv\/wp-json\/wp\/v2\/media\/21318"}],"wp:attachment":[{"href":"https:\/\/zoosalis.lv\/lv\/wp-json\/wp\/v2\/media?parent=23068"}],"wp:term":[{"taxonomy":"product_brand","embeddable":true,"href":"https:\/\/zoosalis.lv\/lv\/wp-json\/wp\/v2\/product_brand?post=23068"},{"taxonomy":"product_cat","embeddable":true,"href":"https:\/\/zoosalis.lv\/lv\/wp-json\/wp\/v2\/product_cat?post=23068"},{"taxonomy":"product_tag","embeddable":true,"href":"https:\/\/zoosalis.lv\/lv\/wp-json\/wp\/v2\/product_tag?post=23068"}],"curies":[{"name":"wp","href":"https:\/\/api.w.org\/{rel}","templated":true}]}}