{"id":23571,"date":"2025-04-08T08:33:52","date_gmt":"2025-04-08T08:33:52","guid":{"rendered":"https:\/\/zoosalis.lv\/?post_type=product&#038;p=23571"},"modified":"2025-04-08T08:35:15","modified_gmt":"2025-04-08T08:35:15","slug":"josera-mini-junior-jauniems-suniukams-nuo-3-savaiciu-su-antiena-10kg","status":"publish","type":"product","link":"https:\/\/zoosalis.lv\/lv\/josera-mini-junior-jauniems-suniukams-nuo-3-savaiciu-su-antiena-10kg\/","title":{"rendered":"JOSERA MINI JUNIOR maziem kuc\u0113niem no 3 ned\u0113\u013cu vecuma ar p\u012bli 10 kg"},"content":{"rendered":"<p>Jaunajiem p\u0113tniekiem, kuri v\u0113las piedz\u012bvot aizraujo\u0161us piedz\u012bvojumus un kuriem ir lieli pl\u0101ni: m\u016bsu \u012bpa\u0161i izstr\u0101d\u0101t\u0101 bar\u012bba mazo \u0161\u0137ir\u0146u kuc\u0113nu audz\u0113\u0161anai satur lab\u0101k\u0101s uzturvielas vesel\u012bgas att\u012bst\u012bbas veicin\u0101\u0161anai. \u0160\u012b bar\u012bba ir piem\u0113rota l\u012bdz kuc\u0113nu pilngad\u012bbai, t\u0101p\u0113c vi\u0146iem nav j\u0101pierod pie citas bar\u012bbas, un t\u0101 ar\u012b nov\u0113r\u0161 zobakmens veido\u0161anos.<\/p>\n<p>Piem\u0113rots no 3 ned\u0113\u013cu vecuma<\/p>\n<p>Mazas un gardas bar\u012bbas granulas, kas gatavotas no kvalitat\u012bvas p\u012bles un maiga la\u0161a<\/p>\n<p>V\u0113rt\u012bgas tauksk\u0101bes vesel\u012bgai \u0101dai un sp\u012bd\u012bgam ka\u017eokam<\/p>\n<p>Viegli sagremojama bar\u012bba samazina izk\u0101rn\u012bjumu daudzumu<\/p>\n<p>\u00b7 Piem\u0113rots ar\u012b pieaugu\u0161iem mazo \u0161\u0137ir\u0146u su\u0146iem<\/p>\n<p>Zobu zobakmens profilaksei<\/p>\n<p>Siekal\u0101s saist\u012btais kalcijs samazina zobakmens veido\u0161an\u0101s risku.<\/p>\n<p>Optim\u0101lai att\u012bst\u012bbai<\/p>\n<p>V\u0113rt\u012bg\u0101s tauksk\u0101bes no la\u0161a uzlabo smadze\u0146u att\u012bst\u012bbu. L-karnit\u012bns un augstv\u0113rt\u012bgas olbaltumvielas veicina sp\u0113c\u012bgu musku\u013cu att\u012bst\u012bbu.<\/p>\n<p>Mazas granulas<\/p>\n<p>Pateicoties granulu mazajam izm\u0113ram, mazo \u0161\u0137ir\u0146u su\u0146i bar\u012bbu lab\u0101k sako\u0161\u013c\u0101.<\/p>\n<p>Sast\u0101vda\u013cas: p\u012bles prote\u012bns (\u017e\u0101v\u0113ts) 23.0%; r\u012bsi; kartupe\u013ci (\u017e\u0101v\u0113ti); m\u0101jputnu tauki; kartupe\u013cu prote\u012bns; cukurbie\u0161u \u0161\u0137iedrvielas; la\u0161a milti 4.0%; hidroliz\u0113ts m\u0101jputnu prote\u012bns; miner\u0101lvielas (n\u0101trija tripolifosf\u0101ts 0.35%); hidroliz\u0113ts dz\u012bvnieku prote\u012bns; raugs; gar\u0161augi, aug\u013ci; cigori\u0146u sakne (dab\u012bgs inul\u012bna avots); \u017e\u0101v\u0113ta Jaunz\u0113landes m\u012bdiju ga\u013ca (Perna canaliculus).<\/p>","protected":false},"excerpt":{"rendered":"<p>Jauniems tyrin\u0117tojams, norintiems patirti \u012fdomi\u0173 nuotyki\u0173 ir rezgantiems didelius planus: m\u016bs\u0173 specialiai sukurto pa\u0161aro, skirto augantiems ma\u017e\u0173 veisli\u0173 \u0161uniukams, sud\u0117tyje yra geriausios maistin\u0117s med\u017eiagos, skatinan\u010dios sveik\u0105 vystym\u0105si. \u0160is pa\u0161aras tinkamas iki kol \u0161uniukai suauga, tad jiems nereikia pratintis prie kito maisto, be to, jis apsaugo nuo dant\u0173 akmen\u0173 formavimosi. \u00b7 Tinkamas nuo 3 savai\u010di\u0173 am\u017eiaus [&hellip;]<\/p>","protected":false},"featured_media":23633,"comment_status":"closed","ping_status":"closed","template":"","meta":{"_acf_changed":false,"_monsterinsights_skip_tracking":false,"_monsterinsights_sitenote_active":false,"_monsterinsights_sitenote_note":"","_monsterinsights_sitenote_category":0},"product_brand":[],"product_cat":[925,873,879,874],"product_tag":[],"class_list":{"0":"post-23571","1":"product","2":"type-product","3":"status-publish","4":"has-post-thumbnail","6":"product_cat-josera-sunu-maistas","7":"product_cat-prekes-sunims","8":"product_cat-sausas-maistas-sunims","9":"product_cat-sunu-maistas","11":"first","12":"instock","13":"shipping-taxable","14":"purchasable","15":"product-type-simple"},"acf":[],"aioseo_notices":[],"yoast_head":"<!-- This site is optimized with the Yoast SEO plugin v24.8.1 - https:\/\/yoast.com\/wordpress\/plugins\/seo\/ -->\n<title>JOSERA MINI JUNIOR Jauniems \u0160uniukams Nuo 3 Savai\u010di\u0173 Su Antiena 10kg | Dz\u012bvnieku produkti<\/title>\n<meta name=\"robots\" content=\"index, follow, max-snippet:-1, max-image-preview:large, max-video-preview:-1\" \/>\n<link rel=\"canonical\" href=\"https:\/\/zoosalis.lv\/lv\/josera-mini-junior-jauniems-suniukams-nuo-3-savaiciu-su-antiena-10kg\/\" \/>\n<meta property=\"og:locale\" content=\"lv_LV\" \/>\n<meta property=\"og:type\" content=\"article\" \/>\n<meta property=\"og:title\" content=\"JOSERA MINI JUNIOR Jauniems \u0160uniukams Nuo 3 Savai\u010di\u0173 Su Antiena 10kg | Dz\u012bvnieku produkti\" \/>\n<meta property=\"og:description\" content=\"Jauniems tyrin\u0117tojams, norintiems patirti \u012fdomi\u0173 nuotyki\u0173 ir rezgantiems didelius planus: m\u016bs\u0173 specialiai sukurto pa\u0161aro, skirto augantiems ma\u017e\u0173 veisli\u0173 \u0161uniukams, sud\u0117tyje yra geriausios maistin\u0117s med\u017eiagos, skatinan\u010dios sveik\u0105 vystym\u0105si. \u0160is pa\u0161aras tinkamas iki kol \u0161uniukai suauga, tad jiems nereikia pratintis prie kito maisto, be to, jis apsaugo nuo dant\u0173 akmen\u0173 formavimosi. \u00b7 Tinkamas nuo 3 savai\u010di\u0173 am\u017eiaus [&hellip;]\" \/>\n<meta property=\"og:url\" content=\"https:\/\/zoosalis.lv\/lv\/josera-mini-junior-jauniems-suniukams-nuo-3-savaiciu-su-antiena-10kg\/\" \/>\n<meta property=\"og:site_name\" content=\"Dz\u012bvnieku produkti\" \/>\n<meta property=\"article:publisher\" content=\"https:\/\/www.facebook.com\/zooprekesjums\/\" \/>\n<meta property=\"article:modified_time\" content=\"2025-04-08T08:35:15+00:00\" \/>\n<meta property=\"og:image\" content=\"https:\/\/zoosalis.lv\/wp-content\/uploads\/2024\/02\/Group-62.png\" \/>\n\t<meta property=\"og:image:width\" content=\"1537\" \/>\n\t<meta property=\"og:image:height\" content=\"337\" \/>\n\t<meta property=\"og:image:type\" content=\"image\/png\" \/>\n<meta name=\"twitter:card\" content=\"summary_large_image\" \/>\n<meta name=\"twitter:label1\" content=\"Est. reading time\" \/>\n\t<meta name=\"twitter:data1\" content=\"1 min\u016bte\" \/>\n<script type=\"application\/ld+json\" class=\"yoast-schema-graph\">{\"@context\":\"https:\/\/schema.org\",\"@graph\":[{\"@type\":\"WebPage\",\"@id\":\"https:\/\/zoosalis.lv\/josera-mini-junior-jauniems-suniukams-nuo-3-savaiciu-su-antiena-10kg\/\",\"url\":\"https:\/\/zoosalis.lv\/josera-mini-junior-jauniems-suniukams-nuo-3-savaiciu-su-antiena-10kg\/\",\"name\":\"JOSERA MINI JUNIOR Jauniems \u0160uniukams Nuo 3 Savai\u010di\u0173 Su Antiena 10kg | Dz\u012bvnieku produkti\",\"isPartOf\":{\"@id\":\"https:\/\/zoosalis.lv\/#website\"},\"primaryImageOfPage\":{\"@id\":\"https:\/\/zoosalis.lv\/josera-mini-junior-jauniems-suniukams-nuo-3-savaiciu-su-antiena-10kg\/#primaryimage\"},\"image\":{\"@id\":\"https:\/\/zoosalis.lv\/josera-mini-junior-jauniems-suniukams-nuo-3-savaiciu-su-antiena-10kg\/#primaryimage\"},\"thumbnailUrl\":\"https:\/\/zoosalis.lv\/wp-content\/uploads\/2025\/04\/josera-mini-junior-jauniems-suniukams-nuo-3-savaiciu-15-kg.jpg\",\"datePublished\":\"2025-04-08T08:33:52+00:00\",\"dateModified\":\"2025-04-08T08:35:15+00:00\",\"breadcrumb\":{\"@id\":\"https:\/\/zoosalis.lv\/josera-mini-junior-jauniems-suniukams-nuo-3-savaiciu-su-antiena-10kg\/#breadcrumb\"},\"inLanguage\":\"lv-LV\",\"potentialAction\":[{\"@type\":\"ReadAction\",\"target\":[\"https:\/\/zoosalis.lv\/josera-mini-junior-jauniems-suniukams-nuo-3-savaiciu-su-antiena-10kg\/\"]}]},{\"@type\":\"ImageObject\",\"inLanguage\":\"lv-LV\",\"@id\":\"https:\/\/zoosalis.lv\/josera-mini-junior-jauniems-suniukams-nuo-3-savaiciu-su-antiena-10kg\/#primaryimage\",\"url\":\"https:\/\/zoosalis.lv\/wp-content\/uploads\/2025\/04\/josera-mini-junior-jauniems-suniukams-nuo-3-savaiciu-15-kg.jpg\",\"contentUrl\":\"https:\/\/zoosalis.lv\/wp-content\/uploads\/2025\/04\/josera-mini-junior-jauniems-suniukams-nuo-3-savaiciu-15-kg.jpg\",\"width\":1000,\"height\":1000},{\"@type\":\"BreadcrumbList\",\"@id\":\"https:\/\/zoosalis.lv\/josera-mini-junior-jauniems-suniukams-nuo-3-savaiciu-su-antiena-10kg\/#breadcrumb\",\"itemListElement\":[{\"@type\":\"ListItem\",\"position\":1,\"name\":\"Home\",\"item\":\"https:\/\/zoosalis.lv\/\"},{\"@type\":\"ListItem\",\"position\":2,\"name\":\"Parduotuv\u0117\",\"item\":\"https:\/\/zoosalis.lv\/parduotuve\/\"},{\"@type\":\"ListItem\",\"position\":3,\"name\":\"JOSERA MINI JUNIOR Jauniems \u0160uniukams Nuo 3 Savai\u010di\u0173 Su Antiena 10kg\"}]},{\"@type\":\"WebSite\",\"@id\":\"https:\/\/zoosalis.lv\/#website\",\"url\":\"https:\/\/zoosalis.lv\/\",\"name\":\"Dz\u012bvnieku produkti\",\"description\":\"zoo\u0161alis.lt\",\"publisher\":{\"@id\":\"https:\/\/zoosalis.lv\/#organization\"},\"potentialAction\":[{\"@type\":\"SearchAction\",\"target\":{\"@type\":\"EntryPoint\",\"urlTemplate\":\"https:\/\/zoosalis.lv\/?s={search_term_string}\"},\"query-input\":{\"@type\":\"PropertyValueSpecification\",\"valueRequired\":true,\"valueName\":\"search_term_string\"}}],\"inLanguage\":\"lv-LV\"},{\"@type\":\"Organization\",\"@id\":\"https:\/\/zoosalis.lv\/#organization\",\"name\":\"Zoo\u0161alis.lt\",\"url\":\"https:\/\/zoosalis.lv\/\",\"logo\":{\"@type\":\"ImageObject\",\"inLanguage\":\"lv-LV\",\"@id\":\"https:\/\/zoosalis.lv\/#\/schema\/logo\/image\/\",\"url\":\"https:\/\/zoosalis.lv\/wp-content\/uploads\/2024\/02\/Group-62.png\",\"contentUrl\":\"https:\/\/zoosalis.lv\/wp-content\/uploads\/2024\/02\/Group-62.png\",\"width\":1537,\"height\":337,\"caption\":\"Zoo\u0161alis.lt\"},\"image\":{\"@id\":\"https:\/\/zoosalis.lv\/#\/schema\/logo\/image\/\"},\"sameAs\":[\"https:\/\/www.facebook.com\/zooprekesjums\/\"]}]}<\/script>\n<!-- \/ Yoast SEO plugin. -->","yoast_head_json":{"title":"JOSERA MINI JUNIOR Jauniems \u0160uniukams Nuo 3 Savai\u010di\u0173 Su Antiena 10kg | Dz\u012bvnieku produkti","robots":{"index":"index","follow":"follow","max-snippet":"max-snippet:-1","max-image-preview":"max-image-preview:large","max-video-preview":"max-video-preview:-1"},"canonical":"https:\/\/zoosalis.lv\/lv\/josera-mini-junior-jauniems-suniukams-nuo-3-savaiciu-su-antiena-10kg\/","og_locale":"lv_LV","og_type":"article","og_title":"JOSERA MINI JUNIOR Jauniems \u0160uniukams Nuo 3 Savai\u010di\u0173 Su Antiena 10kg | Dz\u012bvnieku produkti","og_description":"Jauniems tyrin\u0117tojams, norintiems patirti \u012fdomi\u0173 nuotyki\u0173 ir rezgantiems didelius planus: m\u016bs\u0173 specialiai sukurto pa\u0161aro, skirto augantiems ma\u017e\u0173 veisli\u0173 \u0161uniukams, sud\u0117tyje yra geriausios maistin\u0117s med\u017eiagos, skatinan\u010dios sveik\u0105 vystym\u0105si. \u0160is pa\u0161aras tinkamas iki kol \u0161uniukai suauga, tad jiems nereikia pratintis prie kito maisto, be to, jis apsaugo nuo dant\u0173 akmen\u0173 formavimosi. \u00b7 Tinkamas nuo 3 savai\u010di\u0173 am\u017eiaus [&hellip;]","og_url":"https:\/\/zoosalis.lv\/lv\/josera-mini-junior-jauniems-suniukams-nuo-3-savaiciu-su-antiena-10kg\/","og_site_name":"Dz\u012bvnieku produkti","article_publisher":"https:\/\/www.facebook.com\/zooprekesjums\/","article_modified_time":"2025-04-08T08:35:15+00:00","og_image":[{"width":1537,"height":337,"url":"https:\/\/zoosalis.lv\/wp-content\/uploads\/2024\/02\/Group-62.png","type":"image\/png"}],"twitter_card":"summary_large_image","twitter_misc":{"Est. reading time":"1 min\u016bte"},"schema":{"@context":"https:\/\/schema.org","@graph":[{"@type":"WebPage","@id":"https:\/\/zoosalis.lv\/josera-mini-junior-jauniems-suniukams-nuo-3-savaiciu-su-antiena-10kg\/","url":"https:\/\/zoosalis.lv\/josera-mini-junior-jauniems-suniukams-nuo-3-savaiciu-su-antiena-10kg\/","name":"JOSERA MINI JUNIOR Jauniems \u0160uniukams Nuo 3 Savai\u010di\u0173 Su Antiena 10kg | Dz\u012bvnieku produkti","isPartOf":{"@id":"https:\/\/zoosalis.lv\/#website"},"primaryImageOfPage":{"@id":"https:\/\/zoosalis.lv\/josera-mini-junior-jauniems-suniukams-nuo-3-savaiciu-su-antiena-10kg\/#primaryimage"},"image":{"@id":"https:\/\/zoosalis.lv\/josera-mini-junior-jauniems-suniukams-nuo-3-savaiciu-su-antiena-10kg\/#primaryimage"},"thumbnailUrl":"https:\/\/zoosalis.lv\/wp-content\/uploads\/2025\/04\/josera-mini-junior-jauniems-suniukams-nuo-3-savaiciu-15-kg.jpg","datePublished":"2025-04-08T08:33:52+00:00","dateModified":"2025-04-08T08:35:15+00:00","breadcrumb":{"@id":"https:\/\/zoosalis.lv\/josera-mini-junior-jauniems-suniukams-nuo-3-savaiciu-su-antiena-10kg\/#breadcrumb"},"inLanguage":"lv-LV","potentialAction":[{"@type":"ReadAction","target":["https:\/\/zoosalis.lv\/josera-mini-junior-jauniems-suniukams-nuo-3-savaiciu-su-antiena-10kg\/"]}]},{"@type":"ImageObject","inLanguage":"lv-LV","@id":"https:\/\/zoosalis.lv\/josera-mini-junior-jauniems-suniukams-nuo-3-savaiciu-su-antiena-10kg\/#primaryimage","url":"https:\/\/zoosalis.lv\/wp-content\/uploads\/2025\/04\/josera-mini-junior-jauniems-suniukams-nuo-3-savaiciu-15-kg.jpg","contentUrl":"https:\/\/zoosalis.lv\/wp-content\/uploads\/2025\/04\/josera-mini-junior-jauniems-suniukams-nuo-3-savaiciu-15-kg.jpg","width":1000,"height":1000},{"@type":"BreadcrumbList","@id":"https:\/\/zoosalis.lv\/josera-mini-junior-jauniems-suniukams-nuo-3-savaiciu-su-antiena-10kg\/#breadcrumb","itemListElement":[{"@type":"ListItem","position":1,"name":"Home","item":"https:\/\/zoosalis.lv\/"},{"@type":"ListItem","position":2,"name":"Parduotuv\u0117","item":"https:\/\/zoosalis.lv\/parduotuve\/"},{"@type":"ListItem","position":3,"name":"JOSERA MINI JUNIOR Jauniems \u0160uniukams Nuo 3 Savai\u010di\u0173 Su Antiena 10kg"}]},{"@type":"WebSite","@id":"https:\/\/zoosalis.lv\/#website","url":"https:\/\/zoosalis.lv\/","name":"Dz\u012bvnieku produkti","description":"zoo\u0161alis.lt","publisher":{"@id":"https:\/\/zoosalis.lv\/#organization"},"potentialAction":[{"@type":"SearchAction","target":{"@type":"EntryPoint","urlTemplate":"https:\/\/zoosalis.lv\/?s={search_term_string}"},"query-input":{"@type":"PropertyValueSpecification","valueRequired":true,"valueName":"search_term_string"}}],"inLanguage":"lv-LV"},{"@type":"Organization","@id":"https:\/\/zoosalis.lv\/#organization","name":"Zoo\u0161alis.lt","url":"https:\/\/zoosalis.lv\/","logo":{"@type":"ImageObject","inLanguage":"lv-LV","@id":"https:\/\/zoosalis.lv\/#\/schema\/logo\/image\/","url":"https:\/\/zoosalis.lv\/wp-content\/uploads\/2024\/02\/Group-62.png","contentUrl":"https:\/\/zoosalis.lv\/wp-content\/uploads\/2024\/02\/Group-62.png","width":1537,"height":337,"caption":"Zoo\u0161alis.lt"},"image":{"@id":"https:\/\/zoosalis.lv\/#\/schema\/logo\/image\/"},"sameAs":["https:\/\/www.facebook.com\/zooprekesjums\/"]}]}},"_links":{"self":[{"href":"https:\/\/zoosalis.lv\/lv\/wp-json\/wp\/v2\/product\/23571"}],"collection":[{"href":"https:\/\/zoosalis.lv\/lv\/wp-json\/wp\/v2\/product"}],"about":[{"href":"https:\/\/zoosalis.lv\/lv\/wp-json\/wp\/v2\/types\/product"}],"replies":[{"embeddable":true,"href":"https:\/\/zoosalis.lv\/lv\/wp-json\/wp\/v2\/comments?post=23571"}],"wp:featuredmedia":[{"embeddable":true,"href":"https:\/\/zoosalis.lv\/lv\/wp-json\/wp\/v2\/media\/23633"}],"wp:attachment":[{"href":"https:\/\/zoosalis.lv\/lv\/wp-json\/wp\/v2\/media?parent=23571"}],"wp:term":[{"taxonomy":"product_brand","embeddable":true,"href":"https:\/\/zoosalis.lv\/lv\/wp-json\/wp\/v2\/product_brand?post=23571"},{"taxonomy":"product_cat","embeddable":true,"href":"https:\/\/zoosalis.lv\/lv\/wp-json\/wp\/v2\/product_cat?post=23571"},{"taxonomy":"product_tag","embeddable":true,"href":"https:\/\/zoosalis.lv\/lv\/wp-json\/wp\/v2\/product_tag?post=23571"}],"curies":[{"name":"wp","href":"https:\/\/api.w.org\/{rel}","templated":true}]}}