{"id":23699,"date":"2025-04-08T08:37:07","date_gmt":"2025-04-08T08:37:07","guid":{"rendered":"https:\/\/zoosalis.lv\/?post_type=product&#038;p=23699"},"modified":"2025-04-08T08:38:17","modified_gmt":"2025-04-08T08:38:17","slug":"libra-dog-lamb-pasaras-sunims-su-eriena-12kg","status":"publish","type":"product","link":"https:\/\/zoosalis.lv\/lv\/libra-dog-lamb-pasaras-sunims-su-eriena-12kg\/","title":{"rendered":"LIBRA DOG LAMB su\u0146u bar\u012bba ar j\u0113ru 12 kg"},"content":{"rendered":"<p style=\"font-weight: 400;\"><b><strong>SAST\u0100VS<\/strong><\/b>Sast\u0101vda\u013cas: graudaugi (pilngraudu kvie\u0161i 4%, pilngraudu kukur\u016bza 4%), ga\u013ca un ga\u013cas produkti (\u017e\u0101v\u0113ta j\u0113ra ga\u013ca 4%), augu izcelsmes produkti, d\u0101rze\u0146i, e\u013c\u013cas un tauki, augu olbaltumvielu ekstrakts, miner\u0101lvielas.<\/p>\n<p style=\"font-weight: 400;\"><b><strong>PIEDERUMI \/KG. P\u0101rtikas piedevas<\/strong><\/b>A vitam\u012bns 21000 SV; D3 vitam\u012bns 1400 SV; vit. E 75 mg; dzelzs (II) sulf\u0101ta monohidr\u0101ts 237 mg (Fe:78 mg); k\u0101lija jod\u012bds 1,7 mg (I: 1,31 mg) vara (II) sulf\u0101ta pentahidr\u0101ts 30 mg (Cu: 8 mg); mang\u0101na sulf\u0101ta monohidr\u0101ts 112 mg (Mn: 36,5 mg); cinka sulf\u0101ta monohidr\u0101ts 219 mg (Zn: 80 mg); n\u0101trija selen\u012bts 0,22 mg (Se: 0,1 mg). Ar antioksidantiem.<\/p>\n<p style=\"font-weight: 400;\"><b><strong>ANAL\u012aTISK\u0100S KOMPONENTES:\u00a0<\/strong><\/b>neapstr\u0101d\u0101ts prote\u012bns 24%; neapstr\u0101d\u0101ti tauki 12%; j\u0113l\u0161\u0137iedra 3%; za\u013cie pelni 8%; omega 6 1,5%.<\/p>","protected":false},"excerpt":{"rendered":"<p>SUD\u0116TIS: gr\u016bdai (pilno gr\u016bdo kvie\u010di\u0173 4%, pilno gr\u016bdo kukur\u016bz\u0173 4%), m\u0117sa ir m\u0117sos produktai (sausos \u0117rienos 4%), dar\u017eovi\u0173 produktai, dar\u017eov\u0117s, aliejai ir riebalai, dar\u017eovi\u0173 baltym\u0173 ekstraktas, mineralai. PRIEDAI \/KG. Maistiniai priedai: vitamino A 21000 TV; vit.D3 1400TV; vit.E 75mg; gele\u017eies (II) sulfato monohidrato 237mg (Fe:78mg); kalio jodido 1.7mg (I:1.31mg) vario (II) sulfato pentahidrato 30mg (Cu:8mg); [&hellip;]<\/p>","protected":false},"featured_media":23745,"comment_status":"open","ping_status":"closed","template":"","meta":{"_acf_changed":false,"_monsterinsights_skip_tracking":false,"_monsterinsights_sitenote_active":false,"_monsterinsights_sitenote_note":"","_monsterinsights_sitenote_category":0},"product_brand":[],"product_cat":[873,879,874],"product_tag":[],"class_list":{"0":"post-23699","1":"product","2":"type-product","3":"status-publish","4":"has-post-thumbnail","6":"product_cat-prekes-sunims","7":"product_cat-sausas-maistas-sunims","8":"product_cat-sunu-maistas","10":"first","11":"instock","12":"shipping-taxable","13":"purchasable","14":"product-type-simple"},"acf":[],"aioseo_notices":[],"yoast_head":"<!-- This site is optimized with the Yoast SEO plugin v24.8.1 - https:\/\/yoast.com\/wordpress\/plugins\/seo\/ -->\n<title>LIBRA DOG LAMB Pa\u0161aras \u0160unims Su \u0116riena 12kg | Dz\u012bvnieku produkti<\/title>\n<meta name=\"robots\" content=\"index, follow, max-snippet:-1, max-image-preview:large, max-video-preview:-1\" \/>\n<link rel=\"canonical\" href=\"https:\/\/zoosalis.lv\/lv\/libra-dog-lamb-pasaras-sunims-su-eriena-12kg\/\" \/>\n<meta property=\"og:locale\" content=\"lv_LV\" \/>\n<meta property=\"og:type\" content=\"article\" \/>\n<meta property=\"og:title\" content=\"LIBRA DOG LAMB Pa\u0161aras \u0160unims Su \u0116riena 12kg | Dz\u012bvnieku produkti\" \/>\n<meta property=\"og:description\" content=\"SUD\u0116TIS: gr\u016bdai (pilno gr\u016bdo kvie\u010di\u0173 4%, pilno gr\u016bdo kukur\u016bz\u0173 4%), m\u0117sa ir m\u0117sos produktai (sausos \u0117rienos 4%), dar\u017eovi\u0173 produktai, dar\u017eov\u0117s, aliejai ir riebalai, dar\u017eovi\u0173 baltym\u0173 ekstraktas, mineralai. PRIEDAI \/KG. Maistiniai priedai: vitamino A 21000 TV; vit.D3 1400TV; vit.E 75mg; gele\u017eies (II) sulfato monohidrato 237mg (Fe:78mg); kalio jodido 1.7mg (I:1.31mg) vario (II) sulfato pentahidrato 30mg (Cu:8mg); [&hellip;]\" \/>\n<meta property=\"og:url\" content=\"https:\/\/zoosalis.lv\/lv\/libra-dog-lamb-pasaras-sunims-su-eriena-12kg\/\" \/>\n<meta property=\"og:site_name\" content=\"Dz\u012bvnieku produkti\" \/>\n<meta property=\"article:publisher\" content=\"https:\/\/www.facebook.com\/zooprekesjums\/\" \/>\n<meta property=\"article:modified_time\" content=\"2025-04-08T08:38:17+00:00\" \/>\n<meta property=\"og:image\" content=\"https:\/\/zoosalis.lv\/wp-content\/uploads\/2024\/02\/Group-62.png\" \/>\n\t<meta property=\"og:image:width\" content=\"1537\" \/>\n\t<meta property=\"og:image:height\" content=\"337\" \/>\n\t<meta property=\"og:image:type\" content=\"image\/png\" \/>\n<meta name=\"twitter:card\" content=\"summary_large_image\" \/>\n<meta name=\"twitter:label1\" content=\"Est. reading time\" \/>\n\t<meta name=\"twitter:data1\" content=\"1 min\u016bte\" \/>\n<script type=\"application\/ld+json\" class=\"yoast-schema-graph\">{\"@context\":\"https:\/\/schema.org\",\"@graph\":[{\"@type\":\"WebPage\",\"@id\":\"https:\/\/zoosalis.lv\/libra-dog-lamb-pasaras-sunims-su-eriena-12kg\/\",\"url\":\"https:\/\/zoosalis.lv\/libra-dog-lamb-pasaras-sunims-su-eriena-12kg\/\",\"name\":\"LIBRA DOG LAMB Pa\u0161aras \u0160unims Su \u0116riena 12kg | Dz\u012bvnieku produkti\",\"isPartOf\":{\"@id\":\"https:\/\/zoosalis.lv\/#website\"},\"primaryImageOfPage\":{\"@id\":\"https:\/\/zoosalis.lv\/libra-dog-lamb-pasaras-sunims-su-eriena-12kg\/#primaryimage\"},\"image\":{\"@id\":\"https:\/\/zoosalis.lv\/libra-dog-lamb-pasaras-sunims-su-eriena-12kg\/#primaryimage\"},\"thumbnailUrl\":\"https:\/\/zoosalis.lv\/wp-content\/uploads\/2025\/04\/dog-lamb.jpg\",\"datePublished\":\"2025-04-08T08:37:07+00:00\",\"dateModified\":\"2025-04-08T08:38:17+00:00\",\"breadcrumb\":{\"@id\":\"https:\/\/zoosalis.lv\/libra-dog-lamb-pasaras-sunims-su-eriena-12kg\/#breadcrumb\"},\"inLanguage\":\"lv-LV\",\"potentialAction\":[{\"@type\":\"ReadAction\",\"target\":[\"https:\/\/zoosalis.lv\/libra-dog-lamb-pasaras-sunims-su-eriena-12kg\/\"]}]},{\"@type\":\"ImageObject\",\"inLanguage\":\"lv-LV\",\"@id\":\"https:\/\/zoosalis.lv\/libra-dog-lamb-pasaras-sunims-su-eriena-12kg\/#primaryimage\",\"url\":\"https:\/\/zoosalis.lv\/wp-content\/uploads\/2025\/04\/dog-lamb.jpg\",\"contentUrl\":\"https:\/\/zoosalis.lv\/wp-content\/uploads\/2025\/04\/dog-lamb.jpg\",\"width\":1501,\"height\":1501},{\"@type\":\"BreadcrumbList\",\"@id\":\"https:\/\/zoosalis.lv\/libra-dog-lamb-pasaras-sunims-su-eriena-12kg\/#breadcrumb\",\"itemListElement\":[{\"@type\":\"ListItem\",\"position\":1,\"name\":\"Home\",\"item\":\"https:\/\/zoosalis.lv\/\"},{\"@type\":\"ListItem\",\"position\":2,\"name\":\"Parduotuv\u0117\",\"item\":\"https:\/\/zoosalis.lv\/parduotuve\/\"},{\"@type\":\"ListItem\",\"position\":3,\"name\":\"LIBRA DOG LAMB Pa\u0161aras \u0160unims Su \u0116riena 12kg\"}]},{\"@type\":\"WebSite\",\"@id\":\"https:\/\/zoosalis.lv\/#website\",\"url\":\"https:\/\/zoosalis.lv\/\",\"name\":\"Dz\u012bvnieku produkti\",\"description\":\"zoo\u0161alis.lt\",\"publisher\":{\"@id\":\"https:\/\/zoosalis.lv\/#organization\"},\"potentialAction\":[{\"@type\":\"SearchAction\",\"target\":{\"@type\":\"EntryPoint\",\"urlTemplate\":\"https:\/\/zoosalis.lv\/?s={search_term_string}\"},\"query-input\":{\"@type\":\"PropertyValueSpecification\",\"valueRequired\":true,\"valueName\":\"search_term_string\"}}],\"inLanguage\":\"lv-LV\"},{\"@type\":\"Organization\",\"@id\":\"https:\/\/zoosalis.lv\/#organization\",\"name\":\"Zoo\u0161alis.lt\",\"url\":\"https:\/\/zoosalis.lv\/\",\"logo\":{\"@type\":\"ImageObject\",\"inLanguage\":\"lv-LV\",\"@id\":\"https:\/\/zoosalis.lv\/#\/schema\/logo\/image\/\",\"url\":\"https:\/\/zoosalis.lv\/wp-content\/uploads\/2024\/02\/Group-62.png\",\"contentUrl\":\"https:\/\/zoosalis.lv\/wp-content\/uploads\/2024\/02\/Group-62.png\",\"width\":1537,\"height\":337,\"caption\":\"Zoo\u0161alis.lt\"},\"image\":{\"@id\":\"https:\/\/zoosalis.lv\/#\/schema\/logo\/image\/\"},\"sameAs\":[\"https:\/\/www.facebook.com\/zooprekesjums\/\"]}]}<\/script>\n<!-- \/ Yoast SEO plugin. -->","yoast_head_json":{"title":"LIBRA DOG LAMB Pa\u0161aras \u0160unims Su \u0116riena 12kg | Dz\u012bvnieku produkti","robots":{"index":"index","follow":"follow","max-snippet":"max-snippet:-1","max-image-preview":"max-image-preview:large","max-video-preview":"max-video-preview:-1"},"canonical":"https:\/\/zoosalis.lv\/lv\/libra-dog-lamb-pasaras-sunims-su-eriena-12kg\/","og_locale":"lv_LV","og_type":"article","og_title":"LIBRA DOG LAMB Pa\u0161aras \u0160unims Su \u0116riena 12kg | Dz\u012bvnieku produkti","og_description":"SUD\u0116TIS: gr\u016bdai (pilno gr\u016bdo kvie\u010di\u0173 4%, pilno gr\u016bdo kukur\u016bz\u0173 4%), m\u0117sa ir m\u0117sos produktai (sausos \u0117rienos 4%), dar\u017eovi\u0173 produktai, dar\u017eov\u0117s, aliejai ir riebalai, dar\u017eovi\u0173 baltym\u0173 ekstraktas, mineralai. PRIEDAI \/KG. Maistiniai priedai: vitamino A 21000 TV; vit.D3 1400TV; vit.E 75mg; gele\u017eies (II) sulfato monohidrato 237mg (Fe:78mg); kalio jodido 1.7mg (I:1.31mg) vario (II) sulfato pentahidrato 30mg (Cu:8mg); [&hellip;]","og_url":"https:\/\/zoosalis.lv\/lv\/libra-dog-lamb-pasaras-sunims-su-eriena-12kg\/","og_site_name":"Dz\u012bvnieku produkti","article_publisher":"https:\/\/www.facebook.com\/zooprekesjums\/","article_modified_time":"2025-04-08T08:38:17+00:00","og_image":[{"width":1537,"height":337,"url":"https:\/\/zoosalis.lv\/wp-content\/uploads\/2024\/02\/Group-62.png","type":"image\/png"}],"twitter_card":"summary_large_image","twitter_misc":{"Est. reading time":"1 min\u016bte"},"schema":{"@context":"https:\/\/schema.org","@graph":[{"@type":"WebPage","@id":"https:\/\/zoosalis.lv\/libra-dog-lamb-pasaras-sunims-su-eriena-12kg\/","url":"https:\/\/zoosalis.lv\/libra-dog-lamb-pasaras-sunims-su-eriena-12kg\/","name":"LIBRA DOG LAMB Pa\u0161aras \u0160unims Su \u0116riena 12kg | Dz\u012bvnieku produkti","isPartOf":{"@id":"https:\/\/zoosalis.lv\/#website"},"primaryImageOfPage":{"@id":"https:\/\/zoosalis.lv\/libra-dog-lamb-pasaras-sunims-su-eriena-12kg\/#primaryimage"},"image":{"@id":"https:\/\/zoosalis.lv\/libra-dog-lamb-pasaras-sunims-su-eriena-12kg\/#primaryimage"},"thumbnailUrl":"https:\/\/zoosalis.lv\/wp-content\/uploads\/2025\/04\/dog-lamb.jpg","datePublished":"2025-04-08T08:37:07+00:00","dateModified":"2025-04-08T08:38:17+00:00","breadcrumb":{"@id":"https:\/\/zoosalis.lv\/libra-dog-lamb-pasaras-sunims-su-eriena-12kg\/#breadcrumb"},"inLanguage":"lv-LV","potentialAction":[{"@type":"ReadAction","target":["https:\/\/zoosalis.lv\/libra-dog-lamb-pasaras-sunims-su-eriena-12kg\/"]}]},{"@type":"ImageObject","inLanguage":"lv-LV","@id":"https:\/\/zoosalis.lv\/libra-dog-lamb-pasaras-sunims-su-eriena-12kg\/#primaryimage","url":"https:\/\/zoosalis.lv\/wp-content\/uploads\/2025\/04\/dog-lamb.jpg","contentUrl":"https:\/\/zoosalis.lv\/wp-content\/uploads\/2025\/04\/dog-lamb.jpg","width":1501,"height":1501},{"@type":"BreadcrumbList","@id":"https:\/\/zoosalis.lv\/libra-dog-lamb-pasaras-sunims-su-eriena-12kg\/#breadcrumb","itemListElement":[{"@type":"ListItem","position":1,"name":"Home","item":"https:\/\/zoosalis.lv\/"},{"@type":"ListItem","position":2,"name":"Parduotuv\u0117","item":"https:\/\/zoosalis.lv\/parduotuve\/"},{"@type":"ListItem","position":3,"name":"LIBRA DOG LAMB Pa\u0161aras \u0160unims Su \u0116riena 12kg"}]},{"@type":"WebSite","@id":"https:\/\/zoosalis.lv\/#website","url":"https:\/\/zoosalis.lv\/","name":"Dz\u012bvnieku produkti","description":"zoo\u0161alis.lt","publisher":{"@id":"https:\/\/zoosalis.lv\/#organization"},"potentialAction":[{"@type":"SearchAction","target":{"@type":"EntryPoint","urlTemplate":"https:\/\/zoosalis.lv\/?s={search_term_string}"},"query-input":{"@type":"PropertyValueSpecification","valueRequired":true,"valueName":"search_term_string"}}],"inLanguage":"lv-LV"},{"@type":"Organization","@id":"https:\/\/zoosalis.lv\/#organization","name":"Zoo\u0161alis.lt","url":"https:\/\/zoosalis.lv\/","logo":{"@type":"ImageObject","inLanguage":"lv-LV","@id":"https:\/\/zoosalis.lv\/#\/schema\/logo\/image\/","url":"https:\/\/zoosalis.lv\/wp-content\/uploads\/2024\/02\/Group-62.png","contentUrl":"https:\/\/zoosalis.lv\/wp-content\/uploads\/2024\/02\/Group-62.png","width":1537,"height":337,"caption":"Zoo\u0161alis.lt"},"image":{"@id":"https:\/\/zoosalis.lv\/#\/schema\/logo\/image\/"},"sameAs":["https:\/\/www.facebook.com\/zooprekesjums\/"]}]}},"_links":{"self":[{"href":"https:\/\/zoosalis.lv\/lv\/wp-json\/wp\/v2\/product\/23699"}],"collection":[{"href":"https:\/\/zoosalis.lv\/lv\/wp-json\/wp\/v2\/product"}],"about":[{"href":"https:\/\/zoosalis.lv\/lv\/wp-json\/wp\/v2\/types\/product"}],"replies":[{"embeddable":true,"href":"https:\/\/zoosalis.lv\/lv\/wp-json\/wp\/v2\/comments?post=23699"}],"wp:featuredmedia":[{"embeddable":true,"href":"https:\/\/zoosalis.lv\/lv\/wp-json\/wp\/v2\/media\/23745"}],"wp:attachment":[{"href":"https:\/\/zoosalis.lv\/lv\/wp-json\/wp\/v2\/media?parent=23699"}],"wp:term":[{"taxonomy":"product_brand","embeddable":true,"href":"https:\/\/zoosalis.lv\/lv\/wp-json\/wp\/v2\/product_brand?post=23699"},{"taxonomy":"product_cat","embeddable":true,"href":"https:\/\/zoosalis.lv\/lv\/wp-json\/wp\/v2\/product_cat?post=23699"},{"taxonomy":"product_tag","embeddable":true,"href":"https:\/\/zoosalis.lv\/lv\/wp-json\/wp\/v2\/product_tag?post=23699"}],"curies":[{"name":"wp","href":"https:\/\/api.w.org\/{rel}","templated":true}]}}