{"id":23804,"date":"2025-04-08T08:41:04","date_gmt":"2025-04-08T08:41:04","guid":{"rendered":"https:\/\/zoosalis.lv\/?post_type=product&#038;p=23804"},"modified":"2025-04-08T08:41:49","modified_gmt":"2025-04-08T08:41:49","slug":"monge-bwild-cat-grain-free-all-breeds-begrudziai-gabaleliai-padaze-su-anciuviais-ir-darzovemis-85-g","status":"publish","type":"product","link":"https:\/\/zoosalis.lv\/lv\/monge-bwild-cat-grain-free-all-breeds-begrudziai-gabaleliai-padaze-su-anciuviais-ir-darzovemis-85-g\/","title":{"rendered":"Monge BWild Cat Grain Free All Breeds bezgraudu bar\u012bba ka\u0137iem m\u0113rc\u0113 ar an\u0161oviem un d\u0101rze\u0146iem 85 g"},"content":{"rendered":"<p>Sast\u0101vda\u013cas: an\u0161ovi 26%, t\u012btara ga\u013ca, c\u016bkga\u013cas aknas, svaigi burk\u0101ni 2%, \u017e\u0101v\u0113tu tom\u0101tu izspaidas, \u017e\u0101v\u0113tas za\u013c\u0101s pupi\u0146as 1% (atbilst 4,3% svaig\u0101m za\u013caj\u0101m pupi\u0146\u0101m), miner\u0101lvielas, hidroliz\u0113tas dz\u012bvnieku olbaltumvielas, ksilo-oligosahar\u012bdi (0,1% XOS), jukas \u0161idigera (0,1%), spirul\u012bna.<\/p>\n<p>Anal\u012btisk\u0101s sast\u0101vda\u013cas: kopprote\u012bns 9,5%, koptauki 5,5%, kop\u0161\u0137iedra 0,5%, koppelni 2,6%, mitrums 79%.<\/p>\n<p>Uzturv\u0113rt\u012bbas piedevas\/kg: D3 vitam\u012bns 168 SV\/kg, E vitam\u012bns (visu rac-alfa-tokoferilacet\u0101ts) 26 mg\/kg, sel\u0113ns (n\u0101trija selen\u012bts 0,01 mg\/kg) 0,005 mg\/kg, mang\u0101ns (mang\u0101na sulf\u0101ta monohidr\u0101ts 2,25 mg\/kg) 0,73 mg\/kg, cinks (cinka oks\u012bds 10,5 mg\/kg) 8,4 mg\/kg, var\u0161 (vara (II) sulf\u0101ta pentahidr\u0101ts 0,9 mg\/kg) 0,22 mg\/kg, dzelzs (dzelzs (II) sulf\u0101ta monohidr\u0101ts 7,5 mg\/kg) 2,46 mg\/kg, jods (bez\u016bdens kalcija jod\u0101ts 0,12 mg\/kg) 0,08 mg\/kg, taur\u012bns 400 mg\/kg.<\/p>\n<p>K\u0101 barot: Skat\u012bt tabul\u0101. Dienas devu ieteicams sadal\u012bt 2 porcij\u0101s. S\u0101kot barot Monge pirmo reizi, iesak\u0101m pak\u0101peniski p\u0101riet no vienas bar\u012bbas uz citu 7 dienu laik\u0101, samazinot vec\u0101s bar\u012bbas daudzumu un palielinot jaun\u0101s bar\u012bbas daudzumu. Ka\u0137is var \u0113st vair\u0101k vai maz\u0101k atkar\u012bb\u0101 no t\u0101 vecuma, temperamenta un aktivit\u0101tes l\u012bme\u0146a. \u0112dienam j\u0101b\u016bt istabas temperat\u016br\u0101 vai ar\u012b to var pasniegt uzsild\u012btu. Ka\u0137a b\u013cod\u0101 vienm\u0113r j\u0101b\u016bt t\u012bram dzeramajam \u016bdenim.<\/p>","protected":false},"excerpt":{"rendered":"<p>Sud\u0117tis: an\u010diuviai 26%, kalakut\u0173 m\u0117sa, kiauli\u0173 kepenys, \u0161vie\u017eios morkos 2%, d\u017eiovint\u0173 pomidor\u0173 presavimo liekanos, d\u017eiovintos \u0161paragin\u0117s pupel\u0117s 1% (atitinka 4,3% \u0161vie\u017ei\u0173 \u0161paragini\u0173 pupeli\u0173), mineralai, hidrolizuoti gyv\u016bniniai baltymai, ksilooligosacharidai (0,1% XOS), yucca schidigera (0,1%), spirulina. Analitin\u0117s sudedamosios dalys: \u017eali baltymai 9,5%, \u017eali riebalai 5,5%, \u017ealia l\u0105steliena 0,5%, \u017eali pelenai 2,6%, dr\u0117gm\u0117 79%. Maistiniai priedai\/kg: vitaminas D3 [&hellip;]<\/p>","protected":false},"featured_media":23840,"comment_status":"closed","ping_status":"closed","template":"","meta":{"_acf_changed":false,"_monsterinsights_skip_tracking":false,"_monsterinsights_sitenote_active":false,"_monsterinsights_sitenote_note":"","_monsterinsights_sitenote_category":0},"product_brand":[],"product_cat":[886,870,876],"product_tag":[],"class_list":{"0":"post-23804","1":"product","2":"type-product","3":"status-publish","4":"has-post-thumbnail","6":"product_cat-konservai-katems","7":"product_cat-maistas-katems","8":"product_cat-sausas-kaciu-maistas","10":"first","11":"instock","12":"shipping-taxable","13":"purchasable","14":"product-type-simple"},"acf":[],"aioseo_notices":[],"yoast_head":"<!-- This site is optimized with the Yoast SEO plugin v24.8.1 - https:\/\/yoast.com\/wordpress\/plugins\/seo\/ -->\n<title>Monge BWild Cat Grain Free All Breeds begr\u016bd\u017eiai gabal\u0117liai pada\u017ee su an\u010diuviais ir dar\u017eov\u0117mis 85 g | Dz\u012bvnieku produkti<\/title>\n<meta name=\"robots\" content=\"index, follow, max-snippet:-1, max-image-preview:large, max-video-preview:-1\" \/>\n<link rel=\"canonical\" href=\"https:\/\/zoosalis.lv\/lv\/monge-bwild-cat-grain-free-all-breeds-begrudziai-gabaleliai-padaze-su-anciuviais-ir-darzovemis-85-g\/\" \/>\n<meta property=\"og:locale\" content=\"lv_LV\" \/>\n<meta property=\"og:type\" content=\"article\" \/>\n<meta property=\"og:title\" content=\"Monge BWild Cat Grain Free All Breeds begr\u016bd\u017eiai gabal\u0117liai pada\u017ee su an\u010diuviais ir dar\u017eov\u0117mis 85 g | Dz\u012bvnieku produkti\" \/>\n<meta property=\"og:description\" content=\"Sud\u0117tis: an\u010diuviai 26%, kalakut\u0173 m\u0117sa, kiauli\u0173 kepenys, \u0161vie\u017eios morkos 2%, d\u017eiovint\u0173 pomidor\u0173 presavimo liekanos, d\u017eiovintos \u0161paragin\u0117s pupel\u0117s 1% (atitinka 4,3% \u0161vie\u017ei\u0173 \u0161paragini\u0173 pupeli\u0173), mineralai, hidrolizuoti gyv\u016bniniai baltymai, ksilooligosacharidai (0,1% XOS), yucca schidigera (0,1%), spirulina. Analitin\u0117s sudedamosios dalys: \u017eali baltymai 9,5%, \u017eali riebalai 5,5%, \u017ealia l\u0105steliena 0,5%, \u017eali pelenai 2,6%, dr\u0117gm\u0117 79%. Maistiniai priedai\/kg: vitaminas D3 [&hellip;]\" \/>\n<meta property=\"og:url\" content=\"https:\/\/zoosalis.lv\/lv\/monge-bwild-cat-grain-free-all-breeds-begrudziai-gabaleliai-padaze-su-anciuviais-ir-darzovemis-85-g\/\" \/>\n<meta property=\"og:site_name\" content=\"Dz\u012bvnieku produkti\" \/>\n<meta property=\"article:publisher\" content=\"https:\/\/www.facebook.com\/zooprekesjums\/\" \/>\n<meta property=\"article:modified_time\" content=\"2025-04-08T08:41:49+00:00\" \/>\n<meta property=\"og:image\" content=\"https:\/\/zoosalis.lv\/wp-content\/uploads\/2024\/02\/Group-62.png\" \/>\n\t<meta property=\"og:image:width\" content=\"1537\" \/>\n\t<meta property=\"og:image:height\" content=\"337\" \/>\n\t<meta property=\"og:image:type\" content=\"image\/png\" \/>\n<meta name=\"twitter:card\" content=\"summary_large_image\" \/>\n<meta name=\"twitter:label1\" content=\"Est. reading time\" \/>\n\t<meta name=\"twitter:data1\" content=\"1 min\u016bte\" \/>\n<script type=\"application\/ld+json\" class=\"yoast-schema-graph\">{\"@context\":\"https:\/\/schema.org\",\"@graph\":[{\"@type\":\"WebPage\",\"@id\":\"https:\/\/zoosalis.lv\/monge-bwild-cat-grain-free-all-breeds-begrudziai-gabaleliai-padaze-su-anciuviais-ir-darzovemis-85-g\/\",\"url\":\"https:\/\/zoosalis.lv\/monge-bwild-cat-grain-free-all-breeds-begrudziai-gabaleliai-padaze-su-anciuviais-ir-darzovemis-85-g\/\",\"name\":\"Monge BWild Cat Grain Free All Breeds begr\u016bd\u017eiai gabal\u0117liai pada\u017ee su an\u010diuviais ir dar\u017eov\u0117mis 85 g | Dz\u012bvnieku produkti\",\"isPartOf\":{\"@id\":\"https:\/\/zoosalis.lv\/#website\"},\"primaryImageOfPage\":{\"@id\":\"https:\/\/zoosalis.lv\/monge-bwild-cat-grain-free-all-breeds-begrudziai-gabaleliai-padaze-su-anciuviais-ir-darzovemis-85-g\/#primaryimage\"},\"image\":{\"@id\":\"https:\/\/zoosalis.lv\/monge-bwild-cat-grain-free-all-breeds-begrudziai-gabaleliai-padaze-su-anciuviais-ir-darzovemis-85-g\/#primaryimage\"},\"thumbnailUrl\":\"https:\/\/zoosalis.lv\/wp-content\/uploads\/2025\/04\/monge-bwild-cat-grain-free-all-breeds-begrudziai-gabaleliai-padaze-su-anciuviais-ir-darzovemis-85-g.jpg\",\"datePublished\":\"2025-04-08T08:41:04+00:00\",\"dateModified\":\"2025-04-08T08:41:49+00:00\",\"breadcrumb\":{\"@id\":\"https:\/\/zoosalis.lv\/monge-bwild-cat-grain-free-all-breeds-begrudziai-gabaleliai-padaze-su-anciuviais-ir-darzovemis-85-g\/#breadcrumb\"},\"inLanguage\":\"lv-LV\",\"potentialAction\":[{\"@type\":\"ReadAction\",\"target\":[\"https:\/\/zoosalis.lv\/monge-bwild-cat-grain-free-all-breeds-begrudziai-gabaleliai-padaze-su-anciuviais-ir-darzovemis-85-g\/\"]}]},{\"@type\":\"ImageObject\",\"inLanguage\":\"lv-LV\",\"@id\":\"https:\/\/zoosalis.lv\/monge-bwild-cat-grain-free-all-breeds-begrudziai-gabaleliai-padaze-su-anciuviais-ir-darzovemis-85-g\/#primaryimage\",\"url\":\"https:\/\/zoosalis.lv\/wp-content\/uploads\/2025\/04\/monge-bwild-cat-grain-free-all-breeds-begrudziai-gabaleliai-padaze-su-anciuviais-ir-darzovemis-85-g.jpg\",\"contentUrl\":\"https:\/\/zoosalis.lv\/wp-content\/uploads\/2025\/04\/monge-bwild-cat-grain-free-all-breeds-begrudziai-gabaleliai-padaze-su-anciuviais-ir-darzovemis-85-g.jpg\",\"width\":800,\"height\":800},{\"@type\":\"BreadcrumbList\",\"@id\":\"https:\/\/zoosalis.lv\/monge-bwild-cat-grain-free-all-breeds-begrudziai-gabaleliai-padaze-su-anciuviais-ir-darzovemis-85-g\/#breadcrumb\",\"itemListElement\":[{\"@type\":\"ListItem\",\"position\":1,\"name\":\"Home\",\"item\":\"https:\/\/zoosalis.lv\/\"},{\"@type\":\"ListItem\",\"position\":2,\"name\":\"Parduotuv\u0117\",\"item\":\"https:\/\/zoosalis.lv\/parduotuve\/\"},{\"@type\":\"ListItem\",\"position\":3,\"name\":\"Monge BWild Cat Grain Free All Breeds begr\u016bd\u017eiai gabal\u0117liai pada\u017ee su an\u010diuviais ir dar\u017eov\u0117mis 85 g\"}]},{\"@type\":\"WebSite\",\"@id\":\"https:\/\/zoosalis.lv\/#website\",\"url\":\"https:\/\/zoosalis.lv\/\",\"name\":\"Dz\u012bvnieku produkti\",\"description\":\"zoo\u0161alis.lt\",\"publisher\":{\"@id\":\"https:\/\/zoosalis.lv\/#organization\"},\"potentialAction\":[{\"@type\":\"SearchAction\",\"target\":{\"@type\":\"EntryPoint\",\"urlTemplate\":\"https:\/\/zoosalis.lv\/?s={search_term_string}\"},\"query-input\":{\"@type\":\"PropertyValueSpecification\",\"valueRequired\":true,\"valueName\":\"search_term_string\"}}],\"inLanguage\":\"lv-LV\"},{\"@type\":\"Organization\",\"@id\":\"https:\/\/zoosalis.lv\/#organization\",\"name\":\"Zoo\u0161alis.lt\",\"url\":\"https:\/\/zoosalis.lv\/\",\"logo\":{\"@type\":\"ImageObject\",\"inLanguage\":\"lv-LV\",\"@id\":\"https:\/\/zoosalis.lv\/#\/schema\/logo\/image\/\",\"url\":\"https:\/\/zoosalis.lv\/wp-content\/uploads\/2024\/02\/Group-62.png\",\"contentUrl\":\"https:\/\/zoosalis.lv\/wp-content\/uploads\/2024\/02\/Group-62.png\",\"width\":1537,\"height\":337,\"caption\":\"Zoo\u0161alis.lt\"},\"image\":{\"@id\":\"https:\/\/zoosalis.lv\/#\/schema\/logo\/image\/\"},\"sameAs\":[\"https:\/\/www.facebook.com\/zooprekesjums\/\"]}]}<\/script>\n<!-- \/ Yoast SEO plugin. -->","yoast_head_json":{"title":"Monge BWild Cat Grain Free All Breeds begr\u016bd\u017eiai gabal\u0117liai pada\u017ee su an\u010diuviais ir dar\u017eov\u0117mis 85 g | Dz\u012bvnieku produkti","robots":{"index":"index","follow":"follow","max-snippet":"max-snippet:-1","max-image-preview":"max-image-preview:large","max-video-preview":"max-video-preview:-1"},"canonical":"https:\/\/zoosalis.lv\/lv\/monge-bwild-cat-grain-free-all-breeds-begrudziai-gabaleliai-padaze-su-anciuviais-ir-darzovemis-85-g\/","og_locale":"lv_LV","og_type":"article","og_title":"Monge BWild Cat Grain Free All Breeds begr\u016bd\u017eiai gabal\u0117liai pada\u017ee su an\u010diuviais ir dar\u017eov\u0117mis 85 g | Dz\u012bvnieku produkti","og_description":"Sud\u0117tis: an\u010diuviai 26%, kalakut\u0173 m\u0117sa, kiauli\u0173 kepenys, \u0161vie\u017eios morkos 2%, d\u017eiovint\u0173 pomidor\u0173 presavimo liekanos, d\u017eiovintos \u0161paragin\u0117s pupel\u0117s 1% (atitinka 4,3% \u0161vie\u017ei\u0173 \u0161paragini\u0173 pupeli\u0173), mineralai, hidrolizuoti gyv\u016bniniai baltymai, ksilooligosacharidai (0,1% XOS), yucca schidigera (0,1%), spirulina. Analitin\u0117s sudedamosios dalys: \u017eali baltymai 9,5%, \u017eali riebalai 5,5%, \u017ealia l\u0105steliena 0,5%, \u017eali pelenai 2,6%, dr\u0117gm\u0117 79%. Maistiniai priedai\/kg: vitaminas D3 [&hellip;]","og_url":"https:\/\/zoosalis.lv\/lv\/monge-bwild-cat-grain-free-all-breeds-begrudziai-gabaleliai-padaze-su-anciuviais-ir-darzovemis-85-g\/","og_site_name":"Dz\u012bvnieku produkti","article_publisher":"https:\/\/www.facebook.com\/zooprekesjums\/","article_modified_time":"2025-04-08T08:41:49+00:00","og_image":[{"width":1537,"height":337,"url":"https:\/\/zoosalis.lv\/wp-content\/uploads\/2024\/02\/Group-62.png","type":"image\/png"}],"twitter_card":"summary_large_image","twitter_misc":{"Est. reading time":"1 min\u016bte"},"schema":{"@context":"https:\/\/schema.org","@graph":[{"@type":"WebPage","@id":"https:\/\/zoosalis.lv\/monge-bwild-cat-grain-free-all-breeds-begrudziai-gabaleliai-padaze-su-anciuviais-ir-darzovemis-85-g\/","url":"https:\/\/zoosalis.lv\/monge-bwild-cat-grain-free-all-breeds-begrudziai-gabaleliai-padaze-su-anciuviais-ir-darzovemis-85-g\/","name":"Monge BWild Cat Grain Free All Breeds begr\u016bd\u017eiai gabal\u0117liai pada\u017ee su an\u010diuviais ir dar\u017eov\u0117mis 85 g | Dz\u012bvnieku produkti","isPartOf":{"@id":"https:\/\/zoosalis.lv\/#website"},"primaryImageOfPage":{"@id":"https:\/\/zoosalis.lv\/monge-bwild-cat-grain-free-all-breeds-begrudziai-gabaleliai-padaze-su-anciuviais-ir-darzovemis-85-g\/#primaryimage"},"image":{"@id":"https:\/\/zoosalis.lv\/monge-bwild-cat-grain-free-all-breeds-begrudziai-gabaleliai-padaze-su-anciuviais-ir-darzovemis-85-g\/#primaryimage"},"thumbnailUrl":"https:\/\/zoosalis.lv\/wp-content\/uploads\/2025\/04\/monge-bwild-cat-grain-free-all-breeds-begrudziai-gabaleliai-padaze-su-anciuviais-ir-darzovemis-85-g.jpg","datePublished":"2025-04-08T08:41:04+00:00","dateModified":"2025-04-08T08:41:49+00:00","breadcrumb":{"@id":"https:\/\/zoosalis.lv\/monge-bwild-cat-grain-free-all-breeds-begrudziai-gabaleliai-padaze-su-anciuviais-ir-darzovemis-85-g\/#breadcrumb"},"inLanguage":"lv-LV","potentialAction":[{"@type":"ReadAction","target":["https:\/\/zoosalis.lv\/monge-bwild-cat-grain-free-all-breeds-begrudziai-gabaleliai-padaze-su-anciuviais-ir-darzovemis-85-g\/"]}]},{"@type":"ImageObject","inLanguage":"lv-LV","@id":"https:\/\/zoosalis.lv\/monge-bwild-cat-grain-free-all-breeds-begrudziai-gabaleliai-padaze-su-anciuviais-ir-darzovemis-85-g\/#primaryimage","url":"https:\/\/zoosalis.lv\/wp-content\/uploads\/2025\/04\/monge-bwild-cat-grain-free-all-breeds-begrudziai-gabaleliai-padaze-su-anciuviais-ir-darzovemis-85-g.jpg","contentUrl":"https:\/\/zoosalis.lv\/wp-content\/uploads\/2025\/04\/monge-bwild-cat-grain-free-all-breeds-begrudziai-gabaleliai-padaze-su-anciuviais-ir-darzovemis-85-g.jpg","width":800,"height":800},{"@type":"BreadcrumbList","@id":"https:\/\/zoosalis.lv\/monge-bwild-cat-grain-free-all-breeds-begrudziai-gabaleliai-padaze-su-anciuviais-ir-darzovemis-85-g\/#breadcrumb","itemListElement":[{"@type":"ListItem","position":1,"name":"Home","item":"https:\/\/zoosalis.lv\/"},{"@type":"ListItem","position":2,"name":"Parduotuv\u0117","item":"https:\/\/zoosalis.lv\/parduotuve\/"},{"@type":"ListItem","position":3,"name":"Monge BWild Cat Grain Free All Breeds begr\u016bd\u017eiai gabal\u0117liai pada\u017ee su an\u010diuviais ir dar\u017eov\u0117mis 85 g"}]},{"@type":"WebSite","@id":"https:\/\/zoosalis.lv\/#website","url":"https:\/\/zoosalis.lv\/","name":"Dz\u012bvnieku produkti","description":"zoo\u0161alis.lt","publisher":{"@id":"https:\/\/zoosalis.lv\/#organization"},"potentialAction":[{"@type":"SearchAction","target":{"@type":"EntryPoint","urlTemplate":"https:\/\/zoosalis.lv\/?s={search_term_string}"},"query-input":{"@type":"PropertyValueSpecification","valueRequired":true,"valueName":"search_term_string"}}],"inLanguage":"lv-LV"},{"@type":"Organization","@id":"https:\/\/zoosalis.lv\/#organization","name":"Zoo\u0161alis.lt","url":"https:\/\/zoosalis.lv\/","logo":{"@type":"ImageObject","inLanguage":"lv-LV","@id":"https:\/\/zoosalis.lv\/#\/schema\/logo\/image\/","url":"https:\/\/zoosalis.lv\/wp-content\/uploads\/2024\/02\/Group-62.png","contentUrl":"https:\/\/zoosalis.lv\/wp-content\/uploads\/2024\/02\/Group-62.png","width":1537,"height":337,"caption":"Zoo\u0161alis.lt"},"image":{"@id":"https:\/\/zoosalis.lv\/#\/schema\/logo\/image\/"},"sameAs":["https:\/\/www.facebook.com\/zooprekesjums\/"]}]}},"_links":{"self":[{"href":"https:\/\/zoosalis.lv\/lv\/wp-json\/wp\/v2\/product\/23804"}],"collection":[{"href":"https:\/\/zoosalis.lv\/lv\/wp-json\/wp\/v2\/product"}],"about":[{"href":"https:\/\/zoosalis.lv\/lv\/wp-json\/wp\/v2\/types\/product"}],"replies":[{"embeddable":true,"href":"https:\/\/zoosalis.lv\/lv\/wp-json\/wp\/v2\/comments?post=23804"}],"wp:featuredmedia":[{"embeddable":true,"href":"https:\/\/zoosalis.lv\/lv\/wp-json\/wp\/v2\/media\/23840"}],"wp:attachment":[{"href":"https:\/\/zoosalis.lv\/lv\/wp-json\/wp\/v2\/media?parent=23804"}],"wp:term":[{"taxonomy":"product_brand","embeddable":true,"href":"https:\/\/zoosalis.lv\/lv\/wp-json\/wp\/v2\/product_brand?post=23804"},{"taxonomy":"product_cat","embeddable":true,"href":"https:\/\/zoosalis.lv\/lv\/wp-json\/wp\/v2\/product_cat?post=23804"},{"taxonomy":"product_tag","embeddable":true,"href":"https:\/\/zoosalis.lv\/lv\/wp-json\/wp\/v2\/product_tag?post=23804"}],"curies":[{"name":"wp","href":"https:\/\/api.w.org\/{rel}","templated":true}]}}