{"id":23890,"date":"2025-04-08T08:42:39","date_gmt":"2025-04-08T08:42:39","guid":{"rendered":"https:\/\/zoosalis.lv\/?post_type=product&#038;p=23890"},"modified":"2025-04-08T08:43:26","modified_gmt":"2025-04-08T08:43:26","slug":"natures-protection-adult-lamb-12kg","status":"publish","type":"product","link":"https:\/\/zoosalis.lv\/lv\/natures-protection-adult-lamb-12kg\/","title":{"rendered":"Dabas aizsardz\u012bba pieaugu\u0161iem j\u0113riem 12 kg"},"content":{"rendered":"<p>Sast\u0101vda\u013cas: j\u0113ra ga\u013cas milti (18 %), kukur\u016bzas lipeklis, kukur\u016bza, r\u012bsi, dz\u012bvnieku tauki, mie\u017ei, cukurbie\u0161u m\u012bkstums, dinamiski mikroniz\u0113ts klinoptilol\u012bts (1 %), lins\u0113klas, zivju milti, cigori\u0146u ekstrakts, mannanoligosahar\u012bdi (MOS), jukas ekstrakts, L-karnit\u012bns, samte\u0146u milti.<\/p>\n<p>Anal\u012btiskie komponenti: kopprote\u012bns \u2013 24 %, koptauki un e\u013c\u013cas \u2013 13 %, koppelni \u2013 7 %, kop\u0161\u0137iedra \u2013 2,5 %, kalcijs \u2013 1,2 %, fosfors \u2013 1 %, k\u0101lijs \u2013 0,5 %, n\u0101trijs \u2013 0,4 %.<\/p>\n<p>Piedevas\/1 kg: uzturv\u0113rt\u012bbas piedevas: A vitam\u012bns (retinols E672) \u2013 18000 SV, D3 vitam\u012bns (holekalciferols E671) \u2013 1500 SV, E vitam\u012bns (\u03b1-tokoferols E307) \u2013 530 mg, dzelzs (E1) \u2013 50 mg, jods (E2) \u2013 1,5 mg, var\u0161 (E4) \u2013 5 mg, mang\u0101ns (E5) \u2013 20 mg, cinks (E6) \u2013 115 mg, sel\u0113ns (E8) \u2013 0,1 mg. Tehnolo\u0123isk\u0101s piedevas: rozmar\u012bna ekstrakts, dab\u012bgs tokoferolu bag\u0101tin\u0101ts ekstrakts (E306).<\/p>","protected":false},"excerpt":{"rendered":"<p>Sud\u0117tis:\u00a0\u0117rienos miltai (18 %), kukur\u016bz\u0173 glitimas, kukur\u016bzai, ry\u017eiai, gyv\u016bniniai riebalai, mie\u017eiai, cukrini\u0173 runkeli\u0173 grie\u017einiai, dinami\u0161kai mikronizuotas klinoptilolitas (1 %), s\u0117menys, \u017euv\u0173 miltai, cikorij\u0173 ekstraktas, manano-oligosacharidai (MOS), jukos ekstraktas, L-karnitinas, medetk\u0173 miltai. Analitin\u0117s sudedamosios dalys:\u00a0\u017eali baltymai \u2013 24 %, neapdoroti riebalai ir aliejai \u2013 13 %, \u017eali pelenai \u2013 7 %, \u017ealia l\u0105steliena \u2013 2,5 %, [&hellip;]<\/p>","protected":false},"featured_media":23941,"comment_status":"closed","ping_status":"closed","template":"","meta":{"_acf_changed":false,"_monsterinsights_skip_tracking":false,"_monsterinsights_sitenote_active":false,"_monsterinsights_sitenote_note":"","_monsterinsights_sitenote_category":0},"product_brand":[],"product_cat":[883,873,879,874],"product_tag":[],"class_list":{"0":"post-23890","1":"product","2":"type-product","3":"status-publish","4":"has-post-thumbnail","6":"product_cat-hypoalerginis-maistas-sunims","7":"product_cat-prekes-sunims","8":"product_cat-sausas-maistas-sunims","9":"product_cat-sunu-maistas","11":"first","12":"instock","13":"sale","14":"shipping-taxable","15":"purchasable","16":"product-type-simple"},"acf":[],"aioseo_notices":[],"yoast_head":"<!-- This site is optimized with the Yoast SEO plugin v24.8.1 - https:\/\/yoast.com\/wordpress\/plugins\/seo\/ -->\n<title>NATURE&#039;S PROTECTION ADULT LAMB 12kg | Dz\u012bvnieku produkti<\/title>\n<meta name=\"robots\" content=\"index, follow, max-snippet:-1, max-image-preview:large, max-video-preview:-1\" \/>\n<link rel=\"canonical\" href=\"https:\/\/zoosalis.lv\/lv\/natures-protection-adult-lamb-12kg\/\" \/>\n<meta property=\"og:locale\" content=\"lv_LV\" \/>\n<meta property=\"og:type\" content=\"article\" \/>\n<meta property=\"og:title\" content=\"NATURE&#039;S PROTECTION ADULT LAMB 12kg | Dz\u012bvnieku produkti\" \/>\n<meta property=\"og:description\" content=\"Sud\u0117tis:\u00a0\u0117rienos miltai (18 %), kukur\u016bz\u0173 glitimas, kukur\u016bzai, ry\u017eiai, gyv\u016bniniai riebalai, mie\u017eiai, cukrini\u0173 runkeli\u0173 grie\u017einiai, dinami\u0161kai mikronizuotas klinoptilolitas (1 %), s\u0117menys, \u017euv\u0173 miltai, cikorij\u0173 ekstraktas, manano-oligosacharidai (MOS), jukos ekstraktas, L-karnitinas, medetk\u0173 miltai. Analitin\u0117s sudedamosios dalys:\u00a0\u017eali baltymai \u2013 24 %, neapdoroti riebalai ir aliejai \u2013 13 %, \u017eali pelenai \u2013 7 %, \u017ealia l\u0105steliena \u2013 2,5 %, [&hellip;]\" \/>\n<meta property=\"og:url\" content=\"https:\/\/zoosalis.lv\/lv\/natures-protection-adult-lamb-12kg\/\" \/>\n<meta property=\"og:site_name\" content=\"Dz\u012bvnieku produkti\" \/>\n<meta property=\"article:publisher\" content=\"https:\/\/www.facebook.com\/zooprekesjums\/\" \/>\n<meta property=\"article:modified_time\" content=\"2025-04-08T08:43:26+00:00\" \/>\n<meta property=\"og:image\" content=\"https:\/\/zoosalis.lv\/wp-content\/uploads\/2024\/02\/Group-62.png\" \/>\n\t<meta property=\"og:image:width\" content=\"1537\" \/>\n\t<meta property=\"og:image:height\" content=\"337\" \/>\n\t<meta property=\"og:image:type\" content=\"image\/png\" \/>\n<meta name=\"twitter:card\" content=\"summary_large_image\" \/>\n<meta name=\"twitter:label1\" content=\"Est. reading time\" \/>\n\t<meta name=\"twitter:data1\" content=\"1 min\u016bte\" \/>\n<script type=\"application\/ld+json\" class=\"yoast-schema-graph\">{\"@context\":\"https:\/\/schema.org\",\"@graph\":[{\"@type\":\"WebPage\",\"@id\":\"https:\/\/zoosalis.lv\/natures-protection-adult-lamb-12kg\/\",\"url\":\"https:\/\/zoosalis.lv\/natures-protection-adult-lamb-12kg\/\",\"name\":\"NATURE'S PROTECTION ADULT LAMB 12kg | Dz\u012bvnieku produkti\",\"isPartOf\":{\"@id\":\"https:\/\/zoosalis.lv\/#website\"},\"primaryImageOfPage\":{\"@id\":\"https:\/\/zoosalis.lv\/natures-protection-adult-lamb-12kg\/#primaryimage\"},\"image\":{\"@id\":\"https:\/\/zoosalis.lv\/natures-protection-adult-lamb-12kg\/#primaryimage\"},\"thumbnailUrl\":\"https:\/\/zoosalis.lv\/wp-content\/uploads\/2025\/04\/nps24340-1.jpg\",\"datePublished\":\"2025-04-08T08:42:39+00:00\",\"dateModified\":\"2025-04-08T08:43:26+00:00\",\"breadcrumb\":{\"@id\":\"https:\/\/zoosalis.lv\/natures-protection-adult-lamb-12kg\/#breadcrumb\"},\"inLanguage\":\"lv-LV\",\"potentialAction\":[{\"@type\":\"ReadAction\",\"target\":[\"https:\/\/zoosalis.lv\/natures-protection-adult-lamb-12kg\/\"]}]},{\"@type\":\"ImageObject\",\"inLanguage\":\"lv-LV\",\"@id\":\"https:\/\/zoosalis.lv\/natures-protection-adult-lamb-12kg\/#primaryimage\",\"url\":\"https:\/\/zoosalis.lv\/wp-content\/uploads\/2025\/04\/nps24340-1.jpg\",\"contentUrl\":\"https:\/\/zoosalis.lv\/wp-content\/uploads\/2025\/04\/nps24340-1.jpg\",\"width\":700,\"height\":700},{\"@type\":\"BreadcrumbList\",\"@id\":\"https:\/\/zoosalis.lv\/natures-protection-adult-lamb-12kg\/#breadcrumb\",\"itemListElement\":[{\"@type\":\"ListItem\",\"position\":1,\"name\":\"Home\",\"item\":\"https:\/\/zoosalis.lv\/\"},{\"@type\":\"ListItem\",\"position\":2,\"name\":\"Parduotuv\u0117\",\"item\":\"https:\/\/zoosalis.lv\/parduotuve\/\"},{\"@type\":\"ListItem\",\"position\":3,\"name\":\"NATURE&#8217;S PROTECTION ADULT LAMB 12kg\"}]},{\"@type\":\"WebSite\",\"@id\":\"https:\/\/zoosalis.lv\/#website\",\"url\":\"https:\/\/zoosalis.lv\/\",\"name\":\"Dz\u012bvnieku produkti\",\"description\":\"zoo\u0161alis.lt\",\"publisher\":{\"@id\":\"https:\/\/zoosalis.lv\/#organization\"},\"potentialAction\":[{\"@type\":\"SearchAction\",\"target\":{\"@type\":\"EntryPoint\",\"urlTemplate\":\"https:\/\/zoosalis.lv\/?s={search_term_string}\"},\"query-input\":{\"@type\":\"PropertyValueSpecification\",\"valueRequired\":true,\"valueName\":\"search_term_string\"}}],\"inLanguage\":\"lv-LV\"},{\"@type\":\"Organization\",\"@id\":\"https:\/\/zoosalis.lv\/#organization\",\"name\":\"Zoo\u0161alis.lt\",\"url\":\"https:\/\/zoosalis.lv\/\",\"logo\":{\"@type\":\"ImageObject\",\"inLanguage\":\"lv-LV\",\"@id\":\"https:\/\/zoosalis.lv\/#\/schema\/logo\/image\/\",\"url\":\"https:\/\/zoosalis.lv\/wp-content\/uploads\/2024\/02\/Group-62.png\",\"contentUrl\":\"https:\/\/zoosalis.lv\/wp-content\/uploads\/2024\/02\/Group-62.png\",\"width\":1537,\"height\":337,\"caption\":\"Zoo\u0161alis.lt\"},\"image\":{\"@id\":\"https:\/\/zoosalis.lv\/#\/schema\/logo\/image\/\"},\"sameAs\":[\"https:\/\/www.facebook.com\/zooprekesjums\/\"]}]}<\/script>\n<!-- \/ Yoast SEO plugin. -->","yoast_head_json":{"title":"NATURE'S PROTECTION ADULT LAMB 12kg | Dz\u012bvnieku produkti","robots":{"index":"index","follow":"follow","max-snippet":"max-snippet:-1","max-image-preview":"max-image-preview:large","max-video-preview":"max-video-preview:-1"},"canonical":"https:\/\/zoosalis.lv\/lv\/natures-protection-adult-lamb-12kg\/","og_locale":"lv_LV","og_type":"article","og_title":"NATURE'S PROTECTION ADULT LAMB 12kg | Dz\u012bvnieku produkti","og_description":"Sud\u0117tis:\u00a0\u0117rienos miltai (18 %), kukur\u016bz\u0173 glitimas, kukur\u016bzai, ry\u017eiai, gyv\u016bniniai riebalai, mie\u017eiai, cukrini\u0173 runkeli\u0173 grie\u017einiai, dinami\u0161kai mikronizuotas klinoptilolitas (1 %), s\u0117menys, \u017euv\u0173 miltai, cikorij\u0173 ekstraktas, manano-oligosacharidai (MOS), jukos ekstraktas, L-karnitinas, medetk\u0173 miltai. Analitin\u0117s sudedamosios dalys:\u00a0\u017eali baltymai \u2013 24 %, neapdoroti riebalai ir aliejai \u2013 13 %, \u017eali pelenai \u2013 7 %, \u017ealia l\u0105steliena \u2013 2,5 %, [&hellip;]","og_url":"https:\/\/zoosalis.lv\/lv\/natures-protection-adult-lamb-12kg\/","og_site_name":"Dz\u012bvnieku produkti","article_publisher":"https:\/\/www.facebook.com\/zooprekesjums\/","article_modified_time":"2025-04-08T08:43:26+00:00","og_image":[{"width":1537,"height":337,"url":"https:\/\/zoosalis.lv\/wp-content\/uploads\/2024\/02\/Group-62.png","type":"image\/png"}],"twitter_card":"summary_large_image","twitter_misc":{"Est. reading time":"1 min\u016bte"},"schema":{"@context":"https:\/\/schema.org","@graph":[{"@type":"WebPage","@id":"https:\/\/zoosalis.lv\/natures-protection-adult-lamb-12kg\/","url":"https:\/\/zoosalis.lv\/natures-protection-adult-lamb-12kg\/","name":"NATURE'S PROTECTION ADULT LAMB 12kg | Dz\u012bvnieku produkti","isPartOf":{"@id":"https:\/\/zoosalis.lv\/#website"},"primaryImageOfPage":{"@id":"https:\/\/zoosalis.lv\/natures-protection-adult-lamb-12kg\/#primaryimage"},"image":{"@id":"https:\/\/zoosalis.lv\/natures-protection-adult-lamb-12kg\/#primaryimage"},"thumbnailUrl":"https:\/\/zoosalis.lv\/wp-content\/uploads\/2025\/04\/nps24340-1.jpg","datePublished":"2025-04-08T08:42:39+00:00","dateModified":"2025-04-08T08:43:26+00:00","breadcrumb":{"@id":"https:\/\/zoosalis.lv\/natures-protection-adult-lamb-12kg\/#breadcrumb"},"inLanguage":"lv-LV","potentialAction":[{"@type":"ReadAction","target":["https:\/\/zoosalis.lv\/natures-protection-adult-lamb-12kg\/"]}]},{"@type":"ImageObject","inLanguage":"lv-LV","@id":"https:\/\/zoosalis.lv\/natures-protection-adult-lamb-12kg\/#primaryimage","url":"https:\/\/zoosalis.lv\/wp-content\/uploads\/2025\/04\/nps24340-1.jpg","contentUrl":"https:\/\/zoosalis.lv\/wp-content\/uploads\/2025\/04\/nps24340-1.jpg","width":700,"height":700},{"@type":"BreadcrumbList","@id":"https:\/\/zoosalis.lv\/natures-protection-adult-lamb-12kg\/#breadcrumb","itemListElement":[{"@type":"ListItem","position":1,"name":"Home","item":"https:\/\/zoosalis.lv\/"},{"@type":"ListItem","position":2,"name":"Parduotuv\u0117","item":"https:\/\/zoosalis.lv\/parduotuve\/"},{"@type":"ListItem","position":3,"name":"NATURE&#8217;S PROTECTION ADULT LAMB 12kg"}]},{"@type":"WebSite","@id":"https:\/\/zoosalis.lv\/#website","url":"https:\/\/zoosalis.lv\/","name":"Dz\u012bvnieku produkti","description":"zoo\u0161alis.lt","publisher":{"@id":"https:\/\/zoosalis.lv\/#organization"},"potentialAction":[{"@type":"SearchAction","target":{"@type":"EntryPoint","urlTemplate":"https:\/\/zoosalis.lv\/?s={search_term_string}"},"query-input":{"@type":"PropertyValueSpecification","valueRequired":true,"valueName":"search_term_string"}}],"inLanguage":"lv-LV"},{"@type":"Organization","@id":"https:\/\/zoosalis.lv\/#organization","name":"Zoo\u0161alis.lt","url":"https:\/\/zoosalis.lv\/","logo":{"@type":"ImageObject","inLanguage":"lv-LV","@id":"https:\/\/zoosalis.lv\/#\/schema\/logo\/image\/","url":"https:\/\/zoosalis.lv\/wp-content\/uploads\/2024\/02\/Group-62.png","contentUrl":"https:\/\/zoosalis.lv\/wp-content\/uploads\/2024\/02\/Group-62.png","width":1537,"height":337,"caption":"Zoo\u0161alis.lt"},"image":{"@id":"https:\/\/zoosalis.lv\/#\/schema\/logo\/image\/"},"sameAs":["https:\/\/www.facebook.com\/zooprekesjums\/"]}]}},"_links":{"self":[{"href":"https:\/\/zoosalis.lv\/lv\/wp-json\/wp\/v2\/product\/23890"}],"collection":[{"href":"https:\/\/zoosalis.lv\/lv\/wp-json\/wp\/v2\/product"}],"about":[{"href":"https:\/\/zoosalis.lv\/lv\/wp-json\/wp\/v2\/types\/product"}],"replies":[{"embeddable":true,"href":"https:\/\/zoosalis.lv\/lv\/wp-json\/wp\/v2\/comments?post=23890"}],"wp:featuredmedia":[{"embeddable":true,"href":"https:\/\/zoosalis.lv\/lv\/wp-json\/wp\/v2\/media\/23941"}],"wp:attachment":[{"href":"https:\/\/zoosalis.lv\/lv\/wp-json\/wp\/v2\/media?parent=23890"}],"wp:term":[{"taxonomy":"product_brand","embeddable":true,"href":"https:\/\/zoosalis.lv\/lv\/wp-json\/wp\/v2\/product_brand?post=23890"},{"taxonomy":"product_cat","embeddable":true,"href":"https:\/\/zoosalis.lv\/lv\/wp-json\/wp\/v2\/product_cat?post=23890"},{"taxonomy":"product_tag","embeddable":true,"href":"https:\/\/zoosalis.lv\/lv\/wp-json\/wp\/v2\/product_tag?post=23890"}],"curies":[{"name":"wp","href":"https:\/\/api.w.org\/{rel}","templated":true}]}}