{"id":23892,"date":"2025-04-08T08:42:40","date_gmt":"2025-04-08T08:42:40","guid":{"rendered":"https:\/\/zoosalis.lv\/?post_type=product&#038;p=23892"},"modified":"2025-04-08T08:43:30","modified_gmt":"2025-04-08T08:43:30","slug":"natures-protection-beef-and-chicken-liver-konservuotas-pasaras-sunims-800g","status":"publish","type":"product","link":"https:\/\/zoosalis.lv\/lv\/natures-protection-beef-and-chicken-liver-konservuotas-pasaras-sunims-800g\/","title":{"rendered":"NATURE&#039;S PROTECTION liellopu ga\u013cas un vistas aknu konservi su\u0146iem 800g"},"content":{"rendered":"<p><strong>Sast\u0101vs:<\/strong>\u00a0ga\u013ca un ga\u013cas produkti (60 % liellopu ga\u013ca, 10 % vistas aknas), miner\u0101lvielas 1 % (ieskaitot 0,1 % nogulumie\u017eu klinoptilol\u012btu (1g568)), e\u013c\u013cas un tauki (0,1 % lins\u0113klu e\u013c\u013ca).<br \/>\n<strong>Piedevas\/1 kg:<\/strong>\u00a0Uzturvielas: vitam\u012bns D3 (3a671) \u2013 200 SV, bez\u016bdens kalcija jod\u0101ts (3b202) \u2013 0,75 mg, mang\u0101na sulf\u0101ta monohidr\u0101ts (3b503) \u2013 1,4 mg, cinka sulf\u0101ta monohidr\u0101ts (3b605) \u2013 25 mg.<br \/>\n<strong>Anal\u012btisk\u0101s sast\u0101vda\u013cas:<\/strong>\u00a0kopprote\u012bns \u2013 10,60 %, kop\u0161\u0137iedra \u2013 0,40 %, koptauki \u2013 6,60 %, koppelni \u2013 2,30 %, mitrums \u2013 77 %.<\/p>","protected":false},"excerpt":{"rendered":"<p>Sud\u0117tis:\u00a0m\u0117sa ir m\u0117sos perdirbimo produktai (60 % jautienos, 10 % vi\u0161t\u0173 kepen\u0117li\u0173), mineralai 1 % (i\u0161 j\u0173 0,1 % nuos\u0117din\u0117s kilm\u0117s klinoptilolito (1g568)), aliejai ir riebalai (0,1 % s\u0117men\u0173 aliejaus). Priedai\/1 kg:\u00a0maistiniai priedai: vit. D3 (3a671) \u2013 200 TV, kalcio jodatas, bevandenis (3b202) \u2013 0,75 mg, mangano sulfato monohidratas (3b503) \u2013 1,4 mg, cinko sulfato [&hellip;]<\/p>","protected":false},"featured_media":23943,"comment_status":"closed","ping_status":"closed","template":"","meta":{"_acf_changed":false,"_monsterinsights_skip_tracking":false,"_monsterinsights_sitenote_active":false,"_monsterinsights_sitenote_note":"","_monsterinsights_sitenote_category":0},"product_brand":[],"product_cat":[875,873,874],"product_tag":[],"class_list":{"0":"post-23892","1":"product","2":"type-product","3":"status-publish","4":"has-post-thumbnail","6":"product_cat-konservai-sunims","7":"product_cat-prekes-sunims","8":"product_cat-sunu-maistas","10":"first","11":"instock","12":"shipping-taxable","13":"purchasable","14":"product-type-simple"},"acf":[],"aioseo_notices":[],"yoast_head":"<!-- This site is optimized with the Yoast SEO plugin v24.8.1 - https:\/\/yoast.com\/wordpress\/plugins\/seo\/ -->\n<title>NATURE&#039;S PROTECTION BEEF AND CHICKEN LIVER KONSERVUOTAS PA\u0160ARAS \u0160UNIMS 800g | Dz\u012bvnieku produkti<\/title>\n<meta name=\"robots\" content=\"index, follow, max-snippet:-1, max-image-preview:large, max-video-preview:-1\" \/>\n<link rel=\"canonical\" href=\"https:\/\/zoosalis.lv\/lv\/natures-protection-beef-and-chicken-liver-konservuotas-pasaras-sunims-800g\/\" \/>\n<meta property=\"og:locale\" content=\"lv_LV\" \/>\n<meta property=\"og:type\" content=\"article\" \/>\n<meta property=\"og:title\" content=\"NATURE&#039;S PROTECTION BEEF AND CHICKEN LIVER KONSERVUOTAS PA\u0160ARAS \u0160UNIMS 800g | Dz\u012bvnieku produkti\" \/>\n<meta property=\"og:description\" content=\"Sud\u0117tis:\u00a0m\u0117sa ir m\u0117sos perdirbimo produktai (60 % jautienos, 10 % vi\u0161t\u0173 kepen\u0117li\u0173), mineralai 1 % (i\u0161 j\u0173 0,1 % nuos\u0117din\u0117s kilm\u0117s klinoptilolito (1g568)), aliejai ir riebalai (0,1 % s\u0117men\u0173 aliejaus). Priedai\/1 kg:\u00a0maistiniai priedai: vit. D3 (3a671) \u2013 200 TV, kalcio jodatas, bevandenis (3b202) \u2013 0,75 mg, mangano sulfato monohidratas (3b503) \u2013 1,4 mg, cinko sulfato [&hellip;]\" \/>\n<meta property=\"og:url\" content=\"https:\/\/zoosalis.lv\/lv\/natures-protection-beef-and-chicken-liver-konservuotas-pasaras-sunims-800g\/\" \/>\n<meta property=\"og:site_name\" content=\"Dz\u012bvnieku produkti\" \/>\n<meta property=\"article:publisher\" content=\"https:\/\/www.facebook.com\/zooprekesjums\/\" \/>\n<meta property=\"article:modified_time\" content=\"2025-04-08T08:43:30+00:00\" \/>\n<meta property=\"og:image\" content=\"https:\/\/zoosalis.lv\/wp-content\/uploads\/2024\/02\/Group-62.png\" \/>\n\t<meta property=\"og:image:width\" content=\"1537\" \/>\n\t<meta property=\"og:image:height\" content=\"337\" \/>\n\t<meta property=\"og:image:type\" content=\"image\/png\" \/>\n<meta name=\"twitter:card\" content=\"summary_large_image\" \/>\n<script type=\"application\/ld+json\" class=\"yoast-schema-graph\">{\"@context\":\"https:\/\/schema.org\",\"@graph\":[{\"@type\":\"WebPage\",\"@id\":\"https:\/\/zoosalis.lv\/natures-protection-beef-and-chicken-liver-konservuotas-pasaras-sunims-800g\/\",\"url\":\"https:\/\/zoosalis.lv\/natures-protection-beef-and-chicken-liver-konservuotas-pasaras-sunims-800g\/\",\"name\":\"NATURE'S PROTECTION BEEF AND CHICKEN LIVER KONSERVUOTAS PA\u0160ARAS \u0160UNIMS 800g | Dz\u012bvnieku produkti\",\"isPartOf\":{\"@id\":\"https:\/\/zoosalis.lv\/#website\"},\"primaryImageOfPage\":{\"@id\":\"https:\/\/zoosalis.lv\/natures-protection-beef-and-chicken-liver-konservuotas-pasaras-sunims-800g\/#primaryimage\"},\"image\":{\"@id\":\"https:\/\/zoosalis.lv\/natures-protection-beef-and-chicken-liver-konservuotas-pasaras-sunims-800g\/#primaryimage\"},\"thumbnailUrl\":\"https:\/\/zoosalis.lv\/wp-content\/uploads\/2025\/04\/kik45606.jpg\",\"datePublished\":\"2025-04-08T08:42:40+00:00\",\"dateModified\":\"2025-04-08T08:43:30+00:00\",\"breadcrumb\":{\"@id\":\"https:\/\/zoosalis.lv\/natures-protection-beef-and-chicken-liver-konservuotas-pasaras-sunims-800g\/#breadcrumb\"},\"inLanguage\":\"lv-LV\",\"potentialAction\":[{\"@type\":\"ReadAction\",\"target\":[\"https:\/\/zoosalis.lv\/natures-protection-beef-and-chicken-liver-konservuotas-pasaras-sunims-800g\/\"]}]},{\"@type\":\"ImageObject\",\"inLanguage\":\"lv-LV\",\"@id\":\"https:\/\/zoosalis.lv\/natures-protection-beef-and-chicken-liver-konservuotas-pasaras-sunims-800g\/#primaryimage\",\"url\":\"https:\/\/zoosalis.lv\/wp-content\/uploads\/2025\/04\/kik45606.jpg\",\"contentUrl\":\"https:\/\/zoosalis.lv\/wp-content\/uploads\/2025\/04\/kik45606.jpg\",\"width\":700,\"height\":700},{\"@type\":\"BreadcrumbList\",\"@id\":\"https:\/\/zoosalis.lv\/natures-protection-beef-and-chicken-liver-konservuotas-pasaras-sunims-800g\/#breadcrumb\",\"itemListElement\":[{\"@type\":\"ListItem\",\"position\":1,\"name\":\"Home\",\"item\":\"https:\/\/zoosalis.lv\/\"},{\"@type\":\"ListItem\",\"position\":2,\"name\":\"Parduotuv\u0117\",\"item\":\"https:\/\/zoosalis.lv\/parduotuve\/\"},{\"@type\":\"ListItem\",\"position\":3,\"name\":\"NATURE&#8217;S PROTECTION BEEF AND CHICKEN LIVER KONSERVUOTAS PA\u0160ARAS \u0160UNIMS 800g\"}]},{\"@type\":\"WebSite\",\"@id\":\"https:\/\/zoosalis.lv\/#website\",\"url\":\"https:\/\/zoosalis.lv\/\",\"name\":\"Dz\u012bvnieku produkti\",\"description\":\"zoo\u0161alis.lt\",\"publisher\":{\"@id\":\"https:\/\/zoosalis.lv\/#organization\"},\"potentialAction\":[{\"@type\":\"SearchAction\",\"target\":{\"@type\":\"EntryPoint\",\"urlTemplate\":\"https:\/\/zoosalis.lv\/?s={search_term_string}\"},\"query-input\":{\"@type\":\"PropertyValueSpecification\",\"valueRequired\":true,\"valueName\":\"search_term_string\"}}],\"inLanguage\":\"lv-LV\"},{\"@type\":\"Organization\",\"@id\":\"https:\/\/zoosalis.lv\/#organization\",\"name\":\"Zoo\u0161alis.lt\",\"url\":\"https:\/\/zoosalis.lv\/\",\"logo\":{\"@type\":\"ImageObject\",\"inLanguage\":\"lv-LV\",\"@id\":\"https:\/\/zoosalis.lv\/#\/schema\/logo\/image\/\",\"url\":\"https:\/\/zoosalis.lv\/wp-content\/uploads\/2024\/02\/Group-62.png\",\"contentUrl\":\"https:\/\/zoosalis.lv\/wp-content\/uploads\/2024\/02\/Group-62.png\",\"width\":1537,\"height\":337,\"caption\":\"Zoo\u0161alis.lt\"},\"image\":{\"@id\":\"https:\/\/zoosalis.lv\/#\/schema\/logo\/image\/\"},\"sameAs\":[\"https:\/\/www.facebook.com\/zooprekesjums\/\"]}]}<\/script>\n<!-- \/ Yoast SEO plugin. -->","yoast_head_json":{"title":"NATURE'S PROTECTION BEEF AND CHICKEN LIVER KONSERVUOTAS PA\u0160ARAS \u0160UNIMS 800g | Dz\u012bvnieku produkti","robots":{"index":"index","follow":"follow","max-snippet":"max-snippet:-1","max-image-preview":"max-image-preview:large","max-video-preview":"max-video-preview:-1"},"canonical":"https:\/\/zoosalis.lv\/lv\/natures-protection-beef-and-chicken-liver-konservuotas-pasaras-sunims-800g\/","og_locale":"lv_LV","og_type":"article","og_title":"NATURE'S PROTECTION BEEF AND CHICKEN LIVER KONSERVUOTAS PA\u0160ARAS \u0160UNIMS 800g | Dz\u012bvnieku produkti","og_description":"Sud\u0117tis:\u00a0m\u0117sa ir m\u0117sos perdirbimo produktai (60 % jautienos, 10 % vi\u0161t\u0173 kepen\u0117li\u0173), mineralai 1 % (i\u0161 j\u0173 0,1 % nuos\u0117din\u0117s kilm\u0117s klinoptilolito (1g568)), aliejai ir riebalai (0,1 % s\u0117men\u0173 aliejaus). Priedai\/1 kg:\u00a0maistiniai priedai: vit. D3 (3a671) \u2013 200 TV, kalcio jodatas, bevandenis (3b202) \u2013 0,75 mg, mangano sulfato monohidratas (3b503) \u2013 1,4 mg, cinko sulfato [&hellip;]","og_url":"https:\/\/zoosalis.lv\/lv\/natures-protection-beef-and-chicken-liver-konservuotas-pasaras-sunims-800g\/","og_site_name":"Dz\u012bvnieku produkti","article_publisher":"https:\/\/www.facebook.com\/zooprekesjums\/","article_modified_time":"2025-04-08T08:43:30+00:00","og_image":[{"width":1537,"height":337,"url":"https:\/\/zoosalis.lv\/wp-content\/uploads\/2024\/02\/Group-62.png","type":"image\/png"}],"twitter_card":"summary_large_image","schema":{"@context":"https:\/\/schema.org","@graph":[{"@type":"WebPage","@id":"https:\/\/zoosalis.lv\/natures-protection-beef-and-chicken-liver-konservuotas-pasaras-sunims-800g\/","url":"https:\/\/zoosalis.lv\/natures-protection-beef-and-chicken-liver-konservuotas-pasaras-sunims-800g\/","name":"NATURE'S PROTECTION BEEF AND CHICKEN LIVER KONSERVUOTAS PA\u0160ARAS \u0160UNIMS 800g | Dz\u012bvnieku produkti","isPartOf":{"@id":"https:\/\/zoosalis.lv\/#website"},"primaryImageOfPage":{"@id":"https:\/\/zoosalis.lv\/natures-protection-beef-and-chicken-liver-konservuotas-pasaras-sunims-800g\/#primaryimage"},"image":{"@id":"https:\/\/zoosalis.lv\/natures-protection-beef-and-chicken-liver-konservuotas-pasaras-sunims-800g\/#primaryimage"},"thumbnailUrl":"https:\/\/zoosalis.lv\/wp-content\/uploads\/2025\/04\/kik45606.jpg","datePublished":"2025-04-08T08:42:40+00:00","dateModified":"2025-04-08T08:43:30+00:00","breadcrumb":{"@id":"https:\/\/zoosalis.lv\/natures-protection-beef-and-chicken-liver-konservuotas-pasaras-sunims-800g\/#breadcrumb"},"inLanguage":"lv-LV","potentialAction":[{"@type":"ReadAction","target":["https:\/\/zoosalis.lv\/natures-protection-beef-and-chicken-liver-konservuotas-pasaras-sunims-800g\/"]}]},{"@type":"ImageObject","inLanguage":"lv-LV","@id":"https:\/\/zoosalis.lv\/natures-protection-beef-and-chicken-liver-konservuotas-pasaras-sunims-800g\/#primaryimage","url":"https:\/\/zoosalis.lv\/wp-content\/uploads\/2025\/04\/kik45606.jpg","contentUrl":"https:\/\/zoosalis.lv\/wp-content\/uploads\/2025\/04\/kik45606.jpg","width":700,"height":700},{"@type":"BreadcrumbList","@id":"https:\/\/zoosalis.lv\/natures-protection-beef-and-chicken-liver-konservuotas-pasaras-sunims-800g\/#breadcrumb","itemListElement":[{"@type":"ListItem","position":1,"name":"Home","item":"https:\/\/zoosalis.lv\/"},{"@type":"ListItem","position":2,"name":"Parduotuv\u0117","item":"https:\/\/zoosalis.lv\/parduotuve\/"},{"@type":"ListItem","position":3,"name":"NATURE&#8217;S PROTECTION BEEF AND CHICKEN LIVER KONSERVUOTAS PA\u0160ARAS \u0160UNIMS 800g"}]},{"@type":"WebSite","@id":"https:\/\/zoosalis.lv\/#website","url":"https:\/\/zoosalis.lv\/","name":"Dz\u012bvnieku produkti","description":"zoo\u0161alis.lt","publisher":{"@id":"https:\/\/zoosalis.lv\/#organization"},"potentialAction":[{"@type":"SearchAction","target":{"@type":"EntryPoint","urlTemplate":"https:\/\/zoosalis.lv\/?s={search_term_string}"},"query-input":{"@type":"PropertyValueSpecification","valueRequired":true,"valueName":"search_term_string"}}],"inLanguage":"lv-LV"},{"@type":"Organization","@id":"https:\/\/zoosalis.lv\/#organization","name":"Zoo\u0161alis.lt","url":"https:\/\/zoosalis.lv\/","logo":{"@type":"ImageObject","inLanguage":"lv-LV","@id":"https:\/\/zoosalis.lv\/#\/schema\/logo\/image\/","url":"https:\/\/zoosalis.lv\/wp-content\/uploads\/2024\/02\/Group-62.png","contentUrl":"https:\/\/zoosalis.lv\/wp-content\/uploads\/2024\/02\/Group-62.png","width":1537,"height":337,"caption":"Zoo\u0161alis.lt"},"image":{"@id":"https:\/\/zoosalis.lv\/#\/schema\/logo\/image\/"},"sameAs":["https:\/\/www.facebook.com\/zooprekesjums\/"]}]}},"_links":{"self":[{"href":"https:\/\/zoosalis.lv\/lv\/wp-json\/wp\/v2\/product\/23892"}],"collection":[{"href":"https:\/\/zoosalis.lv\/lv\/wp-json\/wp\/v2\/product"}],"about":[{"href":"https:\/\/zoosalis.lv\/lv\/wp-json\/wp\/v2\/types\/product"}],"replies":[{"embeddable":true,"href":"https:\/\/zoosalis.lv\/lv\/wp-json\/wp\/v2\/comments?post=23892"}],"wp:featuredmedia":[{"embeddable":true,"href":"https:\/\/zoosalis.lv\/lv\/wp-json\/wp\/v2\/media\/23943"}],"wp:attachment":[{"href":"https:\/\/zoosalis.lv\/lv\/wp-json\/wp\/v2\/media?parent=23892"}],"wp:term":[{"taxonomy":"product_brand","embeddable":true,"href":"https:\/\/zoosalis.lv\/lv\/wp-json\/wp\/v2\/product_brand?post=23892"},{"taxonomy":"product_cat","embeddable":true,"href":"https:\/\/zoosalis.lv\/lv\/wp-json\/wp\/v2\/product_cat?post=23892"},{"taxonomy":"product_tag","embeddable":true,"href":"https:\/\/zoosalis.lv\/lv\/wp-json\/wp\/v2\/product_tag?post=23892"}],"curies":[{"name":"wp","href":"https:\/\/api.w.org\/{rel}","templated":true}]}}