{"id":23964,"date":"2025-04-08T08:43:47","date_gmt":"2025-04-08T08:43:47","guid":{"rendered":"https:\/\/zoosalis.lv\/?post_type=product&#038;p=23964"},"modified":"2025-04-11T14:22:17","modified_gmt":"2025-04-11T14:22:17","slug":"natures-protection-sterilizuotu-kaciu-konservuotas-pasaras-su-vandenyno-zuvimis-maiselyje","status":"publish","type":"product","link":"https:\/\/zoosalis.lv\/lv\/natures-protection-sterilizuotu-kaciu-konservuotas-pasaras-su-vandenyno-zuvimis-maiselyje\/","title":{"rendered":"Dabas aizsardz\u012bbas konservu bar\u012bba steriliz\u0113tiem ka\u0137iem ar oke\u0101na ziv\u012bm, maisi\u0146\u0101"},"content":{"rendered":"<p>Sast\u0101vda\u013cas: ga\u013ca un ga\u013cas blakusprodukti 33 %, zivis un zivju blakusprodukti 8 % (4 % j\u016bras zivju), augu blakusprodukti (1 % zir\u0146u \u0161\u0137iedrvielu), miner\u0101lvielas.<\/p>\n<p>Piedevas\/1 kg: uzturvielas: E vitam\u012bns (3a700) \u2013 31 mg, taur\u012bns (3a370) \u2013 225,47 mg, C vitam\u012bns (3a311) \u2013 98,38 mg, B1 vitam\u012bns (3a821) \u2013 2,39 mg, biot\u012bns (3a880) \u2013 0,01 mg, k\u0101lija jod\u012bds (3b201) \u2013 0,23 mg, vara (II) sulf\u0101ta pentahidr\u0101ts (3b405) \u2013 2,39 mg, mang\u0101na sulf\u0101ta monohidr\u0101ts (3b503) \u2013 5,75 mg, cinka sulf\u0101ta monohidr\u0101ts (3b605) \u2013 42,45 mg, tehniski t\u012brs DL-metion\u012bns (3c301) \u2013 230 mg.<\/p>\n<p>Anal\u012btisk\u0101s sast\u0101vda\u013cas: kopprote\u012bns \u2013 9 %, kop\u0161\u0137iedra \u2013 0,8 %, koptauki \u2013 4 %, koppelni \u2013 2 %, mitrums \u2013 82 %.<\/p>","protected":false},"excerpt":{"rendered":"<p>Sud\u0117tis: m\u0117sa ir m\u0117sos perdirbimo produktai 33 %, \u017euvis ir \u017euvies perdirbimo produktai 8 % (4 % j\u016brini\u0173 \u017euv\u0173), dar\u017eovi\u0173 perdirbimo produktai (1 % \u017eirni\u0173 l\u0105stelienos), mineralai. Priedai\/1 kg: maistiniai priedai: vit. E (3a700) \u2013 31 mg, taurinas (3a370) \u2013 225,47 mg, vit. C (3a311) \u2013 98,38 mg, vit. B1 (3a821) \u2013 2,39 mg, biotinas [&hellip;]<\/p>","protected":false},"featured_media":24017,"comment_status":"closed","ping_status":"closed","template":"","meta":{"_acf_changed":false,"_monsterinsights_skip_tracking":false,"_monsterinsights_sitenote_active":false,"_monsterinsights_sitenote_note":"","_monsterinsights_sitenote_category":0},"product_brand":[],"product_cat":[886,870,876],"product_tag":[],"class_list":{"0":"post-23964","1":"product","2":"type-product","3":"status-publish","4":"has-post-thumbnail","6":"product_cat-konservai-katems","7":"product_cat-maistas-katems","8":"product_cat-sausas-kaciu-maistas","10":"first","11":"instock","12":"shipping-taxable","13":"purchasable","14":"product-type-simple"},"acf":[],"aioseo_notices":[],"yoast_head":"<!-- This site is optimized with the Yoast SEO plugin v24.8.1 - https:\/\/yoast.com\/wordpress\/plugins\/seo\/ -->\n<title>NATURE&#039;S PROTECTION STERILIZUOT\u0172 KA\u010cI\u0172 KONSERVUOTAS PA\u0160ARAS SU VANDENYNO \u017dUVIMIS, MAI\u0160ELYJE | Dz\u012bvnieku produkti<\/title>\n<meta name=\"robots\" content=\"index, follow, max-snippet:-1, max-image-preview:large, max-video-preview:-1\" \/>\n<link rel=\"canonical\" href=\"https:\/\/zoosalis.lv\/lv\/natures-protection-sterilizuotu-kaciu-konservuotas-pasaras-su-vandenyno-zuvimis-maiselyje\/\" \/>\n<meta property=\"og:locale\" content=\"lv_LV\" \/>\n<meta property=\"og:type\" content=\"article\" \/>\n<meta property=\"og:title\" content=\"NATURE&#039;S PROTECTION STERILIZUOT\u0172 KA\u010cI\u0172 KONSERVUOTAS PA\u0160ARAS SU VANDENYNO \u017dUVIMIS, MAI\u0160ELYJE | Dz\u012bvnieku produkti\" \/>\n<meta property=\"og:description\" content=\"Sud\u0117tis: m\u0117sa ir m\u0117sos perdirbimo produktai 33 %, \u017euvis ir \u017euvies perdirbimo produktai 8 % (4 % j\u016brini\u0173 \u017euv\u0173), dar\u017eovi\u0173 perdirbimo produktai (1 % \u017eirni\u0173 l\u0105stelienos), mineralai. Priedai\/1 kg: maistiniai priedai: vit. E (3a700) \u2013 31 mg, taurinas (3a370) \u2013 225,47 mg, vit. C (3a311) \u2013 98,38 mg, vit. B1 (3a821) \u2013 2,39 mg, biotinas [&hellip;]\" \/>\n<meta property=\"og:url\" content=\"https:\/\/zoosalis.lv\/lv\/natures-protection-sterilizuotu-kaciu-konservuotas-pasaras-su-vandenyno-zuvimis-maiselyje\/\" \/>\n<meta property=\"og:site_name\" content=\"Dz\u012bvnieku produkti\" \/>\n<meta property=\"article:publisher\" content=\"https:\/\/www.facebook.com\/zooprekesjums\/\" \/>\n<meta property=\"article:modified_time\" content=\"2025-04-11T14:22:17+00:00\" \/>\n<meta property=\"og:image\" content=\"https:\/\/zoosalis.lv\/wp-content\/uploads\/2025\/04\/KIK45693.jpg\" \/>\n\t<meta property=\"og:image:width\" content=\"1600\" \/>\n\t<meta property=\"og:image:height\" content=\"1600\" \/>\n\t<meta property=\"og:image:type\" content=\"image\/jpeg\" \/>\n<meta name=\"twitter:card\" content=\"summary_large_image\" \/>\n<script type=\"application\/ld+json\" class=\"yoast-schema-graph\">{\"@context\":\"https:\/\/schema.org\",\"@graph\":[{\"@type\":\"WebPage\",\"@id\":\"https:\/\/zoosalis.lv\/natures-protection-sterilizuotu-kaciu-konservuotas-pasaras-su-vandenyno-zuvimis-maiselyje\/\",\"url\":\"https:\/\/zoosalis.lv\/natures-protection-sterilizuotu-kaciu-konservuotas-pasaras-su-vandenyno-zuvimis-maiselyje\/\",\"name\":\"NATURE'S PROTECTION STERILIZUOT\u0172 KA\u010cI\u0172 KONSERVUOTAS PA\u0160ARAS SU VANDENYNO \u017dUVIMIS, MAI\u0160ELYJE | Dz\u012bvnieku produkti\",\"isPartOf\":{\"@id\":\"https:\/\/zoosalis.lv\/#website\"},\"primaryImageOfPage\":{\"@id\":\"https:\/\/zoosalis.lv\/natures-protection-sterilizuotu-kaciu-konservuotas-pasaras-su-vandenyno-zuvimis-maiselyje\/#primaryimage\"},\"image\":{\"@id\":\"https:\/\/zoosalis.lv\/natures-protection-sterilizuotu-kaciu-konservuotas-pasaras-su-vandenyno-zuvimis-maiselyje\/#primaryimage\"},\"thumbnailUrl\":\"https:\/\/zoosalis.lv\/wp-content\/uploads\/2025\/04\/KIK45693.jpg\",\"datePublished\":\"2025-04-08T08:43:47+00:00\",\"dateModified\":\"2025-04-11T14:22:17+00:00\",\"breadcrumb\":{\"@id\":\"https:\/\/zoosalis.lv\/natures-protection-sterilizuotu-kaciu-konservuotas-pasaras-su-vandenyno-zuvimis-maiselyje\/#breadcrumb\"},\"inLanguage\":\"lv-LV\",\"potentialAction\":[{\"@type\":\"ReadAction\",\"target\":[\"https:\/\/zoosalis.lv\/natures-protection-sterilizuotu-kaciu-konservuotas-pasaras-su-vandenyno-zuvimis-maiselyje\/\"]}]},{\"@type\":\"ImageObject\",\"inLanguage\":\"lv-LV\",\"@id\":\"https:\/\/zoosalis.lv\/natures-protection-sterilizuotu-kaciu-konservuotas-pasaras-su-vandenyno-zuvimis-maiselyje\/#primaryimage\",\"url\":\"https:\/\/zoosalis.lv\/wp-content\/uploads\/2025\/04\/KIK45693.jpg\",\"contentUrl\":\"https:\/\/zoosalis.lv\/wp-content\/uploads\/2025\/04\/KIK45693.jpg\",\"width\":1600,\"height\":1600},{\"@type\":\"BreadcrumbList\",\"@id\":\"https:\/\/zoosalis.lv\/natures-protection-sterilizuotu-kaciu-konservuotas-pasaras-su-vandenyno-zuvimis-maiselyje\/#breadcrumb\",\"itemListElement\":[{\"@type\":\"ListItem\",\"position\":1,\"name\":\"Home\",\"item\":\"https:\/\/zoosalis.lv\/\"},{\"@type\":\"ListItem\",\"position\":2,\"name\":\"Parduotuv\u0117\",\"item\":\"https:\/\/zoosalis.lv\/parduotuve\/\"},{\"@type\":\"ListItem\",\"position\":3,\"name\":\"NATURE&#8217;S PROTECTION STERILIZUOT\u0172 KA\u010cI\u0172 KONSERVUOTAS PA\u0160ARAS SU VANDENYNO \u017dUVIMIS, MAI\u0160ELYJE\"}]},{\"@type\":\"WebSite\",\"@id\":\"https:\/\/zoosalis.lv\/#website\",\"url\":\"https:\/\/zoosalis.lv\/\",\"name\":\"Dz\u012bvnieku produkti\",\"description\":\"zoo\u0161alis.lt\",\"publisher\":{\"@id\":\"https:\/\/zoosalis.lv\/#organization\"},\"potentialAction\":[{\"@type\":\"SearchAction\",\"target\":{\"@type\":\"EntryPoint\",\"urlTemplate\":\"https:\/\/zoosalis.lv\/?s={search_term_string}\"},\"query-input\":{\"@type\":\"PropertyValueSpecification\",\"valueRequired\":true,\"valueName\":\"search_term_string\"}}],\"inLanguage\":\"lv-LV\"},{\"@type\":\"Organization\",\"@id\":\"https:\/\/zoosalis.lv\/#organization\",\"name\":\"Zoo\u0161alis.lt\",\"url\":\"https:\/\/zoosalis.lv\/\",\"logo\":{\"@type\":\"ImageObject\",\"inLanguage\":\"lv-LV\",\"@id\":\"https:\/\/zoosalis.lv\/#\/schema\/logo\/image\/\",\"url\":\"https:\/\/zoosalis.lv\/wp-content\/uploads\/2024\/02\/Group-62.png\",\"contentUrl\":\"https:\/\/zoosalis.lv\/wp-content\/uploads\/2024\/02\/Group-62.png\",\"width\":1537,\"height\":337,\"caption\":\"Zoo\u0161alis.lt\"},\"image\":{\"@id\":\"https:\/\/zoosalis.lv\/#\/schema\/logo\/image\/\"},\"sameAs\":[\"https:\/\/www.facebook.com\/zooprekesjums\/\"]}]}<\/script>\n<!-- \/ Yoast SEO plugin. -->","yoast_head_json":{"title":"NATURE'S PROTECTION STERILIZUOT\u0172 KA\u010cI\u0172 KONSERVUOTAS PA\u0160ARAS SU VANDENYNO \u017dUVIMIS, MAI\u0160ELYJE | Dz\u012bvnieku produkti","robots":{"index":"index","follow":"follow","max-snippet":"max-snippet:-1","max-image-preview":"max-image-preview:large","max-video-preview":"max-video-preview:-1"},"canonical":"https:\/\/zoosalis.lv\/lv\/natures-protection-sterilizuotu-kaciu-konservuotas-pasaras-su-vandenyno-zuvimis-maiselyje\/","og_locale":"lv_LV","og_type":"article","og_title":"NATURE'S PROTECTION STERILIZUOT\u0172 KA\u010cI\u0172 KONSERVUOTAS PA\u0160ARAS SU VANDENYNO \u017dUVIMIS, MAI\u0160ELYJE | Dz\u012bvnieku produkti","og_description":"Sud\u0117tis: m\u0117sa ir m\u0117sos perdirbimo produktai 33 %, \u017euvis ir \u017euvies perdirbimo produktai 8 % (4 % j\u016brini\u0173 \u017euv\u0173), dar\u017eovi\u0173 perdirbimo produktai (1 % \u017eirni\u0173 l\u0105stelienos), mineralai. Priedai\/1 kg: maistiniai priedai: vit. E (3a700) \u2013 31 mg, taurinas (3a370) \u2013 225,47 mg, vit. C (3a311) \u2013 98,38 mg, vit. B1 (3a821) \u2013 2,39 mg, biotinas [&hellip;]","og_url":"https:\/\/zoosalis.lv\/lv\/natures-protection-sterilizuotu-kaciu-konservuotas-pasaras-su-vandenyno-zuvimis-maiselyje\/","og_site_name":"Dz\u012bvnieku produkti","article_publisher":"https:\/\/www.facebook.com\/zooprekesjums\/","article_modified_time":"2025-04-11T14:22:17+00:00","og_image":[{"width":1600,"height":1600,"url":"https:\/\/zoosalis.lv\/wp-content\/uploads\/2025\/04\/KIK45693.jpg","type":"image\/jpeg"}],"twitter_card":"summary_large_image","schema":{"@context":"https:\/\/schema.org","@graph":[{"@type":"WebPage","@id":"https:\/\/zoosalis.lv\/natures-protection-sterilizuotu-kaciu-konservuotas-pasaras-su-vandenyno-zuvimis-maiselyje\/","url":"https:\/\/zoosalis.lv\/natures-protection-sterilizuotu-kaciu-konservuotas-pasaras-su-vandenyno-zuvimis-maiselyje\/","name":"NATURE'S PROTECTION STERILIZUOT\u0172 KA\u010cI\u0172 KONSERVUOTAS PA\u0160ARAS SU VANDENYNO \u017dUVIMIS, MAI\u0160ELYJE | Dz\u012bvnieku produkti","isPartOf":{"@id":"https:\/\/zoosalis.lv\/#website"},"primaryImageOfPage":{"@id":"https:\/\/zoosalis.lv\/natures-protection-sterilizuotu-kaciu-konservuotas-pasaras-su-vandenyno-zuvimis-maiselyje\/#primaryimage"},"image":{"@id":"https:\/\/zoosalis.lv\/natures-protection-sterilizuotu-kaciu-konservuotas-pasaras-su-vandenyno-zuvimis-maiselyje\/#primaryimage"},"thumbnailUrl":"https:\/\/zoosalis.lv\/wp-content\/uploads\/2025\/04\/KIK45693.jpg","datePublished":"2025-04-08T08:43:47+00:00","dateModified":"2025-04-11T14:22:17+00:00","breadcrumb":{"@id":"https:\/\/zoosalis.lv\/natures-protection-sterilizuotu-kaciu-konservuotas-pasaras-su-vandenyno-zuvimis-maiselyje\/#breadcrumb"},"inLanguage":"lv-LV","potentialAction":[{"@type":"ReadAction","target":["https:\/\/zoosalis.lv\/natures-protection-sterilizuotu-kaciu-konservuotas-pasaras-su-vandenyno-zuvimis-maiselyje\/"]}]},{"@type":"ImageObject","inLanguage":"lv-LV","@id":"https:\/\/zoosalis.lv\/natures-protection-sterilizuotu-kaciu-konservuotas-pasaras-su-vandenyno-zuvimis-maiselyje\/#primaryimage","url":"https:\/\/zoosalis.lv\/wp-content\/uploads\/2025\/04\/KIK45693.jpg","contentUrl":"https:\/\/zoosalis.lv\/wp-content\/uploads\/2025\/04\/KIK45693.jpg","width":1600,"height":1600},{"@type":"BreadcrumbList","@id":"https:\/\/zoosalis.lv\/natures-protection-sterilizuotu-kaciu-konservuotas-pasaras-su-vandenyno-zuvimis-maiselyje\/#breadcrumb","itemListElement":[{"@type":"ListItem","position":1,"name":"Home","item":"https:\/\/zoosalis.lv\/"},{"@type":"ListItem","position":2,"name":"Parduotuv\u0117","item":"https:\/\/zoosalis.lv\/parduotuve\/"},{"@type":"ListItem","position":3,"name":"NATURE&#8217;S PROTECTION STERILIZUOT\u0172 KA\u010cI\u0172 KONSERVUOTAS PA\u0160ARAS SU VANDENYNO \u017dUVIMIS, MAI\u0160ELYJE"}]},{"@type":"WebSite","@id":"https:\/\/zoosalis.lv\/#website","url":"https:\/\/zoosalis.lv\/","name":"Dz\u012bvnieku produkti","description":"zoo\u0161alis.lt","publisher":{"@id":"https:\/\/zoosalis.lv\/#organization"},"potentialAction":[{"@type":"SearchAction","target":{"@type":"EntryPoint","urlTemplate":"https:\/\/zoosalis.lv\/?s={search_term_string}"},"query-input":{"@type":"PropertyValueSpecification","valueRequired":true,"valueName":"search_term_string"}}],"inLanguage":"lv-LV"},{"@type":"Organization","@id":"https:\/\/zoosalis.lv\/#organization","name":"Zoo\u0161alis.lt","url":"https:\/\/zoosalis.lv\/","logo":{"@type":"ImageObject","inLanguage":"lv-LV","@id":"https:\/\/zoosalis.lv\/#\/schema\/logo\/image\/","url":"https:\/\/zoosalis.lv\/wp-content\/uploads\/2024\/02\/Group-62.png","contentUrl":"https:\/\/zoosalis.lv\/wp-content\/uploads\/2024\/02\/Group-62.png","width":1537,"height":337,"caption":"Zoo\u0161alis.lt"},"image":{"@id":"https:\/\/zoosalis.lv\/#\/schema\/logo\/image\/"},"sameAs":["https:\/\/www.facebook.com\/zooprekesjums\/"]}]}},"_links":{"self":[{"href":"https:\/\/zoosalis.lv\/lv\/wp-json\/wp\/v2\/product\/23964"}],"collection":[{"href":"https:\/\/zoosalis.lv\/lv\/wp-json\/wp\/v2\/product"}],"about":[{"href":"https:\/\/zoosalis.lv\/lv\/wp-json\/wp\/v2\/types\/product"}],"replies":[{"embeddable":true,"href":"https:\/\/zoosalis.lv\/lv\/wp-json\/wp\/v2\/comments?post=23964"}],"wp:featuredmedia":[{"embeddable":true,"href":"https:\/\/zoosalis.lv\/lv\/wp-json\/wp\/v2\/media\/24017"}],"wp:attachment":[{"href":"https:\/\/zoosalis.lv\/lv\/wp-json\/wp\/v2\/media?parent=23964"}],"wp:term":[{"taxonomy":"product_brand","embeddable":true,"href":"https:\/\/zoosalis.lv\/lv\/wp-json\/wp\/v2\/product_brand?post=23964"},{"taxonomy":"product_cat","embeddable":true,"href":"https:\/\/zoosalis.lv\/lv\/wp-json\/wp\/v2\/product_cat?post=23964"},{"taxonomy":"product_tag","embeddable":true,"href":"https:\/\/zoosalis.lv\/lv\/wp-json\/wp\/v2\/product_tag?post=23964"}],"curies":[{"name":"wp","href":"https:\/\/api.w.org\/{rel}","templated":true}]}}