{"id":24076,"date":"2025-04-08T08:48:40","date_gmt":"2025-04-08T08:48:40","guid":{"rendered":"https:\/\/zoosalis.lv\/?post_type=product&#038;p=24076"},"modified":"2025-04-08T08:49:27","modified_gmt":"2025-04-08T08:49:27","slug":"ontario-chicken-fresh-meat-paste-90g","status":"publish","type":"product","link":"https:\/\/zoosalis.lv\/lv\/ontario-chicken-fresh-meat-paste-90g\/","title":{"rendered":"ONTARIO vistas svaigas ga\u013cas past\u0113ta 90g"},"content":{"rendered":"<div id=\"description-collapse\" class=\"product-description py-2 py-md-0 collapse show\">\n<p><strong>Sast\u0101vs:<\/strong> vistas buljons 79.23%, vistas ga\u013ca 17.29%, ciete 2%, ksant\u0101na sve\u0137i 0.89%, s\u0101ls 0.3%, 0.1% zivju aromatiz\u0113t\u0101js, izomaltoze 0.08%, taur\u012bns 0.08%, t\u0113jas ekstrakts 0.008%, ES apstiprin\u0101tas kr\u0101svielas 0.008%, vitam\u012bni (A, B2, B3, B5, D3, E, polidekstroze) 0.006%.<\/p>\n<p>&nbsp;<\/p>\n<p><strong>Kvalit\u0101tes \u012bpa\u0161\u012bbas:<\/strong> Neapstr\u0101d\u0101ts prote\u012bns 3%, mitrums 90%, neapstr\u0101d\u0101tas e\u013c\u013cas un tauki 0,1%, neapstr\u0101d\u0101ti pelni 1,2%, neapstr\u0101d\u0101ta \u0161\u0137iedra 1%.<\/p>\n<\/div>","protected":false},"excerpt":{"rendered":"<p>Sud\u0117tis: vi\u0161tienos sultinys 79,23%, vi\u0161tiena 17,29%, krakmolas 2%, ksantano derva 0,89%, druska 0,3%, 0,1% \u017euvies skonis, izomaltoz\u0117 0,08%, taurinas 0, 08%, arbatos ekstraktas 0,008%, ES patvirtinti da\u017eikliai 0,008% , vitaminai (A, B2, B3, B5, D3, E, polidekstroz\u0117) 0,006%. &nbsp; Kokyb\u0117s savyb\u0117s: \u017eali baltymai 3%, dr\u0117gm\u0117 90%, \u017eali aliejai ir riebalai 0,1%, \u017eali pelenai 1,2%, \u017ealia [&hellip;]<\/p>","protected":false},"featured_media":24119,"comment_status":"closed","ping_status":"closed","template":"","meta":{"_acf_changed":false,"_monsterinsights_skip_tracking":false,"_monsterinsights_sitenote_active":false,"_monsterinsights_sitenote_note":"","_monsterinsights_sitenote_category":0},"product_brand":[],"product_cat":[886,870,876],"product_tag":[],"class_list":{"0":"post-24076","1":"product","2":"type-product","3":"status-publish","4":"has-post-thumbnail","6":"product_cat-konservai-katems","7":"product_cat-maistas-katems","8":"product_cat-sausas-kaciu-maistas","10":"first","11":"instock","12":"shipping-taxable","13":"purchasable","14":"product-type-simple"},"acf":[],"aioseo_notices":[],"yoast_head":"<!-- This site is optimized with the Yoast SEO plugin v24.8.1 - https:\/\/yoast.com\/wordpress\/plugins\/seo\/ -->\n<title>ONTARIO Chicken Fresh Meat Paste 90g | Dz\u012bvnieku produkti<\/title>\n<meta name=\"robots\" content=\"index, follow, max-snippet:-1, max-image-preview:large, max-video-preview:-1\" \/>\n<link rel=\"canonical\" href=\"https:\/\/zoosalis.lv\/lv\/ontario-chicken-fresh-meat-paste-90g\/\" \/>\n<meta property=\"og:locale\" content=\"lv_LV\" \/>\n<meta property=\"og:type\" content=\"article\" \/>\n<meta property=\"og:title\" content=\"ONTARIO Chicken Fresh Meat Paste 90g | Dz\u012bvnieku produkti\" \/>\n<meta property=\"og:description\" content=\"Sud\u0117tis: vi\u0161tienos sultinys 79,23%, vi\u0161tiena 17,29%, krakmolas 2%, ksantano derva 0,89%, druska 0,3%, 0,1% \u017euvies skonis, izomaltoz\u0117 0,08%, taurinas 0, 08%, arbatos ekstraktas 0,008%, ES patvirtinti da\u017eikliai 0,008% , vitaminai (A, B2, B3, B5, D3, E, polidekstroz\u0117) 0,006%. &nbsp; Kokyb\u0117s savyb\u0117s: \u017eali baltymai 3%, dr\u0117gm\u0117 90%, \u017eali aliejai ir riebalai 0,1%, \u017eali pelenai 1,2%, \u017ealia [&hellip;]\" \/>\n<meta property=\"og:url\" content=\"https:\/\/zoosalis.lv\/lv\/ontario-chicken-fresh-meat-paste-90g\/\" \/>\n<meta property=\"og:site_name\" content=\"Dz\u012bvnieku produkti\" \/>\n<meta property=\"article:publisher\" content=\"https:\/\/www.facebook.com\/zooprekesjums\/\" \/>\n<meta property=\"article:modified_time\" content=\"2025-04-08T08:49:27+00:00\" \/>\n<meta property=\"og:image\" content=\"https:\/\/zoosalis.lv\/wp-content\/uploads\/2024\/02\/Group-62.png\" \/>\n\t<meta property=\"og:image:width\" content=\"1537\" \/>\n\t<meta property=\"og:image:height\" content=\"337\" \/>\n\t<meta property=\"og:image:type\" content=\"image\/png\" \/>\n<meta name=\"twitter:card\" content=\"summary_large_image\" \/>\n<script type=\"application\/ld+json\" class=\"yoast-schema-graph\">{\"@context\":\"https:\/\/schema.org\",\"@graph\":[{\"@type\":\"WebPage\",\"@id\":\"https:\/\/zoosalis.lv\/ontario-chicken-fresh-meat-paste-90g\/\",\"url\":\"https:\/\/zoosalis.lv\/ontario-chicken-fresh-meat-paste-90g\/\",\"name\":\"ONTARIO Chicken Fresh Meat Paste 90g | Dz\u012bvnieku produkti\",\"isPartOf\":{\"@id\":\"https:\/\/zoosalis.lv\/#website\"},\"primaryImageOfPage\":{\"@id\":\"https:\/\/zoosalis.lv\/ontario-chicken-fresh-meat-paste-90g\/#primaryimage\"},\"image\":{\"@id\":\"https:\/\/zoosalis.lv\/ontario-chicken-fresh-meat-paste-90g\/#primaryimage\"},\"thumbnailUrl\":\"https:\/\/zoosalis.lv\/wp-content\/uploads\/2025\/04\/ontario-chicken-fresh-meat-paste-90g.jpg\",\"datePublished\":\"2025-04-08T08:48:40+00:00\",\"dateModified\":\"2025-04-08T08:49:27+00:00\",\"breadcrumb\":{\"@id\":\"https:\/\/zoosalis.lv\/ontario-chicken-fresh-meat-paste-90g\/#breadcrumb\"},\"inLanguage\":\"lv-LV\",\"potentialAction\":[{\"@type\":\"ReadAction\",\"target\":[\"https:\/\/zoosalis.lv\/ontario-chicken-fresh-meat-paste-90g\/\"]}]},{\"@type\":\"ImageObject\",\"inLanguage\":\"lv-LV\",\"@id\":\"https:\/\/zoosalis.lv\/ontario-chicken-fresh-meat-paste-90g\/#primaryimage\",\"url\":\"https:\/\/zoosalis.lv\/wp-content\/uploads\/2025\/04\/ontario-chicken-fresh-meat-paste-90g.jpg\",\"contentUrl\":\"https:\/\/zoosalis.lv\/wp-content\/uploads\/2025\/04\/ontario-chicken-fresh-meat-paste-90g.jpg\",\"width\":1000,\"height\":1000},{\"@type\":\"BreadcrumbList\",\"@id\":\"https:\/\/zoosalis.lv\/ontario-chicken-fresh-meat-paste-90g\/#breadcrumb\",\"itemListElement\":[{\"@type\":\"ListItem\",\"position\":1,\"name\":\"Home\",\"item\":\"https:\/\/zoosalis.lv\/\"},{\"@type\":\"ListItem\",\"position\":2,\"name\":\"Parduotuv\u0117\",\"item\":\"https:\/\/zoosalis.lv\/parduotuve\/\"},{\"@type\":\"ListItem\",\"position\":3,\"name\":\"ONTARIO Chicken Fresh Meat Paste 90g\"}]},{\"@type\":\"WebSite\",\"@id\":\"https:\/\/zoosalis.lv\/#website\",\"url\":\"https:\/\/zoosalis.lv\/\",\"name\":\"Dz\u012bvnieku produkti\",\"description\":\"zoo\u0161alis.lt\",\"publisher\":{\"@id\":\"https:\/\/zoosalis.lv\/#organization\"},\"potentialAction\":[{\"@type\":\"SearchAction\",\"target\":{\"@type\":\"EntryPoint\",\"urlTemplate\":\"https:\/\/zoosalis.lv\/?s={search_term_string}\"},\"query-input\":{\"@type\":\"PropertyValueSpecification\",\"valueRequired\":true,\"valueName\":\"search_term_string\"}}],\"inLanguage\":\"lv-LV\"},{\"@type\":\"Organization\",\"@id\":\"https:\/\/zoosalis.lv\/#organization\",\"name\":\"Zoo\u0161alis.lt\",\"url\":\"https:\/\/zoosalis.lv\/\",\"logo\":{\"@type\":\"ImageObject\",\"inLanguage\":\"lv-LV\",\"@id\":\"https:\/\/zoosalis.lv\/#\/schema\/logo\/image\/\",\"url\":\"https:\/\/zoosalis.lv\/wp-content\/uploads\/2024\/02\/Group-62.png\",\"contentUrl\":\"https:\/\/zoosalis.lv\/wp-content\/uploads\/2024\/02\/Group-62.png\",\"width\":1537,\"height\":337,\"caption\":\"Zoo\u0161alis.lt\"},\"image\":{\"@id\":\"https:\/\/zoosalis.lv\/#\/schema\/logo\/image\/\"},\"sameAs\":[\"https:\/\/www.facebook.com\/zooprekesjums\/\"]}]}<\/script>\n<!-- \/ Yoast SEO plugin. -->","yoast_head_json":{"title":"ONTARIO Chicken Fresh Meat Paste 90g | Dz\u012bvnieku produkti","robots":{"index":"index","follow":"follow","max-snippet":"max-snippet:-1","max-image-preview":"max-image-preview:large","max-video-preview":"max-video-preview:-1"},"canonical":"https:\/\/zoosalis.lv\/lv\/ontario-chicken-fresh-meat-paste-90g\/","og_locale":"lv_LV","og_type":"article","og_title":"ONTARIO Chicken Fresh Meat Paste 90g | Dz\u012bvnieku produkti","og_description":"Sud\u0117tis: vi\u0161tienos sultinys 79,23%, vi\u0161tiena 17,29%, krakmolas 2%, ksantano derva 0,89%, druska 0,3%, 0,1% \u017euvies skonis, izomaltoz\u0117 0,08%, taurinas 0, 08%, arbatos ekstraktas 0,008%, ES patvirtinti da\u017eikliai 0,008% , vitaminai (A, B2, B3, B5, D3, E, polidekstroz\u0117) 0,006%. &nbsp; Kokyb\u0117s savyb\u0117s: \u017eali baltymai 3%, dr\u0117gm\u0117 90%, \u017eali aliejai ir riebalai 0,1%, \u017eali pelenai 1,2%, \u017ealia [&hellip;]","og_url":"https:\/\/zoosalis.lv\/lv\/ontario-chicken-fresh-meat-paste-90g\/","og_site_name":"Dz\u012bvnieku produkti","article_publisher":"https:\/\/www.facebook.com\/zooprekesjums\/","article_modified_time":"2025-04-08T08:49:27+00:00","og_image":[{"width":1537,"height":337,"url":"https:\/\/zoosalis.lv\/wp-content\/uploads\/2024\/02\/Group-62.png","type":"image\/png"}],"twitter_card":"summary_large_image","schema":{"@context":"https:\/\/schema.org","@graph":[{"@type":"WebPage","@id":"https:\/\/zoosalis.lv\/ontario-chicken-fresh-meat-paste-90g\/","url":"https:\/\/zoosalis.lv\/ontario-chicken-fresh-meat-paste-90g\/","name":"ONTARIO Chicken Fresh Meat Paste 90g | Dz\u012bvnieku produkti","isPartOf":{"@id":"https:\/\/zoosalis.lv\/#website"},"primaryImageOfPage":{"@id":"https:\/\/zoosalis.lv\/ontario-chicken-fresh-meat-paste-90g\/#primaryimage"},"image":{"@id":"https:\/\/zoosalis.lv\/ontario-chicken-fresh-meat-paste-90g\/#primaryimage"},"thumbnailUrl":"https:\/\/zoosalis.lv\/wp-content\/uploads\/2025\/04\/ontario-chicken-fresh-meat-paste-90g.jpg","datePublished":"2025-04-08T08:48:40+00:00","dateModified":"2025-04-08T08:49:27+00:00","breadcrumb":{"@id":"https:\/\/zoosalis.lv\/ontario-chicken-fresh-meat-paste-90g\/#breadcrumb"},"inLanguage":"lv-LV","potentialAction":[{"@type":"ReadAction","target":["https:\/\/zoosalis.lv\/ontario-chicken-fresh-meat-paste-90g\/"]}]},{"@type":"ImageObject","inLanguage":"lv-LV","@id":"https:\/\/zoosalis.lv\/ontario-chicken-fresh-meat-paste-90g\/#primaryimage","url":"https:\/\/zoosalis.lv\/wp-content\/uploads\/2025\/04\/ontario-chicken-fresh-meat-paste-90g.jpg","contentUrl":"https:\/\/zoosalis.lv\/wp-content\/uploads\/2025\/04\/ontario-chicken-fresh-meat-paste-90g.jpg","width":1000,"height":1000},{"@type":"BreadcrumbList","@id":"https:\/\/zoosalis.lv\/ontario-chicken-fresh-meat-paste-90g\/#breadcrumb","itemListElement":[{"@type":"ListItem","position":1,"name":"Home","item":"https:\/\/zoosalis.lv\/"},{"@type":"ListItem","position":2,"name":"Parduotuv\u0117","item":"https:\/\/zoosalis.lv\/parduotuve\/"},{"@type":"ListItem","position":3,"name":"ONTARIO Chicken Fresh Meat Paste 90g"}]},{"@type":"WebSite","@id":"https:\/\/zoosalis.lv\/#website","url":"https:\/\/zoosalis.lv\/","name":"Dz\u012bvnieku produkti","description":"zoo\u0161alis.lt","publisher":{"@id":"https:\/\/zoosalis.lv\/#organization"},"potentialAction":[{"@type":"SearchAction","target":{"@type":"EntryPoint","urlTemplate":"https:\/\/zoosalis.lv\/?s={search_term_string}"},"query-input":{"@type":"PropertyValueSpecification","valueRequired":true,"valueName":"search_term_string"}}],"inLanguage":"lv-LV"},{"@type":"Organization","@id":"https:\/\/zoosalis.lv\/#organization","name":"Zoo\u0161alis.lt","url":"https:\/\/zoosalis.lv\/","logo":{"@type":"ImageObject","inLanguage":"lv-LV","@id":"https:\/\/zoosalis.lv\/#\/schema\/logo\/image\/","url":"https:\/\/zoosalis.lv\/wp-content\/uploads\/2024\/02\/Group-62.png","contentUrl":"https:\/\/zoosalis.lv\/wp-content\/uploads\/2024\/02\/Group-62.png","width":1537,"height":337,"caption":"Zoo\u0161alis.lt"},"image":{"@id":"https:\/\/zoosalis.lv\/#\/schema\/logo\/image\/"},"sameAs":["https:\/\/www.facebook.com\/zooprekesjums\/"]}]}},"_links":{"self":[{"href":"https:\/\/zoosalis.lv\/lv\/wp-json\/wp\/v2\/product\/24076"}],"collection":[{"href":"https:\/\/zoosalis.lv\/lv\/wp-json\/wp\/v2\/product"}],"about":[{"href":"https:\/\/zoosalis.lv\/lv\/wp-json\/wp\/v2\/types\/product"}],"replies":[{"embeddable":true,"href":"https:\/\/zoosalis.lv\/lv\/wp-json\/wp\/v2\/comments?post=24076"}],"wp:featuredmedia":[{"embeddable":true,"href":"https:\/\/zoosalis.lv\/lv\/wp-json\/wp\/v2\/media\/24119"}],"wp:attachment":[{"href":"https:\/\/zoosalis.lv\/lv\/wp-json\/wp\/v2\/media?parent=24076"}],"wp:term":[{"taxonomy":"product_brand","embeddable":true,"href":"https:\/\/zoosalis.lv\/lv\/wp-json\/wp\/v2\/product_brand?post=24076"},{"taxonomy":"product_cat","embeddable":true,"href":"https:\/\/zoosalis.lv\/lv\/wp-json\/wp\/v2\/product_cat?post=24076"},{"taxonomy":"product_tag","embeddable":true,"href":"https:\/\/zoosalis.lv\/lv\/wp-json\/wp\/v2\/product_tag?post=24076"}],"curies":[{"name":"wp","href":"https:\/\/api.w.org\/{rel}","templated":true}]}}