{"id":24320,"date":"2025-04-08T08:55:25","date_gmt":"2025-04-08T08:55:25","guid":{"rendered":"https:\/\/zoosalis.lv\/?post_type=product&#038;p=24320"},"modified":"2025-04-08T08:57:08","modified_gmt":"2025-04-08T08:57:08","slug":"royal-canin-appetite-control-loaf-konservai-drebuciuose-85g","status":"publish","type":"product","link":"https:\/\/zoosalis.lv\/lv\/royal-canin-appetite-control-loaf-konservai-drebuciuose-85g\/","title":{"rendered":"Royal Canin apet\u012btes kontroles maize \u017eelej\u0101 85 g."},"content":{"rendered":"<p>Royal Canin Appetite Control \u2014 apet\u012btes kontroles apr\u016bpe.<\/p>\n<p>Sabalans\u0113ta un pilnv\u0113rt\u012bga bar\u012bba pieaugu\u0161iem ka\u0137iem \u2013 ieteicama apet\u012btes kontrolei.<\/p>\n<p>Royal Canin apet\u012btes kontrole. Pier\u0101d\u012bti rezult\u0101ti.<br \/>\nVair\u0101k nek\u0101 90% \u012bpa\u0161nieki zi\u0146oja par kontrol\u0113tu apet\u012bti *4 ned\u0113\u013cu laik\u0101*.<\/p>\n<p>Vair\u0101k nek\u0101 90% ka\u0137u \u012bpa\u0161nieki zi\u0146oja par kontrol\u0113tu baro\u0161anas paradumiem starp \u0113dienreiz\u0113m p\u0113c 4 ned\u0113\u013c\u0101m, kad vi\u0146u ka\u0137i bija baroju\u0161i ar Royal Canin sauso un mitro bar\u012bbu.<\/p>\n<p>PIES\u0100TIN\u0100JUMA SAJ\u016aTAS REGUL\u0112\u0160ANA:<\/p>\n<p>Veicina s\u0101ta saj\u016btu.<\/p>\n<p>Da\u017eiem ka\u0137iem ir gr\u016bti apmierin\u0101t savu apet\u012bti. ROYAL CANIN\u00ae APPETITE CONTROL CARE pal\u012bdz mazin\u0101t izsalkumu noteikt\u0101 mitruma l\u012bmen\u012b, lai apmierin\u0101tu ka\u0137u apet\u012bti, kuri m\u0113dz l\u016bgties p\u0113c \u0113diena starp \u0113dienreiz\u0113m.<\/p>\n<p>SVARA P\u0100RVALD\u012aBA:<\/p>\n<p>Pal\u012bdz samazin\u0101t svara pieauguma risku.<\/p>\n<p>Ka\u0137i, kas past\u0101v\u012bgi l\u016bdz bar\u012bbu, m\u0113dz pie\u0146emties svar\u0101. \u0160\u012b formula ir izstr\u0101d\u0101ta ar m\u0113renu tauku saturu un prec\u012bzu ener\u0123ijas l\u012bmeni, lai pal\u012bdz\u0113tu j\u016bsu ka\u0137im uztur\u0113t formu. Satur L-karnit\u012bnu, kas veicina tauku vielmai\u0146u.<\/p>\n<p>APET\u012aTES KONTROLES PROGRAMMA<br \/>\nRoyal Canin apet\u012btes kontrole<\/p>\n<p>Pilnv\u0113rt\u012bga un sabalans\u0113ta mitr\u0101 un saus\u0101 bar\u012bba ar ROYAL CANIN\u00ae APPETITE CONTROL CARE formulu, kas \u013cauj kontrol\u0113t ka\u0137a s\u0101ta saj\u016btu.<br \/>\nVissvar\u012bg\u0101kais ir iev\u0113rot baro\u0161anas nor\u0101d\u012bjumus, kas nor\u0101d\u012bti uz iepakojuma.<br \/>\n\u013baujiet savam ka\u0137im akt\u012bvi pavad\u012bt laiku: sp\u0113l\u0113jieties ar to, dodiet tam rota\u013clietas.<br \/>\nJa jums ir k\u0101das ba\u017eas par vesel\u012bbu, sazinieties ar savu veterin\u0101r\u0101rstu.<br \/>\nSabalans\u0113ts un piem\u0113rots steriliz\u0113tiem ka\u0137iem<\/p>\n<p>Ide\u0101la formula steriliz\u0113tiem ka\u0137iem optim\u0101la svara uztur\u0113\u0161anai.<\/p>\n<p>Ur\u012bnce\u013cu sist\u0113mas aizsardz\u012bba<\/p>\n<p>Izstr\u0101d\u0101ts, lai pal\u012bdz\u0113tu atbalst\u012bt pieaugu\u0161a ka\u0137a ur\u012bnce\u013cu vesel\u012bbu.<\/p>\n<p>Skat\u012bt visus citus Royal Canin z\u012bmola produktus.<\/p>","protected":false},"excerpt":{"rendered":"<p>Royal Canin Appetite Control- Apetito KONTROL\u0116S PRIE\u017dI\u016aRA. Subalansuotas ir visavertis pa\u0161aras suaugusioms kat\u0117ms \u2013 rekomenduojama pad\u0117ti kontroliuoti apetit\u0105. Royal Canin Appetite Control \u012eRODYTI REZULTATAI Daugiau nei 90% savinink\u0173 prane\u0161\u0117 apie kontroliuojam\u0105 apetit\u0105 * per 4 savaites.* Daugiau nei 90% savinink\u0173 prane\u0161\u0117 apie kontroliuojam\u0105 pra\u0161ymo maitinti elges\u012f tarp valgi\u0173 po 4 savai\u010di\u0173, kai j\u0173 kat\u0117s buvo [&hellip;]<\/p>","protected":false},"featured_media":24379,"comment_status":"closed","ping_status":"closed","template":"","meta":{"_acf_changed":false,"_monsterinsights_skip_tracking":false,"_monsterinsights_sitenote_active":false,"_monsterinsights_sitenote_note":"","_monsterinsights_sitenote_category":0},"product_brand":[],"product_cat":[886,870,876],"product_tag":[],"class_list":{"0":"post-24320","1":"product","2":"type-product","3":"status-publish","4":"has-post-thumbnail","6":"product_cat-konservai-katems","7":"product_cat-maistas-katems","8":"product_cat-sausas-kaciu-maistas","10":"first","11":"instock","12":"shipping-taxable","13":"purchasable","14":"product-type-simple"},"acf":[],"aioseo_notices":[],"yoast_head":"<!-- This site is optimized with the Yoast SEO plugin v24.8.1 - https:\/\/yoast.com\/wordpress\/plugins\/seo\/ -->\n<title>Royal Canin Appetite Control Loaf konservai drebu\u010diuose 85g. | Dz\u012bvnieku produkti<\/title>\n<meta name=\"robots\" content=\"index, follow, max-snippet:-1, max-image-preview:large, max-video-preview:-1\" \/>\n<link rel=\"canonical\" href=\"https:\/\/zoosalis.lv\/lv\/royal-canin-appetite-control-loaf-konservai-drebuciuose-85g\/\" \/>\n<meta property=\"og:locale\" content=\"lv_LV\" \/>\n<meta property=\"og:type\" content=\"article\" \/>\n<meta property=\"og:title\" content=\"Royal Canin Appetite Control Loaf konservai drebu\u010diuose 85g. | Dz\u012bvnieku produkti\" \/>\n<meta property=\"og:description\" content=\"Royal Canin Appetite Control- Apetito KONTROL\u0116S PRIE\u017dI\u016aRA. Subalansuotas ir visavertis pa\u0161aras suaugusioms kat\u0117ms \u2013 rekomenduojama pad\u0117ti kontroliuoti apetit\u0105. Royal Canin Appetite Control \u012eRODYTI REZULTATAI Daugiau nei 90% savinink\u0173 prane\u0161\u0117 apie kontroliuojam\u0105 apetit\u0105 * per 4 savaites.* Daugiau nei 90% savinink\u0173 prane\u0161\u0117 apie kontroliuojam\u0105 pra\u0161ymo maitinti elges\u012f tarp valgi\u0173 po 4 savai\u010di\u0173, kai j\u0173 kat\u0117s buvo [&hellip;]\" \/>\n<meta property=\"og:url\" content=\"https:\/\/zoosalis.lv\/lv\/royal-canin-appetite-control-loaf-konservai-drebuciuose-85g\/\" \/>\n<meta property=\"og:site_name\" content=\"Dz\u012bvnieku produkti\" \/>\n<meta property=\"article:publisher\" content=\"https:\/\/www.facebook.com\/zooprekesjums\/\" \/>\n<meta property=\"article:modified_time\" content=\"2025-04-08T08:57:08+00:00\" \/>\n<meta property=\"og:image\" content=\"https:\/\/zoosalis.lv\/wp-content\/uploads\/2024\/02\/Group-62.png\" \/>\n\t<meta property=\"og:image:width\" content=\"1537\" \/>\n\t<meta property=\"og:image:height\" content=\"337\" \/>\n\t<meta property=\"og:image:type\" content=\"image\/png\" \/>\n<meta name=\"twitter:card\" content=\"summary_large_image\" \/>\n<meta name=\"twitter:label1\" content=\"Est. reading time\" \/>\n\t<meta name=\"twitter:data1\" content=\"1 min\u016bte\" \/>\n<script type=\"application\/ld+json\" class=\"yoast-schema-graph\">{\"@context\":\"https:\/\/schema.org\",\"@graph\":[{\"@type\":\"WebPage\",\"@id\":\"https:\/\/zoosalis.lv\/royal-canin-appetite-control-loaf-konservai-drebuciuose-85g\/\",\"url\":\"https:\/\/zoosalis.lv\/royal-canin-appetite-control-loaf-konservai-drebuciuose-85g\/\",\"name\":\"Royal Canin Appetite Control Loaf konservai drebu\u010diuose 85g. | Dz\u012bvnieku produkti\",\"isPartOf\":{\"@id\":\"https:\/\/zoosalis.lv\/#website\"},\"primaryImageOfPage\":{\"@id\":\"https:\/\/zoosalis.lv\/royal-canin-appetite-control-loaf-konservai-drebuciuose-85g\/#primaryimage\"},\"image\":{\"@id\":\"https:\/\/zoosalis.lv\/royal-canin-appetite-control-loaf-konservai-drebuciuose-85g\/#primaryimage\"},\"thumbnailUrl\":\"https:\/\/zoosalis.lv\/wp-content\/uploads\/2025\/04\/royal-canin-fcn-appetite-control-12x85g_UhQakAi.jpeg\",\"datePublished\":\"2025-04-08T08:55:25+00:00\",\"dateModified\":\"2025-04-08T08:57:08+00:00\",\"breadcrumb\":{\"@id\":\"https:\/\/zoosalis.lv\/royal-canin-appetite-control-loaf-konservai-drebuciuose-85g\/#breadcrumb\"},\"inLanguage\":\"lv-LV\",\"potentialAction\":[{\"@type\":\"ReadAction\",\"target\":[\"https:\/\/zoosalis.lv\/royal-canin-appetite-control-loaf-konservai-drebuciuose-85g\/\"]}]},{\"@type\":\"ImageObject\",\"inLanguage\":\"lv-LV\",\"@id\":\"https:\/\/zoosalis.lv\/royal-canin-appetite-control-loaf-konservai-drebuciuose-85g\/#primaryimage\",\"url\":\"https:\/\/zoosalis.lv\/wp-content\/uploads\/2025\/04\/royal-canin-fcn-appetite-control-12x85g_UhQakAi.jpeg\",\"contentUrl\":\"https:\/\/zoosalis.lv\/wp-content\/uploads\/2025\/04\/royal-canin-fcn-appetite-control-12x85g_UhQakAi.jpeg\",\"width\":600,\"height\":600},{\"@type\":\"BreadcrumbList\",\"@id\":\"https:\/\/zoosalis.lv\/royal-canin-appetite-control-loaf-konservai-drebuciuose-85g\/#breadcrumb\",\"itemListElement\":[{\"@type\":\"ListItem\",\"position\":1,\"name\":\"Home\",\"item\":\"https:\/\/zoosalis.lv\/\"},{\"@type\":\"ListItem\",\"position\":2,\"name\":\"Parduotuv\u0117\",\"item\":\"https:\/\/zoosalis.lv\/parduotuve\/\"},{\"@type\":\"ListItem\",\"position\":3,\"name\":\"Royal Canin Appetite Control Loaf konservai drebu\u010diuose 85g.\"}]},{\"@type\":\"WebSite\",\"@id\":\"https:\/\/zoosalis.lv\/#website\",\"url\":\"https:\/\/zoosalis.lv\/\",\"name\":\"Dz\u012bvnieku produkti\",\"description\":\"zoo\u0161alis.lt\",\"publisher\":{\"@id\":\"https:\/\/zoosalis.lv\/#organization\"},\"potentialAction\":[{\"@type\":\"SearchAction\",\"target\":{\"@type\":\"EntryPoint\",\"urlTemplate\":\"https:\/\/zoosalis.lv\/?s={search_term_string}\"},\"query-input\":{\"@type\":\"PropertyValueSpecification\",\"valueRequired\":true,\"valueName\":\"search_term_string\"}}],\"inLanguage\":\"lv-LV\"},{\"@type\":\"Organization\",\"@id\":\"https:\/\/zoosalis.lv\/#organization\",\"name\":\"Zoo\u0161alis.lt\",\"url\":\"https:\/\/zoosalis.lv\/\",\"logo\":{\"@type\":\"ImageObject\",\"inLanguage\":\"lv-LV\",\"@id\":\"https:\/\/zoosalis.lv\/#\/schema\/logo\/image\/\",\"url\":\"https:\/\/zoosalis.lv\/wp-content\/uploads\/2024\/02\/Group-62.png\",\"contentUrl\":\"https:\/\/zoosalis.lv\/wp-content\/uploads\/2024\/02\/Group-62.png\",\"width\":1537,\"height\":337,\"caption\":\"Zoo\u0161alis.lt\"},\"image\":{\"@id\":\"https:\/\/zoosalis.lv\/#\/schema\/logo\/image\/\"},\"sameAs\":[\"https:\/\/www.facebook.com\/zooprekesjums\/\"]}]}<\/script>\n<!-- \/ Yoast SEO plugin. -->","yoast_head_json":{"title":"Royal Canin Appetite Control Loaf konservai drebu\u010diuose 85g. | Dz\u012bvnieku produkti","robots":{"index":"index","follow":"follow","max-snippet":"max-snippet:-1","max-image-preview":"max-image-preview:large","max-video-preview":"max-video-preview:-1"},"canonical":"https:\/\/zoosalis.lv\/lv\/royal-canin-appetite-control-loaf-konservai-drebuciuose-85g\/","og_locale":"lv_LV","og_type":"article","og_title":"Royal Canin Appetite Control Loaf konservai drebu\u010diuose 85g. | Dz\u012bvnieku produkti","og_description":"Royal Canin Appetite Control- Apetito KONTROL\u0116S PRIE\u017dI\u016aRA. Subalansuotas ir visavertis pa\u0161aras suaugusioms kat\u0117ms \u2013 rekomenduojama pad\u0117ti kontroliuoti apetit\u0105. Royal Canin Appetite Control \u012eRODYTI REZULTATAI Daugiau nei 90% savinink\u0173 prane\u0161\u0117 apie kontroliuojam\u0105 apetit\u0105 * per 4 savaites.* Daugiau nei 90% savinink\u0173 prane\u0161\u0117 apie kontroliuojam\u0105 pra\u0161ymo maitinti elges\u012f tarp valgi\u0173 po 4 savai\u010di\u0173, kai j\u0173 kat\u0117s buvo [&hellip;]","og_url":"https:\/\/zoosalis.lv\/lv\/royal-canin-appetite-control-loaf-konservai-drebuciuose-85g\/","og_site_name":"Dz\u012bvnieku produkti","article_publisher":"https:\/\/www.facebook.com\/zooprekesjums\/","article_modified_time":"2025-04-08T08:57:08+00:00","og_image":[{"width":1537,"height":337,"url":"https:\/\/zoosalis.lv\/wp-content\/uploads\/2024\/02\/Group-62.png","type":"image\/png"}],"twitter_card":"summary_large_image","twitter_misc":{"Est. reading time":"1 min\u016bte"},"schema":{"@context":"https:\/\/schema.org","@graph":[{"@type":"WebPage","@id":"https:\/\/zoosalis.lv\/royal-canin-appetite-control-loaf-konservai-drebuciuose-85g\/","url":"https:\/\/zoosalis.lv\/royal-canin-appetite-control-loaf-konservai-drebuciuose-85g\/","name":"Royal Canin Appetite Control Loaf konservai drebu\u010diuose 85g. | Dz\u012bvnieku produkti","isPartOf":{"@id":"https:\/\/zoosalis.lv\/#website"},"primaryImageOfPage":{"@id":"https:\/\/zoosalis.lv\/royal-canin-appetite-control-loaf-konservai-drebuciuose-85g\/#primaryimage"},"image":{"@id":"https:\/\/zoosalis.lv\/royal-canin-appetite-control-loaf-konservai-drebuciuose-85g\/#primaryimage"},"thumbnailUrl":"https:\/\/zoosalis.lv\/wp-content\/uploads\/2025\/04\/royal-canin-fcn-appetite-control-12x85g_UhQakAi.jpeg","datePublished":"2025-04-08T08:55:25+00:00","dateModified":"2025-04-08T08:57:08+00:00","breadcrumb":{"@id":"https:\/\/zoosalis.lv\/royal-canin-appetite-control-loaf-konservai-drebuciuose-85g\/#breadcrumb"},"inLanguage":"lv-LV","potentialAction":[{"@type":"ReadAction","target":["https:\/\/zoosalis.lv\/royal-canin-appetite-control-loaf-konservai-drebuciuose-85g\/"]}]},{"@type":"ImageObject","inLanguage":"lv-LV","@id":"https:\/\/zoosalis.lv\/royal-canin-appetite-control-loaf-konservai-drebuciuose-85g\/#primaryimage","url":"https:\/\/zoosalis.lv\/wp-content\/uploads\/2025\/04\/royal-canin-fcn-appetite-control-12x85g_UhQakAi.jpeg","contentUrl":"https:\/\/zoosalis.lv\/wp-content\/uploads\/2025\/04\/royal-canin-fcn-appetite-control-12x85g_UhQakAi.jpeg","width":600,"height":600},{"@type":"BreadcrumbList","@id":"https:\/\/zoosalis.lv\/royal-canin-appetite-control-loaf-konservai-drebuciuose-85g\/#breadcrumb","itemListElement":[{"@type":"ListItem","position":1,"name":"Home","item":"https:\/\/zoosalis.lv\/"},{"@type":"ListItem","position":2,"name":"Parduotuv\u0117","item":"https:\/\/zoosalis.lv\/parduotuve\/"},{"@type":"ListItem","position":3,"name":"Royal Canin Appetite Control Loaf konservai drebu\u010diuose 85g."}]},{"@type":"WebSite","@id":"https:\/\/zoosalis.lv\/#website","url":"https:\/\/zoosalis.lv\/","name":"Dz\u012bvnieku produkti","description":"zoo\u0161alis.lt","publisher":{"@id":"https:\/\/zoosalis.lv\/#organization"},"potentialAction":[{"@type":"SearchAction","target":{"@type":"EntryPoint","urlTemplate":"https:\/\/zoosalis.lv\/?s={search_term_string}"},"query-input":{"@type":"PropertyValueSpecification","valueRequired":true,"valueName":"search_term_string"}}],"inLanguage":"lv-LV"},{"@type":"Organization","@id":"https:\/\/zoosalis.lv\/#organization","name":"Zoo\u0161alis.lt","url":"https:\/\/zoosalis.lv\/","logo":{"@type":"ImageObject","inLanguage":"lv-LV","@id":"https:\/\/zoosalis.lv\/#\/schema\/logo\/image\/","url":"https:\/\/zoosalis.lv\/wp-content\/uploads\/2024\/02\/Group-62.png","contentUrl":"https:\/\/zoosalis.lv\/wp-content\/uploads\/2024\/02\/Group-62.png","width":1537,"height":337,"caption":"Zoo\u0161alis.lt"},"image":{"@id":"https:\/\/zoosalis.lv\/#\/schema\/logo\/image\/"},"sameAs":["https:\/\/www.facebook.com\/zooprekesjums\/"]}]}},"_links":{"self":[{"href":"https:\/\/zoosalis.lv\/lv\/wp-json\/wp\/v2\/product\/24320"}],"collection":[{"href":"https:\/\/zoosalis.lv\/lv\/wp-json\/wp\/v2\/product"}],"about":[{"href":"https:\/\/zoosalis.lv\/lv\/wp-json\/wp\/v2\/types\/product"}],"replies":[{"embeddable":true,"href":"https:\/\/zoosalis.lv\/lv\/wp-json\/wp\/v2\/comments?post=24320"}],"wp:featuredmedia":[{"embeddable":true,"href":"https:\/\/zoosalis.lv\/lv\/wp-json\/wp\/v2\/media\/24379"}],"wp:attachment":[{"href":"https:\/\/zoosalis.lv\/lv\/wp-json\/wp\/v2\/media?parent=24320"}],"wp:term":[{"taxonomy":"product_brand","embeddable":true,"href":"https:\/\/zoosalis.lv\/lv\/wp-json\/wp\/v2\/product_brand?post=24320"},{"taxonomy":"product_cat","embeddable":true,"href":"https:\/\/zoosalis.lv\/lv\/wp-json\/wp\/v2\/product_cat?post=24320"},{"taxonomy":"product_tag","embeddable":true,"href":"https:\/\/zoosalis.lv\/lv\/wp-json\/wp\/v2\/product_tag?post=24320"}],"curies":[{"name":"wp","href":"https:\/\/api.w.org\/{rel}","templated":true}]}}