{"id":24553,"date":"2025-04-08T09:01:43","date_gmt":"2025-04-08T09:01:43","guid":{"rendered":"https:\/\/zoosalis.lv\/?post_type=product&#038;p=24553"},"modified":"2025-04-11T14:39:38","modified_gmt":"2025-04-11T14:39:38","slug":"tofu-kraikas-katems-pieno-kvapo-6l","status":"publish","type":"product","link":"https:\/\/zoosalis.lv\/lv\/tofu-kraikas-katems-pieno-kvapo-6l\/","title":{"rendered":"Tofu pakai\u0161i ka\u0137iem ar piena arom\u0101tu, 6 l"},"content":{"rendered":"<p>Tofu augu izcelsmes ka\u0137u pakai\u0161i ir ide\u0101li piem\u0113roti jut\u012bgiem ka\u0137iem, dro\u0161i un neizraisa aler\u0123iju. Netoksisks videi, lieliski neitraliz\u0113 smakas, \u0101tr\u0101k uzs\u016bc \u016bdeni. Piena smar\u017ea.<\/p>\n<p>Neto daudzums: 6 l \/ 2,5 kg, 2,0 mm granulas, ka\u0137u pakai\u0161i ir izgatavoti no p\u0101rtikas kvalit\u0101tes izejviel\u0101m, izmantojot progres\u012bvas tehnolo\u0123ijas. Tas nepies\u0101r\u0146o vidi, ir videi draudz\u012bgs un to var tie\u0161i noskalot tualet\u0113.<\/p>\n<p>Priek\u0161roc\u012bbas: \u0101tra un kvalitat\u012bva \u0161\u0137idruma absorbcija, 100% dab\u012bgs, bez putek\u013ciem, ilgsto\u0161ai smakas kontrolei, noskalojams, nel\u012bp pie ka\u0137a \u0137ep\u0101m.<\/p>\n<p>Lieto\u0161ana: Ievietojiet pakai\u0161us t\u012br\u0101 ka\u0137u pakai\u0161u kast\u0113, izkl\u0101jot 2-4 cm biezu &quot;TOFU&quot; pakai\u0161u sl\u0101ni. Katru dienu vai p\u0113c nepiecie\u0161am\u012bbas iz\u0146emiet\/nomainiet izlietot\u0101s TOFU pakai\u0161u pakai\u0161u kastes no ka\u0137u tualetes. Izlietotos TOFU pakai\u0161us var noskalot tualetes pod\u0101.<\/p>","protected":false},"excerpt":{"rendered":"<p>Tofu augalinis kraikas kat\u0117ms idealiai tinka ir jautrioms kat\u0117ms, saugus, nesukeliantis alergijos. Netoksi\u0161kas aplinkai, puikiai neutralizuoja kvapus, greitesnis vandens sug\u0117rimas. Pieno kvapo. Grynasis kiekis: 6L \/ 2,5Kg., 2,0 mm granuli\u0173, ka\u010di\u0173 kraikas yra pagamintas i\u0161 maistini\u0173 \u017ealiav\u0173, naudojant pa\u017eangias technologijas. Jis netar\u0161us, draugi\u0161kas aplinkai ir gali b\u016bti tiesiogiai nuleid\u017eiamas \u012f klozet\u0105. Privalumai: greitas ir kokybi\u0161kas [&hellip;]<\/p>","protected":false},"featured_media":24601,"comment_status":"open","ping_status":"closed","template":"","meta":{"_acf_changed":false,"_monsterinsights_skip_tracking":false,"_monsterinsights_sitenote_active":false,"_monsterinsights_sitenote_note":"","_monsterinsights_sitenote_category":0},"product_brand":[],"product_cat":[880,871,870,913],"product_tag":[],"class_list":{"0":"post-24553","1":"product","2":"type-product","3":"status-publish","4":"has-post-thumbnail","6":"product_cat-ispardavimas","7":"product_cat-kraikas-katems","8":"product_cat-maistas-katems","9":"product_cat-tofu-kraikas","11":"first","12":"outofstock","13":"shipping-taxable","14":"purchasable","15":"product-type-simple"},"acf":[],"aioseo_notices":[],"yoast_head":"<!-- This site is optimized with the Yoast SEO plugin v24.8.1 - https:\/\/yoast.com\/wordpress\/plugins\/seo\/ -->\n<title>Tofu Kraikas Kat\u0117ms Pieno Kvapo, 6l | Dz\u012bvnieku produkti<\/title>\n<meta name=\"robots\" content=\"index, follow, max-snippet:-1, max-image-preview:large, max-video-preview:-1\" \/>\n<link rel=\"canonical\" href=\"https:\/\/zoosalis.lv\/lv\/tofu-kraikas-katems-pieno-kvapo-6l\/\" \/>\n<meta property=\"og:locale\" content=\"lv_LV\" \/>\n<meta property=\"og:type\" content=\"article\" \/>\n<meta property=\"og:title\" content=\"Tofu Kraikas Kat\u0117ms Pieno Kvapo, 6l | Dz\u012bvnieku produkti\" \/>\n<meta property=\"og:description\" content=\"Tofu augalinis kraikas kat\u0117ms idealiai tinka ir jautrioms kat\u0117ms, saugus, nesukeliantis alergijos. Netoksi\u0161kas aplinkai, puikiai neutralizuoja kvapus, greitesnis vandens sug\u0117rimas. Pieno kvapo. Grynasis kiekis: 6L \/ 2,5Kg., 2,0 mm granuli\u0173, ka\u010di\u0173 kraikas yra pagamintas i\u0161 maistini\u0173 \u017ealiav\u0173, naudojant pa\u017eangias technologijas. Jis netar\u0161us, draugi\u0161kas aplinkai ir gali b\u016bti tiesiogiai nuleid\u017eiamas \u012f klozet\u0105. Privalumai: greitas ir kokybi\u0161kas [&hellip;]\" \/>\n<meta property=\"og:url\" content=\"https:\/\/zoosalis.lv\/lv\/tofu-kraikas-katems-pieno-kvapo-6l\/\" \/>\n<meta property=\"og:site_name\" content=\"Dz\u012bvnieku produkti\" \/>\n<meta property=\"article:publisher\" content=\"https:\/\/www.facebook.com\/zooprekesjums\/\" \/>\n<meta property=\"article:modified_time\" content=\"2025-04-11T14:39:38+00:00\" \/>\n<meta property=\"og:image\" content=\"https:\/\/zoosalis.lv\/wp-content\/uploads\/2025\/04\/tofu-kraikas-katems-pieno-kvapo-6l.jpg\" \/>\n\t<meta property=\"og:image:width\" content=\"1000\" \/>\n\t<meta property=\"og:image:height\" content=\"1000\" \/>\n\t<meta property=\"og:image:type\" content=\"image\/jpeg\" \/>\n<meta name=\"twitter:card\" content=\"summary_large_image\" \/>\n<meta name=\"twitter:label1\" content=\"Est. reading time\" \/>\n\t<meta name=\"twitter:data1\" content=\"1 min\u016bte\" \/>\n<script type=\"application\/ld+json\" class=\"yoast-schema-graph\">{\"@context\":\"https:\/\/schema.org\",\"@graph\":[{\"@type\":\"WebPage\",\"@id\":\"https:\/\/zoosalis.lv\/tofu-kraikas-katems-pieno-kvapo-6l\/\",\"url\":\"https:\/\/zoosalis.lv\/tofu-kraikas-katems-pieno-kvapo-6l\/\",\"name\":\"Tofu Kraikas Kat\u0117ms Pieno Kvapo, 6l | Dz\u012bvnieku produkti\",\"isPartOf\":{\"@id\":\"https:\/\/zoosalis.lv\/#website\"},\"primaryImageOfPage\":{\"@id\":\"https:\/\/zoosalis.lv\/tofu-kraikas-katems-pieno-kvapo-6l\/#primaryimage\"},\"image\":{\"@id\":\"https:\/\/zoosalis.lv\/tofu-kraikas-katems-pieno-kvapo-6l\/#primaryimage\"},\"thumbnailUrl\":\"https:\/\/zoosalis.lv\/wp-content\/uploads\/2025\/04\/tofu-kraikas-katems-pieno-kvapo-6l.jpg\",\"datePublished\":\"2025-04-08T09:01:43+00:00\",\"dateModified\":\"2025-04-11T14:39:38+00:00\",\"breadcrumb\":{\"@id\":\"https:\/\/zoosalis.lv\/tofu-kraikas-katems-pieno-kvapo-6l\/#breadcrumb\"},\"inLanguage\":\"lv-LV\",\"potentialAction\":[{\"@type\":\"ReadAction\",\"target\":[\"https:\/\/zoosalis.lv\/tofu-kraikas-katems-pieno-kvapo-6l\/\"]}]},{\"@type\":\"ImageObject\",\"inLanguage\":\"lv-LV\",\"@id\":\"https:\/\/zoosalis.lv\/tofu-kraikas-katems-pieno-kvapo-6l\/#primaryimage\",\"url\":\"https:\/\/zoosalis.lv\/wp-content\/uploads\/2025\/04\/tofu-kraikas-katems-pieno-kvapo-6l.jpg\",\"contentUrl\":\"https:\/\/zoosalis.lv\/wp-content\/uploads\/2025\/04\/tofu-kraikas-katems-pieno-kvapo-6l.jpg\",\"width\":1000,\"height\":1000},{\"@type\":\"BreadcrumbList\",\"@id\":\"https:\/\/zoosalis.lv\/tofu-kraikas-katems-pieno-kvapo-6l\/#breadcrumb\",\"itemListElement\":[{\"@type\":\"ListItem\",\"position\":1,\"name\":\"Home\",\"item\":\"https:\/\/zoosalis.lv\/\"},{\"@type\":\"ListItem\",\"position\":2,\"name\":\"Parduotuv\u0117\",\"item\":\"https:\/\/zoosalis.lv\/parduotuve\/\"},{\"@type\":\"ListItem\",\"position\":3,\"name\":\"Tofu Kraikas Kat\u0117ms Pieno Kvapo, 6l\"}]},{\"@type\":\"WebSite\",\"@id\":\"https:\/\/zoosalis.lv\/#website\",\"url\":\"https:\/\/zoosalis.lv\/\",\"name\":\"Dz\u012bvnieku produkti\",\"description\":\"zoo\u0161alis.lt\",\"publisher\":{\"@id\":\"https:\/\/zoosalis.lv\/#organization\"},\"potentialAction\":[{\"@type\":\"SearchAction\",\"target\":{\"@type\":\"EntryPoint\",\"urlTemplate\":\"https:\/\/zoosalis.lv\/?s={search_term_string}\"},\"query-input\":{\"@type\":\"PropertyValueSpecification\",\"valueRequired\":true,\"valueName\":\"search_term_string\"}}],\"inLanguage\":\"lv-LV\"},{\"@type\":\"Organization\",\"@id\":\"https:\/\/zoosalis.lv\/#organization\",\"name\":\"Zoo\u0161alis.lt\",\"url\":\"https:\/\/zoosalis.lv\/\",\"logo\":{\"@type\":\"ImageObject\",\"inLanguage\":\"lv-LV\",\"@id\":\"https:\/\/zoosalis.lv\/#\/schema\/logo\/image\/\",\"url\":\"https:\/\/zoosalis.lv\/wp-content\/uploads\/2024\/02\/Group-62.png\",\"contentUrl\":\"https:\/\/zoosalis.lv\/wp-content\/uploads\/2024\/02\/Group-62.png\",\"width\":1537,\"height\":337,\"caption\":\"Zoo\u0161alis.lt\"},\"image\":{\"@id\":\"https:\/\/zoosalis.lv\/#\/schema\/logo\/image\/\"},\"sameAs\":[\"https:\/\/www.facebook.com\/zooprekesjums\/\"]}]}<\/script>\n<!-- \/ Yoast SEO plugin. -->","yoast_head_json":{"title":"Tofu Kraikas Kat\u0117ms Pieno Kvapo, 6l | Dz\u012bvnieku produkti","robots":{"index":"index","follow":"follow","max-snippet":"max-snippet:-1","max-image-preview":"max-image-preview:large","max-video-preview":"max-video-preview:-1"},"canonical":"https:\/\/zoosalis.lv\/lv\/tofu-kraikas-katems-pieno-kvapo-6l\/","og_locale":"lv_LV","og_type":"article","og_title":"Tofu Kraikas Kat\u0117ms Pieno Kvapo, 6l | Dz\u012bvnieku produkti","og_description":"Tofu augalinis kraikas kat\u0117ms idealiai tinka ir jautrioms kat\u0117ms, saugus, nesukeliantis alergijos. Netoksi\u0161kas aplinkai, puikiai neutralizuoja kvapus, greitesnis vandens sug\u0117rimas. Pieno kvapo. Grynasis kiekis: 6L \/ 2,5Kg., 2,0 mm granuli\u0173, ka\u010di\u0173 kraikas yra pagamintas i\u0161 maistini\u0173 \u017ealiav\u0173, naudojant pa\u017eangias technologijas. Jis netar\u0161us, draugi\u0161kas aplinkai ir gali b\u016bti tiesiogiai nuleid\u017eiamas \u012f klozet\u0105. Privalumai: greitas ir kokybi\u0161kas [&hellip;]","og_url":"https:\/\/zoosalis.lv\/lv\/tofu-kraikas-katems-pieno-kvapo-6l\/","og_site_name":"Dz\u012bvnieku produkti","article_publisher":"https:\/\/www.facebook.com\/zooprekesjums\/","article_modified_time":"2025-04-11T14:39:38+00:00","og_image":[{"width":1000,"height":1000,"url":"https:\/\/zoosalis.lv\/wp-content\/uploads\/2025\/04\/tofu-kraikas-katems-pieno-kvapo-6l.jpg","type":"image\/jpeg"}],"twitter_card":"summary_large_image","twitter_misc":{"Est. reading time":"1 min\u016bte"},"schema":{"@context":"https:\/\/schema.org","@graph":[{"@type":"WebPage","@id":"https:\/\/zoosalis.lv\/tofu-kraikas-katems-pieno-kvapo-6l\/","url":"https:\/\/zoosalis.lv\/tofu-kraikas-katems-pieno-kvapo-6l\/","name":"Tofu Kraikas Kat\u0117ms Pieno Kvapo, 6l | Dz\u012bvnieku produkti","isPartOf":{"@id":"https:\/\/zoosalis.lv\/#website"},"primaryImageOfPage":{"@id":"https:\/\/zoosalis.lv\/tofu-kraikas-katems-pieno-kvapo-6l\/#primaryimage"},"image":{"@id":"https:\/\/zoosalis.lv\/tofu-kraikas-katems-pieno-kvapo-6l\/#primaryimage"},"thumbnailUrl":"https:\/\/zoosalis.lv\/wp-content\/uploads\/2025\/04\/tofu-kraikas-katems-pieno-kvapo-6l.jpg","datePublished":"2025-04-08T09:01:43+00:00","dateModified":"2025-04-11T14:39:38+00:00","breadcrumb":{"@id":"https:\/\/zoosalis.lv\/tofu-kraikas-katems-pieno-kvapo-6l\/#breadcrumb"},"inLanguage":"lv-LV","potentialAction":[{"@type":"ReadAction","target":["https:\/\/zoosalis.lv\/tofu-kraikas-katems-pieno-kvapo-6l\/"]}]},{"@type":"ImageObject","inLanguage":"lv-LV","@id":"https:\/\/zoosalis.lv\/tofu-kraikas-katems-pieno-kvapo-6l\/#primaryimage","url":"https:\/\/zoosalis.lv\/wp-content\/uploads\/2025\/04\/tofu-kraikas-katems-pieno-kvapo-6l.jpg","contentUrl":"https:\/\/zoosalis.lv\/wp-content\/uploads\/2025\/04\/tofu-kraikas-katems-pieno-kvapo-6l.jpg","width":1000,"height":1000},{"@type":"BreadcrumbList","@id":"https:\/\/zoosalis.lv\/tofu-kraikas-katems-pieno-kvapo-6l\/#breadcrumb","itemListElement":[{"@type":"ListItem","position":1,"name":"Home","item":"https:\/\/zoosalis.lv\/"},{"@type":"ListItem","position":2,"name":"Parduotuv\u0117","item":"https:\/\/zoosalis.lv\/parduotuve\/"},{"@type":"ListItem","position":3,"name":"Tofu Kraikas Kat\u0117ms Pieno Kvapo, 6l"}]},{"@type":"WebSite","@id":"https:\/\/zoosalis.lv\/#website","url":"https:\/\/zoosalis.lv\/","name":"Dz\u012bvnieku produkti","description":"zoo\u0161alis.lt","publisher":{"@id":"https:\/\/zoosalis.lv\/#organization"},"potentialAction":[{"@type":"SearchAction","target":{"@type":"EntryPoint","urlTemplate":"https:\/\/zoosalis.lv\/?s={search_term_string}"},"query-input":{"@type":"PropertyValueSpecification","valueRequired":true,"valueName":"search_term_string"}}],"inLanguage":"lv-LV"},{"@type":"Organization","@id":"https:\/\/zoosalis.lv\/#organization","name":"Zoo\u0161alis.lt","url":"https:\/\/zoosalis.lv\/","logo":{"@type":"ImageObject","inLanguage":"lv-LV","@id":"https:\/\/zoosalis.lv\/#\/schema\/logo\/image\/","url":"https:\/\/zoosalis.lv\/wp-content\/uploads\/2024\/02\/Group-62.png","contentUrl":"https:\/\/zoosalis.lv\/wp-content\/uploads\/2024\/02\/Group-62.png","width":1537,"height":337,"caption":"Zoo\u0161alis.lt"},"image":{"@id":"https:\/\/zoosalis.lv\/#\/schema\/logo\/image\/"},"sameAs":["https:\/\/www.facebook.com\/zooprekesjums\/"]}]}},"_links":{"self":[{"href":"https:\/\/zoosalis.lv\/lv\/wp-json\/wp\/v2\/product\/24553"}],"collection":[{"href":"https:\/\/zoosalis.lv\/lv\/wp-json\/wp\/v2\/product"}],"about":[{"href":"https:\/\/zoosalis.lv\/lv\/wp-json\/wp\/v2\/types\/product"}],"replies":[{"embeddable":true,"href":"https:\/\/zoosalis.lv\/lv\/wp-json\/wp\/v2\/comments?post=24553"}],"wp:featuredmedia":[{"embeddable":true,"href":"https:\/\/zoosalis.lv\/lv\/wp-json\/wp\/v2\/media\/24601"}],"wp:attachment":[{"href":"https:\/\/zoosalis.lv\/lv\/wp-json\/wp\/v2\/media?parent=24553"}],"wp:term":[{"taxonomy":"product_brand","embeddable":true,"href":"https:\/\/zoosalis.lv\/lv\/wp-json\/wp\/v2\/product_brand?post=24553"},{"taxonomy":"product_cat","embeddable":true,"href":"https:\/\/zoosalis.lv\/lv\/wp-json\/wp\/v2\/product_cat?post=24553"},{"taxonomy":"product_tag","embeddable":true,"href":"https:\/\/zoosalis.lv\/lv\/wp-json\/wp\/v2\/product_tag?post=24553"}],"curies":[{"name":"wp","href":"https:\/\/api.w.org\/{rel}","templated":true}]}}