{"id":24669,"date":"2025-04-08T09:04:34","date_gmt":"2025-04-08T09:04:34","guid":{"rendered":"https:\/\/zoosalis.lv\/?post_type=product&#038;p=24669"},"modified":"2025-04-08T09:05:08","modified_gmt":"2025-04-08T09:05:08","slug":"trixie-suns-antsnukis-s","status":"publish","type":"product","link":"https:\/\/zoosalis.lv\/lv\/trixie-suns-antsnukis-s\/","title":{"rendered":"TRIXIE su\u0146u purns (S)"},"content":{"rendered":"<p>Neilona purns da\u017e\u0101diem su\u0146iem. Tam ir regul\u0113jama siksni\u0146a, t\u0101p\u0113c t\u0101 lieliski piegu\u013c su\u0146a purnam, \u013caujot tam viegli elpot ar m\u0113li \u0101r\u0101 un dzert. Aizsarg\u0101 pret agres\u012bvu uzved\u012bbu.<\/p>\n<p>Izgatavots no kvalitat\u012bva neilona.<br \/>\nAr sieta apak\u0161da\u013cu.<br \/>\nAr regul\u0113jamu siksni\u0146u, kas piegu\u013c ap kaklu.<br \/>\nLieliski piegu\u013c uz purna.<br \/>\nKr\u0101sa: melna.<\/p>","protected":false},"excerpt":{"rendered":"<p>Nailoninis antsnukis skirtas \u012fvairiems \u0161unims. Jis yra su reguliuojamu dir\u017eeliu, tad puikiai priglunda prie \u0161uns snukio, leid\u017eia lengvai alsuoti i\u0161ki\u0161us lie\u017euv\u012f bei atsigerti. Saugo nuo agresyvaus elgesio. Pagamintas i\u0161 kokybi\u0161ko nailono. Su tinkline apa\u010dia. Su reguliuojamu dir\u017eeliu, kuris prisitaiko prie kaklo. Puikiai priglunda prie snukio. Spalva: juoda.<\/p>","protected":false},"featured_media":24709,"comment_status":"closed","ping_status":"closed","template":"","meta":{"_acf_changed":false,"_monsterinsights_skip_tracking":false,"_monsterinsights_sitenote_active":false,"_monsterinsights_sitenote_note":"","_monsterinsights_sitenote_category":0},"product_brand":[],"product_cat":[979,873,950],"product_tag":[],"class_list":{"0":"post-24669","1":"product","2":"type-product","3":"status-publish","4":"has-post-thumbnail","6":"product_cat-antsnukiai","7":"product_cat-prekes-sunims","8":"product_cat-suns-vedziojimo-lauke-reikmenys","10":"first","11":"instock","12":"shipping-taxable","13":"purchasable","14":"product-type-simple"},"acf":[],"aioseo_notices":[],"yoast_head":"<!-- This site is optimized with the Yoast SEO plugin v24.8.1 - https:\/\/yoast.com\/wordpress\/plugins\/seo\/ -->\n<title>TRIXIE \u0160UNS ANTSNUKIS (S) | Dz\u012bvnieku produkti<\/title>\n<meta name=\"robots\" content=\"index, follow, max-snippet:-1, max-image-preview:large, max-video-preview:-1\" \/>\n<link rel=\"canonical\" href=\"https:\/\/zoosalis.lv\/lv\/trixie-suns-antsnukis-s\/\" \/>\n<meta property=\"og:locale\" content=\"lv_LV\" \/>\n<meta property=\"og:type\" content=\"article\" \/>\n<meta property=\"og:title\" content=\"TRIXIE \u0160UNS ANTSNUKIS (S) | Dz\u012bvnieku produkti\" \/>\n<meta property=\"og:description\" content=\"Nailoninis antsnukis skirtas \u012fvairiems \u0161unims. Jis yra su reguliuojamu dir\u017eeliu, tad puikiai priglunda prie \u0161uns snukio, leid\u017eia lengvai alsuoti i\u0161ki\u0161us lie\u017euv\u012f bei atsigerti. Saugo nuo agresyvaus elgesio. Pagamintas i\u0161 kokybi\u0161ko nailono. Su tinkline apa\u010dia. Su reguliuojamu dir\u017eeliu, kuris prisitaiko prie kaklo. Puikiai priglunda prie snukio. Spalva: juoda.\" \/>\n<meta property=\"og:url\" content=\"https:\/\/zoosalis.lv\/lv\/trixie-suns-antsnukis-s\/\" \/>\n<meta property=\"og:site_name\" content=\"Dz\u012bvnieku produkti\" \/>\n<meta property=\"article:publisher\" content=\"https:\/\/www.facebook.com\/zooprekesjums\/\" \/>\n<meta property=\"article:modified_time\" content=\"2025-04-08T09:05:08+00:00\" \/>\n<meta property=\"og:image\" content=\"https:\/\/zoosalis.lv\/wp-content\/uploads\/2024\/02\/Group-62.png\" \/>\n\t<meta property=\"og:image:width\" content=\"1537\" \/>\n\t<meta property=\"og:image:height\" content=\"337\" \/>\n\t<meta property=\"og:image:type\" content=\"image\/png\" \/>\n<meta name=\"twitter:card\" content=\"summary_large_image\" \/>\n<script type=\"application\/ld+json\" class=\"yoast-schema-graph\">{\"@context\":\"https:\/\/schema.org\",\"@graph\":[{\"@type\":\"WebPage\",\"@id\":\"https:\/\/zoosalis.lv\/trixie-suns-antsnukis-s\/\",\"url\":\"https:\/\/zoosalis.lv\/trixie-suns-antsnukis-s\/\",\"name\":\"TRIXIE \u0160UNS ANTSNUKIS (S) | Dz\u012bvnieku produkti\",\"isPartOf\":{\"@id\":\"https:\/\/zoosalis.lv\/#website\"},\"primaryImageOfPage\":{\"@id\":\"https:\/\/zoosalis.lv\/trixie-suns-antsnukis-s\/#primaryimage\"},\"image\":{\"@id\":\"https:\/\/zoosalis.lv\/trixie-suns-antsnukis-s\/#primaryimage\"},\"thumbnailUrl\":\"https:\/\/zoosalis.lv\/wp-content\/uploads\/2025\/04\/photo_1_22788213.jpg\",\"datePublished\":\"2025-04-08T09:04:34+00:00\",\"dateModified\":\"2025-04-08T09:05:08+00:00\",\"breadcrumb\":{\"@id\":\"https:\/\/zoosalis.lv\/trixie-suns-antsnukis-s\/#breadcrumb\"},\"inLanguage\":\"lv-LV\",\"potentialAction\":[{\"@type\":\"ReadAction\",\"target\":[\"https:\/\/zoosalis.lv\/trixie-suns-antsnukis-s\/\"]}]},{\"@type\":\"ImageObject\",\"inLanguage\":\"lv-LV\",\"@id\":\"https:\/\/zoosalis.lv\/trixie-suns-antsnukis-s\/#primaryimage\",\"url\":\"https:\/\/zoosalis.lv\/wp-content\/uploads\/2025\/04\/photo_1_22788213.jpg\",\"contentUrl\":\"https:\/\/zoosalis.lv\/wp-content\/uploads\/2025\/04\/photo_1_22788213.jpg\",\"width\":348,\"height\":348},{\"@type\":\"BreadcrumbList\",\"@id\":\"https:\/\/zoosalis.lv\/trixie-suns-antsnukis-s\/#breadcrumb\",\"itemListElement\":[{\"@type\":\"ListItem\",\"position\":1,\"name\":\"Home\",\"item\":\"https:\/\/zoosalis.lv\/\"},{\"@type\":\"ListItem\",\"position\":2,\"name\":\"Parduotuv\u0117\",\"item\":\"https:\/\/zoosalis.lv\/parduotuve\/\"},{\"@type\":\"ListItem\",\"position\":3,\"name\":\"TRIXIE \u0160UNS ANTSNUKIS (S)\"}]},{\"@type\":\"WebSite\",\"@id\":\"https:\/\/zoosalis.lv\/#website\",\"url\":\"https:\/\/zoosalis.lv\/\",\"name\":\"Dz\u012bvnieku produkti\",\"description\":\"zoo\u0161alis.lt\",\"publisher\":{\"@id\":\"https:\/\/zoosalis.lv\/#organization\"},\"potentialAction\":[{\"@type\":\"SearchAction\",\"target\":{\"@type\":\"EntryPoint\",\"urlTemplate\":\"https:\/\/zoosalis.lv\/?s={search_term_string}\"},\"query-input\":{\"@type\":\"PropertyValueSpecification\",\"valueRequired\":true,\"valueName\":\"search_term_string\"}}],\"inLanguage\":\"lv-LV\"},{\"@type\":\"Organization\",\"@id\":\"https:\/\/zoosalis.lv\/#organization\",\"name\":\"Zoo\u0161alis.lt\",\"url\":\"https:\/\/zoosalis.lv\/\",\"logo\":{\"@type\":\"ImageObject\",\"inLanguage\":\"lv-LV\",\"@id\":\"https:\/\/zoosalis.lv\/#\/schema\/logo\/image\/\",\"url\":\"https:\/\/zoosalis.lv\/wp-content\/uploads\/2024\/02\/Group-62.png\",\"contentUrl\":\"https:\/\/zoosalis.lv\/wp-content\/uploads\/2024\/02\/Group-62.png\",\"width\":1537,\"height\":337,\"caption\":\"Zoo\u0161alis.lt\"},\"image\":{\"@id\":\"https:\/\/zoosalis.lv\/#\/schema\/logo\/image\/\"},\"sameAs\":[\"https:\/\/www.facebook.com\/zooprekesjums\/\"]}]}<\/script>\n<!-- \/ Yoast SEO plugin. -->","yoast_head_json":{"title":"TRIXIE \u0160UNS ANTSNUKIS (S) | Dz\u012bvnieku produkti","robots":{"index":"index","follow":"follow","max-snippet":"max-snippet:-1","max-image-preview":"max-image-preview:large","max-video-preview":"max-video-preview:-1"},"canonical":"https:\/\/zoosalis.lv\/lv\/trixie-suns-antsnukis-s\/","og_locale":"lv_LV","og_type":"article","og_title":"TRIXIE \u0160UNS ANTSNUKIS (S) | Dz\u012bvnieku produkti","og_description":"Nailoninis antsnukis skirtas \u012fvairiems \u0161unims. Jis yra su reguliuojamu dir\u017eeliu, tad puikiai priglunda prie \u0161uns snukio, leid\u017eia lengvai alsuoti i\u0161ki\u0161us lie\u017euv\u012f bei atsigerti. Saugo nuo agresyvaus elgesio. Pagamintas i\u0161 kokybi\u0161ko nailono. Su tinkline apa\u010dia. Su reguliuojamu dir\u017eeliu, kuris prisitaiko prie kaklo. Puikiai priglunda prie snukio. Spalva: juoda.","og_url":"https:\/\/zoosalis.lv\/lv\/trixie-suns-antsnukis-s\/","og_site_name":"Dz\u012bvnieku produkti","article_publisher":"https:\/\/www.facebook.com\/zooprekesjums\/","article_modified_time":"2025-04-08T09:05:08+00:00","og_image":[{"width":1537,"height":337,"url":"https:\/\/zoosalis.lv\/wp-content\/uploads\/2024\/02\/Group-62.png","type":"image\/png"}],"twitter_card":"summary_large_image","schema":{"@context":"https:\/\/schema.org","@graph":[{"@type":"WebPage","@id":"https:\/\/zoosalis.lv\/trixie-suns-antsnukis-s\/","url":"https:\/\/zoosalis.lv\/trixie-suns-antsnukis-s\/","name":"TRIXIE \u0160UNS ANTSNUKIS (S) | Dz\u012bvnieku produkti","isPartOf":{"@id":"https:\/\/zoosalis.lv\/#website"},"primaryImageOfPage":{"@id":"https:\/\/zoosalis.lv\/trixie-suns-antsnukis-s\/#primaryimage"},"image":{"@id":"https:\/\/zoosalis.lv\/trixie-suns-antsnukis-s\/#primaryimage"},"thumbnailUrl":"https:\/\/zoosalis.lv\/wp-content\/uploads\/2025\/04\/photo_1_22788213.jpg","datePublished":"2025-04-08T09:04:34+00:00","dateModified":"2025-04-08T09:05:08+00:00","breadcrumb":{"@id":"https:\/\/zoosalis.lv\/trixie-suns-antsnukis-s\/#breadcrumb"},"inLanguage":"lv-LV","potentialAction":[{"@type":"ReadAction","target":["https:\/\/zoosalis.lv\/trixie-suns-antsnukis-s\/"]}]},{"@type":"ImageObject","inLanguage":"lv-LV","@id":"https:\/\/zoosalis.lv\/trixie-suns-antsnukis-s\/#primaryimage","url":"https:\/\/zoosalis.lv\/wp-content\/uploads\/2025\/04\/photo_1_22788213.jpg","contentUrl":"https:\/\/zoosalis.lv\/wp-content\/uploads\/2025\/04\/photo_1_22788213.jpg","width":348,"height":348},{"@type":"BreadcrumbList","@id":"https:\/\/zoosalis.lv\/trixie-suns-antsnukis-s\/#breadcrumb","itemListElement":[{"@type":"ListItem","position":1,"name":"Home","item":"https:\/\/zoosalis.lv\/"},{"@type":"ListItem","position":2,"name":"Parduotuv\u0117","item":"https:\/\/zoosalis.lv\/parduotuve\/"},{"@type":"ListItem","position":3,"name":"TRIXIE \u0160UNS ANTSNUKIS (S)"}]},{"@type":"WebSite","@id":"https:\/\/zoosalis.lv\/#website","url":"https:\/\/zoosalis.lv\/","name":"Dz\u012bvnieku produkti","description":"zoo\u0161alis.lt","publisher":{"@id":"https:\/\/zoosalis.lv\/#organization"},"potentialAction":[{"@type":"SearchAction","target":{"@type":"EntryPoint","urlTemplate":"https:\/\/zoosalis.lv\/?s={search_term_string}"},"query-input":{"@type":"PropertyValueSpecification","valueRequired":true,"valueName":"search_term_string"}}],"inLanguage":"lv-LV"},{"@type":"Organization","@id":"https:\/\/zoosalis.lv\/#organization","name":"Zoo\u0161alis.lt","url":"https:\/\/zoosalis.lv\/","logo":{"@type":"ImageObject","inLanguage":"lv-LV","@id":"https:\/\/zoosalis.lv\/#\/schema\/logo\/image\/","url":"https:\/\/zoosalis.lv\/wp-content\/uploads\/2024\/02\/Group-62.png","contentUrl":"https:\/\/zoosalis.lv\/wp-content\/uploads\/2024\/02\/Group-62.png","width":1537,"height":337,"caption":"Zoo\u0161alis.lt"},"image":{"@id":"https:\/\/zoosalis.lv\/#\/schema\/logo\/image\/"},"sameAs":["https:\/\/www.facebook.com\/zooprekesjums\/"]}]}},"_links":{"self":[{"href":"https:\/\/zoosalis.lv\/lv\/wp-json\/wp\/v2\/product\/24669"}],"collection":[{"href":"https:\/\/zoosalis.lv\/lv\/wp-json\/wp\/v2\/product"}],"about":[{"href":"https:\/\/zoosalis.lv\/lv\/wp-json\/wp\/v2\/types\/product"}],"replies":[{"embeddable":true,"href":"https:\/\/zoosalis.lv\/lv\/wp-json\/wp\/v2\/comments?post=24669"}],"wp:featuredmedia":[{"embeddable":true,"href":"https:\/\/zoosalis.lv\/lv\/wp-json\/wp\/v2\/media\/24709"}],"wp:attachment":[{"href":"https:\/\/zoosalis.lv\/lv\/wp-json\/wp\/v2\/media?parent=24669"}],"wp:term":[{"taxonomy":"product_brand","embeddable":true,"href":"https:\/\/zoosalis.lv\/lv\/wp-json\/wp\/v2\/product_brand?post=24669"},{"taxonomy":"product_cat","embeddable":true,"href":"https:\/\/zoosalis.lv\/lv\/wp-json\/wp\/v2\/product_cat?post=24669"},{"taxonomy":"product_tag","embeddable":true,"href":"https:\/\/zoosalis.lv\/lv\/wp-json\/wp\/v2\/product_tag?post=24669"}],"curies":[{"name":"wp","href":"https:\/\/api.w.org\/{rel}","templated":true}]}}