{"id":24698,"date":"2025-04-08T09:04:55","date_gmt":"2025-04-08T09:04:55","guid":{"rendered":"https:\/\/zoosalis.lv\/?post_type=product&#038;p=24698"},"modified":"2025-04-08T09:06:23","modified_gmt":"2025-04-08T09:06:23","slug":"vadigran-premium-mix-kanarelems-1kg","status":"publish","type":"product","link":"https:\/\/zoosalis.lv\/lv\/vadigran-premium-mix-kanarelems-1kg\/","title":{"rendered":"VADIGRAN PREMIUM mais\u012bjums kan\u0101rijputni\u0146iem 1KG"},"content":{"rendered":"<p>Sast\u0101vda\u013cas: it\u0101\u013cu grie\u0137u sier\u0101boli\u0146a s\u0113klas, rap\u0161u s\u0113klas, lob\u012btas auzas, plant\u0101ni, meln\u0101s \u0137imenes s\u0113klas, linu s\u0113klas, rap\u0161u s\u0113klas, kannu s\u0113klas, cepums.<\/p>\n<p>Lieto\u0161ana: Katru dienu skalot ar t\u012bru \u016bdeni. Uzglab\u0101t produktu saus\u0101, v\u0113s\u0101 viet\u0101.<\/p>","protected":false},"excerpt":{"rendered":"<p>Sud\u0117tis: Italin\u0117s \u0161eryt\u0117s s\u0117klos, rapsas, i\u0161luk\u0161tentos avi\u017eos, gyslotis, Juodosios drign\u0117s s\u0117klos, Lin\u0173 s\u0117klos, rapsas, Kan\u0173 s\u0117klos, biskvitas. Naudojimas: Kasdien su \u0161variu vandeniu. Produkt\u0105 laikyti sausoje, v\u0117sioje vietoje.<\/p>","protected":false},"featured_media":24756,"comment_status":"closed","ping_status":"closed","template":"","meta":{"_acf_changed":false,"_monsterinsights_skip_tracking":false,"_monsterinsights_sitenote_active":false,"_monsterinsights_sitenote_note":"","_monsterinsights_sitenote_category":0},"product_brand":[],"product_cat":[922,914,919],"product_tag":[],"class_list":{"0":"post-24698","1":"product","2":"type-product","3":"status-publish","4":"has-post-thumbnail","6":"product_cat-lesalas-pauksciams","7":"product_cat-maistas-pauksciams","8":"product_cat-mityba-vitaminai-pauksciams","10":"first","11":"instock","12":"shipping-taxable","13":"purchasable","14":"product-type-simple"},"acf":[],"aioseo_notices":[],"yoast_head":"<!-- This site is optimized with the Yoast SEO plugin v24.8.1 - https:\/\/yoast.com\/wordpress\/plugins\/seo\/ -->\n<title>VADIGRAN PREMIUM MIX KANAR\u0116LEMS 1KG | Dz\u012bvnieku produkti<\/title>\n<meta name=\"robots\" content=\"index, follow, max-snippet:-1, max-image-preview:large, max-video-preview:-1\" \/>\n<link rel=\"canonical\" href=\"https:\/\/zoosalis.lv\/lv\/vadigran-premium-mix-kanarelems-1kg\/\" \/>\n<meta property=\"og:locale\" content=\"lv_LV\" \/>\n<meta property=\"og:type\" content=\"article\" \/>\n<meta property=\"og:title\" content=\"VADIGRAN PREMIUM MIX KANAR\u0116LEMS 1KG | Dz\u012bvnieku produkti\" \/>\n<meta property=\"og:description\" content=\"Sud\u0117tis: Italin\u0117s \u0161eryt\u0117s s\u0117klos, rapsas, i\u0161luk\u0161tentos avi\u017eos, gyslotis, Juodosios drign\u0117s s\u0117klos, Lin\u0173 s\u0117klos, rapsas, Kan\u0173 s\u0117klos, biskvitas. Naudojimas: Kasdien su \u0161variu vandeniu. Produkt\u0105 laikyti sausoje, v\u0117sioje vietoje.\" \/>\n<meta property=\"og:url\" content=\"https:\/\/zoosalis.lv\/lv\/vadigran-premium-mix-kanarelems-1kg\/\" \/>\n<meta property=\"og:site_name\" content=\"Dz\u012bvnieku produkti\" \/>\n<meta property=\"article:publisher\" content=\"https:\/\/www.facebook.com\/zooprekesjums\/\" \/>\n<meta property=\"article:modified_time\" content=\"2025-04-08T09:06:23+00:00\" \/>\n<meta property=\"og:image\" content=\"https:\/\/zoosalis.lv\/wp-content\/uploads\/2024\/02\/Group-62.png\" \/>\n\t<meta property=\"og:image:width\" content=\"1537\" \/>\n\t<meta property=\"og:image:height\" content=\"337\" \/>\n\t<meta property=\"og:image:type\" content=\"image\/png\" \/>\n<meta name=\"twitter:card\" content=\"summary_large_image\" \/>\n<script type=\"application\/ld+json\" class=\"yoast-schema-graph\">{\"@context\":\"https:\/\/schema.org\",\"@graph\":[{\"@type\":\"WebPage\",\"@id\":\"https:\/\/zoosalis.lv\/vadigran-premium-mix-kanarelems-1kg\/\",\"url\":\"https:\/\/zoosalis.lv\/vadigran-premium-mix-kanarelems-1kg\/\",\"name\":\"VADIGRAN PREMIUM MIX KANAR\u0116LEMS 1KG | Dz\u012bvnieku produkti\",\"isPartOf\":{\"@id\":\"https:\/\/zoosalis.lv\/#website\"},\"primaryImageOfPage\":{\"@id\":\"https:\/\/zoosalis.lv\/vadigran-premium-mix-kanarelems-1kg\/#primaryimage\"},\"image\":{\"@id\":\"https:\/\/zoosalis.lv\/vadigran-premium-mix-kanarelems-1kg\/#primaryimage\"},\"thumbnailUrl\":\"https:\/\/zoosalis.lv\/wp-content\/uploads\/2025\/04\/886dbbf557d5887dcf418a6af8f1c5dc.jpg\",\"datePublished\":\"2025-04-08T09:04:55+00:00\",\"dateModified\":\"2025-04-08T09:06:23+00:00\",\"breadcrumb\":{\"@id\":\"https:\/\/zoosalis.lv\/vadigran-premium-mix-kanarelems-1kg\/#breadcrumb\"},\"inLanguage\":\"lv-LV\",\"potentialAction\":[{\"@type\":\"ReadAction\",\"target\":[\"https:\/\/zoosalis.lv\/vadigran-premium-mix-kanarelems-1kg\/\"]}]},{\"@type\":\"ImageObject\",\"inLanguage\":\"lv-LV\",\"@id\":\"https:\/\/zoosalis.lv\/vadigran-premium-mix-kanarelems-1kg\/#primaryimage\",\"url\":\"https:\/\/zoosalis.lv\/wp-content\/uploads\/2025\/04\/886dbbf557d5887dcf418a6af8f1c5dc.jpg\",\"contentUrl\":\"https:\/\/zoosalis.lv\/wp-content\/uploads\/2025\/04\/886dbbf557d5887dcf418a6af8f1c5dc.jpg\",\"width\":160,\"height\":279},{\"@type\":\"BreadcrumbList\",\"@id\":\"https:\/\/zoosalis.lv\/vadigran-premium-mix-kanarelems-1kg\/#breadcrumb\",\"itemListElement\":[{\"@type\":\"ListItem\",\"position\":1,\"name\":\"Home\",\"item\":\"https:\/\/zoosalis.lv\/\"},{\"@type\":\"ListItem\",\"position\":2,\"name\":\"Parduotuv\u0117\",\"item\":\"https:\/\/zoosalis.lv\/parduotuve\/\"},{\"@type\":\"ListItem\",\"position\":3,\"name\":\"VADIGRAN PREMIUM MIX KANAR\u0116LEMS 1KG\"}]},{\"@type\":\"WebSite\",\"@id\":\"https:\/\/zoosalis.lv\/#website\",\"url\":\"https:\/\/zoosalis.lv\/\",\"name\":\"Dz\u012bvnieku produkti\",\"description\":\"zoo\u0161alis.lt\",\"publisher\":{\"@id\":\"https:\/\/zoosalis.lv\/#organization\"},\"potentialAction\":[{\"@type\":\"SearchAction\",\"target\":{\"@type\":\"EntryPoint\",\"urlTemplate\":\"https:\/\/zoosalis.lv\/?s={search_term_string}\"},\"query-input\":{\"@type\":\"PropertyValueSpecification\",\"valueRequired\":true,\"valueName\":\"search_term_string\"}}],\"inLanguage\":\"lv-LV\"},{\"@type\":\"Organization\",\"@id\":\"https:\/\/zoosalis.lv\/#organization\",\"name\":\"Zoo\u0161alis.lt\",\"url\":\"https:\/\/zoosalis.lv\/\",\"logo\":{\"@type\":\"ImageObject\",\"inLanguage\":\"lv-LV\",\"@id\":\"https:\/\/zoosalis.lv\/#\/schema\/logo\/image\/\",\"url\":\"https:\/\/zoosalis.lv\/wp-content\/uploads\/2024\/02\/Group-62.png\",\"contentUrl\":\"https:\/\/zoosalis.lv\/wp-content\/uploads\/2024\/02\/Group-62.png\",\"width\":1537,\"height\":337,\"caption\":\"Zoo\u0161alis.lt\"},\"image\":{\"@id\":\"https:\/\/zoosalis.lv\/#\/schema\/logo\/image\/\"},\"sameAs\":[\"https:\/\/www.facebook.com\/zooprekesjums\/\"]}]}<\/script>\n<!-- \/ Yoast SEO plugin. -->","yoast_head_json":{"title":"VADIGRAN PREMIUM MIX KANAR\u0116LEMS 1KG | Dz\u012bvnieku produkti","robots":{"index":"index","follow":"follow","max-snippet":"max-snippet:-1","max-image-preview":"max-image-preview:large","max-video-preview":"max-video-preview:-1"},"canonical":"https:\/\/zoosalis.lv\/lv\/vadigran-premium-mix-kanarelems-1kg\/","og_locale":"lv_LV","og_type":"article","og_title":"VADIGRAN PREMIUM MIX KANAR\u0116LEMS 1KG | Dz\u012bvnieku produkti","og_description":"Sud\u0117tis: Italin\u0117s \u0161eryt\u0117s s\u0117klos, rapsas, i\u0161luk\u0161tentos avi\u017eos, gyslotis, Juodosios drign\u0117s s\u0117klos, Lin\u0173 s\u0117klos, rapsas, Kan\u0173 s\u0117klos, biskvitas. Naudojimas: Kasdien su \u0161variu vandeniu. Produkt\u0105 laikyti sausoje, v\u0117sioje vietoje.","og_url":"https:\/\/zoosalis.lv\/lv\/vadigran-premium-mix-kanarelems-1kg\/","og_site_name":"Dz\u012bvnieku produkti","article_publisher":"https:\/\/www.facebook.com\/zooprekesjums\/","article_modified_time":"2025-04-08T09:06:23+00:00","og_image":[{"width":1537,"height":337,"url":"https:\/\/zoosalis.lv\/wp-content\/uploads\/2024\/02\/Group-62.png","type":"image\/png"}],"twitter_card":"summary_large_image","schema":{"@context":"https:\/\/schema.org","@graph":[{"@type":"WebPage","@id":"https:\/\/zoosalis.lv\/vadigran-premium-mix-kanarelems-1kg\/","url":"https:\/\/zoosalis.lv\/vadigran-premium-mix-kanarelems-1kg\/","name":"VADIGRAN PREMIUM MIX KANAR\u0116LEMS 1KG | Dz\u012bvnieku produkti","isPartOf":{"@id":"https:\/\/zoosalis.lv\/#website"},"primaryImageOfPage":{"@id":"https:\/\/zoosalis.lv\/vadigran-premium-mix-kanarelems-1kg\/#primaryimage"},"image":{"@id":"https:\/\/zoosalis.lv\/vadigran-premium-mix-kanarelems-1kg\/#primaryimage"},"thumbnailUrl":"https:\/\/zoosalis.lv\/wp-content\/uploads\/2025\/04\/886dbbf557d5887dcf418a6af8f1c5dc.jpg","datePublished":"2025-04-08T09:04:55+00:00","dateModified":"2025-04-08T09:06:23+00:00","breadcrumb":{"@id":"https:\/\/zoosalis.lv\/vadigran-premium-mix-kanarelems-1kg\/#breadcrumb"},"inLanguage":"lv-LV","potentialAction":[{"@type":"ReadAction","target":["https:\/\/zoosalis.lv\/vadigran-premium-mix-kanarelems-1kg\/"]}]},{"@type":"ImageObject","inLanguage":"lv-LV","@id":"https:\/\/zoosalis.lv\/vadigran-premium-mix-kanarelems-1kg\/#primaryimage","url":"https:\/\/zoosalis.lv\/wp-content\/uploads\/2025\/04\/886dbbf557d5887dcf418a6af8f1c5dc.jpg","contentUrl":"https:\/\/zoosalis.lv\/wp-content\/uploads\/2025\/04\/886dbbf557d5887dcf418a6af8f1c5dc.jpg","width":160,"height":279},{"@type":"BreadcrumbList","@id":"https:\/\/zoosalis.lv\/vadigran-premium-mix-kanarelems-1kg\/#breadcrumb","itemListElement":[{"@type":"ListItem","position":1,"name":"Home","item":"https:\/\/zoosalis.lv\/"},{"@type":"ListItem","position":2,"name":"Parduotuv\u0117","item":"https:\/\/zoosalis.lv\/parduotuve\/"},{"@type":"ListItem","position":3,"name":"VADIGRAN PREMIUM MIX KANAR\u0116LEMS 1KG"}]},{"@type":"WebSite","@id":"https:\/\/zoosalis.lv\/#website","url":"https:\/\/zoosalis.lv\/","name":"Dz\u012bvnieku produkti","description":"zoo\u0161alis.lt","publisher":{"@id":"https:\/\/zoosalis.lv\/#organization"},"potentialAction":[{"@type":"SearchAction","target":{"@type":"EntryPoint","urlTemplate":"https:\/\/zoosalis.lv\/?s={search_term_string}"},"query-input":{"@type":"PropertyValueSpecification","valueRequired":true,"valueName":"search_term_string"}}],"inLanguage":"lv-LV"},{"@type":"Organization","@id":"https:\/\/zoosalis.lv\/#organization","name":"Zoo\u0161alis.lt","url":"https:\/\/zoosalis.lv\/","logo":{"@type":"ImageObject","inLanguage":"lv-LV","@id":"https:\/\/zoosalis.lv\/#\/schema\/logo\/image\/","url":"https:\/\/zoosalis.lv\/wp-content\/uploads\/2024\/02\/Group-62.png","contentUrl":"https:\/\/zoosalis.lv\/wp-content\/uploads\/2024\/02\/Group-62.png","width":1537,"height":337,"caption":"Zoo\u0161alis.lt"},"image":{"@id":"https:\/\/zoosalis.lv\/#\/schema\/logo\/image\/"},"sameAs":["https:\/\/www.facebook.com\/zooprekesjums\/"]}]}},"_links":{"self":[{"href":"https:\/\/zoosalis.lv\/lv\/wp-json\/wp\/v2\/product\/24698"}],"collection":[{"href":"https:\/\/zoosalis.lv\/lv\/wp-json\/wp\/v2\/product"}],"about":[{"href":"https:\/\/zoosalis.lv\/lv\/wp-json\/wp\/v2\/types\/product"}],"replies":[{"embeddable":true,"href":"https:\/\/zoosalis.lv\/lv\/wp-json\/wp\/v2\/comments?post=24698"}],"wp:featuredmedia":[{"embeddable":true,"href":"https:\/\/zoosalis.lv\/lv\/wp-json\/wp\/v2\/media\/24756"}],"wp:attachment":[{"href":"https:\/\/zoosalis.lv\/lv\/wp-json\/wp\/v2\/media?parent=24698"}],"wp:term":[{"taxonomy":"product_brand","embeddable":true,"href":"https:\/\/zoosalis.lv\/lv\/wp-json\/wp\/v2\/product_brand?post=24698"},{"taxonomy":"product_cat","embeddable":true,"href":"https:\/\/zoosalis.lv\/lv\/wp-json\/wp\/v2\/product_cat?post=24698"},{"taxonomy":"product_tag","embeddable":true,"href":"https:\/\/zoosalis.lv\/lv\/wp-json\/wp\/v2\/product_tag?post=24698"}],"curies":[{"name":"wp","href":"https:\/\/api.w.org\/{rel}","templated":true}]}}