{"id":24821,"date":"2025-04-08T09:07:45","date_gmt":"2025-04-08T09:07:45","guid":{"rendered":"https:\/\/zoosalis.lv\/?post_type=product&#038;p=24821"},"modified":"2025-04-08T09:09:06","modified_gmt":"2025-04-08T09:09:06","slug":"vitakraft-kracker-gardesiai-2","status":"publish","type":"product","link":"https:\/\/zoosalis.lv\/lv\/vitakraft-kracker-gardesiai-2\/","title":{"rendered":"VITAKRAFT KREKERI"},"content":{"rendered":"<p>\u0160ie Vitakraft Kr\u00e4cker k\u0101rumi ir paredz\u0113ti vi\u013c\u0146papagai\u013ciem, kas maina spalvas. Kad putns maina spalvas, tas noz\u012bm\u0113, ka tam ir j\u0101stiprina savs \u0137ermenis, kas noz\u012bm\u0113, ka tam ir nepiecie\u0161ams \u012bpa\u0161i vesel\u012bgs uzturs. \u0160ie k\u0101rumi ir tie\u0161i tas, kas tam nepiecie\u0161ams.<\/p>\n<p>Papildin\u0101ts ar labv\u0113l\u012bg\u0101m aminosk\u0101b\u0113m, miner\u0101lviel\u0101m un vitam\u012bniem, kas aizsarg\u0101 putnu no spalvu zuduma.<br \/>\nPutna pabaro\u0161ana ar k\u0101rumu b\u016bs k\u0101 sp\u0113le un sag\u0101d\u0101s vi\u0146am daudz prieka.<br \/>\nParedz\u0113ts vi\u013c\u0146papagai\u013ciem.<br \/>\nIepakojum\u0101 ir 2 gabali.<\/p>","protected":false},"excerpt":{"rendered":"<p>\u0160ie \u201eVitakraft Kr\u00e4cker\u201c gard\u0117siai yra skirti banguotosioms pap\u016bg\u0117l\u0117ms, kurios meta plunksnas. Kai pauk\u0161tis meta plunksnas, tai rei\u0161kia, kad jam b\u016btina stiprinti organizm\u0105, taigi reikalinga ypa\u010d sveika mityba. \u0160ie gard\u0117siai \u2013 b\u016btent tai, ko jam reikia. Papildyta naudingomis aminor\u016bg\u0161timis, mineralin\u0117mis med\u017eiagomis ir vitaminais, kurie saugo pauk\u0161t\u012f nuo plunksn\u0173 kritimo. Pats gard\u0117sio lesimas pauk\u0161\u010diui bus tarsi \u017eaidimas [&hellip;]<\/p>","protected":false},"featured_media":24879,"comment_status":"closed","ping_status":"closed","template":"","meta":{"_acf_changed":false,"_monsterinsights_skip_tracking":false,"_monsterinsights_sitenote_active":false,"_monsterinsights_sitenote_note":"","_monsterinsights_sitenote_category":0},"product_brand":[],"product_cat":[914,919,920],"product_tag":[],"class_list":{"0":"post-24821","1":"product","2":"type-product","3":"status-publish","4":"has-post-thumbnail","6":"product_cat-maistas-pauksciams","7":"product_cat-mityba-vitaminai-pauksciams","8":"product_cat-skanestai-pauksciams","10":"first","11":"instock","12":"shipping-taxable","13":"purchasable","14":"product-type-simple"},"acf":[],"aioseo_notices":[],"yoast_head":"<!-- This site is optimized with the Yoast SEO plugin v24.8.1 - https:\/\/yoast.com\/wordpress\/plugins\/seo\/ -->\n<title>VITAKRAFT KR\u00c4CKER GARD\u0116SIAI | Dz\u012bvnieku produkti<\/title>\n<meta name=\"robots\" content=\"index, follow, max-snippet:-1, max-image-preview:large, max-video-preview:-1\" \/>\n<link rel=\"canonical\" href=\"https:\/\/zoosalis.lv\/lv\/vitakraft-kracker-gardesiai-2\/\" \/>\n<meta property=\"og:locale\" content=\"lv_LV\" \/>\n<meta property=\"og:type\" content=\"article\" \/>\n<meta property=\"og:title\" content=\"VITAKRAFT KR\u00c4CKER GARD\u0116SIAI | Dz\u012bvnieku produkti\" \/>\n<meta property=\"og:description\" content=\"\u0160ie \u201eVitakraft Kr\u00e4cker\u201c gard\u0117siai yra skirti banguotosioms pap\u016bg\u0117l\u0117ms, kurios meta plunksnas. Kai pauk\u0161tis meta plunksnas, tai rei\u0161kia, kad jam b\u016btina stiprinti organizm\u0105, taigi reikalinga ypa\u010d sveika mityba. \u0160ie gard\u0117siai \u2013 b\u016btent tai, ko jam reikia. Papildyta naudingomis aminor\u016bg\u0161timis, mineralin\u0117mis med\u017eiagomis ir vitaminais, kurie saugo pauk\u0161t\u012f nuo plunksn\u0173 kritimo. Pats gard\u0117sio lesimas pauk\u0161\u010diui bus tarsi \u017eaidimas [&hellip;]\" \/>\n<meta property=\"og:url\" content=\"https:\/\/zoosalis.lv\/lv\/vitakraft-kracker-gardesiai-2\/\" \/>\n<meta property=\"og:site_name\" content=\"Dz\u012bvnieku produkti\" \/>\n<meta property=\"article:publisher\" content=\"https:\/\/www.facebook.com\/zooprekesjums\/\" \/>\n<meta property=\"article:modified_time\" content=\"2025-04-08T09:09:06+00:00\" \/>\n<meta property=\"og:image\" content=\"https:\/\/zoosalis.lv\/wp-content\/uploads\/2024\/02\/Group-62.png\" \/>\n\t<meta property=\"og:image:width\" content=\"1537\" \/>\n\t<meta property=\"og:image:height\" content=\"337\" \/>\n\t<meta property=\"og:image:type\" content=\"image\/png\" \/>\n<meta name=\"twitter:card\" content=\"summary_large_image\" \/>\n<script type=\"application\/ld+json\" class=\"yoast-schema-graph\">{\"@context\":\"https:\/\/schema.org\",\"@graph\":[{\"@type\":\"WebPage\",\"@id\":\"https:\/\/zoosalis.lv\/vitakraft-kracker-gardesiai-2\/\",\"url\":\"https:\/\/zoosalis.lv\/vitakraft-kracker-gardesiai-2\/\",\"name\":\"VITAKRAFT KR\u00c4CKER GARD\u0116SIAI | Dz\u012bvnieku produkti\",\"isPartOf\":{\"@id\":\"https:\/\/zoosalis.lv\/#website\"},\"primaryImageOfPage\":{\"@id\":\"https:\/\/zoosalis.lv\/vitakraft-kracker-gardesiai-2\/#primaryimage\"},\"image\":{\"@id\":\"https:\/\/zoosalis.lv\/vitakraft-kracker-gardesiai-2\/#primaryimage\"},\"thumbnailUrl\":\"https:\/\/zoosalis.lv\/wp-content\/uploads\/2025\/04\/vit21224.jpg\",\"datePublished\":\"2025-04-08T09:07:45+00:00\",\"dateModified\":\"2025-04-08T09:09:06+00:00\",\"breadcrumb\":{\"@id\":\"https:\/\/zoosalis.lv\/vitakraft-kracker-gardesiai-2\/#breadcrumb\"},\"inLanguage\":\"lv-LV\",\"potentialAction\":[{\"@type\":\"ReadAction\",\"target\":[\"https:\/\/zoosalis.lv\/vitakraft-kracker-gardesiai-2\/\"]}]},{\"@type\":\"ImageObject\",\"inLanguage\":\"lv-LV\",\"@id\":\"https:\/\/zoosalis.lv\/vitakraft-kracker-gardesiai-2\/#primaryimage\",\"url\":\"https:\/\/zoosalis.lv\/wp-content\/uploads\/2025\/04\/vit21224.jpg\",\"contentUrl\":\"https:\/\/zoosalis.lv\/wp-content\/uploads\/2025\/04\/vit21224.jpg\",\"width\":123,\"height\":348},{\"@type\":\"BreadcrumbList\",\"@id\":\"https:\/\/zoosalis.lv\/vitakraft-kracker-gardesiai-2\/#breadcrumb\",\"itemListElement\":[{\"@type\":\"ListItem\",\"position\":1,\"name\":\"Home\",\"item\":\"https:\/\/zoosalis.lv\/\"},{\"@type\":\"ListItem\",\"position\":2,\"name\":\"Parduotuv\u0117\",\"item\":\"https:\/\/zoosalis.lv\/parduotuve\/\"},{\"@type\":\"ListItem\",\"position\":3,\"name\":\"VITAKRAFT KR\u00c4CKER GARD\u0116SIAI\"}]},{\"@type\":\"WebSite\",\"@id\":\"https:\/\/zoosalis.lv\/#website\",\"url\":\"https:\/\/zoosalis.lv\/\",\"name\":\"Dz\u012bvnieku produkti\",\"description\":\"zoo\u0161alis.lt\",\"publisher\":{\"@id\":\"https:\/\/zoosalis.lv\/#organization\"},\"potentialAction\":[{\"@type\":\"SearchAction\",\"target\":{\"@type\":\"EntryPoint\",\"urlTemplate\":\"https:\/\/zoosalis.lv\/?s={search_term_string}\"},\"query-input\":{\"@type\":\"PropertyValueSpecification\",\"valueRequired\":true,\"valueName\":\"search_term_string\"}}],\"inLanguage\":\"lv-LV\"},{\"@type\":\"Organization\",\"@id\":\"https:\/\/zoosalis.lv\/#organization\",\"name\":\"Zoo\u0161alis.lt\",\"url\":\"https:\/\/zoosalis.lv\/\",\"logo\":{\"@type\":\"ImageObject\",\"inLanguage\":\"lv-LV\",\"@id\":\"https:\/\/zoosalis.lv\/#\/schema\/logo\/image\/\",\"url\":\"https:\/\/zoosalis.lv\/wp-content\/uploads\/2024\/02\/Group-62.png\",\"contentUrl\":\"https:\/\/zoosalis.lv\/wp-content\/uploads\/2024\/02\/Group-62.png\",\"width\":1537,\"height\":337,\"caption\":\"Zoo\u0161alis.lt\"},\"image\":{\"@id\":\"https:\/\/zoosalis.lv\/#\/schema\/logo\/image\/\"},\"sameAs\":[\"https:\/\/www.facebook.com\/zooprekesjums\/\"]}]}<\/script>\n<!-- \/ Yoast SEO plugin. -->","yoast_head_json":{"title":"VITAKRAFT KR\u00c4CKER GARD\u0116SIAI | Dz\u012bvnieku produkti","robots":{"index":"index","follow":"follow","max-snippet":"max-snippet:-1","max-image-preview":"max-image-preview:large","max-video-preview":"max-video-preview:-1"},"canonical":"https:\/\/zoosalis.lv\/lv\/vitakraft-kracker-gardesiai-2\/","og_locale":"lv_LV","og_type":"article","og_title":"VITAKRAFT KR\u00c4CKER GARD\u0116SIAI | Dz\u012bvnieku produkti","og_description":"\u0160ie \u201eVitakraft Kr\u00e4cker\u201c gard\u0117siai yra skirti banguotosioms pap\u016bg\u0117l\u0117ms, kurios meta plunksnas. Kai pauk\u0161tis meta plunksnas, tai rei\u0161kia, kad jam b\u016btina stiprinti organizm\u0105, taigi reikalinga ypa\u010d sveika mityba. \u0160ie gard\u0117siai \u2013 b\u016btent tai, ko jam reikia. Papildyta naudingomis aminor\u016bg\u0161timis, mineralin\u0117mis med\u017eiagomis ir vitaminais, kurie saugo pauk\u0161t\u012f nuo plunksn\u0173 kritimo. Pats gard\u0117sio lesimas pauk\u0161\u010diui bus tarsi \u017eaidimas [&hellip;]","og_url":"https:\/\/zoosalis.lv\/lv\/vitakraft-kracker-gardesiai-2\/","og_site_name":"Dz\u012bvnieku produkti","article_publisher":"https:\/\/www.facebook.com\/zooprekesjums\/","article_modified_time":"2025-04-08T09:09:06+00:00","og_image":[{"width":1537,"height":337,"url":"https:\/\/zoosalis.lv\/wp-content\/uploads\/2024\/02\/Group-62.png","type":"image\/png"}],"twitter_card":"summary_large_image","schema":{"@context":"https:\/\/schema.org","@graph":[{"@type":"WebPage","@id":"https:\/\/zoosalis.lv\/vitakraft-kracker-gardesiai-2\/","url":"https:\/\/zoosalis.lv\/vitakraft-kracker-gardesiai-2\/","name":"VITAKRAFT KR\u00c4CKER GARD\u0116SIAI | Dz\u012bvnieku produkti","isPartOf":{"@id":"https:\/\/zoosalis.lv\/#website"},"primaryImageOfPage":{"@id":"https:\/\/zoosalis.lv\/vitakraft-kracker-gardesiai-2\/#primaryimage"},"image":{"@id":"https:\/\/zoosalis.lv\/vitakraft-kracker-gardesiai-2\/#primaryimage"},"thumbnailUrl":"https:\/\/zoosalis.lv\/wp-content\/uploads\/2025\/04\/vit21224.jpg","datePublished":"2025-04-08T09:07:45+00:00","dateModified":"2025-04-08T09:09:06+00:00","breadcrumb":{"@id":"https:\/\/zoosalis.lv\/vitakraft-kracker-gardesiai-2\/#breadcrumb"},"inLanguage":"lv-LV","potentialAction":[{"@type":"ReadAction","target":["https:\/\/zoosalis.lv\/vitakraft-kracker-gardesiai-2\/"]}]},{"@type":"ImageObject","inLanguage":"lv-LV","@id":"https:\/\/zoosalis.lv\/vitakraft-kracker-gardesiai-2\/#primaryimage","url":"https:\/\/zoosalis.lv\/wp-content\/uploads\/2025\/04\/vit21224.jpg","contentUrl":"https:\/\/zoosalis.lv\/wp-content\/uploads\/2025\/04\/vit21224.jpg","width":123,"height":348},{"@type":"BreadcrumbList","@id":"https:\/\/zoosalis.lv\/vitakraft-kracker-gardesiai-2\/#breadcrumb","itemListElement":[{"@type":"ListItem","position":1,"name":"Home","item":"https:\/\/zoosalis.lv\/"},{"@type":"ListItem","position":2,"name":"Parduotuv\u0117","item":"https:\/\/zoosalis.lv\/parduotuve\/"},{"@type":"ListItem","position":3,"name":"VITAKRAFT KR\u00c4CKER GARD\u0116SIAI"}]},{"@type":"WebSite","@id":"https:\/\/zoosalis.lv\/#website","url":"https:\/\/zoosalis.lv\/","name":"Dz\u012bvnieku produkti","description":"zoo\u0161alis.lt","publisher":{"@id":"https:\/\/zoosalis.lv\/#organization"},"potentialAction":[{"@type":"SearchAction","target":{"@type":"EntryPoint","urlTemplate":"https:\/\/zoosalis.lv\/?s={search_term_string}"},"query-input":{"@type":"PropertyValueSpecification","valueRequired":true,"valueName":"search_term_string"}}],"inLanguage":"lv-LV"},{"@type":"Organization","@id":"https:\/\/zoosalis.lv\/#organization","name":"Zoo\u0161alis.lt","url":"https:\/\/zoosalis.lv\/","logo":{"@type":"ImageObject","inLanguage":"lv-LV","@id":"https:\/\/zoosalis.lv\/#\/schema\/logo\/image\/","url":"https:\/\/zoosalis.lv\/wp-content\/uploads\/2024\/02\/Group-62.png","contentUrl":"https:\/\/zoosalis.lv\/wp-content\/uploads\/2024\/02\/Group-62.png","width":1537,"height":337,"caption":"Zoo\u0161alis.lt"},"image":{"@id":"https:\/\/zoosalis.lv\/#\/schema\/logo\/image\/"},"sameAs":["https:\/\/www.facebook.com\/zooprekesjums\/"]}]}},"_links":{"self":[{"href":"https:\/\/zoosalis.lv\/lv\/wp-json\/wp\/v2\/product\/24821"}],"collection":[{"href":"https:\/\/zoosalis.lv\/lv\/wp-json\/wp\/v2\/product"}],"about":[{"href":"https:\/\/zoosalis.lv\/lv\/wp-json\/wp\/v2\/types\/product"}],"replies":[{"embeddable":true,"href":"https:\/\/zoosalis.lv\/lv\/wp-json\/wp\/v2\/comments?post=24821"}],"wp:featuredmedia":[{"embeddable":true,"href":"https:\/\/zoosalis.lv\/lv\/wp-json\/wp\/v2\/media\/24879"}],"wp:attachment":[{"href":"https:\/\/zoosalis.lv\/lv\/wp-json\/wp\/v2\/media?parent=24821"}],"wp:term":[{"taxonomy":"product_brand","embeddable":true,"href":"https:\/\/zoosalis.lv\/lv\/wp-json\/wp\/v2\/product_brand?post=24821"},{"taxonomy":"product_cat","embeddable":true,"href":"https:\/\/zoosalis.lv\/lv\/wp-json\/wp\/v2\/product_cat?post=24821"},{"taxonomy":"product_tag","embeddable":true,"href":"https:\/\/zoosalis.lv\/lv\/wp-json\/wp\/v2\/product_tag?post=24821"}],"curies":[{"name":"wp","href":"https:\/\/api.w.org\/{rel}","templated":true}]}}