{"id":24822,"date":"2025-04-08T09:07:45","date_gmt":"2025-04-08T09:07:45","guid":{"rendered":"https:\/\/zoosalis.lv\/?post_type=product&#038;p=24822"},"modified":"2025-04-08T09:09:07","modified_gmt":"2025-04-08T09:09:07","slug":"vitakraft-kracker-gardesiai-3","status":"publish","type":"product","link":"https:\/\/zoosalis.lv\/lv\/vitakraft-kracker-gardesiai-3\/","title":{"rendered":"VITAKRAFT KREKERI"},"content":{"rendered":"<p>\u0160ie Vitakraft Kr\u00e4cker k\u0101rumi ar ol\u0101m un z\u0101les s\u0113kl\u0101m ir \u012bpa\u0161i izstr\u0101d\u0101ti vi\u013c\u0146papagai\u013ciem. Mazajiem putniem b\u016bs jautri, kam\u0113r tie gatavos \u0161os n\u016bji\u0146us. T\u0101 vi\u0146iem b\u016bs k\u0101 jautra sp\u0113le.<\/p>\n<p>Ar olu un z\u0101les s\u0113kl\u0101m.<br \/>\nPapildin\u0101ts ar miner\u0101lviel\u0101m un labv\u0113l\u012bgiem vitam\u012bniem, lai uztur\u0113tu labu putnu vesel\u012bbu.<br \/>\nLieliski piem\u0113rots lieto\u0161anai k\u0101 bar\u012bbas piedeva.<br \/>\nBez cukura.<br \/>\nParedz\u0113ts vi\u013c\u0146papagai\u013ciem.<br \/>\nIepakojum\u0101 ir 2 gabali.<\/p>","protected":false},"excerpt":{"rendered":"<p>\u0160ie \u201eVitakraft Kr\u00e4cker\u201c gard\u0117siai su kiau\u0161iniu ir \u017eoli\u0173 s\u0117klomis skirti specialiai banguotosioms pap\u016bg\u0117l\u0117ms. Pauk\u0161teliai tur\u0117s smag\u0173 u\u017esi\u0117mim\u0105, kol sudoros \u0161ias lazdeles. Tai jiems bus tarsi smagus \u017eaidimas. Su kiau\u0161iniu ir \u017eoli\u0173 s\u0117klomis. Papildyta mineralais ir naudingais vitaminais gerai pauk\u0161\u010dio sveikatai palaikyti. Puikiai tinka naudoti kaip lesalo papild\u0105. Be cukraus. Skirta banguotosioms pap\u016bg\u0117l\u0117ms. Pakuot\u0117je \u2013 2 [&hellip;]<\/p>","protected":false},"featured_media":24880,"comment_status":"closed","ping_status":"closed","template":"","meta":{"_acf_changed":false,"_monsterinsights_skip_tracking":false,"_monsterinsights_sitenote_active":false,"_monsterinsights_sitenote_note":"","_monsterinsights_sitenote_category":0},"product_brand":[],"product_cat":[914,919,920],"product_tag":[],"class_list":{"0":"post-24822","1":"product","2":"type-product","3":"status-publish","4":"has-post-thumbnail","6":"product_cat-maistas-pauksciams","7":"product_cat-mityba-vitaminai-pauksciams","8":"product_cat-skanestai-pauksciams","10":"first","11":"instock","12":"shipping-taxable","13":"purchasable","14":"product-type-simple"},"acf":[],"aioseo_notices":[],"yoast_head":"<!-- This site is optimized with the Yoast SEO plugin v24.8.1 - https:\/\/yoast.com\/wordpress\/plugins\/seo\/ -->\n<title>VITAKRAFT KR\u00c4CKER GARD\u0116SIAI | Dz\u012bvnieku produkti<\/title>\n<meta name=\"robots\" content=\"index, follow, max-snippet:-1, max-image-preview:large, max-video-preview:-1\" \/>\n<link rel=\"canonical\" href=\"https:\/\/zoosalis.lv\/lv\/vitakraft-kracker-gardesiai-3\/\" \/>\n<meta property=\"og:locale\" content=\"lv_LV\" \/>\n<meta property=\"og:type\" content=\"article\" \/>\n<meta property=\"og:title\" content=\"VITAKRAFT KR\u00c4CKER GARD\u0116SIAI | Dz\u012bvnieku produkti\" \/>\n<meta property=\"og:description\" content=\"\u0160ie \u201eVitakraft Kr\u00e4cker\u201c gard\u0117siai su kiau\u0161iniu ir \u017eoli\u0173 s\u0117klomis skirti specialiai banguotosioms pap\u016bg\u0117l\u0117ms. Pauk\u0161teliai tur\u0117s smag\u0173 u\u017esi\u0117mim\u0105, kol sudoros \u0161ias lazdeles. Tai jiems bus tarsi smagus \u017eaidimas. Su kiau\u0161iniu ir \u017eoli\u0173 s\u0117klomis. Papildyta mineralais ir naudingais vitaminais gerai pauk\u0161\u010dio sveikatai palaikyti. Puikiai tinka naudoti kaip lesalo papild\u0105. Be cukraus. Skirta banguotosioms pap\u016bg\u0117l\u0117ms. Pakuot\u0117je \u2013 2 [&hellip;]\" \/>\n<meta property=\"og:url\" content=\"https:\/\/zoosalis.lv\/lv\/vitakraft-kracker-gardesiai-3\/\" \/>\n<meta property=\"og:site_name\" content=\"Dz\u012bvnieku produkti\" \/>\n<meta property=\"article:publisher\" content=\"https:\/\/www.facebook.com\/zooprekesjums\/\" \/>\n<meta property=\"article:modified_time\" content=\"2025-04-08T09:09:07+00:00\" \/>\n<meta property=\"og:image\" content=\"https:\/\/zoosalis.lv\/wp-content\/uploads\/2024\/02\/Group-62.png\" \/>\n\t<meta property=\"og:image:width\" content=\"1537\" \/>\n\t<meta property=\"og:image:height\" content=\"337\" \/>\n\t<meta property=\"og:image:type\" content=\"image\/png\" \/>\n<meta name=\"twitter:card\" content=\"summary_large_image\" \/>\n<script type=\"application\/ld+json\" class=\"yoast-schema-graph\">{\"@context\":\"https:\/\/schema.org\",\"@graph\":[{\"@type\":\"WebPage\",\"@id\":\"https:\/\/zoosalis.lv\/vitakraft-kracker-gardesiai-3\/\",\"url\":\"https:\/\/zoosalis.lv\/vitakraft-kracker-gardesiai-3\/\",\"name\":\"VITAKRAFT KR\u00c4CKER GARD\u0116SIAI | Dz\u012bvnieku produkti\",\"isPartOf\":{\"@id\":\"https:\/\/zoosalis.lv\/#website\"},\"primaryImageOfPage\":{\"@id\":\"https:\/\/zoosalis.lv\/vitakraft-kracker-gardesiai-3\/#primaryimage\"},\"image\":{\"@id\":\"https:\/\/zoosalis.lv\/vitakraft-kracker-gardesiai-3\/#primaryimage\"},\"thumbnailUrl\":\"https:\/\/zoosalis.lv\/wp-content\/uploads\/2025\/04\/vit21263.jpg\",\"datePublished\":\"2025-04-08T09:07:45+00:00\",\"dateModified\":\"2025-04-08T09:09:07+00:00\",\"breadcrumb\":{\"@id\":\"https:\/\/zoosalis.lv\/vitakraft-kracker-gardesiai-3\/#breadcrumb\"},\"inLanguage\":\"lv-LV\",\"potentialAction\":[{\"@type\":\"ReadAction\",\"target\":[\"https:\/\/zoosalis.lv\/vitakraft-kracker-gardesiai-3\/\"]}]},{\"@type\":\"ImageObject\",\"inLanguage\":\"lv-LV\",\"@id\":\"https:\/\/zoosalis.lv\/vitakraft-kracker-gardesiai-3\/#primaryimage\",\"url\":\"https:\/\/zoosalis.lv\/wp-content\/uploads\/2025\/04\/vit21263.jpg\",\"contentUrl\":\"https:\/\/zoosalis.lv\/wp-content\/uploads\/2025\/04\/vit21263.jpg\",\"width\":123,\"height\":348},{\"@type\":\"BreadcrumbList\",\"@id\":\"https:\/\/zoosalis.lv\/vitakraft-kracker-gardesiai-3\/#breadcrumb\",\"itemListElement\":[{\"@type\":\"ListItem\",\"position\":1,\"name\":\"Home\",\"item\":\"https:\/\/zoosalis.lv\/\"},{\"@type\":\"ListItem\",\"position\":2,\"name\":\"Parduotuv\u0117\",\"item\":\"https:\/\/zoosalis.lv\/parduotuve\/\"},{\"@type\":\"ListItem\",\"position\":3,\"name\":\"VITAKRAFT KR\u00c4CKER GARD\u0116SIAI\"}]},{\"@type\":\"WebSite\",\"@id\":\"https:\/\/zoosalis.lv\/#website\",\"url\":\"https:\/\/zoosalis.lv\/\",\"name\":\"Dz\u012bvnieku produkti\",\"description\":\"zoo\u0161alis.lt\",\"publisher\":{\"@id\":\"https:\/\/zoosalis.lv\/#organization\"},\"potentialAction\":[{\"@type\":\"SearchAction\",\"target\":{\"@type\":\"EntryPoint\",\"urlTemplate\":\"https:\/\/zoosalis.lv\/?s={search_term_string}\"},\"query-input\":{\"@type\":\"PropertyValueSpecification\",\"valueRequired\":true,\"valueName\":\"search_term_string\"}}],\"inLanguage\":\"lv-LV\"},{\"@type\":\"Organization\",\"@id\":\"https:\/\/zoosalis.lv\/#organization\",\"name\":\"Zoo\u0161alis.lt\",\"url\":\"https:\/\/zoosalis.lv\/\",\"logo\":{\"@type\":\"ImageObject\",\"inLanguage\":\"lv-LV\",\"@id\":\"https:\/\/zoosalis.lv\/#\/schema\/logo\/image\/\",\"url\":\"https:\/\/zoosalis.lv\/wp-content\/uploads\/2024\/02\/Group-62.png\",\"contentUrl\":\"https:\/\/zoosalis.lv\/wp-content\/uploads\/2024\/02\/Group-62.png\",\"width\":1537,\"height\":337,\"caption\":\"Zoo\u0161alis.lt\"},\"image\":{\"@id\":\"https:\/\/zoosalis.lv\/#\/schema\/logo\/image\/\"},\"sameAs\":[\"https:\/\/www.facebook.com\/zooprekesjums\/\"]}]}<\/script>\n<!-- \/ Yoast SEO plugin. -->","yoast_head_json":{"title":"VITAKRAFT KR\u00c4CKER GARD\u0116SIAI | Dz\u012bvnieku produkti","robots":{"index":"index","follow":"follow","max-snippet":"max-snippet:-1","max-image-preview":"max-image-preview:large","max-video-preview":"max-video-preview:-1"},"canonical":"https:\/\/zoosalis.lv\/lv\/vitakraft-kracker-gardesiai-3\/","og_locale":"lv_LV","og_type":"article","og_title":"VITAKRAFT KR\u00c4CKER GARD\u0116SIAI | Dz\u012bvnieku produkti","og_description":"\u0160ie \u201eVitakraft Kr\u00e4cker\u201c gard\u0117siai su kiau\u0161iniu ir \u017eoli\u0173 s\u0117klomis skirti specialiai banguotosioms pap\u016bg\u0117l\u0117ms. Pauk\u0161teliai tur\u0117s smag\u0173 u\u017esi\u0117mim\u0105, kol sudoros \u0161ias lazdeles. Tai jiems bus tarsi smagus \u017eaidimas. Su kiau\u0161iniu ir \u017eoli\u0173 s\u0117klomis. Papildyta mineralais ir naudingais vitaminais gerai pauk\u0161\u010dio sveikatai palaikyti. Puikiai tinka naudoti kaip lesalo papild\u0105. Be cukraus. Skirta banguotosioms pap\u016bg\u0117l\u0117ms. Pakuot\u0117je \u2013 2 [&hellip;]","og_url":"https:\/\/zoosalis.lv\/lv\/vitakraft-kracker-gardesiai-3\/","og_site_name":"Dz\u012bvnieku produkti","article_publisher":"https:\/\/www.facebook.com\/zooprekesjums\/","article_modified_time":"2025-04-08T09:09:07+00:00","og_image":[{"width":1537,"height":337,"url":"https:\/\/zoosalis.lv\/wp-content\/uploads\/2024\/02\/Group-62.png","type":"image\/png"}],"twitter_card":"summary_large_image","schema":{"@context":"https:\/\/schema.org","@graph":[{"@type":"WebPage","@id":"https:\/\/zoosalis.lv\/vitakraft-kracker-gardesiai-3\/","url":"https:\/\/zoosalis.lv\/vitakraft-kracker-gardesiai-3\/","name":"VITAKRAFT KR\u00c4CKER GARD\u0116SIAI | Dz\u012bvnieku produkti","isPartOf":{"@id":"https:\/\/zoosalis.lv\/#website"},"primaryImageOfPage":{"@id":"https:\/\/zoosalis.lv\/vitakraft-kracker-gardesiai-3\/#primaryimage"},"image":{"@id":"https:\/\/zoosalis.lv\/vitakraft-kracker-gardesiai-3\/#primaryimage"},"thumbnailUrl":"https:\/\/zoosalis.lv\/wp-content\/uploads\/2025\/04\/vit21263.jpg","datePublished":"2025-04-08T09:07:45+00:00","dateModified":"2025-04-08T09:09:07+00:00","breadcrumb":{"@id":"https:\/\/zoosalis.lv\/vitakraft-kracker-gardesiai-3\/#breadcrumb"},"inLanguage":"lv-LV","potentialAction":[{"@type":"ReadAction","target":["https:\/\/zoosalis.lv\/vitakraft-kracker-gardesiai-3\/"]}]},{"@type":"ImageObject","inLanguage":"lv-LV","@id":"https:\/\/zoosalis.lv\/vitakraft-kracker-gardesiai-3\/#primaryimage","url":"https:\/\/zoosalis.lv\/wp-content\/uploads\/2025\/04\/vit21263.jpg","contentUrl":"https:\/\/zoosalis.lv\/wp-content\/uploads\/2025\/04\/vit21263.jpg","width":123,"height":348},{"@type":"BreadcrumbList","@id":"https:\/\/zoosalis.lv\/vitakraft-kracker-gardesiai-3\/#breadcrumb","itemListElement":[{"@type":"ListItem","position":1,"name":"Home","item":"https:\/\/zoosalis.lv\/"},{"@type":"ListItem","position":2,"name":"Parduotuv\u0117","item":"https:\/\/zoosalis.lv\/parduotuve\/"},{"@type":"ListItem","position":3,"name":"VITAKRAFT KR\u00c4CKER GARD\u0116SIAI"}]},{"@type":"WebSite","@id":"https:\/\/zoosalis.lv\/#website","url":"https:\/\/zoosalis.lv\/","name":"Dz\u012bvnieku produkti","description":"zoo\u0161alis.lt","publisher":{"@id":"https:\/\/zoosalis.lv\/#organization"},"potentialAction":[{"@type":"SearchAction","target":{"@type":"EntryPoint","urlTemplate":"https:\/\/zoosalis.lv\/?s={search_term_string}"},"query-input":{"@type":"PropertyValueSpecification","valueRequired":true,"valueName":"search_term_string"}}],"inLanguage":"lv-LV"},{"@type":"Organization","@id":"https:\/\/zoosalis.lv\/#organization","name":"Zoo\u0161alis.lt","url":"https:\/\/zoosalis.lv\/","logo":{"@type":"ImageObject","inLanguage":"lv-LV","@id":"https:\/\/zoosalis.lv\/#\/schema\/logo\/image\/","url":"https:\/\/zoosalis.lv\/wp-content\/uploads\/2024\/02\/Group-62.png","contentUrl":"https:\/\/zoosalis.lv\/wp-content\/uploads\/2024\/02\/Group-62.png","width":1537,"height":337,"caption":"Zoo\u0161alis.lt"},"image":{"@id":"https:\/\/zoosalis.lv\/#\/schema\/logo\/image\/"},"sameAs":["https:\/\/www.facebook.com\/zooprekesjums\/"]}]}},"_links":{"self":[{"href":"https:\/\/zoosalis.lv\/lv\/wp-json\/wp\/v2\/product\/24822"}],"collection":[{"href":"https:\/\/zoosalis.lv\/lv\/wp-json\/wp\/v2\/product"}],"about":[{"href":"https:\/\/zoosalis.lv\/lv\/wp-json\/wp\/v2\/types\/product"}],"replies":[{"embeddable":true,"href":"https:\/\/zoosalis.lv\/lv\/wp-json\/wp\/v2\/comments?post=24822"}],"wp:featuredmedia":[{"embeddable":true,"href":"https:\/\/zoosalis.lv\/lv\/wp-json\/wp\/v2\/media\/24880"}],"wp:attachment":[{"href":"https:\/\/zoosalis.lv\/lv\/wp-json\/wp\/v2\/media?parent=24822"}],"wp:term":[{"taxonomy":"product_brand","embeddable":true,"href":"https:\/\/zoosalis.lv\/lv\/wp-json\/wp\/v2\/product_brand?post=24822"},{"taxonomy":"product_cat","embeddable":true,"href":"https:\/\/zoosalis.lv\/lv\/wp-json\/wp\/v2\/product_cat?post=24822"},{"taxonomy":"product_tag","embeddable":true,"href":"https:\/\/zoosalis.lv\/lv\/wp-json\/wp\/v2\/product_tag?post=24822"}],"curies":[{"name":"wp","href":"https:\/\/api.w.org\/{rel}","templated":true}]}}