{"id":24927,"date":"2025-04-08T09:09:48","date_gmt":"2025-04-08T09:09:48","guid":{"rendered":"https:\/\/zoosalis.lv\/?post_type=product&#038;p=24927"},"modified":"2025-04-08T09:10:25","modified_gmt":"2025-04-08T09:10:25","slug":"vitapol-visavertis-maistas-didelems-papugoms-900g","status":"publish","type":"product","link":"https:\/\/zoosalis.lv\/lv\/vitapol-visavertis-maistas-didelems-papugoms-900g\/","title":{"rendered":"VITAPOL Pilnv\u0113rt\u012bga bar\u012bba lieliem papagai\u013ciem 900g"},"content":{"rendered":"<p>VITAPOL ir pilnv\u0113rt\u012bgs bar\u012bbas mais\u012bjums, kas sast\u0101v no aug\u013ciem un graudiem, kas paredz\u0113ts lielu papagai\u013cu ikdienas uzturam. Bar\u012bb\u0101 eso\u0161ie da\u017e\u0101die augstas kvalit\u0101tes un piln\u012bb\u0101 nogatavoju\u0161ies aug\u013ci nodro\u0161ina papagai\u013ca uzturam nepiecie\u0161amos vitam\u012bnus, miner\u0101lvielas, mikroelementus un pekt\u012bnus. Anan\u0101si, mango, ban\u0101ni, aprikozes, v\u012b\u0123es, dz\u0113rvenes un citi aug\u013ci ir vesel\u012bgi un dabiski k\u0101rumi papagai\u013ciem. Rieksti, piem\u0113ram, makad\u0101mijas rieksti, Braz\u012blijas rieksti un zemesrieksti, papildina papagai\u013ca uzturu ar E vitam\u012bnu, kas aizsarg\u0101 nervu sist\u0113mu un im\u016bnsist\u0113mu, k\u0101 ar\u012b ir lielisks antioksidants. Stiprina spalvas un pie\u0161\u0137ir spalv\u0101m dabisku kr\u0101su. Atbilsto\u0161a, neliela sast\u0101vda\u013cu da\u013ca, kas atbilst \u0161o eksotisko putnu kn\u0101bja izm\u0113ram.<\/p>\n<p>Sast\u0101vs:<br \/>\nSaulespu\u0137u s\u0113klas, balt\u0101s saulespu\u0137u s\u0113klas, mung pupi\u0146as, sarkan\u0101 sorgo, balt\u0101 sorgo, \u0137irbju s\u0113klas, lob\u012bti zemesrieksti, me\u017eroz\u012b\u0161u aug\u013ci, \u017e\u0101v\u0113ti burk\u0101ni, \u017e\u0101v\u0113tas bietes, vilk\u0101beles aug\u013ci, pupi\u0146u p\u0101rslas, kvie\u0161u graudu milti, saflora s\u0113klas, kukur\u016bzas p\u0101rslas, ka\u0146epju s\u0113klas, zemesrieksti, zir\u0146u p\u0101rslas<\/p>\n<p>Sast\u0101va anal\u012bze:<\/p>\n<p>    Neapstr\u0101d\u0101ts prote\u012bns 12%<br \/>\n    Neapstr\u0101d\u0101tas e\u013c\u013cas un tauki 14.2%<br \/>\n    za\u013c\u0101 \u0161\u016bna 24.8%<br \/>\n    Za\u013cie pelni 3,95%<br \/>\n    mitrums 12%<\/p>\n<p>Deva:<br \/>\nVienm\u0113r turiet barotavas pilnas un nodro\u0161iniet past\u0101v\u012bgu piek\u013cuvi t\u012bram, svaigam \u016bdenim. Putnu pat\u0113r\u0113tais bar\u012bbas daudzums parasti atbilst 20% no to \u0137erme\u0146a svara.<\/p>","protected":false},"excerpt":{"rendered":"<p>VITAPOL- tai visavertis maisto mi\u0161inys, kur\u012f sudaro vaisiai ir gr\u016bdai, skirti tinkamai dideli\u0173 pap\u016bg\u0173 kasdieninei mitybai. \u012evairi\u0173 auk\u0161tos kokyb\u0117s ir visi\u0161kai prinokusi\u0173 vaisi\u0173 kiekis maiste, suteikia vitamin\u0173, mineral\u0173, element\u0173 ir pektin\u0173, reikaling\u0173 pap\u016bgos dietai. Ananasai, mangai, bananai, abrikosai, figos, spanguol\u0117s ir kiti vaisiai yra sveiki ir nat\u016bral\u016bs pap\u016bg\u0173 skan\u0117stai. Rie\u0161utai, tokie kaip makadamijos, Brazilijos rie\u0161utai [&hellip;]<\/p>","protected":false},"featured_media":24976,"comment_status":"closed","ping_status":"closed","template":"","meta":{"_acf_changed":false,"_monsterinsights_skip_tracking":false,"_monsterinsights_sitenote_active":false,"_monsterinsights_sitenote_note":"","_monsterinsights_sitenote_category":0},"product_brand":[],"product_cat":[922,914,919],"product_tag":[],"class_list":{"0":"post-24927","1":"product","2":"type-product","3":"status-publish","4":"has-post-thumbnail","6":"product_cat-lesalas-pauksciams","7":"product_cat-maistas-pauksciams","8":"product_cat-mityba-vitaminai-pauksciams","10":"first","11":"instock","12":"shipping-taxable","13":"purchasable","14":"product-type-simple"},"acf":[],"aioseo_notices":[],"yoast_head":"<!-- This site is optimized with the Yoast SEO plugin v24.8.1 - https:\/\/yoast.com\/wordpress\/plugins\/seo\/ -->\n<title>VITAPOL Visavertis maistas didel\u0117ms pap\u016bgoms 900g | Dz\u012bvnieku produkti<\/title>\n<meta name=\"robots\" content=\"index, follow, max-snippet:-1, max-image-preview:large, max-video-preview:-1\" \/>\n<link rel=\"canonical\" href=\"https:\/\/zoosalis.lv\/lv\/vitapol-visavertis-maistas-didelems-papugoms-900g\/\" \/>\n<meta property=\"og:locale\" content=\"lv_LV\" \/>\n<meta property=\"og:type\" content=\"article\" \/>\n<meta property=\"og:title\" content=\"VITAPOL Visavertis maistas didel\u0117ms pap\u016bgoms 900g | Dz\u012bvnieku produkti\" \/>\n<meta property=\"og:description\" content=\"VITAPOL- tai visavertis maisto mi\u0161inys, kur\u012f sudaro vaisiai ir gr\u016bdai, skirti tinkamai dideli\u0173 pap\u016bg\u0173 kasdieninei mitybai. \u012evairi\u0173 auk\u0161tos kokyb\u0117s ir visi\u0161kai prinokusi\u0173 vaisi\u0173 kiekis maiste, suteikia vitamin\u0173, mineral\u0173, element\u0173 ir pektin\u0173, reikaling\u0173 pap\u016bgos dietai. Ananasai, mangai, bananai, abrikosai, figos, spanguol\u0117s ir kiti vaisiai yra sveiki ir nat\u016bral\u016bs pap\u016bg\u0173 skan\u0117stai. Rie\u0161utai, tokie kaip makadamijos, Brazilijos rie\u0161utai [&hellip;]\" \/>\n<meta property=\"og:url\" content=\"https:\/\/zoosalis.lv\/lv\/vitapol-visavertis-maistas-didelems-papugoms-900g\/\" \/>\n<meta property=\"og:site_name\" content=\"Dz\u012bvnieku produkti\" \/>\n<meta property=\"article:publisher\" content=\"https:\/\/www.facebook.com\/zooprekesjums\/\" \/>\n<meta property=\"article:modified_time\" content=\"2025-04-08T09:10:25+00:00\" \/>\n<meta property=\"og:image\" content=\"https:\/\/zoosalis.lv\/wp-content\/uploads\/2024\/02\/Group-62.png\" \/>\n\t<meta property=\"og:image:width\" content=\"1537\" \/>\n\t<meta property=\"og:image:height\" content=\"337\" \/>\n\t<meta property=\"og:image:type\" content=\"image\/png\" \/>\n<meta name=\"twitter:card\" content=\"summary_large_image\" \/>\n<meta name=\"twitter:label1\" content=\"Est. reading time\" \/>\n\t<meta name=\"twitter:data1\" content=\"1 min\u016bte\" \/>\n<script type=\"application\/ld+json\" class=\"yoast-schema-graph\">{\"@context\":\"https:\/\/schema.org\",\"@graph\":[{\"@type\":\"WebPage\",\"@id\":\"https:\/\/zoosalis.lv\/vitapol-visavertis-maistas-didelems-papugoms-900g\/\",\"url\":\"https:\/\/zoosalis.lv\/vitapol-visavertis-maistas-didelems-papugoms-900g\/\",\"name\":\"VITAPOL Visavertis maistas didel\u0117ms pap\u016bgoms 900g | Dz\u012bvnieku produkti\",\"isPartOf\":{\"@id\":\"https:\/\/zoosalis.lv\/#website\"},\"primaryImageOfPage\":{\"@id\":\"https:\/\/zoosalis.lv\/vitapol-visavertis-maistas-didelems-papugoms-900g\/#primaryimage\"},\"image\":{\"@id\":\"https:\/\/zoosalis.lv\/vitapol-visavertis-maistas-didelems-papugoms-900g\/#primaryimage\"},\"thumbnailUrl\":\"https:\/\/zoosalis.lv\/wp-content\/uploads\/2025\/04\/lit_pl_VITAPOL-Visavertis-maistas-didelems-papugoms-900g-36350_1.jpg\",\"datePublished\":\"2025-04-08T09:09:48+00:00\",\"dateModified\":\"2025-04-08T09:10:25+00:00\",\"breadcrumb\":{\"@id\":\"https:\/\/zoosalis.lv\/vitapol-visavertis-maistas-didelems-papugoms-900g\/#breadcrumb\"},\"inLanguage\":\"lv-LV\",\"potentialAction\":[{\"@type\":\"ReadAction\",\"target\":[\"https:\/\/zoosalis.lv\/vitapol-visavertis-maistas-didelems-papugoms-900g\/\"]}]},{\"@type\":\"ImageObject\",\"inLanguage\":\"lv-LV\",\"@id\":\"https:\/\/zoosalis.lv\/vitapol-visavertis-maistas-didelems-papugoms-900g\/#primaryimage\",\"url\":\"https:\/\/zoosalis.lv\/wp-content\/uploads\/2025\/04\/lit_pl_VITAPOL-Visavertis-maistas-didelems-papugoms-900g-36350_1.jpg\",\"contentUrl\":\"https:\/\/zoosalis.lv\/wp-content\/uploads\/2025\/04\/lit_pl_VITAPOL-Visavertis-maistas-didelems-papugoms-900g-36350_1.jpg\",\"width\":800,\"height\":800},{\"@type\":\"BreadcrumbList\",\"@id\":\"https:\/\/zoosalis.lv\/vitapol-visavertis-maistas-didelems-papugoms-900g\/#breadcrumb\",\"itemListElement\":[{\"@type\":\"ListItem\",\"position\":1,\"name\":\"Home\",\"item\":\"https:\/\/zoosalis.lv\/\"},{\"@type\":\"ListItem\",\"position\":2,\"name\":\"Parduotuv\u0117\",\"item\":\"https:\/\/zoosalis.lv\/parduotuve\/\"},{\"@type\":\"ListItem\",\"position\":3,\"name\":\"VITAPOL Visavertis maistas didel\u0117ms pap\u016bgoms 900g\"}]},{\"@type\":\"WebSite\",\"@id\":\"https:\/\/zoosalis.lv\/#website\",\"url\":\"https:\/\/zoosalis.lv\/\",\"name\":\"Dz\u012bvnieku produkti\",\"description\":\"zoo\u0161alis.lt\",\"publisher\":{\"@id\":\"https:\/\/zoosalis.lv\/#organization\"},\"potentialAction\":[{\"@type\":\"SearchAction\",\"target\":{\"@type\":\"EntryPoint\",\"urlTemplate\":\"https:\/\/zoosalis.lv\/?s={search_term_string}\"},\"query-input\":{\"@type\":\"PropertyValueSpecification\",\"valueRequired\":true,\"valueName\":\"search_term_string\"}}],\"inLanguage\":\"lv-LV\"},{\"@type\":\"Organization\",\"@id\":\"https:\/\/zoosalis.lv\/#organization\",\"name\":\"Zoo\u0161alis.lt\",\"url\":\"https:\/\/zoosalis.lv\/\",\"logo\":{\"@type\":\"ImageObject\",\"inLanguage\":\"lv-LV\",\"@id\":\"https:\/\/zoosalis.lv\/#\/schema\/logo\/image\/\",\"url\":\"https:\/\/zoosalis.lv\/wp-content\/uploads\/2024\/02\/Group-62.png\",\"contentUrl\":\"https:\/\/zoosalis.lv\/wp-content\/uploads\/2024\/02\/Group-62.png\",\"width\":1537,\"height\":337,\"caption\":\"Zoo\u0161alis.lt\"},\"image\":{\"@id\":\"https:\/\/zoosalis.lv\/#\/schema\/logo\/image\/\"},\"sameAs\":[\"https:\/\/www.facebook.com\/zooprekesjums\/\"]}]}<\/script>\n<!-- \/ Yoast SEO plugin. -->","yoast_head_json":{"title":"VITAPOL Visavertis maistas didel\u0117ms pap\u016bgoms 900g | Dz\u012bvnieku produkti","robots":{"index":"index","follow":"follow","max-snippet":"max-snippet:-1","max-image-preview":"max-image-preview:large","max-video-preview":"max-video-preview:-1"},"canonical":"https:\/\/zoosalis.lv\/lv\/vitapol-visavertis-maistas-didelems-papugoms-900g\/","og_locale":"lv_LV","og_type":"article","og_title":"VITAPOL Visavertis maistas didel\u0117ms pap\u016bgoms 900g | Dz\u012bvnieku produkti","og_description":"VITAPOL- tai visavertis maisto mi\u0161inys, kur\u012f sudaro vaisiai ir gr\u016bdai, skirti tinkamai dideli\u0173 pap\u016bg\u0173 kasdieninei mitybai. \u012evairi\u0173 auk\u0161tos kokyb\u0117s ir visi\u0161kai prinokusi\u0173 vaisi\u0173 kiekis maiste, suteikia vitamin\u0173, mineral\u0173, element\u0173 ir pektin\u0173, reikaling\u0173 pap\u016bgos dietai. Ananasai, mangai, bananai, abrikosai, figos, spanguol\u0117s ir kiti vaisiai yra sveiki ir nat\u016bral\u016bs pap\u016bg\u0173 skan\u0117stai. Rie\u0161utai, tokie kaip makadamijos, Brazilijos rie\u0161utai [&hellip;]","og_url":"https:\/\/zoosalis.lv\/lv\/vitapol-visavertis-maistas-didelems-papugoms-900g\/","og_site_name":"Dz\u012bvnieku produkti","article_publisher":"https:\/\/www.facebook.com\/zooprekesjums\/","article_modified_time":"2025-04-08T09:10:25+00:00","og_image":[{"width":1537,"height":337,"url":"https:\/\/zoosalis.lv\/wp-content\/uploads\/2024\/02\/Group-62.png","type":"image\/png"}],"twitter_card":"summary_large_image","twitter_misc":{"Est. reading time":"1 min\u016bte"},"schema":{"@context":"https:\/\/schema.org","@graph":[{"@type":"WebPage","@id":"https:\/\/zoosalis.lv\/vitapol-visavertis-maistas-didelems-papugoms-900g\/","url":"https:\/\/zoosalis.lv\/vitapol-visavertis-maistas-didelems-papugoms-900g\/","name":"VITAPOL Visavertis maistas didel\u0117ms pap\u016bgoms 900g | Dz\u012bvnieku produkti","isPartOf":{"@id":"https:\/\/zoosalis.lv\/#website"},"primaryImageOfPage":{"@id":"https:\/\/zoosalis.lv\/vitapol-visavertis-maistas-didelems-papugoms-900g\/#primaryimage"},"image":{"@id":"https:\/\/zoosalis.lv\/vitapol-visavertis-maistas-didelems-papugoms-900g\/#primaryimage"},"thumbnailUrl":"https:\/\/zoosalis.lv\/wp-content\/uploads\/2025\/04\/lit_pl_VITAPOL-Visavertis-maistas-didelems-papugoms-900g-36350_1.jpg","datePublished":"2025-04-08T09:09:48+00:00","dateModified":"2025-04-08T09:10:25+00:00","breadcrumb":{"@id":"https:\/\/zoosalis.lv\/vitapol-visavertis-maistas-didelems-papugoms-900g\/#breadcrumb"},"inLanguage":"lv-LV","potentialAction":[{"@type":"ReadAction","target":["https:\/\/zoosalis.lv\/vitapol-visavertis-maistas-didelems-papugoms-900g\/"]}]},{"@type":"ImageObject","inLanguage":"lv-LV","@id":"https:\/\/zoosalis.lv\/vitapol-visavertis-maistas-didelems-papugoms-900g\/#primaryimage","url":"https:\/\/zoosalis.lv\/wp-content\/uploads\/2025\/04\/lit_pl_VITAPOL-Visavertis-maistas-didelems-papugoms-900g-36350_1.jpg","contentUrl":"https:\/\/zoosalis.lv\/wp-content\/uploads\/2025\/04\/lit_pl_VITAPOL-Visavertis-maistas-didelems-papugoms-900g-36350_1.jpg","width":800,"height":800},{"@type":"BreadcrumbList","@id":"https:\/\/zoosalis.lv\/vitapol-visavertis-maistas-didelems-papugoms-900g\/#breadcrumb","itemListElement":[{"@type":"ListItem","position":1,"name":"Home","item":"https:\/\/zoosalis.lv\/"},{"@type":"ListItem","position":2,"name":"Parduotuv\u0117","item":"https:\/\/zoosalis.lv\/parduotuve\/"},{"@type":"ListItem","position":3,"name":"VITAPOL Visavertis maistas didel\u0117ms pap\u016bgoms 900g"}]},{"@type":"WebSite","@id":"https:\/\/zoosalis.lv\/#website","url":"https:\/\/zoosalis.lv\/","name":"Dz\u012bvnieku produkti","description":"zoo\u0161alis.lt","publisher":{"@id":"https:\/\/zoosalis.lv\/#organization"},"potentialAction":[{"@type":"SearchAction","target":{"@type":"EntryPoint","urlTemplate":"https:\/\/zoosalis.lv\/?s={search_term_string}"},"query-input":{"@type":"PropertyValueSpecification","valueRequired":true,"valueName":"search_term_string"}}],"inLanguage":"lv-LV"},{"@type":"Organization","@id":"https:\/\/zoosalis.lv\/#organization","name":"Zoo\u0161alis.lt","url":"https:\/\/zoosalis.lv\/","logo":{"@type":"ImageObject","inLanguage":"lv-LV","@id":"https:\/\/zoosalis.lv\/#\/schema\/logo\/image\/","url":"https:\/\/zoosalis.lv\/wp-content\/uploads\/2024\/02\/Group-62.png","contentUrl":"https:\/\/zoosalis.lv\/wp-content\/uploads\/2024\/02\/Group-62.png","width":1537,"height":337,"caption":"Zoo\u0161alis.lt"},"image":{"@id":"https:\/\/zoosalis.lv\/#\/schema\/logo\/image\/"},"sameAs":["https:\/\/www.facebook.com\/zooprekesjums\/"]}]}},"_links":{"self":[{"href":"https:\/\/zoosalis.lv\/lv\/wp-json\/wp\/v2\/product\/24927"}],"collection":[{"href":"https:\/\/zoosalis.lv\/lv\/wp-json\/wp\/v2\/product"}],"about":[{"href":"https:\/\/zoosalis.lv\/lv\/wp-json\/wp\/v2\/types\/product"}],"replies":[{"embeddable":true,"href":"https:\/\/zoosalis.lv\/lv\/wp-json\/wp\/v2\/comments?post=24927"}],"wp:featuredmedia":[{"embeddable":true,"href":"https:\/\/zoosalis.lv\/lv\/wp-json\/wp\/v2\/media\/24976"}],"wp:attachment":[{"href":"https:\/\/zoosalis.lv\/lv\/wp-json\/wp\/v2\/media?parent=24927"}],"wp:term":[{"taxonomy":"product_brand","embeddable":true,"href":"https:\/\/zoosalis.lv\/lv\/wp-json\/wp\/v2\/product_brand?post=24927"},{"taxonomy":"product_cat","embeddable":true,"href":"https:\/\/zoosalis.lv\/lv\/wp-json\/wp\/v2\/product_cat?post=24927"},{"taxonomy":"product_tag","embeddable":true,"href":"https:\/\/zoosalis.lv\/lv\/wp-json\/wp\/v2\/product_tag?post=24927"}],"curies":[{"name":"wp","href":"https:\/\/api.w.org\/{rel}","templated":true}]}}